{"id":1938,"date":"2024-05-15T08:07:14","date_gmt":"2024-05-15T05:07:14","guid":{"rendered":"https:\/\/shop.cronosmed.ro\/?post_type=product&#038;p=1938"},"modified":"2024-10-09T08:18:31","modified_gmt":"2024-10-09T05:18:31","slug":"med-eye-liftcream-serum-complex-360-eye-problem-solver-complex-crema-serum-pentru-zona-ochilor","status":"publish","type":"product","link":"https:\/\/shop.cronosmed.ro\/en\/product\/med-eye-liftcream-serum-complex-360-eye-problem-solver-complex-crema-serum-pentru-zona-ochilor\/","title":{"rendered":"MED.EYE LIFT Cream Serum Complex - 360\u00b0 Eye problem Solver EYE CREAM-SERUM EYE CONTOUR CREAM"},"content":{"rendered":"<div id=\"fws_69e3ad6d5786c\"  data-column-margin=\"default\" data-midnight=\"dark\"  class=\"wpb_row vc_row-fluid vc_row\"  style=\"padding-top: 0px; padding-bottom: 0px; \"><div class=\"row-bg-wrap\" data-bg-animation=\"none\" data-bg-animation-delay=\"\" data-bg-overlay=\"false\"><div class=\"inner-wrap row-bg-layer\" ><div class=\"row-bg viewport-desktop\"  style=\"\"><\/div><\/div><\/div><div class=\"row_col_wrap_12 col span_12 dark left\">\n\t<div  class=\"vc_col-sm-12 wpb_column column_container vc_column_container col no-extra-padding inherit_tablet inherit_phone\"  data-padding-pos=\"all\" data-has-bg-color=\"false\" data-bg-color=\"\" data-bg-opacity=\"1\" data-animation=\"\" data-delay=\"0\" >\n\t\t<div class=\"vc_column-inner\" >\n\t\t\t<div class=\"wpb_wrapper\">\n\t\t\t\t\n\t<div class=\"wpb_content_element\" data-interval=\"0\">\n\t\t<div class=\"wpb_wrapper tabbed clearfix\" data-style=\"material\" data-animation=\"fade\" data-spacing=\"default\" data-icon-size=\"24\" data-full-width-line=\"\" data-color-scheme=\"accent-color\" data-alignment=\"left\">\n\t\t\t<ul class=\"wpb_tabs_nav ui-tabs-nav clearfix\"><li class=\"tab-item active-tab\"><a role=\"button\" href=\"#tab-1728048305113-7\" class=\"active-tab\"><span>Details<\/span><\/a><\/li><li class=\"tab-item\"><a role=\"button\" href=\"#tab-1728048305156-1\" ><span>Use<\/span><\/a><\/li><li class=\"tab-item\"><a role=\"button\" href=\"#tab-1728048305191-7\" ><span>Apply<\/span><\/a><\/li><li class=\"tab-item\"><a role=\"button\" href=\"#tab-1728048305210-3\" ><span>INCI Ingredient<\/span><\/a><\/li><\/ul>\n\n\t\t\t\n\t\t\t<div id=\"tab-detalii\" data-tab-icon=\"\" class=\"wpb_tab ui-tabs-panel wpb_ui-tabs-hide clearfix\">\n\t\t\t\t<div id=\"fws_69e3ad6d5879f\" data-midnight=\"\" data-column-margin=\"default\" class=\"wpb_row vc_row-fluid vc_row inner_row\"  style=\"\"><div class=\"row-bg-wrap\"> <div class=\"row-bg\" ><\/div> <\/div><div class=\"row_col_wrap_12_inner col span_12  left\">\n\t<div  class=\"vc_col-sm-12 wpb_column column_container vc_column_container col child_column no-extra-padding inherit_tablet inherit_phone\"   data-padding-pos=\"all\" data-has-bg-color=\"false\" data-bg-color=\"\" data-bg-opacity=\"1\" data-animation=\"\" data-delay=\"0\" >\n\t\t<div class=\"vc_column-inner\" >\n\t\t<div class=\"wpb_wrapper\">\n\t\t\t\n<div class=\"wpb_text_column wpb_content_element\" >\n\t<div class=\"wpb_wrapper\">\n\t\t<p>MED.EYE LIFT este un complex de crem\u0103 \u0219i serum, o solu\u021bie 360\u00b0 pentru zona ochilor.<br \/>\nAceast\u0103 formul\u0103 extrem de concentrat\u0103 pentru pielea din jurul ochilor are efect de regenerare \u0219i netezire care func\u021bioneaz\u0103 pe mai multe niveluri. \u00cembun\u0103t\u0103\u021be\u0219te microcircula\u021bia \u0219i drenajul limfatic, reduce ridurile \u0219i aspectul \u00eenchis al pielii din zona ochilor. Aceasta este mai sub\u021bire dec\u00e2t oriunde altundeva \u0219i, prin urmare, mult mai sensibil\u0103 la factorii de stres din mediu, cum ar fi lumina soarelui \u0219i alte elemente legate de stilul de via\u021b\u0103 care accelereaz\u0103 \u00eemb\u0103tr\u00e2nirea (zah\u0103r, alimente grase, nicotin\u0103, alcool). Astfel de influen\u021be afecteaz\u0103 zilnic colagenul, elastina \u0219i alte componente ale pielii.<\/p>\n<p>Complex crem\u0103 serum pentru uz zilnic.<\/p>\n<p>Potrivit pentru toate tipurile de piele.<\/p>\n\t<\/div>\n<\/div>\n\n\n\n\n\t\t<\/div> \n\t<\/div>\n\t<\/div> \n<\/div><\/div>\n\t\t\t<\/div> \n\t\t\t<div id=\"tab-utilizare\" data-tab-icon=\"\" class=\"wpb_tab ui-tabs-panel wpb_ui-tabs-hide clearfix\">\n\t\t\t\t<div id=\"fws_69e3ad6d59276\" data-midnight=\"\" data-column-margin=\"default\" class=\"wpb_row vc_row-fluid vc_row inner_row\"  style=\"\"><div class=\"row-bg-wrap\"> <div class=\"row-bg\" ><\/div> <\/div><div class=\"row_col_wrap_12_inner col span_12  left\">\n\t<div  class=\"vc_col-sm-12 wpb_column column_container vc_column_container col child_column no-extra-padding inherit_tablet inherit_phone\"   data-padding-pos=\"all\" data-has-bg-color=\"false\" data-bg-color=\"\" data-bg-opacity=\"1\" data-animation=\"\" data-delay=\"0\" >\n\t\t<div class=\"vc_column-inner\" >\n\t\t<div class=\"wpb_wrapper\">\n\t\t\t\n<div class=\"wpb_text_column wpb_content_element\" >\n\t<div class=\"wpb_wrapper\">\n\t\t<p>Toate tipurile de piele.<\/p>\n\t<\/div>\n<\/div>\n\n\n\n\n\t\t<\/div> \n\t<\/div>\n\t<\/div> \n<\/div><\/div>\n\t\t\t<\/div> \n\t\t\t<div id=\"tab-aplicare\" data-tab-icon=\"\" class=\"wpb_tab ui-tabs-panel wpb_ui-tabs-hide clearfix\">\n\t\t\t\t<div id=\"fws_69e3ad6d59c12\" data-midnight=\"\" data-column-margin=\"default\" class=\"wpb_row vc_row-fluid vc_row inner_row\"  style=\"\"><div class=\"row-bg-wrap\"> <div class=\"row-bg\" ><\/div> <\/div><div class=\"row_col_wrap_12_inner col span_12  left\">\n\t<div  class=\"vc_col-sm-12 wpb_column column_container vc_column_container col child_column no-extra-padding inherit_tablet inherit_phone\"   data-padding-pos=\"all\" data-has-bg-color=\"false\" data-bg-color=\"\" data-bg-opacity=\"1\" data-animation=\"\" data-delay=\"0\" >\n\t\t<div class=\"vc_column-inner\" >\n\t\t<div class=\"wpb_wrapper\">\n\t\t\t\n<div class=\"wpb_text_column wpb_content_element\" >\n\t<div class=\"wpb_wrapper\">\n\t\t<p>Zilnic, diminea\u021ba \u0219i seara. Se aplic\u0103 1-2 pompi\u021be (1-2 ml \u0219i se \u00eentinde pe zona periocular\u0103.<\/p>\n\t<\/div>\n<\/div>\n\n\n\n\n\t\t<\/div> \n\t<\/div>\n\t<\/div> \n<\/div><\/div>\n\t\t\t<\/div> \n\t\t\t<div id=\"tab-ingrediente-inci\" data-tab-icon=\"\" class=\"wpb_tab ui-tabs-panel wpb_ui-tabs-hide clearfix\">\n\t\t\t\t<div id=\"fws_69e3ad6d5a515\" data-midnight=\"\" data-column-margin=\"default\" class=\"wpb_row vc_row-fluid vc_row inner_row\"  style=\"\"><div class=\"row-bg-wrap\"> <div class=\"row-bg\" ><\/div> <\/div><div class=\"row_col_wrap_12_inner col span_12  left\">\n\t<div  class=\"vc_col-sm-12 wpb_column column_container vc_column_container col child_column no-extra-padding inherit_tablet inherit_phone\"   data-padding-pos=\"all\" data-has-bg-color=\"false\" data-bg-color=\"\" data-bg-opacity=\"1\" data-animation=\"\" data-delay=\"0\" >\n\t\t<div class=\"vc_column-inner\" >\n\t\t<div class=\"wpb_wrapper\">\n\t\t\t\n<div class=\"wpb_text_column wpb_content_element\" >\n\t<div class=\"wpb_wrapper\">\n\t\t<p>Glicerin\u0103, Ulei de Jojoba, extract din Arbore de m\u0103tase Silk Tree, Ulei de macadamia, Carnitina, ulei de coac\u0103z negru, vitamina E, cafein\u0103, ulei de floarea soarelui, ulei de avocado, extract de floare balon halicacabum, Rozmarin, peptide<\/p>\n<h4>Ingredient list - INCI:<\/h4>\n<p>Aqua (Water), Glycerin, Caprylic\/Capric Triglyceride, Glycerylstearate Citrate, Betaine, Isoamyl Laurate, CI 77891 (Titanium Dioxyde), Isodecyl Neopentanoate, Mica, Simmondsia Chinesensis (Jojoba) Seed Oil, Octyldodecanol, Albizia Julibrissin Bark Extract, Bis-Ethylhexy Hydroxydimethoxy Benzylmalonate, Macadamia Ternifolia Seed Oil, Squalane, Phenoxyethanol, Carnitine, Ectoin, Ribes Nigrum Seed Oil, Carbomer, Panthenol, Tocopherol, Ruscus Aculeatus Root Extract, Caffeine, Sodium Stearoyl Glutamate, Aloe Barbadensis Leaf Juice, Sodium Hyaluronate, Helianthus Annuus (Sunflower) Seed Oil, Tin Oxide, Glycine Soja (Soybean) Oil, Persea Gratissima (Avocado) Oil, Cetearyl Alcohol, Sodium Hydroxide, Parfum (fragrance) Glycine Soja (Soybean) Sterol, Benzoic Acid, Xantan Gum, Helianthus Annuus (Sunflower) Seed Oil Unsaponifiables, Sodium Carboxymethyl Betaglucan, Dehydroacetic Acid, Citric Acid, Hydroxypropyl Cyclodextrin, Cardiospermum Halicacabum Flower\/Leaf\/Vine Extract, Potassium Sorbate, Sodium Benzoate, Rosmarinus Officinalis (Rosemary) Leaf Extract, Darutoside, Palmitoyl Tripeptide-38<\/p>\n<a class=\"nectar-button n-sc-button small accent-color has-icon regular-button\"  href=\"https:\/\/shop.cronosmed.ro\/en\/dictionar-de-ingrediente\/\" data-color-override=\"false\" data-hover-color-override=\"false\" data-hover-text-color-override=\"#fff\"><span>Dictionary of ingredients<\/span><i class=\"icon-button-arrow\"><\/i><\/a>\n\t<\/div>\n<\/div>\n\n\n\n\n\t\t<\/div> \n\t<\/div>\n\t<\/div> \n<\/div><\/div>\n\t\t\t<\/div> \n\t\t<\/div> \n\t<\/div> \n\t\t\t<\/div> \n\t\t<\/div>\n\t<\/div> \n<\/div><\/div>","protected":false},"excerpt":{"rendered":"<h4>Crem\u0103-serum cu efect de regenerare &#8211; \u00eembunat\u0103\u021birea microcircula\u021biei si drenaj limfatic, estomparea ridurilor \u0219i a culorii cearc\u0103nelor de sub ochi<\/h4>\n<ul>\n<li>Elimin\u0103 lichidul acumulat \u00een zona ochilor, reduce cearc\u0103nele negre de sub ochi<\/li>\n<li>Ofer\u0103 efect de lifting \u00een zona pleoapei superioare.<\/li>\n<li>\u00cembun\u0103t\u0103\u021be\u0219te microcircula\u021bia<\/li>\n<li>Hidrateaz\u0103 \u0219i uniformizeaz\u0103 pielea, atenueaz\u0103 ridurile.<\/li>\n<\/ul>","protected":false},"featured_media":1941,"template":"","meta":[],"product_cat":[124],"product_tag":[288],"class_list":{"0":"post-1938","1":"product","2":"type-product","3":"status-publish","4":"has-post-thumbnail","6":"product_cat-produse-cosmetice","7":"product_tag-cearcane-si-pungi","9":"first","10":"instock","11":"taxable","12":"shipping-taxable","13":"purchasable","14":"product-type-variable"},"_links":{"self":[{"href":"https:\/\/shop.cronosmed.ro\/en\/wp-json\/wp\/v2\/product\/1938","targetHints":{"allow":["GET"]}}],"collection":[{"href":"https:\/\/shop.cronosmed.ro\/en\/wp-json\/wp\/v2\/product"}],"about":[{"href":"https:\/\/shop.cronosmed.ro\/en\/wp-json\/wp\/v2\/types\/product"}],"wp:featuredmedia":[{"embeddable":true,"href":"https:\/\/shop.cronosmed.ro\/en\/wp-json\/wp\/v2\/media\/1941"}],"wp:attachment":[{"href":"https:\/\/shop.cronosmed.ro\/en\/wp-json\/wp\/v2\/media?parent=1938"}],"wp:term":[{"taxonomy":"product_cat","embeddable":true,"href":"https:\/\/shop.cronosmed.ro\/en\/wp-json\/wp\/v2\/product_cat?post=1938"},{"taxonomy":"product_tag","embeddable":true,"href":"https:\/\/shop.cronosmed.ro\/en\/wp-json\/wp\/v2\/product_tag?post=1938"}],"curies":[{"name":"wp","href":"https:\/\/api.w.org\/{rel}","templated":true}]}}