{"id":1946,"date":"2024-05-16T11:03:04","date_gmt":"2024-05-16T08:03:04","guid":{"rendered":"https:\/\/shop.cronosmed.ro\/?post_type=product&#038;p=1946"},"modified":"2024-10-09T08:20:13","modified_gmt":"2024-10-09T05:20:13","slug":"med-hand-repair-repair-triple-serum-whitening-peeling-regenerationserum-cu-efect-triplu","status":"publish","type":"product","link":"https:\/\/shop.cronosmed.ro\/en\/product\/med-hand-repair-repair-triple-serum-whitening-peeling-regenerationserum-cu-efect-triplu\/","title":{"rendered":"MED.HAND REPAIR Repair Triple Serum - Whitening, Peeling, Regeneration SERUM 3in1 FOR HANDS"},"content":{"rendered":"<div id=\"fws_69e39ad3776a2\"  data-column-margin=\"default\" data-midnight=\"dark\"  class=\"wpb_row vc_row-fluid vc_row\"  style=\"padding-top: 0px; padding-bottom: 0px; \"><div class=\"row-bg-wrap\" data-bg-animation=\"none\" data-bg-animation-delay=\"\" data-bg-overlay=\"false\"><div class=\"inner-wrap row-bg-layer\" ><div class=\"row-bg viewport-desktop\"  style=\"\"><\/div><\/div><\/div><div class=\"row_col_wrap_12 col span_12 dark left\">\n\t<div  class=\"vc_col-sm-12 wpb_column column_container vc_column_container col no-extra-padding inherit_tablet inherit_phone\"  data-padding-pos=\"all\" data-has-bg-color=\"false\" data-bg-color=\"\" data-bg-opacity=\"1\" data-animation=\"\" data-delay=\"0\" >\n\t\t<div class=\"vc_column-inner\" >\n\t\t\t<div class=\"wpb_wrapper\">\n\t\t\t\t\n\t<div class=\"wpb_content_element\" data-interval=\"0\">\n\t\t<div class=\"wpb_wrapper tabbed clearfix\" data-style=\"material\" data-animation=\"fade\" data-spacing=\"default\" data-icon-size=\"24\" data-full-width-line=\"\" data-color-scheme=\"accent-color\" data-alignment=\"left\">\n\t\t\t<ul class=\"wpb_tabs_nav ui-tabs-nav clearfix\"><li class=\"tab-item active-tab\"><a role=\"button\" href=\"#tab-1728047340381-10\" class=\"active-tab\"><span>Details<\/span><\/a><\/li><li class=\"tab-item\"><a role=\"button\" href=\"#tab-1728047340416-6\" ><span>Use<\/span><\/a><\/li><li class=\"tab-item\"><a role=\"button\" href=\"#tab-1728047340452-0\" ><span>Apply<\/span><\/a><\/li><li class=\"tab-item\"><a role=\"button\" href=\"#tab-1728047340481-8\" ><span>INCI Ingredient<\/span><\/a><\/li><\/ul>\n\n\t\t\t\n\t\t\t<div id=\"tab-detalii\" data-tab-icon=\"\" class=\"wpb_tab ui-tabs-panel wpb_ui-tabs-hide clearfix\">\n\t\t\t\t<div id=\"fws_69e39ad378441\" data-midnight=\"\" data-column-margin=\"default\" class=\"wpb_row vc_row-fluid vc_row inner_row\"  style=\"\"><div class=\"row-bg-wrap\"> <div class=\"row-bg\" ><\/div> <\/div><div class=\"row_col_wrap_12_inner col span_12  left\">\n\t<div  class=\"vc_col-sm-12 wpb_column column_container vc_column_container col child_column no-extra-padding inherit_tablet inherit_phone\"   data-padding-pos=\"all\" data-has-bg-color=\"false\" data-bg-color=\"\" data-bg-opacity=\"1\" data-animation=\"\" data-delay=\"0\" >\n\t\t<div class=\"vc_column-inner\" >\n\t\t<div class=\"wpb_wrapper\">\n\t\t\t\n<div class=\"wpb_text_column wpb_content_element\" >\n\t<div class=\"wpb_wrapper\">\n\t\t<p>MED.HAND REPAIR este un serum ce ac\u021bioneaz\u0103 pe trei direc\u021bii &#8211;\u00a0 peeling, hidratare \u0219i str\u0103lucire.<\/p>\n<p>Pielea m\u00e2inilor are pu\u021bin\u0103 gr\u0103sime subcutanat\u0103 \u0219i glande sebacee, iar colagenul nu este dens structurat. Hidratarea este precar\u0103, iar expunerea excesiv\u0103 la soare accelereaz\u0103 formarea ridurilor, precum \u0219i a petelor care apar odat\u0103 cu \u00eenaintarea \u00een v\u00e2rst\u0103.<\/p>\n<p>Serumul MED.HAND REPAIR con\u021bine ingrediente active care hidrateaz\u0103 \u00een profunzime, dau elasticitate \u0219i luminozitate. Serumul este absorbit imediat \u0219i confer\u0103 pielii fermitate \u0219i un aspect fin.<\/p>\n<p>Complex de serum pentru uz zilnic.<\/p>\n<p>Potrivit pentru toate tipurile de piele.<\/p>\n\t<\/div>\n<\/div>\n\n\n\n\n\t\t<\/div> \n\t<\/div>\n\t<\/div> \n<\/div><\/div>\n\t\t\t<\/div> \n\t\t\t<div id=\"tab-utilizare\" data-tab-icon=\"\" class=\"wpb_tab ui-tabs-panel wpb_ui-tabs-hide clearfix\">\n\t\t\t\t<div id=\"fws_69e39ad378dfb\" data-midnight=\"\" data-column-margin=\"default\" class=\"wpb_row vc_row-fluid vc_row inner_row\"  style=\"\"><div class=\"row-bg-wrap\"> <div class=\"row-bg\" ><\/div> <\/div><div class=\"row_col_wrap_12_inner col span_12  left\">\n\t<div  class=\"vc_col-sm-12 wpb_column column_container vc_column_container col child_column no-extra-padding inherit_tablet inherit_phone\"   data-padding-pos=\"all\" data-has-bg-color=\"false\" data-bg-color=\"\" data-bg-opacity=\"1\" data-animation=\"\" data-delay=\"0\" >\n\t\t<div class=\"vc_column-inner\" >\n\t\t<div class=\"wpb_wrapper\">\n\t\t\t\n<div class=\"wpb_text_column wpb_content_element\" >\n\t<div class=\"wpb_wrapper\">\n\t\t<p>Toate tipurile de piele.<\/p>\n\t<\/div>\n<\/div>\n\n\n\n\n\t\t<\/div> \n\t<\/div>\n\t<\/div> \n<\/div><\/div>\n\t\t\t<\/div> \n\t\t\t<div id=\"tab-aplicare\" data-tab-icon=\"\" class=\"wpb_tab ui-tabs-panel wpb_ui-tabs-hide clearfix\">\n\t\t\t\t<div id=\"fws_69e39ad3796e3\" data-midnight=\"\" data-column-margin=\"default\" class=\"wpb_row vc_row-fluid vc_row inner_row\"  style=\"\"><div class=\"row-bg-wrap\"> <div class=\"row-bg\" ><\/div> <\/div><div class=\"row_col_wrap_12_inner col span_12  left\">\n\t<div  class=\"vc_col-sm-12 wpb_column column_container vc_column_container col child_column no-extra-padding inherit_tablet inherit_phone\"   data-padding-pos=\"all\" data-has-bg-color=\"false\" data-bg-color=\"\" data-bg-opacity=\"1\" data-animation=\"\" data-delay=\"0\" >\n\t\t<div class=\"vc_column-inner\" >\n\t\t<div class=\"wpb_wrapper\">\n\t\t\t\n<div class=\"wpb_text_column wpb_content_element\" >\n\t<div class=\"wpb_wrapper\">\n\t\t<p>Zilnic, cel pu\u021bin seara. Se aplic\u0103 2-3 pompi\u021be (2-3ml), se \u00eentinde pe m\u00e2n\u0103.<\/p>\n\t<\/div>\n<\/div>\n\n\n\n\n\t\t<\/div> \n\t<\/div>\n\t<\/div> \n<\/div><\/div>\n\t\t\t<\/div> \n\t\t\t<div id=\"tab-ingrediente-inci\" data-tab-icon=\"\" class=\"wpb_tab ui-tabs-panel wpb_ui-tabs-hide clearfix\">\n\t\t\t\t<div id=\"fws_69e39ad379f60\" data-midnight=\"\" data-column-margin=\"default\" class=\"wpb_row vc_row-fluid vc_row inner_row\"  style=\"\"><div class=\"row-bg-wrap\"> <div class=\"row-bg\" ><\/div> <\/div><div class=\"row_col_wrap_12_inner col span_12  left\">\n\t<div  class=\"vc_col-sm-12 wpb_column column_container vc_column_container col child_column no-extra-padding inherit_tablet inherit_phone\"   data-padding-pos=\"all\" data-has-bg-color=\"false\" data-bg-color=\"\" data-bg-opacity=\"1\" data-animation=\"\" data-delay=\"0\" >\n\t\t<div class=\"vc_column-inner\" >\n\t\t<div class=\"wpb_wrapper\">\n\t\t\t\n<div class=\"wpb_text_column wpb_content_element\" >\n\t<div class=\"wpb_wrapper\">\n\t\t<p>Glicerina, Acid lactic, Aloe vera, vitamina C-acid citric, cimbru, tei cu frunza mica, Hammamelis, radacina de brusture, Niacinamide, acid salicilic, alantoina, extracte din m\u0103r, piersic\u0103, gr\u00e2u \u0219i Ginseng<\/p>\n<h4>Ingredient list - INCI:<\/h4>\n<p>Aqua, Butylene Glycol, Glycerin, Sorbitol, Lactic Acid, Aloe Barbadensis Leaf, Juice Citric Acid, Thymus Vulgaris Leaf Extract, Tilia Cordata Extract, Hamamelis Virginiana Extract, Arctium Lappa Root Extract, Citric Acid, Niacinamide, Phenoxyethanol Urea, Cellulose Gum, Porpylene Glycol, PEG-40 Hydrogenated Castor Oil, Salycilic Acid, Glucose, Trideceth-9, Polysorbate 20, Camphor, Ethylhelylglycerin, Citrus Limon Fruit Extract, Glutamic Acid, Glycine, Lysine, Allantoin, Hordeum Vulgare Seed Extract, PEG-60 Hydrogenated Castor Oil, Pirus Malus Juice, Prunus Persica Juice, Triticum Vulgare Seed Extract, Panax Ginseng Root Extract.<\/p>\n<a class=\"nectar-button n-sc-button small accent-color has-icon regular-button\"  href=\"https:\/\/shop.cronosmed.ro\/en\/dictionar-de-ingrediente\/\" data-color-override=\"false\" data-hover-color-override=\"false\" data-hover-text-color-override=\"#fff\"><span>Dictionary of ingredients<\/span><i class=\"icon-button-arrow\"><\/i><\/a>\n\t<\/div>\n<\/div>\n\n\n\n\n\t\t<\/div> \n\t<\/div>\n\t<\/div> \n<\/div><\/div>\n\t\t\t<\/div> \n\t\t<\/div> \n\t<\/div> \n\t\t\t<\/div> \n\t\t<\/div>\n\t<\/div> \n<\/div><\/div>","protected":false},"excerpt":{"rendered":"<h4>Serum pentru maini cu efect de peeling, hidratare, fermitate si estompare pete pigmentare<\/h4>\n<ul>\n<li>Ac\u021biune tripl\u0103 cu un singur produs: peeling, hidratare \u0219i str\u0103lucire.<\/li>\n<li>Potrivit pentru pielea uscat\u0103 \u0219i aspr\u0103.<\/li>\n<li>Estompeaz\u0103 petele de v\u00e2rst\u0103 \u0219i hiperpigmentarea, prin \u00eembun\u0103t\u0103\u021birea calit\u0103\u021bii pielii.<\/li>\n<\/ul>","protected":false},"featured_media":1949,"template":"","meta":[],"product_cat":[124],"product_tag":[],"class_list":{"0":"post-1946","1":"product","2":"type-product","3":"status-publish","4":"has-post-thumbnail","6":"product_cat-produse-cosmetice","8":"first","9":"instock","10":"taxable","11":"shipping-taxable","12":"purchasable","13":"product-type-variable"},"_links":{"self":[{"href":"https:\/\/shop.cronosmed.ro\/en\/wp-json\/wp\/v2\/product\/1946","targetHints":{"allow":["GET"]}}],"collection":[{"href":"https:\/\/shop.cronosmed.ro\/en\/wp-json\/wp\/v2\/product"}],"about":[{"href":"https:\/\/shop.cronosmed.ro\/en\/wp-json\/wp\/v2\/types\/product"}],"wp:featuredmedia":[{"embeddable":true,"href":"https:\/\/shop.cronosmed.ro\/en\/wp-json\/wp\/v2\/media\/1949"}],"wp:attachment":[{"href":"https:\/\/shop.cronosmed.ro\/en\/wp-json\/wp\/v2\/media?parent=1946"}],"wp:term":[{"taxonomy":"product_cat","embeddable":true,"href":"https:\/\/shop.cronosmed.ro\/en\/wp-json\/wp\/v2\/product_cat?post=1946"},{"taxonomy":"product_tag","embeddable":true,"href":"https:\/\/shop.cronosmed.ro\/en\/wp-json\/wp\/v2\/product_tag?post=1946"}],"curies":[{"name":"wp","href":"https:\/\/api.w.org\/{rel}","templated":true}]}}