{"id":1957,"date":"2024-05-16T12:16:04","date_gmt":"2024-05-16T09:16:04","guid":{"rendered":"https:\/\/shop.cronosmed.ro\/?post_type=product&#038;p=1957"},"modified":"2024-10-09T08:21:50","modified_gmt":"2024-10-09T05:21:50","slug":"med-purebalance-serum-fast-calmingserum-cu-efect-rapid-de-calmare","status":"publish","type":"product","link":"https:\/\/shop.cronosmed.ro\/en\/product\/med-purebalance-serum-fast-calmingserum-cu-efect-rapid-de-calmare\/","title":{"rendered":"MED.PURE Balance Serum - Fast Calming Fast Calming Serum"},"content":{"rendered":"<div id=\"fws_69e3ad720d7ac\"  data-column-margin=\"default\" data-midnight=\"dark\"  class=\"wpb_row vc_row-fluid vc_row\"  style=\"padding-top: 0px; padding-bottom: 0px; \"><div class=\"row-bg-wrap\" data-bg-animation=\"none\" data-bg-animation-delay=\"\" data-bg-overlay=\"false\"><div class=\"inner-wrap row-bg-layer\" ><div class=\"row-bg viewport-desktop\"  style=\"\"><\/div><\/div><\/div><div class=\"row_col_wrap_12 col span_12 dark left\">\n\t<div  class=\"vc_col-sm-12 wpb_column column_container vc_column_container col no-extra-padding inherit_tablet inherit_phone\"  data-padding-pos=\"all\" data-has-bg-color=\"false\" data-bg-color=\"\" data-bg-opacity=\"1\" data-animation=\"\" data-delay=\"0\" >\n\t\t<div class=\"vc_column-inner\" >\n\t\t\t<div class=\"wpb_wrapper\">\n\t\t\t\t\n\t<div class=\"wpb_content_element\" data-interval=\"0\">\n\t\t<div class=\"wpb_wrapper tabbed clearfix\" data-style=\"material\" data-animation=\"fade\" data-spacing=\"default\" data-icon-size=\"24\" data-full-width-line=\"\" data-color-scheme=\"accent-color\" data-alignment=\"left\">\n\t\t\t<ul class=\"wpb_tabs_nav ui-tabs-nav clearfix\"><li class=\"tab-item active-tab\"><a role=\"button\" href=\"#tab-1728048041339-8\" class=\"active-tab\"><span>Details<\/span><\/a><\/li><li class=\"tab-item\"><a role=\"button\" href=\"#tab-1728048041381-3\" ><span>Use<\/span><\/a><\/li><li class=\"tab-item\"><a role=\"button\" href=\"#tab-1728048041403-6\" ><span>Apply<\/span><\/a><\/li><li class=\"tab-item\"><a role=\"button\" href=\"#tab-1728048041437-3\" ><span>INCI Ingredient<\/span><\/a><\/li><\/ul>\n\n\t\t\t\n\t\t\t<div id=\"tab-detalii\" data-tab-icon=\"\" class=\"wpb_tab ui-tabs-panel wpb_ui-tabs-hide clearfix\">\n\t\t\t\t<div id=\"fws_69e3ad720ebb1\" data-midnight=\"\" data-column-margin=\"default\" class=\"wpb_row vc_row-fluid vc_row inner_row\"  style=\"\"><div class=\"row-bg-wrap\"> <div class=\"row-bg\" ><\/div> <\/div><div class=\"row_col_wrap_12_inner col span_12  left\">\n\t<div  class=\"vc_col-sm-12 wpb_column column_container vc_column_container col child_column no-extra-padding inherit_tablet inherit_phone\"   data-padding-pos=\"all\" data-has-bg-color=\"false\" data-bg-color=\"\" data-bg-opacity=\"1\" data-animation=\"\" data-delay=\"0\" >\n\t\t<div class=\"vc_column-inner\" >\n\t\t<div class=\"wpb_wrapper\">\n\t\t\t\n<div class=\"wpb_text_column wpb_content_element\" >\n\t<div class=\"wpb_wrapper\">\n\t\t<p>MED.PURE este o solu\u021bie extrem de eficient\u0103 pentru pielea congestionat\u0103 sau problematic\u0103 \u0219i pentru acnee. Acidul salicilic, un activ anti-bacterian brevetat \u0219i un complex tetrapeptidic combin\u0103 \u0219i au o ac\u021biune tripl\u0103 pentru a proteja pielea sensibil\u0103 cu un efect calmant, anti-ro\u0219ea\u021b\u0103, anti-inflamator. De asemenea, este foarte eficient \u00eempotriva porilor mari \u0219i a cuperozei.<\/p>\n<p>Serum pentru uz zilnic.<\/p>\n<p>Potrivit pentru pielea sensibil\u0103.<\/p>\n\t<\/div>\n<\/div>\n\n\n\n\n\t\t<\/div> \n\t<\/div>\n\t<\/div> \n<\/div><\/div>\n\t\t\t<\/div> \n\t\t\t<div id=\"tab-utilizare\" data-tab-icon=\"\" class=\"wpb_tab ui-tabs-panel wpb_ui-tabs-hide clearfix\">\n\t\t\t\t<div id=\"fws_69e3ad720f6f6\" data-midnight=\"\" data-column-margin=\"default\" class=\"wpb_row vc_row-fluid vc_row inner_row\"  style=\"\"><div class=\"row-bg-wrap\"> <div class=\"row-bg\" ><\/div> <\/div><div class=\"row_col_wrap_12_inner col span_12  left\">\n\t<div  class=\"vc_col-sm-12 wpb_column column_container vc_column_container col child_column no-extra-padding inherit_tablet inherit_phone\"   data-padding-pos=\"all\" data-has-bg-color=\"false\" data-bg-color=\"\" data-bg-opacity=\"1\" data-animation=\"\" data-delay=\"0\" >\n\t\t<div class=\"vc_column-inner\" >\n\t\t<div class=\"wpb_wrapper\">\n\t\t\t\n<div class=\"wpb_text_column wpb_content_element\" >\n\t<div class=\"wpb_wrapper\">\n\t\t<p>Piele sensibil\u0103, cu ro\u0219ea\u021b\u0103 &amp; piele gras\u0103 cu pori m\u0103ri\u021bi<\/p>\n\t<\/div>\n<\/div>\n\n\n\n\n\t\t<\/div> \n\t<\/div>\n\t<\/div> \n<\/div><\/div>\n\t\t\t<\/div> \n\t\t\t<div id=\"tab-aplicare\" data-tab-icon=\"\" class=\"wpb_tab ui-tabs-panel wpb_ui-tabs-hide clearfix\">\n\t\t\t\t<div id=\"fws_69e3ad720ffc8\" data-midnight=\"\" data-column-margin=\"default\" class=\"wpb_row vc_row-fluid vc_row inner_row\"  style=\"\"><div class=\"row-bg-wrap\"> <div class=\"row-bg\" ><\/div> <\/div><div class=\"row_col_wrap_12_inner col span_12  left\">\n\t<div  class=\"vc_col-sm-12 wpb_column column_container vc_column_container col child_column no-extra-padding inherit_tablet inherit_phone\"   data-padding-pos=\"all\" data-has-bg-color=\"false\" data-bg-color=\"\" data-bg-opacity=\"1\" data-animation=\"\" data-delay=\"0\" >\n\t\t<div class=\"vc_column-inner\" >\n\t\t<div class=\"wpb_wrapper\">\n\t\t\t\n<div class=\"wpb_text_column wpb_content_element\" >\n\t<div class=\"wpb_wrapper\">\n\t\t<p>Zilnic, diminea\u021ba \u0219i seara. Se aplic\u0103 1-2 pompi\u021be (1-2 ml), se \u00eentinde pe fa\u021b\u0103, se las\u0103 s\u0103 ac\u021bioneze 5 minute. Se poate continua cu rutina obi\u0219nuit\u0103 &#8211; crema de fa\u021b\u0103.<\/p>\n\t<\/div>\n<\/div>\n\n\n\n\n\t\t<\/div> \n\t<\/div>\n\t<\/div> \n<\/div><\/div>\n\t\t\t<\/div> \n\t\t\t<div id=\"tab-ingrediente-inci\" data-tab-icon=\"\" class=\"wpb_tab ui-tabs-panel wpb_ui-tabs-hide clearfix\">\n\t\t\t\t<div id=\"fws_69e3ad721089c\" data-midnight=\"\" data-column-margin=\"default\" class=\"wpb_row vc_row-fluid vc_row inner_row\"  style=\"\"><div class=\"row-bg-wrap\"> <div class=\"row-bg\" ><\/div> <\/div><div class=\"row_col_wrap_12_inner col span_12  left\">\n\t<div  class=\"vc_col-sm-12 wpb_column column_container vc_column_container col child_column no-extra-padding inherit_tablet inherit_phone\"   data-padding-pos=\"all\" data-has-bg-color=\"false\" data-bg-color=\"\" data-bg-opacity=\"1\" data-animation=\"\" data-delay=\"0\" >\n\t\t<div class=\"vc_column-inner\" >\n\t\t<div class=\"wpb_wrapper\">\n\t\t\t\n<div class=\"wpb_text_column wpb_content_element\" >\n\t<div class=\"wpb_wrapper\">\n\t\t<p>Provitamina B5 Panthenol, ulei din arbore de ceai Tea Tree Oil, vitamina E, Acid salicilic, p\u0103tlagin\u0103 \u00eengust\u0103, ulei de floarea soarelui, ceramide, Mahonia, acid lactic, Niacinamide<\/p>\n<h4>Ingredient list - INCI:<\/h4>\n<p>Aqua (Water), Caprylic\/Capric Triglyceride, Glyceryl Stearate Citrate, Cyclodextrin, Betaine, Glycerin, IsoamylLaurate, Alcohol, Panthenol, Phenoexyethanol, Mela Leuca Alternifolia Leaf Oil, Sodium Lauroyl Lactylate, Glyceryl Stearate, Sodium Lactate, Sodium PCA, Tocopherol, Salycilic Acid, Xanthan Gum, CI778820 (Silver), Sodium Hydroxide, Sodium Salicylate, Plantago Lanceolata Leaf Extract, Helianthus Annuus (Sunflower) Seed Oil, Benzoic Acid, Dehydroacetic Acid, Ceramide NP, Mahonia Aquifolium Root Extract, Ceramide AP, Phytosphingosine, Cholesterol, Urea, Fructose, Inositol, Lactic Acid, Niacinamide, Glycine, Ethylhexylglycerin, Caprylyl Glycol, Carbomer, Sodium Benzoate, Acetyl Tertapeptide-40, Ceramide EOP.<\/p>\n<a class=\"nectar-button n-sc-button small accent-color has-icon regular-button\"  href=\"https:\/\/shop.cronosmed.ro\/en\/dictionar-de-ingrediente\/\" data-color-override=\"false\" data-hover-color-override=\"false\" data-hover-text-color-override=\"#fff\"><span>Dictionary of ingredients<\/span><i class=\"icon-button-arrow\"><\/i><\/a>\n\t<\/div>\n<\/div>\n\n\n\n\n\t\t<\/div> \n\t<\/div>\n\t<\/div> \n<\/div><\/div>\n\t\t\t<\/div> \n\t\t<\/div> \n\t<\/div> \n\t\t\t<\/div> \n\t\t<\/div>\n\t<\/div> \n<\/div><\/div>","protected":false},"excerpt":{"rendered":"<h4>Serum cu efect de purificare \u0219i calmare &#8211; ten sensibil, cu ro\u0219ea\u021b\u0103, rozacee sau cuperoz\u0103 \/ ten cu pori mari, gras sau cu acnee<\/h4>\n<ul>\n<li>Reduce inflama\u021bia, produc\u021bia de sebum, porii m\u0103ri\u021bi.<\/li>\n<li>Previne cuperoza.<\/li>\n<li>Sus\u021bine vindecarea \u0219i scade riscul de hiperpigmentare post-inflamatorie.<\/li>\n<li>Anti-microbian, purific\u0103 pielea.<\/li>\n<\/ul>\n<p>15 ml<\/p>","protected":false},"featured_media":1960,"template":"","meta":[],"product_cat":[124],"product_tag":[],"class_list":{"0":"post-1957","1":"product","2":"type-product","3":"status-publish","4":"has-post-thumbnail","6":"product_cat-produse-cosmetice","8":"first","9":"instock","10":"taxable","11":"shipping-taxable","12":"purchasable","13":"product-type-variable"},"_links":{"self":[{"href":"https:\/\/shop.cronosmed.ro\/en\/wp-json\/wp\/v2\/product\/1957","targetHints":{"allow":["GET"]}}],"collection":[{"href":"https:\/\/shop.cronosmed.ro\/en\/wp-json\/wp\/v2\/product"}],"about":[{"href":"https:\/\/shop.cronosmed.ro\/en\/wp-json\/wp\/v2\/types\/product"}],"wp:featuredmedia":[{"embeddable":true,"href":"https:\/\/shop.cronosmed.ro\/en\/wp-json\/wp\/v2\/media\/1960"}],"wp:attachment":[{"href":"https:\/\/shop.cronosmed.ro\/en\/wp-json\/wp\/v2\/media?parent=1957"}],"wp:term":[{"taxonomy":"product_cat","embeddable":true,"href":"https:\/\/shop.cronosmed.ro\/en\/wp-json\/wp\/v2\/product_cat?post=1957"},{"taxonomy":"product_tag","embeddable":true,"href":"https:\/\/shop.cronosmed.ro\/en\/wp-json\/wp\/v2\/product_tag?post=1957"}],"curies":[{"name":"wp","href":"https:\/\/api.w.org\/{rel}","templated":true}]}}