{"id":1965,"date":"2024-05-16T12:28:52","date_gmt":"2024-05-16T09:28:52","guid":{"rendered":"https:\/\/shop.cronosmed.ro\/?post_type=product&#038;p=1965"},"modified":"2024-10-09T08:22:48","modified_gmt":"2024-10-09T05:22:48","slug":"med-relieve24h-calming-cream-immediate-relief-protectioncalmare-imediata-a-pielii-si-protectie","status":"publish","type":"product","link":"https:\/\/shop.cronosmed.ro\/en\/product\/med-relieve24h-calming-cream-immediate-relief-protectioncalmare-imediata-a-pielii-si-protectie\/","title":{"rendered":"MED.RELIEVE 24h Calming Cream - Immediate relief &amp; Protection CALMING CREAM"},"content":{"rendered":"<div id=\"fws_69e39a9a8e41a\"  data-column-margin=\"default\" data-midnight=\"dark\"  class=\"wpb_row vc_row-fluid vc_row\"  style=\"padding-top: 0px; padding-bottom: 0px; \"><div class=\"row-bg-wrap\" data-bg-animation=\"none\" data-bg-animation-delay=\"\" data-bg-overlay=\"false\"><div class=\"inner-wrap row-bg-layer\" ><div class=\"row-bg viewport-desktop\"  style=\"\"><\/div><\/div><\/div><div class=\"row_col_wrap_12 col span_12 dark left\">\n\t<div  class=\"vc_col-sm-12 wpb_column column_container vc_column_container col no-extra-padding inherit_tablet inherit_phone\"  data-padding-pos=\"all\" data-has-bg-color=\"false\" data-bg-color=\"\" data-bg-opacity=\"1\" data-animation=\"\" data-delay=\"0\" >\n\t\t<div class=\"vc_column-inner\" >\n\t\t\t<div class=\"wpb_wrapper\">\n\t\t\t\t\n\t<div class=\"wpb_content_element\" data-interval=\"0\">\n\t\t<div class=\"wpb_wrapper tabbed clearfix\" data-style=\"material\" data-animation=\"fade\" data-spacing=\"default\" data-icon-size=\"24\" data-full-width-line=\"\" data-color-scheme=\"accent-color\" data-alignment=\"left\">\n\t\t\t<ul class=\"wpb_tabs_nav ui-tabs-nav clearfix\"><li class=\"tab-item active-tab\"><a role=\"button\" href=\"#tab-1728047010228-8\" class=\"active-tab\"><span>Details<\/span><\/a><\/li><li class=\"tab-item\"><a role=\"button\" href=\"#tab-1728047010285-10\" ><span>Use<\/span><\/a><\/li><li class=\"tab-item\"><a role=\"button\" href=\"#tab-1728047010323-2\" ><span>Apply<\/span><\/a><\/li><li class=\"tab-item\"><a role=\"button\" href=\"#tab-1728047010354-9\" ><span>INCI Ingredient<\/span><\/a><\/li><\/ul>\n\n\t\t\t\n\t\t\t<div id=\"tab-detalii\" data-tab-icon=\"\" class=\"wpb_tab ui-tabs-panel wpb_ui-tabs-hide clearfix\">\n\t\t\t\t<div id=\"fws_69e39a9a8f20d\" data-midnight=\"\" data-column-margin=\"default\" class=\"wpb_row vc_row-fluid vc_row inner_row\"  style=\"\"><div class=\"row-bg-wrap\"> <div class=\"row-bg\" ><\/div> <\/div><div class=\"row_col_wrap_12_inner col span_12  left\">\n\t<div  class=\"vc_col-sm-12 wpb_column column_container vc_column_container col child_column no-extra-padding inherit_tablet inherit_phone\"   data-padding-pos=\"all\" data-has-bg-color=\"false\" data-bg-color=\"\" data-bg-opacity=\"1\" data-animation=\"\" data-delay=\"0\" >\n\t\t<div class=\"vc_column-inner\" >\n\t\t<div class=\"wpb_wrapper\">\n\t\t\t\n<div class=\"wpb_text_column wpb_content_element\" >\n\t<div class=\"wpb_wrapper\">\n\t\t<p>MED.RELIEVE este o crem\u0103 cu ac\u021biune de 24 de ore, care con\u021bine ingrediente foarte concentrate pentru calmarea rapid\u0103 a pielii stresate. Din ce \u00een ce mai mul\u021bi oameni au aceast\u0103 problem\u0103 din cauza polu\u0103rii, a stilului de via\u021b\u0103, a stresului. Semnele pot fi: ro\u0219ea\u021b\u0103, usc\u0103ciune sever\u0103, piele deshidratat\u0103, irita\u021bie \u0219i m\u00e2nc\u0103rime.<\/p>\n<p>MED.RELIEVE con\u021bine ingrediente foarte concentrate pentru ameliorarea irita\u021biilor, \u00eenro\u0219irii \u0219i a semnelor de stres. Lipidele \u0219i acizii gra\u0219i speciali sus\u021bin protec\u021bia \u0219i \u00eent\u0103rirea barierei cutanate pentru a ajuta la refacerea pielii. Diferitele tipuri de acid hialuronic asigur\u0103 hidratarea \u0219i protec\u021bia \u00eempotriva factorilor de mediu.<\/p>\n<p>Crem\u0103 calmant\u0103 pentru uz zilnic.<\/p>\n<p>Potrivit\u0103 pentru toate tipurile de piele, \u00een special pentru pielea sensibil\u0103 \u0219i iritat\u0103.<\/p>\n\t<\/div>\n<\/div>\n\n\n\n\n\t\t<\/div> \n\t<\/div>\n\t<\/div> \n<\/div><\/div>\n\t\t\t<\/div> \n\t\t\t<div id=\"tab-utilizare\" data-tab-icon=\"\" class=\"wpb_tab ui-tabs-panel wpb_ui-tabs-hide clearfix\">\n\t\t\t\t<div id=\"fws_69e39a9a8fc40\" data-midnight=\"\" data-column-margin=\"default\" class=\"wpb_row vc_row-fluid vc_row inner_row\"  style=\"\"><div class=\"row-bg-wrap\"> <div class=\"row-bg\" ><\/div> <\/div><div class=\"row_col_wrap_12_inner col span_12  left\">\n\t<div  class=\"vc_col-sm-12 wpb_column column_container vc_column_container col child_column no-extra-padding inherit_tablet inherit_phone\"   data-padding-pos=\"all\" data-has-bg-color=\"false\" data-bg-color=\"\" data-bg-opacity=\"1\" data-animation=\"\" data-delay=\"0\" >\n\t\t<div class=\"vc_column-inner\" >\n\t\t<div class=\"wpb_wrapper\">\n\t\t\t\n<div class=\"wpb_text_column wpb_content_element\" >\n\t<div class=\"wpb_wrapper\">\n\t\t<p>Toate tipurile de piele, \u00een special pentru pielea sensibil\u0103 \u0219i iritat\u0103.<\/p>\n\t<\/div>\n<\/div>\n\n\n\n\n\t\t<\/div> \n\t<\/div>\n\t<\/div> \n<\/div><\/div>\n\t\t\t<\/div> \n\t\t\t<div id=\"tab-aplicare\" data-tab-icon=\"\" class=\"wpb_tab ui-tabs-panel wpb_ui-tabs-hide clearfix\">\n\t\t\t\t<div id=\"fws_69e39a9a904a6\" data-midnight=\"\" data-column-margin=\"default\" class=\"wpb_row vc_row-fluid vc_row inner_row\"  style=\"\"><div class=\"row-bg-wrap\"> <div class=\"row-bg\" ><\/div> <\/div><div class=\"row_col_wrap_12_inner col span_12  left\">\n\t<div  class=\"vc_col-sm-12 wpb_column column_container vc_column_container col child_column no-extra-padding inherit_tablet inherit_phone\"   data-padding-pos=\"all\" data-has-bg-color=\"false\" data-bg-color=\"\" data-bg-opacity=\"1\" data-animation=\"\" data-delay=\"0\" >\n\t\t<div class=\"vc_column-inner\" >\n\t\t<div class=\"wpb_wrapper\">\n\t\t\t\n<div class=\"wpb_text_column wpb_content_element\" >\n\t<div class=\"wpb_wrapper\">\n\t\t<p>Zilnic, diminea\u021ba \u0219i seara, Se aplic\u0103 1-2 pompi\u021be, se intinde pe fa\u021b\u0103. Se poate continua cu machiaj &#8211; fond de ten sau pudr\u0103.<\/p>\n\t<\/div>\n<\/div>\n\n\n\n\n\t\t<\/div> \n\t<\/div>\n\t<\/div> \n<\/div><\/div>\n\t\t\t<\/div> \n\t\t\t<div id=\"tab-ingrediente-inci\" data-tab-icon=\"\" class=\"wpb_tab ui-tabs-panel wpb_ui-tabs-hide clearfix\">\n\t\t\t\t<div id=\"fws_69e39a9a90cb9\" data-midnight=\"\" data-column-margin=\"default\" class=\"wpb_row vc_row-fluid vc_row inner_row\"  style=\"\"><div class=\"row-bg-wrap\"> <div class=\"row-bg\" ><\/div> <\/div><div class=\"row_col_wrap_12_inner col span_12  left\">\n\t<div  class=\"vc_col-sm-12 wpb_column column_container vc_column_container col child_column no-extra-padding inherit_tablet inherit_phone\"   data-padding-pos=\"all\" data-has-bg-color=\"false\" data-bg-color=\"\" data-bg-opacity=\"1\" data-animation=\"\" data-delay=\"0\" >\n\t\t<div class=\"vc_column-inner\" >\n\t\t<div class=\"wpb_wrapper\">\n\t\t\t\n<div class=\"wpb_text_column wpb_content_element\" >\n\t<div class=\"wpb_wrapper\">\n\t\t<p>Ulei vegetal presat la rece, Ulei de Limnathes Alba &#8211; Meadowfoam cu fitoceramide, glicerina, unt de Shea, extract de Echinacea, extract de sun\u0103toare Hypericum Perforatum, vitamina E<\/p>\n<h4>Ingredient list - INCI:<\/h4>\n<p>Aqua, Olus Oil, Limnathes Alba Seed Oil, Pentylene Glycol, Glycerin, Hydrogenated Phosphatidylcholine, Butirospermum Parkii Butter, Butylene Glycol, Sodium Acrylate\/Sodium Acryloyldimethyl Taurate Copolymer, Echinacea Purpurea Extract, Sodium Manisate, Troxerutin, Hypericum Perforatum Flower\/Twig Extract, Sodium Hyaluronate, Tetrasodium Iminosuccinate, Sodium Hydroxide, Aspartic Acid, Tocopherol<\/p>\n<a class=\"nectar-button n-sc-button small accent-color has-icon regular-button\"  href=\"https:\/\/shop.cronosmed.ro\/en\/dictionar-de-ingrediente\/\" data-color-override=\"false\" data-hover-color-override=\"false\" data-hover-text-color-override=\"#fff\"><span>Dictionary of ingredients<\/span><i class=\"icon-button-arrow\"><\/i><\/a>\n\t<\/div>\n<\/div>\n\n\n\n\n\t\t<\/div> \n\t<\/div>\n\t<\/div> \n<\/div><\/div>\n\t\t\t<\/div> \n\t\t<\/div> \n\t<\/div> \n\t\t\t<\/div> \n\t\t<\/div>\n\t<\/div> \n<\/div><\/div>","protected":false},"excerpt":{"rendered":"<h4>Crem\u0103 cu efect rapid de calmare &#8211; ten cu iritatii, ro\u0219ea\u021b\u0103, m\u00e2ncarime, deshidrare sau usc\u0103ciune sever\u0103<\/h4>\n<p><strong>Pe termen scurt &#8211; <\/strong>amelioreaz\u0103 ro\u0219ea\u021ba, irita\u021bia, m\u00e2nc\u0103rimea.<\/p>\n<p><strong>Pe termen lung &#8211; <\/strong>protejeaz\u0103 pielea, o reface \u0219i o re-echilibreaz\u0103.<\/p>","protected":false},"featured_media":1968,"template":"","meta":[],"product_cat":[124],"product_tag":[],"class_list":{"0":"post-1965","1":"product","2":"type-product","3":"status-publish","4":"has-post-thumbnail","6":"product_cat-produse-cosmetice","8":"first","9":"instock","10":"taxable","11":"shipping-taxable","12":"purchasable","13":"product-type-variable"},"_links":{"self":[{"href":"https:\/\/shop.cronosmed.ro\/en\/wp-json\/wp\/v2\/product\/1965","targetHints":{"allow":["GET"]}}],"collection":[{"href":"https:\/\/shop.cronosmed.ro\/en\/wp-json\/wp\/v2\/product"}],"about":[{"href":"https:\/\/shop.cronosmed.ro\/en\/wp-json\/wp\/v2\/types\/product"}],"wp:featuredmedia":[{"embeddable":true,"href":"https:\/\/shop.cronosmed.ro\/en\/wp-json\/wp\/v2\/media\/1968"}],"wp:attachment":[{"href":"https:\/\/shop.cronosmed.ro\/en\/wp-json\/wp\/v2\/media?parent=1965"}],"wp:term":[{"taxonomy":"product_cat","embeddable":true,"href":"https:\/\/shop.cronosmed.ro\/en\/wp-json\/wp\/v2\/product_cat?post=1965"},{"taxonomy":"product_tag","embeddable":true,"href":"https:\/\/shop.cronosmed.ro\/en\/wp-json\/wp\/v2\/product_tag?post=1965"}],"curies":[{"name":"wp","href":"https:\/\/api.w.org\/{rel}","templated":true}]}}