{"id":1981,"date":"2024-05-23T15:41:53","date_gmt":"2024-05-23T12:41:53","guid":{"rendered":"https:\/\/shop.cronosmed.ro\/?post_type=product&#038;p=1981"},"modified":"2024-10-10T10:42:00","modified_gmt":"2024-10-10T07:42:00","slug":"riparcoverdark-circle-concealeranticearcan","status":"publish","type":"product","link":"https:\/\/shop.cronosmed.ro\/en\/product\/riparcoverdark-circle-concealeranticearcan\/","title":{"rendered":"RIPARCOVER DARK CIRCLE CONCEALER DARK CIRCLE CONCEALER"},"content":{"rendered":"<div id=\"fws_69e3983ecc988\"  data-column-margin=\"default\" data-midnight=\"dark\"  class=\"wpb_row vc_row-fluid vc_row\"  style=\"padding-top: 0px; padding-bottom: 0px; \"><div class=\"row-bg-wrap\" data-bg-animation=\"none\" data-bg-animation-delay=\"\" data-bg-overlay=\"false\"><div class=\"inner-wrap row-bg-layer\" ><div class=\"row-bg viewport-desktop\"  style=\"\"><\/div><\/div><\/div><div class=\"row_col_wrap_12 col span_12 dark left\">\n\t<div  class=\"vc_col-sm-12 wpb_column column_container vc_column_container col no-extra-padding inherit_tablet inherit_phone\"  data-padding-pos=\"all\" data-has-bg-color=\"false\" data-bg-color=\"\" data-bg-opacity=\"1\" data-animation=\"\" data-delay=\"0\" >\n\t\t<div class=\"vc_column-inner\" >\n\t\t\t<div class=\"wpb_wrapper\">\n\t\t\t\t\n\t<div class=\"wpb_content_element\" data-interval=\"0\">\n\t\t<div class=\"wpb_wrapper tabbed clearfix\" data-style=\"material\" data-animation=\"fade\" data-spacing=\"default\" data-icon-size=\"24\" data-full-width-line=\"\" data-color-scheme=\"accent-color\" data-alignment=\"left\">\n\t\t\t<ul class=\"wpb_tabs_nav ui-tabs-nav clearfix\"><li class=\"tab-item active-tab\"><a role=\"button\" href=\"#tab-1728466196358-0\" class=\"active-tab\"><span>Details<\/span><\/a><\/li><li class=\"tab-item\"><a role=\"button\" href=\"#tab-1728466196421-6\" ><span>Use<\/span><\/a><\/li><li class=\"tab-item\"><a role=\"button\" href=\"#tab-1728466196453-10\" ><span>Apply<\/span><\/a><\/li><li class=\"tab-item\"><a role=\"button\" href=\"#tab-1728466196486-7\" ><span>INCI Ingredient<\/span><\/a><\/li><\/ul>\n\n\t\t\t\n\t\t\t<div id=\"tab-detalii\" data-tab-icon=\"\" class=\"wpb_tab ui-tabs-panel wpb_ui-tabs-hide clearfix\">\n\t\t\t\t<div id=\"fws_69e3983ecdace\" data-midnight=\"\" data-column-margin=\"default\" class=\"wpb_row vc_row-fluid vc_row inner_row vc_row-o-equal-height vc_row-flex vc_row-o-content-middle\"  style=\"\"><div class=\"row-bg-wrap\"> <div class=\"row-bg\" ><\/div> <\/div><div class=\"row_col_wrap_12_inner col span_12  left\">\n\t<div  class=\"vc_col-sm-6 wpb_column column_container vc_column_container col child_column no-extra-padding inherit_tablet inherit_phone\"   data-padding-pos=\"all\" data-has-bg-color=\"false\" data-bg-color=\"\" data-bg-opacity=\"1\" data-animation=\"\" data-delay=\"0\" >\n\t\t<div class=\"vc_column-inner\" >\n\t\t<div class=\"wpb_wrapper\">\n\t\t\t\n<div class=\"wpb_text_column wpb_content_element\" >\n\t<div class=\"wpb_wrapper\">\n\t\t<p>Anticearc\u0103n corector de \u00eenalt\u0103 performan\u021b\u0103, ce ofer\u0103 acoperire perfect\u0103 \u0219i corec\u021bia culorii sub ochi. Cearc\u0103nele de culoare \u00eenchis\u0103 par s\u0103 dispar\u0103, rezultatul fiind o piele care arat\u0103 natural \u0219i se simte bine. De\u0219i ac\u021bioneaz\u0103 similar cu alte formule emblematice RiparCover, corectorul anticearc\u0103ne are o textur\u0103 diferit\u0103 \u0219i ofer\u0103 o senza\u021bie unic\u0103. Produsul are form\u0103 solid\u0103 \u00een ambalaj dar devine maleabil c\u00e2nd este atins cu degetele \u0219i se tope\u0219te \u00een contact cu pielea, \u00een momentul aplic\u0103rii, oferind o acoperire ideal\u0103 pentru a ascunde cearc\u0103nele, f\u0103r\u0103 sa l\u0103sa senza\u021bia de piele \u00eenc\u0103rcat\u0103. Con\u021bine ingrediente superioare care asigur\u0103 efecte de lung\u0103 durat\u0103 \u0219i men\u021bin pielea neted\u0103, hidratat\u0103 \u0219i protejat\u0103. Compatibil cu majoritatea tipurilor de piele.<\/p>\n<p>Rezistent la transpira\u021bie &#8211; rezistent la ap\u0103 &#8211; rezistent la transfer, p\u00e2n\u0103 la 16 ore. Necomedogenic &#8211; Testat de dermatologi. F\u0103r\u0103 parfum. Valabilitate 6 LUNI de la deschidere.<\/p>\n<p>Nuan\u021be disponibile:<\/p>\n<p>MEDIUM(N62)<\/p>\n<p>MEDIUM TAN (N63 &#8211; pentru piele bronzat\u0103)<\/p>\n\t<\/div>\n<\/div>\n\n\n\n\n\t\t<\/div> \n\t<\/div>\n\t<\/div> \n\n\t<div  class=\"vc_col-sm-6 wpb_column column_container vc_column_container col child_column no-extra-padding inherit_tablet inherit_phone\"   data-padding-pos=\"all\" data-has-bg-color=\"false\" data-bg-color=\"\" data-bg-opacity=\"1\" data-animation=\"\" data-delay=\"0\" >\n\t\t<div class=\"vc_column-inner\" >\n\t\t<div class=\"wpb_wrapper\">\n\t\t\t\n\t<div class=\"wpb_video_widget wpb_content_element vc_clearfix   vc_video-aspect-ratio-169 vc_video-el-width-100 vc_video-align-center\" >\n\t\t<div class=\"wpb_wrapper\">\n\t\t\t\n\t\t\t<div class=\"wpb_video_wrapper\"><a href=\"https:\/\/www.youtube.com\/watch?v=Z017F2iMqgY\">https:\/\/www.youtube.com\/watch?v=Z017F2iMqgY<\/a><\/div>\n\t\t<\/div>\n\t<\/div>\n\n\t\t<\/div> \n\t<\/div>\n\t<\/div> \n<\/div><\/div>\n\t\t\t<\/div> \n\t\t\t<div id=\"tab-utilizare\" data-tab-icon=\"\" class=\"wpb_tab ui-tabs-panel wpb_ui-tabs-hide clearfix\">\n\t\t\t\t<div id=\"fws_69e3983ecf36d\" data-midnight=\"\" data-column-margin=\"default\" class=\"wpb_row vc_row-fluid vc_row inner_row\"  style=\"\"><div class=\"row-bg-wrap\"> <div class=\"row-bg\" ><\/div> <\/div><div class=\"row_col_wrap_12_inner col span_12  left\">\n\t<div  class=\"vc_col-sm-12 wpb_column column_container vc_column_container col child_column no-extra-padding inherit_tablet inherit_phone\"   data-padding-pos=\"all\" data-has-bg-color=\"false\" data-bg-color=\"\" data-bg-opacity=\"1\" data-animation=\"\" data-delay=\"0\" >\n\t\t<div class=\"vc_column-inner\" >\n\t\t<div class=\"wpb_wrapper\">\n\t\t\t\n<div class=\"wpb_text_column wpb_content_element\" >\n\t<div class=\"wpb_wrapper\">\n\t\t<p>Toate tipurile de piele<\/p>\n\t<\/div>\n<\/div>\n\n\n\n\n\t\t<\/div> \n\t<\/div>\n\t<\/div> \n<\/div><\/div>\n\t\t\t<\/div> \n\t\t\t<div id=\"tab-aplicare\" data-tab-icon=\"\" class=\"wpb_tab ui-tabs-panel wpb_ui-tabs-hide clearfix\">\n\t\t\t\t<div id=\"fws_69e3983ecfbd6\" data-midnight=\"\" data-column-margin=\"default\" class=\"wpb_row vc_row-fluid vc_row inner_row\"  style=\"\"><div class=\"row-bg-wrap\"> <div class=\"row-bg\" ><\/div> <\/div><div class=\"row_col_wrap_12_inner col span_12  left\">\n\t<div  class=\"vc_col-sm-12 wpb_column column_container vc_column_container col child_column no-extra-padding inherit_tablet inherit_phone\"   data-padding-pos=\"all\" data-has-bg-color=\"false\" data-bg-color=\"\" data-bg-opacity=\"1\" data-animation=\"\" data-delay=\"0\" >\n\t\t<div class=\"vc_column-inner\" >\n\t\t<div class=\"wpb_wrapper\">\n\t\t\t\n<div class=\"wpb_text_column wpb_content_element\" >\n\t<div class=\"wpb_wrapper\">\n\t\t<p>Aplica\u021bi produsul cu ajutorul degetelor, buretelui sau pensulei de machiaj. Pe m\u0103sur\u0103 ce produsul se \u00eenc\u0103lze\u0219te, acesta devine mai cremos \u0219i mai u\u0219or de aplicat. Tapota\u021bi u\u0219or zona cu cearc\u0103ne, aplic\u00e2nd o cantitate mic\u0103 \u0219i \u00eentinz\u00e2nd-o u\u0219or, pentru un rezultat uniform, \u0219i un aspect de piele neted\u0103, cu aspect natural.<\/p>\n\t<\/div>\n<\/div>\n\n\n\n\n\t\t<\/div> \n\t<\/div>\n\t<\/div> \n<\/div><\/div>\n\t\t\t<\/div> \n\t\t\t<div id=\"tab-ingrediente-inci\" data-tab-icon=\"\" class=\"wpb_tab ui-tabs-panel wpb_ui-tabs-hide clearfix\">\n\t\t\t\t<div id=\"fws_69e3983ed0454\" data-midnight=\"\" data-column-margin=\"default\" class=\"wpb_row vc_row-fluid vc_row inner_row\"  style=\"\"><div class=\"row-bg-wrap\"> <div class=\"row-bg\" ><\/div> <\/div><div class=\"row_col_wrap_12_inner col span_12  left\">\n\t<div  class=\"vc_col-sm-12 wpb_column column_container vc_column_container col child_column no-extra-padding inherit_tablet inherit_phone\"   data-padding-pos=\"all\" data-has-bg-color=\"false\" data-bg-color=\"\" data-bg-opacity=\"1\" data-animation=\"\" data-delay=\"0\" >\n\t\t<div class=\"vc_column-inner\" >\n\t\t<div class=\"wpb_wrapper\">\n\t\t\t\n<div class=\"wpb_text_column wpb_content_element\" >\n\t<div class=\"wpb_wrapper\">\n\t\t<p>RCO 61- RCO 62 CAPRYLIC\/CAPRIC TRIGLYCERIDE, CERA ALBA (BEESWAX), DIPENTAERYTHRITYL TETRABEHENATE\/POLYHYDROXYSTEARATE, CANDELILLA (EUPHORBIA CERIFERA) CERA, MICA, MAGNESIUM CARBONATE, SILICA, ETHYLHEXYL METHOXYCINNAMATE, HYDROGENATED VEGETABLE OIL, PHENOXYETHANOL, TOCOPHEROL, TALC, SORBITAN TRISTEARATE, BHT, [+\/- (MAY CONTAIN) CI 77891 (TITANIUM DIOXIDE), CI 77491 (IRON OXIDES), 77492 (IRON OXIDES), 77499 (IRON OXIDES)]. RCO 63 CAPRYLIC\/CAPRIC TRIGLYCERIDE, CERA ALBA (BEESWAX), MICA, DIPENTAERYTHRITYL TETRABEHENATE\/POLYHYDROXYSTEARATE, CANDELILLA CERA (EUPHORBIA CERIFERA), MAGNESIUM CARBONATE, ETHYLHEXYL METHOXYCINNAMATE, SILICA, HYDROGENATED VEGETABLE OIL, PHENOXYETHANOL, TOCOPHEROL, TALC, [+\/- (MAY CONTAIN) CI 77891 (TITANIUM DIOXIDE), CI 77491 (IRON OXIDES), 77492 (IRON OXIDES), 77499 (IRON OXIDES), CI 19140 (YELLOW 5 LAKE), CI 12085 (RED 36)].<\/p>\n<a class=\"nectar-button n-sc-button small accent-color has-icon regular-button\"  href=\"https:\/\/shop.cronosmed.ro\/en\/dictionar-de-ingrediente\/\" data-color-override=\"false\" data-hover-color-override=\"false\" data-hover-text-color-override=\"#fff\"><span>Dictionary of ingredients<\/span><i class=\"icon-button-arrow\"><\/i><\/a>\n\t<\/div>\n<\/div>\n\n\n\n\n\t\t<\/div> \n\t<\/div>\n\t<\/div> \n<\/div><\/div>\n\t\t\t<\/div> \n\t\t<\/div> \n\t<\/div> \n\t\t\t<\/div> \n\t\t<\/div>\n\t<\/div> \n<\/div><\/div>","protected":false},"excerpt":{"rendered":"<h4>Anticearc\u0103n corector rezistent la transpira\u021bie \u0219i ap\u0103, dureaz\u0103 p\u00e2n\u0103 la 16 ore<\/h4>\n<ul>\n<li>Ofer\u0103 acoperirire perfect\u0103 \u0219i corec\u021bia culorii sub ochi<\/li>\n<li>Ascunde cearc\u0103nele f\u0103r\u0103 a l\u0103sa senza\u021bia de piele \u00eenc\u0103rcat\u0103<\/li>\n<li>Pielea r\u0103m\u00e2ne neted\u0103, hidratat\u0103<\/li>\n<li>Rezistent la transpira\u021bie \u0219i ap\u0103<\/li>\n<li>Rezistent la transfer, p\u00e2n\u0103 la 16 ore<\/li>\n<li>F\u0103r\u0103 parfum<\/li>\n<li>Testat de dermatologi<\/li>\n<li>Nuan\u021be disponibile: Medium (N62), Medium Tan (N63)<\/li>\n<\/ul>\n<p>4.5 g<\/p>","protected":false},"featured_media":1987,"template":"","meta":[],"product_cat":[124],"product_tag":[288],"class_list":{"0":"post-1981","1":"product","2":"type-product","3":"status-publish","4":"has-post-thumbnail","6":"product_cat-produse-cosmetice","7":"product_tag-cearcane-si-pungi","9":"first","10":"instock","11":"taxable","12":"shipping-taxable","13":"purchasable","14":"product-type-variable"},"_links":{"self":[{"href":"https:\/\/shop.cronosmed.ro\/en\/wp-json\/wp\/v2\/product\/1981","targetHints":{"allow":["GET"]}}],"collection":[{"href":"https:\/\/shop.cronosmed.ro\/en\/wp-json\/wp\/v2\/product"}],"about":[{"href":"https:\/\/shop.cronosmed.ro\/en\/wp-json\/wp\/v2\/types\/product"}],"wp:featuredmedia":[{"embeddable":true,"href":"https:\/\/shop.cronosmed.ro\/en\/wp-json\/wp\/v2\/media\/1987"}],"wp:attachment":[{"href":"https:\/\/shop.cronosmed.ro\/en\/wp-json\/wp\/v2\/media?parent=1981"}],"wp:term":[{"taxonomy":"product_cat","embeddable":true,"href":"https:\/\/shop.cronosmed.ro\/en\/wp-json\/wp\/v2\/product_cat?post=1981"},{"taxonomy":"product_tag","embeddable":true,"href":"https:\/\/shop.cronosmed.ro\/en\/wp-json\/wp\/v2\/product_tag?post=1981"}],"curies":[{"name":"wp","href":"https:\/\/api.w.org\/{rel}","templated":true}]}}