{"id":1988,"date":"2024-05-23T15:52:23","date_gmt":"2024-05-23T12:52:23","guid":{"rendered":"https:\/\/shop.cronosmed.ro\/?post_type=product&#038;p=1988"},"modified":"2024-10-10T10:42:25","modified_gmt":"2024-10-10T07:42:25","slug":"riparcovercorrector-traypaleta-6-nuante-corector","status":"publish","type":"product","link":"https:\/\/shop.cronosmed.ro\/en\/product\/riparcovercorrector-traypaleta-6-nuante-corector\/","title":{"rendered":"RIPARCOVER CORRECTOR TRAY PALETTE 6 SHADES CAMOUFLAGE CONCEALER FOR ACNE, ANGIOMAS, VITILIGO, SCARS"},"content":{"rendered":"<div id=\"fws_69e398649adb3\"  data-column-margin=\"default\" data-midnight=\"dark\"  class=\"wpb_row vc_row-fluid vc_row\"  style=\"padding-top: 0px; padding-bottom: 0px; \"><div class=\"row-bg-wrap\" data-bg-animation=\"none\" data-bg-animation-delay=\"\" data-bg-overlay=\"false\"><div class=\"inner-wrap row-bg-layer\" ><div class=\"row-bg viewport-desktop\"  style=\"\"><\/div><\/div><\/div><div class=\"row_col_wrap_12 col span_12 dark left\">\n\t<div  class=\"vc_col-sm-12 wpb_column column_container vc_column_container col no-extra-padding inherit_tablet inherit_phone\"  data-padding-pos=\"all\" data-has-bg-color=\"false\" data-bg-color=\"\" data-bg-opacity=\"1\" data-animation=\"\" data-delay=\"0\" >\n\t\t<div class=\"vc_column-inner\" >\n\t\t\t<div class=\"wpb_wrapper\">\n\t\t\t\t\n\t<div class=\"wpb_content_element\" data-interval=\"0\">\n\t\t<div class=\"wpb_wrapper tabbed clearfix\" data-style=\"material\" data-animation=\"fade\" data-spacing=\"default\" data-icon-size=\"24\" data-full-width-line=\"\" data-color-scheme=\"accent-color\" data-alignment=\"left\">\n\t\t\t<ul class=\"wpb_tabs_nav ui-tabs-nav clearfix\"><li class=\"tab-item active-tab\"><a role=\"button\" href=\"#tab-1728480715221-10\" class=\"active-tab\"><span>Details<\/span><\/a><\/li><li class=\"tab-item\"><a role=\"button\" href=\"#tab-1728480715264-8\" ><span>Use<\/span><\/a><\/li><li class=\"tab-item\"><a role=\"button\" href=\"#tab-1728480715312-6\" ><span>Apply<\/span><\/a><\/li><li class=\"tab-item\"><a role=\"button\" href=\"#tab-1728480715337-10\" ><span>INCI Ingredient<\/span><\/a><\/li><\/ul>\n\n\t\t\t\n\t\t\t<div id=\"tab-detalii\" data-tab-icon=\"\" class=\"wpb_tab ui-tabs-panel wpb_ui-tabs-hide clearfix\">\n\t\t\t\t<div id=\"fws_69e398649bc9c\" data-midnight=\"\" data-column-margin=\"default\" class=\"wpb_row vc_row-fluid vc_row inner_row vc_row-o-content-middle\"  style=\"\"><div class=\"row-bg-wrap\"> <div class=\"row-bg\" ><\/div> <\/div><div class=\"row_col_wrap_12_inner col span_12  left\">\n\t<div  class=\"vc_col-sm-12 wpb_column column_container vc_column_container col child_column no-extra-padding inherit_tablet inherit_phone\"   data-padding-pos=\"all\" data-has-bg-color=\"false\" data-bg-color=\"\" data-bg-opacity=\"1\" data-animation=\"\" data-delay=\"0\" >\n\t\t<div class=\"vc_column-inner\" >\n\t\t<div class=\"wpb_wrapper\">\n\t\t\t\n<div class=\"wpb_text_column wpb_content_element\" >\n\t<div class=\"wpb_wrapper\">\n\t\t<p>Paleta cu 6 nuan\u021be de corector pentru ten \u0219i pielea corpului este compus\u0103 din culori foarte pigmentate, cu o formul\u0103 de lung\u0103 durat\u0103, rezistent\u0103 la ap\u0103 \u0219i rezistent\u0103 la transfer &#8211; c\u00e2nd corectorul este finisat cu pudr\u0103. Formul\u0103 noncomedogenic\u0103, capabil\u0103 s\u0103 neutralizeze orice decolorare sau imperfec\u021biune a pielii de origine congenital\u0103, traumatic\u0103 sau dermatologic\u0103 a tenului sau de pe corp (cearc\u0103ne, pete, vitiligo, acnee, cicatrici, angioame \u0219i pitiriazis). Gama de culori de baz\u0103 \u0219i primare, \u00een perfect\u0103 concordan\u021b\u0103 cu teoria culorilor, permite dezvoltarea unor op\u021biuni variate de machiaj \u0219i camuflare \u0219i d\u0103 fr\u00e2u liber creativit\u0103\u021bii utilizatorului. Paleta se armonizeaz\u0103 perfect cu culorile deschise, culorile medii \u0219i culorile \u00eenchise.<\/p>\n<p>Depozita\u021bi \u00eentr-un loc r\u0103coros \u0219i uscat, ferit de surse de c\u0103ldur\u0103. Produsul este bogat \u00een ceruri vegetale. Expunerea sa la schimb\u0103ri de temperatur\u0103 poate cauza o modificare u\u0219oar\u0103 a suprafe\u021bei produsului, f\u0103r\u0103 a compromite calitatea \u0219i func\u021bionalitatea produsului.<\/p>\n<p>Testat dermatologic &#8211; are SPF.<\/p>\n<p>Valabilitate 6 LUNI de la deschidere.<\/p>\n<p>Paleta cuprinde 6 nuan\u021be: RCO61- RCO62- RCO63- RCO64- RCO65- RCO66.<\/p>\n\t<\/div>\n<\/div>\n\n\n\n\n\t\t<\/div> \n\t<\/div>\n\t<\/div> \n<\/div><\/div>\n\t\t\t<\/div> \n\t\t\t<div id=\"tab-utilizare\" data-tab-icon=\"\" class=\"wpb_tab ui-tabs-panel wpb_ui-tabs-hide clearfix\">\n\t\t\t\t<div id=\"fws_69e398649c6d9\" data-midnight=\"\" data-column-margin=\"default\" class=\"wpb_row vc_row-fluid vc_row inner_row\"  style=\"\"><div class=\"row-bg-wrap\"> <div class=\"row-bg\" ><\/div> <\/div><div class=\"row_col_wrap_12_inner col span_12  left\">\n\t<div  class=\"vc_col-sm-12 wpb_column column_container vc_column_container col child_column no-extra-padding inherit_tablet inherit_phone\"   data-padding-pos=\"all\" data-has-bg-color=\"false\" data-bg-color=\"\" data-bg-opacity=\"1\" data-animation=\"\" data-delay=\"0\" >\n\t\t<div class=\"vc_column-inner\" >\n\t\t<div class=\"wpb_wrapper\">\n\t\t\t\n<div class=\"wpb_text_column wpb_content_element\" >\n\t<div class=\"wpb_wrapper\">\n\t\t<p>Toate tipurile de piele<\/p>\n\t<\/div>\n<\/div>\n\n\n\n\n\t\t<\/div> \n\t<\/div>\n\t<\/div> \n<\/div><\/div>\n\t\t\t<\/div> \n\t\t\t<div id=\"tab-aplicare\" data-tab-icon=\"\" class=\"wpb_tab ui-tabs-panel wpb_ui-tabs-hide clearfix\">\n\t\t\t\t<div id=\"fws_69e398649cf8c\" data-midnight=\"\" data-column-margin=\"default\" class=\"wpb_row vc_row-fluid vc_row inner_row\"  style=\"\"><div class=\"row-bg-wrap\"> <div class=\"row-bg\" ><\/div> <\/div><div class=\"row_col_wrap_12_inner col span_12  left\">\n\t<div  class=\"vc_col-sm-12 wpb_column column_container vc_column_container col child_column no-extra-padding inherit_tablet inherit_phone\"   data-padding-pos=\"all\" data-has-bg-color=\"false\" data-bg-color=\"\" data-bg-opacity=\"1\" data-animation=\"\" data-delay=\"0\" >\n\t\t<div class=\"vc_column-inner\" >\n\t\t<div class=\"wpb_wrapper\">\n\t\t\t\n<div class=\"wpb_text_column wpb_content_element\" >\n\t<div class=\"wpb_wrapper\">\n\t\t<p>Dup\u0103 aplicarea produsului cosmetic adecvat tipului de piele, aplica\u021bi corectorul RiparCover pe zonele afectate. Pentru tehnica de camuflaj, aplica\u021bi produsul cu degetele, cu pensula sau cu buretele de machiaj.<\/p>\n\t<\/div>\n<\/div>\n\n\n\n\n\t\t<\/div> \n\t<\/div>\n\t<\/div> \n<\/div><\/div>\n\t\t\t<\/div> \n\t\t\t<div id=\"tab-ingrediente-inci\" data-tab-icon=\"\" class=\"wpb_tab ui-tabs-panel wpb_ui-tabs-hide clearfix\">\n\t\t\t\t<div id=\"fws_69e398649d809\" data-midnight=\"\" data-column-margin=\"default\" class=\"wpb_row vc_row-fluid vc_row inner_row\"  style=\"\"><div class=\"row-bg-wrap\"> <div class=\"row-bg\" ><\/div> <\/div><div class=\"row_col_wrap_12_inner col span_12  left\">\n\t<div  class=\"vc_col-sm-12 wpb_column column_container vc_column_container col child_column no-extra-padding inherit_tablet inherit_phone\"   data-padding-pos=\"all\" data-has-bg-color=\"false\" data-bg-color=\"\" data-bg-opacity=\"1\" data-animation=\"\" data-delay=\"0\" >\n\t\t<div class=\"vc_column-inner\" >\n\t\t<div class=\"wpb_wrapper\">\n\t\t\t\n<div class=\"wpb_text_column wpb_content_element\" >\n\t<div class=\"wpb_wrapper\">\n\t\t<p>RCO 61- RCO 62 CAPRYLIC\/CAPRIC TRIGLYCERIDE, CERA ALBA (BEESWAX), DIPENTAERYTHRITYL TETRABEHENATE\/POLYHYDROXYSTEARATE, CANDELILLA (EUPHORBIA CERIFERA) CERA, MICA, MAGNESIUM CARBONATE, SILICA, ETHYLHEXYL METHOXYCINNAMATE, HYDROGENATED VEGETABLE OIL, PHENOXYETHANOL, TOCOPHEROL, TALC, SORBITAN TRISTEARATE, BHT, [+\/- (MAY CONTAIN) CI 77891 (TITANIUM DIOXIDE), CI 77491 (IRON OXIDES), 77492 (IRON OXIDES), 77499 (IRON OXIDES)].<br \/>\nRCO 63 CAPRYLIC\/CAPRIC TRIGLYCERIDE, CERA ALBA (BEESWAX), MICA, DIPENTAERYTHRITYL TETRABEHENATE\/POLYHYDROXYSTEARATE, CANDELILLA CERA (EUPHORBIA CERIFERA), MAGNESIUM CARBONATE, ETHYLHEXYL METHOXYCINNAMATE, SILICA, HYDROGENATED VEGETABLE OIL, PHENOXYETHANOL, TOCOPHEROL, TALC, [+\/- (MAY CONTAIN) CI 77891 (TITANIUM DIOXIDE), CI 77491 (IRON OXIDES), 77492 (IRON OXIDES), 77499 (IRON OXIDES), CI 19140 (YELLOW 5 LAKE), CI 12085 (RED 36)].<\/p>\n<a class=\"nectar-button n-sc-button small accent-color has-icon regular-button\"  href=\"https:\/\/shop.cronosmed.ro\/en\/dictionar-de-ingrediente\/\" data-color-override=\"false\" data-hover-color-override=\"false\" data-hover-text-color-override=\"#fff\"><span>Dictionary of ingredients<\/span><i class=\"icon-button-arrow\"><\/i><\/a>\n\t<\/div>\n<\/div>\n\n\n\n\n\t\t<\/div> \n\t<\/div>\n\t<\/div> \n<\/div><\/div>\n\t\t\t<\/div> \n\t\t<\/div> \n\t<\/div> \n\t\t\t<\/div> \n\t\t<\/div>\n\t<\/div> \n<\/div><\/div>\n\t\t<div id=\"fws_69e398649e538\"  data-column-margin=\"default\" data-midnight=\"dark\"  class=\"wpb_row vc_row-fluid vc_row\"  style=\"padding-top: 0px; padding-bottom: 0px; \"><div class=\"row-bg-wrap\" data-bg-animation=\"none\" data-bg-animation-delay=\"\" data-bg-overlay=\"false\"><div class=\"inner-wrap row-bg-layer\" ><div class=\"row-bg viewport-desktop\"  style=\"\"><\/div><\/div><\/div><div class=\"row_col_wrap_12 col span_12 dark left\">\n\t<div  class=\"vc_col-sm-6 wpb_column column_container vc_column_container col no-extra-padding inherit_tablet inherit_phone\"  data-padding-pos=\"all\" data-has-bg-color=\"false\" data-bg-color=\"\" data-bg-opacity=\"1\" data-animation=\"\" data-delay=\"0\" >\n\t\t<div class=\"vc_column-inner\" >\n\t\t\t<div class=\"wpb_wrapper\">\n\t\t\t\t\n\t<div class=\"wpb_video_widget wpb_content_element vc_clearfix   vc_video-aspect-ratio-169 vc_video-el-width-100 vc_video-align-left\" >\n\t\t<div class=\"wpb_wrapper\">\n\t\t\t\n\t\t\t<div class=\"wpb_video_wrapper\"><iframe loading=\"lazy\" title=\"Camouflage angioma with RiparCover\" src=\"https:\/\/player.vimeo.com\/video\/174389147?dnt=1&amp;app_id=122963\" width=\"500\" height=\"281\" frameborder=\"0\" allow=\"autoplay; fullscreen; picture-in-picture; clipboard-write\"><\/iframe><\/div>\n\t\t<\/div>\n\t<\/div>\n\n\t\t\t<\/div> \n\t\t<\/div>\n\t<\/div> \n\n\t<div  class=\"vc_col-sm-6 wpb_column column_container vc_column_container col no-extra-padding inherit_tablet inherit_phone\"  data-padding-pos=\"all\" data-has-bg-color=\"false\" data-bg-color=\"\" data-bg-opacity=\"1\" data-animation=\"\" data-delay=\"0\" >\n\t\t<div class=\"vc_column-inner\" >\n\t\t\t<div class=\"wpb_wrapper\">\n\t\t\t\t\n\t<div class=\"wpb_video_widget wpb_content_element vc_clearfix   vc_video-aspect-ratio-169 vc_video-el-width-100 vc_video-align-left\" >\n\t\t<div class=\"wpb_wrapper\">\n\t\t\t\n\t\t\t<div class=\"wpb_video_wrapper\"><iframe loading=\"lazy\" title=\"RiparCover Camouflage - Vitiligo\" src=\"https:\/\/player.vimeo.com\/video\/144651509?dnt=1&amp;app_id=122963\" width=\"500\" height=\"281\" frameborder=\"0\" allow=\"autoplay; fullscreen; picture-in-picture; clipboard-write\"><\/iframe><\/div>\n\t\t<\/div>\n\t<\/div>\n\n\t\t\t<\/div> \n\t\t<\/div>\n\t<\/div> \n<\/div><\/div>","protected":false},"excerpt":{"rendered":"<h4>Palet\u0103 6 nuan\u021be corector &#8211; machiaj \u0219i camuflare cearc\u0103ne, pete, vitiligo, acnee, cicatrici, angioame, pitiriazis<\/h4>\n<ul>\n<li>Culorile foarte pigmentate acoper\u0103 perfect pielea.<\/li>\n<li>Neutralizeaz\u0103 orice decolorare sau imperfec\u021biune a pielii de origine congenital\u0103, traumatic\u0103 sau dermatologic\u0103 &#8211; a tenului sau de pe corp: cearc\u0103ne, pete, vitiligo, acnee, cicatrici, angioame \u0219i pitiriazis.<\/li>\n<li>Factor de protec\u021bie solara SPF.<\/li>\n<li>Rezist\u0103 timp \u00eendelungat pe piele<\/li>\n<li>Rezistent la ap\u0103 \u0219i transfer\u00a0 &#8211; produsul bogat \u00een ceruri vegetale este finisat apoi cu pudr\u0103.<\/li>\n<li>Testat dermatologic<\/li>\n<li>Cele 6 nuan\u021be: RCO61- RCO62- RCO63- RCO64- RCO65- RCO66.<\/li>\n<\/ul>\n<p>4.5 g<\/p>","protected":false},"featured_media":1991,"template":"","meta":[],"product_cat":[124],"product_tag":[288],"class_list":{"0":"post-1988","1":"product","2":"type-product","3":"status-publish","4":"has-post-thumbnail","6":"product_cat-produse-cosmetice","7":"product_tag-cearcane-si-pungi","9":"first","10":"instock","11":"taxable","12":"shipping-taxable","13":"purchasable","14":"product-type-simple"},"_links":{"self":[{"href":"https:\/\/shop.cronosmed.ro\/en\/wp-json\/wp\/v2\/product\/1988","targetHints":{"allow":["GET"]}}],"collection":[{"href":"https:\/\/shop.cronosmed.ro\/en\/wp-json\/wp\/v2\/product"}],"about":[{"href":"https:\/\/shop.cronosmed.ro\/en\/wp-json\/wp\/v2\/types\/product"}],"wp:featuredmedia":[{"embeddable":true,"href":"https:\/\/shop.cronosmed.ro\/en\/wp-json\/wp\/v2\/media\/1991"}],"wp:attachment":[{"href":"https:\/\/shop.cronosmed.ro\/en\/wp-json\/wp\/v2\/media?parent=1988"}],"wp:term":[{"taxonomy":"product_cat","embeddable":true,"href":"https:\/\/shop.cronosmed.ro\/en\/wp-json\/wp\/v2\/product_cat?post=1988"},{"taxonomy":"product_tag","embeddable":true,"href":"https:\/\/shop.cronosmed.ro\/en\/wp-json\/wp\/v2\/product_tag?post=1988"}],"curies":[{"name":"wp","href":"https:\/\/api.w.org\/{rel}","templated":true}]}}