{"id":2010,"date":"2024-05-27T08:44:51","date_gmt":"2024-05-27T05:44:51","guid":{"rendered":"https:\/\/shop.cronosmed.ro\/?post_type=product&#038;p=2010"},"modified":"2024-10-10T10:46:16","modified_gmt":"2024-10-10T07:46:16","slug":"ripar-aequilibriumnight-care-cream-for-sensitive-reactive-skincrema-de-noapte","status":"publish","type":"product","link":"https:\/\/shop.cronosmed.ro\/en\/product\/ripar-aequilibriumnight-care-cream-for-sensitive-reactive-skincrema-de-noapte\/","title":{"rendered":"RIPAR AEQUILIBRIUM NIGHT CARE CREAM FOR SENSITIVE, REACTIVE SKIN ANTI-REDNESS NIGHT CREAM"},"content":{"rendered":"<div id=\"fws_69e3acca9c414\"  data-column-margin=\"default\" data-midnight=\"dark\"  class=\"wpb_row vc_row-fluid vc_row\"  style=\"padding-top: 0px; padding-bottom: 0px; \"><div class=\"row-bg-wrap\" data-bg-animation=\"none\" data-bg-animation-delay=\"\" data-bg-overlay=\"false\"><div class=\"inner-wrap row-bg-layer\" ><div class=\"row-bg viewport-desktop\"  style=\"\"><\/div><\/div><\/div><div class=\"row_col_wrap_12 col span_12 dark left\">\n\t<div  class=\"vc_col-sm-12 wpb_column column_container vc_column_container col no-extra-padding inherit_tablet inherit_phone\"  data-padding-pos=\"all\" data-has-bg-color=\"false\" data-bg-color=\"\" data-bg-opacity=\"1\" data-animation=\"\" data-delay=\"0\" >\n\t\t<div class=\"vc_column-inner\" >\n\t\t\t<div class=\"wpb_wrapper\">\n\t\t\t\t\n\t<div class=\"wpb_content_element\" data-interval=\"0\">\n\t\t<div class=\"wpb_wrapper tabbed clearfix\" data-style=\"material\" data-animation=\"fade\" data-spacing=\"default\" data-icon-size=\"24\" data-full-width-line=\"\" data-color-scheme=\"accent-color\" data-alignment=\"left\">\n\t\t\t<ul class=\"wpb_tabs_nav ui-tabs-nav clearfix\"><li class=\"tab-item active-tab\"><a role=\"button\" href=\"#tab-1728476093258-4\" class=\"active-tab\"><span>Details<\/span><\/a><\/li><li class=\"tab-item\"><a role=\"button\" href=\"#tab-1728476093379-3\" ><span>Use<\/span><\/a><\/li><li class=\"tab-item\"><a role=\"button\" href=\"#tab-1728476093435-7\" ><span>Apply<\/span><\/a><\/li><li class=\"tab-item\"><a role=\"button\" href=\"#tab-1728476093498-2\" ><span>INCI Ingredient<\/span><\/a><\/li><\/ul>\n\n\t\t\t\n\t\t\t<div id=\"tab-detalii\" data-tab-icon=\"\" class=\"wpb_tab ui-tabs-panel wpb_ui-tabs-hide clearfix\">\n\t\t\t\t<div id=\"fws_69e3acca9d1a5\" data-midnight=\"\" data-column-margin=\"default\" class=\"wpb_row vc_row-fluid vc_row inner_row vc_row-o-equal-height vc_row-flex vc_row-o-content-middle\"  style=\"\"><div class=\"row-bg-wrap\"> <div class=\"row-bg\" ><\/div> <\/div><div class=\"row_col_wrap_12_inner col span_12  left\">\n\t<div  class=\"vc_col-sm-12 wpb_column column_container vc_column_container col child_column no-extra-padding inherit_tablet inherit_phone\"   data-padding-pos=\"all\" data-has-bg-color=\"false\" data-bg-color=\"\" data-bg-opacity=\"1\" data-animation=\"\" data-delay=\"0\" >\n\t\t<div class=\"vc_column-inner\" >\n\t\t<div class=\"wpb_wrapper\">\n\t\t\t\n<div class=\"wpb_text_column wpb_content_element\" >\n\t<div class=\"wpb_wrapper\">\n\t\t<p>Crem\u0103 de noapte pentru tratamentul pielii sensibile \u0219i reactive &#8211; cu ro\u0219ea\u021b\u0103. Formulat\u0103 cu ingrediente emoliente \u0219i calmante (unt de shea, ulei de migdale, ulei de semin\u021be de in, vitamina E, acid glicirretinic, trehalose betaine, escin, ghimpe p\u0103dure\u021b &#8211; r\u0103d\u0103cina arbustului ruscus Butcher&#8217;s broom, Centella Asiatica, calendula) ajut\u0103 la minimizarea \u0219i tratarea efectelor inestetice ale acestui tip de piele. Ingrediente provenind din agricultura biologic\u0103.<\/p>\n<p>Valabilitate 12 LUNI de la deschidere.<\/p>\n<p>Variante de ambalaj: 50 ml, 200 ml<\/p>\n\t<\/div>\n<\/div>\n\n\n\n\n\t\t<\/div> \n\t<\/div>\n\t<\/div> \n<\/div><\/div>\n\t\t\t<\/div> \n\t\t\t<div id=\"tab-utilizare\" data-tab-icon=\"\" class=\"wpb_tab ui-tabs-panel wpb_ui-tabs-hide clearfix\">\n\t\t\t\t<div id=\"fws_69e3acca9dcf1\" data-midnight=\"\" data-column-margin=\"default\" class=\"wpb_row vc_row-fluid vc_row inner_row\"  style=\"\"><div class=\"row-bg-wrap\"> <div class=\"row-bg\" ><\/div> <\/div><div class=\"row_col_wrap_12_inner col span_12  left\">\n\t<div  class=\"vc_col-sm-12 wpb_column column_container vc_column_container col child_column no-extra-padding inherit_tablet inherit_phone\"   data-padding-pos=\"all\" data-has-bg-color=\"false\" data-bg-color=\"\" data-bg-opacity=\"1\" data-animation=\"\" data-delay=\"0\" >\n\t\t<div class=\"vc_column-inner\" >\n\t\t<div class=\"wpb_wrapper\">\n\t\t\t\n<div class=\"wpb_text_column wpb_content_element\" >\n\t<div class=\"wpb_wrapper\">\n\t\t<p>Ten sensibil, cu ro\u0219ea\u021b\u0103<\/p>\n\t<\/div>\n<\/div>\n\n\n\n\n\t\t<\/div> \n\t<\/div>\n\t<\/div> \n<\/div><\/div>\n\t\t\t<\/div> \n\t\t\t<div id=\"tab-aplicare\" data-tab-icon=\"\" class=\"wpb_tab ui-tabs-panel wpb_ui-tabs-hide clearfix\">\n\t\t\t\t<div id=\"fws_69e3acca9e558\" data-midnight=\"\" data-column-margin=\"default\" class=\"wpb_row vc_row-fluid vc_row inner_row\"  style=\"\"><div class=\"row-bg-wrap\"> <div class=\"row-bg\" ><\/div> <\/div><div class=\"row_col_wrap_12_inner col span_12  left\">\n\t<div  class=\"vc_col-sm-12 wpb_column column_container vc_column_container col child_column no-extra-padding inherit_tablet inherit_phone\"   data-padding-pos=\"all\" data-has-bg-color=\"false\" data-bg-color=\"\" data-bg-opacity=\"1\" data-animation=\"\" data-delay=\"0\" >\n\t\t<div class=\"vc_column-inner\" >\n\t\t<div class=\"wpb_wrapper\">\n\t\t\t\n<div class=\"wpb_text_column wpb_content_element\" >\n\t<div class=\"wpb_wrapper\">\n\t\t<p>Se aplic\u0103 seara, pe fa\u021b\u0103, g\u00e2t \u0219i decolteu cu un masaj u\u0219or p\u00e2n\u0103 la absorb\u021bia complet\u0103.<\/p>\n\t<\/div>\n<\/div>\n\n\n\n\n\t\t<\/div> \n\t<\/div>\n\t<\/div> \n<\/div><\/div>\n\t\t\t<\/div> \n\t\t\t<div id=\"tab-ingrediente-inci\" data-tab-icon=\"\" class=\"wpb_tab ui-tabs-panel wpb_ui-tabs-hide clearfix\">\n\t\t\t\t<div id=\"fws_69e3acca9ed5d\" data-midnight=\"\" data-column-margin=\"default\" class=\"wpb_row vc_row-fluid vc_row inner_row\"  style=\"\"><div class=\"row-bg-wrap\"> <div class=\"row-bg\" ><\/div> <\/div><div class=\"row_col_wrap_12_inner col span_12  left\">\n\t<div  class=\"vc_col-sm-12 wpb_column column_container vc_column_container col child_column no-extra-padding inherit_tablet inherit_phone\"   data-padding-pos=\"all\" data-has-bg-color=\"false\" data-bg-color=\"\" data-bg-opacity=\"1\" data-animation=\"\" data-delay=\"0\" >\n\t\t<div class=\"vc_column-inner\" >\n\t\t<div class=\"wpb_wrapper\">\n\t\t\t\n<div class=\"wpb_text_column wpb_content_element\" >\n\t<div class=\"wpb_wrapper\">\n\t\t<p>Unt de shea, glicerin\u0103, ulei de migdale dulci, ulei din semin\u021be de in, panthenol, escin, ghimpe p\u0103dure\u021b &#8211; r\u0103d\u0103cina arbustului ruscus Butcher&#8217;s broom, extract din frunze de Centella Asiatica, extract din flori de g\u0103lbenele Calendula, vitamina E<\/p>\n<p><strong>Ingrediente &#8211; INCI:<\/strong><\/p>\n<p>aqua (water), ethylhexyl stearate, butyrospermum parkii butter (Butyrospermum Parkii (shea) butter*), Glycerin, Cetearyl Alcohol, Prunus Amygdalus Dulcis Oil * (Prunus Amygdalus Dulcis (Sweet Almond) Oil*), Dicparylyl Carbonate, Sucrose Stearate, Trehalose, Betaine, Linum Usitatissimum Seed Oil (Linum Usitatissimum (Linseed) Seed Oil*), Benzyl Alcohol, Butylene Glycol, Xanthan Gum, Sodium Stearoyl Glutamate, Cetyl Palmitate, Glycirrhetinic Acid, Tocopheryl Acetate, Salicylic Acid, Panthenol, Sodium Phytate, Escin, Sorbic Acid, Ruscus Aculeatus Root Extract, Ammonium Glycyrrhyzate, Centella Asiatica Leaf Extract, Sodium Hydroxide, Lecithin, Hydrolized Yeast Protein, Calendula Officinalis Flower Extract, Tocopherol, Ascorbyl Palmitate<\/p>\n<a class=\"nectar-button n-sc-button small accent-color has-icon regular-button\"  href=\"https:\/\/shop.cronosmed.ro\/en\/dictionar-de-ingrediente\/\" data-color-override=\"false\" data-hover-color-override=\"false\" data-hover-text-color-override=\"#fff\"><span>Dictionary of ingredients<\/span><i class=\"icon-button-arrow\"><\/i><\/a>\n\t<\/div>\n<\/div>\n\n\n\n\n\t\t<\/div> \n\t<\/div>\n\t<\/div> \n<\/div><\/div>\n\t\t\t<\/div> \n\t\t<\/div> \n\t<\/div> \n\t\t\t<\/div> \n\t\t<\/div>\n\t<\/div> \n<\/div><\/div>","protected":false},"excerpt":{"rendered":"<h4>Crem\u0103 de noapte pentru ten sensibil, cu ro\u0219ea\u021b\u0103<\/h4>\n<ul>\n<li>Calmeaz\u0103 pielea, o face catifelat\u0103 &#8211; unt de shea, ulei de migdale, ulei de semin\u021be de in, vitamina E, acid glicirretinic, trehalose betaine, escin, ghimpe p\u0103dure\u021b &#8211; arbust ruscus Butcher&#8217;s broom, Centella Asiatica, calendula.<\/li>\n<li>Minimizeaz\u0103 \u0219i trateaz\u0103 efectele inestetice.<\/li>\n<li>Ingrediente din agricultura biologic\u0103.<\/li>\n<li>Variante de ambalaj: 50 ml, 200 ml<\/li>\n<\/ul>","protected":false},"featured_media":2013,"template":"","meta":[],"product_cat":[124],"product_tag":[],"class_list":{"0":"post-2010","1":"product","2":"type-product","3":"status-publish","4":"has-post-thumbnail","6":"product_cat-produse-cosmetice","8":"first","9":"instock","10":"taxable","11":"shipping-taxable","12":"purchasable","13":"product-type-variable"},"_links":{"self":[{"href":"https:\/\/shop.cronosmed.ro\/en\/wp-json\/wp\/v2\/product\/2010","targetHints":{"allow":["GET"]}}],"collection":[{"href":"https:\/\/shop.cronosmed.ro\/en\/wp-json\/wp\/v2\/product"}],"about":[{"href":"https:\/\/shop.cronosmed.ro\/en\/wp-json\/wp\/v2\/types\/product"}],"wp:featuredmedia":[{"embeddable":true,"href":"https:\/\/shop.cronosmed.ro\/en\/wp-json\/wp\/v2\/media\/2013"}],"wp:attachment":[{"href":"https:\/\/shop.cronosmed.ro\/en\/wp-json\/wp\/v2\/media?parent=2010"}],"wp:term":[{"taxonomy":"product_cat","embeddable":true,"href":"https:\/\/shop.cronosmed.ro\/en\/wp-json\/wp\/v2\/product_cat?post=2010"},{"taxonomy":"product_tag","embeddable":true,"href":"https:\/\/shop.cronosmed.ro\/en\/wp-json\/wp\/v2\/product_tag?post=2010"}],"curies":[{"name":"wp","href":"https:\/\/api.w.org\/{rel}","templated":true}]}}