{"id":2017,"date":"2024-05-27T09:42:44","date_gmt":"2024-05-27T06:42:44","guid":{"rendered":"https:\/\/shop.cronosmed.ro\/?post_type=product&#038;p=2017"},"modified":"2024-10-11T13:07:49","modified_gmt":"2024-10-11T10:07:49","slug":"ripar-aequilibriummaskmasca-pentru-calmare","status":"publish","type":"product","link":"https:\/\/shop.cronosmed.ro\/en\/product\/ripar-aequilibriummaskmasca-pentru-calmare\/","title":{"rendered":"RIPAR AEQUILIBRIUM MASK CALMARE PIELE USCAT\u0102, IRITAT\u0102, CU RO\u0218EA\u021a\u0102"},"content":{"rendered":"<div id=\"fws_69e3ac9c74106\"  data-column-margin=\"default\" data-midnight=\"dark\"  class=\"wpb_row vc_row-fluid vc_row\"  style=\"padding-top: 0px; padding-bottom: 0px; \"><div class=\"row-bg-wrap\" data-bg-animation=\"none\" data-bg-animation-delay=\"\" data-bg-overlay=\"false\"><div class=\"inner-wrap row-bg-layer\" ><div class=\"row-bg viewport-desktop\"  style=\"\"><\/div><\/div><\/div><div class=\"row_col_wrap_12 col span_12 dark left\">\n\t<div  class=\"vc_col-sm-12 wpb_column column_container vc_column_container col no-extra-padding inherit_tablet inherit_phone\"  data-padding-pos=\"all\" data-has-bg-color=\"false\" data-bg-color=\"\" data-bg-opacity=\"1\" data-animation=\"\" data-delay=\"0\" >\n\t\t<div class=\"vc_column-inner\" >\n\t\t\t<div class=\"wpb_wrapper\">\n\t\t\t\t\n\t<div class=\"wpb_content_element\" data-interval=\"0\">\n\t\t<div class=\"wpb_wrapper tabbed clearfix\" data-style=\"material\" data-animation=\"fade\" data-spacing=\"default\" data-icon-size=\"24\" data-full-width-line=\"\" data-color-scheme=\"accent-color\" data-alignment=\"left\">\n\t\t\t<ul class=\"wpb_tabs_nav ui-tabs-nav clearfix\"><li class=\"tab-item active-tab\"><a role=\"button\" href=\"#tab-1728477302697-2\" class=\"active-tab\"><span>Details<\/span><\/a><\/li><li class=\"tab-item\"><a role=\"button\" href=\"#tab-1728477302753-4\" ><span>Use<\/span><\/a><\/li><li class=\"tab-item\"><a role=\"button\" href=\"#tab-1728477302803-7\" ><span>Apply<\/span><\/a><\/li><li class=\"tab-item\"><a role=\"button\" href=\"#tab-1728477302833-1\" ><span>INCI Ingredient<\/span><\/a><\/li><\/ul>\n\n\t\t\t\n\t\t\t<div id=\"tab-detalii\" data-tab-icon=\"\" class=\"wpb_tab ui-tabs-panel wpb_ui-tabs-hide clearfix\">\n\t\t\t\t<div id=\"fws_69e3ac9c75810\" data-midnight=\"\" data-column-margin=\"default\" class=\"wpb_row vc_row-fluid vc_row inner_row vc_row-o-equal-height vc_row-flex vc_row-o-content-middle\"  style=\"\"><div class=\"row-bg-wrap\"> <div class=\"row-bg\" ><\/div> <\/div><div class=\"row_col_wrap_12_inner col span_12  left\">\n\t<div  class=\"vc_col-sm-12 wpb_column column_container vc_column_container col child_column no-extra-padding inherit_tablet inherit_phone\"   data-padding-pos=\"all\" data-has-bg-color=\"false\" data-bg-color=\"\" data-bg-opacity=\"1\" data-animation=\"\" data-delay=\"0\" >\n\t\t<div class=\"vc_column-inner\" >\n\t\t<div class=\"wpb_wrapper\">\n\t\t\t\n<div class=\"wpb_text_column wpb_content_element\" >\n\t<div class=\"wpb_wrapper\">\n\t\t<p>Masc\u0103 de fa\u021b\u0103 pentru piele sensibil\u0103, cremoas\u0103, bogat\u0103 \u00een substan\u021be func\u021bionale emoliente, hidratante, calmante \u0219i vasoprotectoare (ulei de macadamia, amidon de orez, caolin, D-pantenol, m\u0103ce\u0219, alantoin\u0103, acid hialuronic, ulei de germeni de gr\u00e2u, escin\u0103, ghimpe p\u0103dure\u021b &#8211; r\u0103d\u0103cina arbustului ruscus Butcher&#8217;s broom, Centella Asiatica \u0219i calendula). Eficient\u0103 \u00een ameliorarea disconfortului cutanat al pielii cu tendin\u021b\u0103 de cr\u0103pare, cuperoz\u0103 \u0219i irita\u021bii. Se p\u0103streaz\u0103 integritatea filmului hidrolipidic.<\/p>\n<p>ALTE utiliz\u0103ri: Aplicat\u0103 dup\u0103 un tratament cosmetic sau dup\u0103 b\u0103rbierit, garanteaz\u0103 un efect imediat de relaxare\u0219i hr\u0103nire, \u0219i confer\u0103 fe\u021bei un aspect relaxat, calm \u0219i luminos.<\/p>\n<p>Valabilitate 12 LUNI de la deschidere.<\/p>\n\t<\/div>\n<\/div>\n\n\n\n\n\t\t<\/div> \n\t<\/div>\n\t<\/div> \n<\/div><\/div>\n\t\t\t<\/div> \n\t\t\t<div id=\"tab-utilizare\" data-tab-icon=\"\" class=\"wpb_tab ui-tabs-panel wpb_ui-tabs-hide clearfix\">\n\t\t\t\t<div id=\"fws_69e3ac9c7684d\" data-midnight=\"\" data-column-margin=\"default\" class=\"wpb_row vc_row-fluid vc_row inner_row\"  style=\"\"><div class=\"row-bg-wrap\"> <div class=\"row-bg\" ><\/div> <\/div><div class=\"row_col_wrap_12_inner col span_12  left\">\n\t<div  class=\"vc_col-sm-12 wpb_column column_container vc_column_container col child_column no-extra-padding inherit_tablet inherit_phone\"   data-padding-pos=\"all\" data-has-bg-color=\"false\" data-bg-color=\"\" data-bg-opacity=\"1\" data-animation=\"\" data-delay=\"0\" >\n\t\t<div class=\"vc_column-inner\" >\n\t\t<div class=\"wpb_wrapper\">\n\t\t\t\n<div class=\"wpb_text_column wpb_content_element\" >\n\t<div class=\"wpb_wrapper\">\n\t\t<p>Ten sensibil, cu ro\u0219ea\u021b\u0103, ten uscat. Ten b\u0103rba\u021bi &#8211; dup\u0103 b\u0103rbierit.<\/p>\n\t<\/div>\n<\/div>\n\n\n\n\n\t\t<\/div> \n\t<\/div>\n\t<\/div> \n<\/div><\/div>\n\t\t\t<\/div> \n\t\t\t<div id=\"tab-aplicare\" data-tab-icon=\"\" class=\"wpb_tab ui-tabs-panel wpb_ui-tabs-hide clearfix\">\n\t\t\t\t<div id=\"fws_69e3ac9c774a9\" data-midnight=\"\" data-column-margin=\"default\" class=\"wpb_row vc_row-fluid vc_row inner_row\"  style=\"\"><div class=\"row-bg-wrap\"> <div class=\"row-bg\" ><\/div> <\/div><div class=\"row_col_wrap_12_inner col span_12  left\">\n\t<div  class=\"vc_col-sm-12 wpb_column column_container vc_column_container col child_column no-extra-padding inherit_tablet inherit_phone\"   data-padding-pos=\"all\" data-has-bg-color=\"false\" data-bg-color=\"\" data-bg-opacity=\"1\" data-animation=\"\" data-delay=\"0\" >\n\t\t<div class=\"vc_column-inner\" >\n\t\t<div class=\"wpb_wrapper\">\n\t\t\t\n<div class=\"wpb_text_column wpb_content_element\" >\n\t<div class=\"wpb_wrapper\">\n\t\t<p>Se aplic\u0103 de 1-2 ori pe s\u0103pt\u0103m\u00e2n\u0103, pe fa\u021b\u0103 \u0219i g\u00e2t, \u00eentr-un strat generos. L\u0103sa\u021bi s\u0103 ac\u021bioneze timp de 15-20 de minute. Se \u00eendep\u0103rteaz\u0103 cu dischete umede. Se poate continua cu lo\u021biune tonic\u0103r \u0219i crem\u0103 din gama Ripar Aequilibrium (de zi sau de noapte).<\/p>\n<p>Pentru b\u0103rba\u021bi &#8211; ideal\u0103 dup\u0103 b\u0103rbierit<\/p>\n\t<\/div>\n<\/div>\n\n\n\n\n\t\t<\/div> \n\t<\/div>\n\t<\/div> \n<\/div><\/div>\n\t\t\t<\/div> \n\t\t\t<div id=\"tab-ingrediente-inci\" data-tab-icon=\"\" class=\"wpb_tab ui-tabs-panel wpb_ui-tabs-hide clearfix\">\n\t\t\t\t<div id=\"fws_69e3ac9c77d8e\" data-midnight=\"\" data-column-margin=\"default\" class=\"wpb_row vc_row-fluid vc_row inner_row\"  style=\"\"><div class=\"row-bg-wrap\"> <div class=\"row-bg\" ><\/div> <\/div><div class=\"row_col_wrap_12_inner col span_12  left\">\n\t<div  class=\"vc_col-sm-12 wpb_column column_container vc_column_container col child_column no-extra-padding inherit_tablet inherit_phone\"   data-padding-pos=\"all\" data-has-bg-color=\"false\" data-bg-color=\"\" data-bg-opacity=\"1\" data-animation=\"\" data-delay=\"0\" >\n\t\t<div class=\"vc_column-inner\" >\n\t\t<div class=\"wpb_wrapper\">\n\t\t\t\n<div class=\"wpb_text_column wpb_content_element\" >\n\t<div class=\"wpb_wrapper\">\n\t\t<p>Ulei de macadamia, amidon din orez, caolin, extract din germeni de gr\u00e2u, pantenol, ghimpe p\u0103dure\u021b &#8211; r\u0103d\u0103cina arbustului ruscus Butcher&#8217;s broom, Centella Asiatica, proteine din drojdie hidrolizat\u0103, extract din flori de g\u0103lbenele Calendula Officinalis, escin, alantoin\u0103<\/p>\n<p><strong>Ingrediente &#8211; INCI:<\/strong><\/p>\n<p>aqua (water), glycerin, macadamia ternifolia seed oil, dicaprylyl carbonate, triethylhexanoin, oryza sativa (rice) starch, cetearyl olivate, kaolin, sorbitan olivate, cetearyl alcohol, hydroxyethylcellulose, saccharomyces cerevisiae extract, sodium hyaluronate, triticum vulgare (wheat) germ extract, panthenol, biosaccharide gum-1, ruscus aculeatus root extract, centella asiatica extract, hydrolyzed yeast protein, calendula officinalis flower extract, escin, ammonium glycyrrhizate, allantoin, butylene glycol, parfum (fragrance), caprylyl glycol, 1,2-hexanediol, tropolone, disodium cocoamphodiacetate, PVP<\/p>\n<a class=\"nectar-button n-sc-button small accent-color has-icon regular-button\"  href=\"https:\/\/shop.cronosmed.ro\/en\/dictionar-de-ingrediente\/\" data-color-override=\"false\" data-hover-color-override=\"false\" data-hover-text-color-override=\"#fff\"><span>Dictionary of ingredients<\/span><i class=\"icon-button-arrow\"><\/i><\/a>\n\t<\/div>\n<\/div>\n\n\n\n\n\t\t<\/div> \n\t<\/div>\n\t<\/div> \n<\/div><\/div>\n\t\t\t<\/div> \n\t\t<\/div> \n\t<\/div> \n\t\t\t<\/div> \n\t\t<\/div>\n\t<\/div> \n<\/div><\/div>","protected":false},"excerpt":{"rendered":"<h4>Masc\u0103 vasoconstrictoare calmant\u0103, pentru piele sensibil\u0103, cu irita\u021bii \u0219i cuperoz\u0103, cu tendin\u021b\u0103 de cr\u0103pare<\/h4>\n<ul>\n<li>Calmeaz\u0103 pielea uscat\u0103 &#8211; cu tendin\u021b\u0103 de cr\u0103pare, cuperoz\u0103, irita\u021bii.<\/li>\n<li>Calmeaz\u0103 pielea b\u0103rba\u021bilor &#8211; dup\u0103 b\u0103rbierit.<\/li>\n<li>Calmeaz\u0103 pielea dup\u0103 peeling sau tratamente estetice cu aparate (de exemplu, radiofrecven\u021b\u0103).<\/li>\n<li>Efect imediat de relaxare \u0219i hr\u0103nire\u00a0 datorit\u0103 ingredientelor emoliente, hidratante \u0219i vasoconstrictoare &#8211; ulei de macadamia, amidon de orez, caolin, D-pantenol, m\u0103ce\u0219, alantoin\u0103, acid hialuronic, ulei de germeni de gr\u00e2u, escin\u0103, Centella Asiatica \u0219i calendula.<\/li>\n<li>P\u0103streaz\u0103 integritatea stratului hidrolipidic.<\/li>\n<li>Tenul are un aspect luminos.<\/li>\n<\/ul>\n<p>200 ml<\/p>","protected":false},"featured_media":2018,"template":"","meta":[],"product_cat":[124],"product_tag":[],"class_list":{"0":"post-2017","1":"product","2":"type-product","3":"status-publish","4":"has-post-thumbnail","6":"product_cat-produse-cosmetice","8":"first","9":"instock","10":"taxable","11":"shipping-taxable","12":"purchasable","13":"product-type-simple"},"_links":{"self":[{"href":"https:\/\/shop.cronosmed.ro\/en\/wp-json\/wp\/v2\/product\/2017","targetHints":{"allow":["GET"]}}],"collection":[{"href":"https:\/\/shop.cronosmed.ro\/en\/wp-json\/wp\/v2\/product"}],"about":[{"href":"https:\/\/shop.cronosmed.ro\/en\/wp-json\/wp\/v2\/types\/product"}],"wp:featuredmedia":[{"embeddable":true,"href":"https:\/\/shop.cronosmed.ro\/en\/wp-json\/wp\/v2\/media\/2018"}],"wp:attachment":[{"href":"https:\/\/shop.cronosmed.ro\/en\/wp-json\/wp\/v2\/media?parent=2017"}],"wp:term":[{"taxonomy":"product_cat","embeddable":true,"href":"https:\/\/shop.cronosmed.ro\/en\/wp-json\/wp\/v2\/product_cat?post=2017"},{"taxonomy":"product_tag","embeddable":true,"href":"https:\/\/shop.cronosmed.ro\/en\/wp-json\/wp\/v2\/product_tag?post=2017"}],"curies":[{"name":"wp","href":"https:\/\/api.w.org\/{rel}","templated":true}]}}