{"id":2019,"date":"2024-05-27T09:47:09","date_gmt":"2024-05-27T06:47:09","guid":{"rendered":"https:\/\/shop.cronosmed.ro\/?post_type=product&#038;p=2019"},"modified":"2024-10-10T10:49:19","modified_gmt":"2024-10-10T07:49:19","slug":"ripar-carecaviar-vegetal-stem-cells-face-creamcrema-de-fata","status":"publish","type":"product","link":"https:\/\/shop.cronosmed.ro\/en\/product\/ripar-carecaviar-vegetal-stem-cells-face-creamcrema-de-fata\/","title":{"rendered":"RIPAR CARE CAVIAR &amp; VEGETAL STEM CELLS FACE CREAM ANTIAGING CREAM"},"content":{"rendered":"<div id=\"fws_69e3b2090e5b4\"  data-column-margin=\"default\" data-midnight=\"dark\"  class=\"wpb_row vc_row-fluid vc_row\"  style=\"padding-top: 0px; padding-bottom: 0px; \"><div class=\"row-bg-wrap\" data-bg-animation=\"none\" data-bg-animation-delay=\"\" data-bg-overlay=\"false\"><div class=\"inner-wrap row-bg-layer\" ><div class=\"row-bg viewport-desktop\"  style=\"\"><\/div><\/div><\/div><div class=\"row_col_wrap_12 col span_12 dark left\">\n\t<div  class=\"vc_col-sm-12 wpb_column column_container vc_column_container col no-extra-padding inherit_tablet inherit_phone\"  data-padding-pos=\"all\" data-has-bg-color=\"false\" data-bg-color=\"\" data-bg-opacity=\"1\" data-animation=\"\" data-delay=\"0\" >\n\t\t<div class=\"vc_column-inner\" >\n\t\t\t<div class=\"wpb_wrapper\">\n\t\t\t\t\n\t<div class=\"wpb_content_element\" data-interval=\"0\">\n\t\t<div class=\"wpb_wrapper tabbed clearfix\" data-style=\"material\" data-animation=\"fade\" data-spacing=\"default\" data-icon-size=\"24\" data-full-width-line=\"\" data-color-scheme=\"accent-color\" data-alignment=\"left\">\n\t\t\t<ul class=\"wpb_tabs_nav ui-tabs-nav clearfix\"><li class=\"tab-item active-tab\"><a role=\"button\" href=\"#tab-1728477680057-9\" class=\"active-tab\"><span>Details<\/span><\/a><\/li><li class=\"tab-item\"><a role=\"button\" href=\"#tab-1728477680127-9\" ><span>Use<\/span><\/a><\/li><li class=\"tab-item\"><a role=\"button\" href=\"#tab-1728477680160-8\" ><span>Apply<\/span><\/a><\/li><li class=\"tab-item\"><a role=\"button\" href=\"#tab-1728477680209-9\" ><span>INCI Ingredient<\/span><\/a><\/li><\/ul>\n\n\t\t\t\n\t\t\t<div id=\"tab-detalii\" data-tab-icon=\"\" class=\"wpb_tab ui-tabs-panel wpb_ui-tabs-hide clearfix\">\n\t\t\t\t<div id=\"fws_69e3b2090f30a\" data-midnight=\"\" data-column-margin=\"default\" class=\"wpb_row vc_row-fluid vc_row inner_row vc_row-o-equal-height vc_row-flex vc_row-o-content-middle\"  style=\"\"><div class=\"row-bg-wrap\"> <div class=\"row-bg\" ><\/div> <\/div><div class=\"row_col_wrap_12_inner col span_12  left\">\n\t<div  class=\"vc_col-sm-12 wpb_column column_container vc_column_container col child_column no-extra-padding inherit_tablet inherit_phone\"   data-padding-pos=\"all\" data-has-bg-color=\"false\" data-bg-color=\"\" data-bg-opacity=\"1\" data-animation=\"\" data-delay=\"0\" >\n\t\t<div class=\"vc_column-inner\" >\n\t\t<div class=\"wpb_wrapper\">\n\t\t\t\n<div class=\"wpb_text_column wpb_content_element\" >\n\t<div class=\"wpb_wrapper\">\n\t\t<p>Crema de fa\u021b\u0103 este un amestec hidratant \u0219i revitalizant de extracte de caviar, antioxidan\u021bi \u0219i celule stem vegetale, sus\u021binut de cei peste 40 de ani de experien\u021b\u0103 a creatorilor s\u0103i, familia de chirurgi plasticieni \u0219i exper\u021bi \u00een cosmetic\u0103, \u00een combina\u021bie cu cercet\u0103ri de ultim\u0103 or\u0103.<\/p>\n<p>Aceast\u0103 crem\u0103 de lux cu ac\u021biune tripl\u0103 con\u021bine, de asemenea, acid hialuronic \u0219i un amestec din vitaminele A, E, B1, B6 \u0219i D. Textura sa fin\u0103 se aplic\u0103 u\u0219or. Crema lucreaz\u0103 cu metabolismul pielii pentru a oferi beneficii anti-\u00eemb\u0103tr\u00e2nire.<\/p>\n<p>Testat\u0103 de dermatologi. F\u0103r\u0103 parabeni \u0219i silicon. Pentru toate tipurile de piele. Valabilitate 12 LUNI de la deschidere.<\/p>\n<p>Variante de ambalaj disponibile: 50 ml, 150 ml<\/p>\n\t<\/div>\n<\/div>\n\n\n\n\n\t\t<\/div> \n\t<\/div>\n\t<\/div> \n<\/div><\/div>\n\t\t\t<\/div> \n\t\t\t<div id=\"tab-utilizare\" data-tab-icon=\"\" class=\"wpb_tab ui-tabs-panel wpb_ui-tabs-hide clearfix\">\n\t\t\t\t<div id=\"fws_69e3b2090fe5c\" data-midnight=\"\" data-column-margin=\"default\" class=\"wpb_row vc_row-fluid vc_row inner_row\"  style=\"\"><div class=\"row-bg-wrap\"> <div class=\"row-bg\" ><\/div> <\/div><div class=\"row_col_wrap_12_inner col span_12  left\">\n\t<div  class=\"vc_col-sm-12 wpb_column column_container vc_column_container col child_column no-extra-padding inherit_tablet inherit_phone\"   data-padding-pos=\"all\" data-has-bg-color=\"false\" data-bg-color=\"\" data-bg-opacity=\"1\" data-animation=\"\" data-delay=\"0\" >\n\t\t<div class=\"vc_column-inner\" >\n\t\t<div class=\"wpb_wrapper\">\n\t\t\t\n<div class=\"wpb_text_column wpb_content_element\" >\n\t<div class=\"wpb_wrapper\">\n\t\t<p>Toate tipurile de piele<\/p>\n\t<\/div>\n<\/div>\n\n\n\n\n\t\t<\/div> \n\t<\/div>\n\t<\/div> \n<\/div><\/div>\n\t\t\t<\/div> \n\t\t\t<div id=\"tab-aplicare\" data-tab-icon=\"\" class=\"wpb_tab ui-tabs-panel wpb_ui-tabs-hide clearfix\">\n\t\t\t\t<div id=\"fws_69e3b209106c9\" data-midnight=\"\" data-column-margin=\"default\" class=\"wpb_row vc_row-fluid vc_row inner_row\"  style=\"\"><div class=\"row-bg-wrap\"> <div class=\"row-bg\" ><\/div> <\/div><div class=\"row_col_wrap_12_inner col span_12  left\">\n\t<div  class=\"vc_col-sm-12 wpb_column column_container vc_column_container col child_column no-extra-padding inherit_tablet inherit_phone\"   data-padding-pos=\"all\" data-has-bg-color=\"false\" data-bg-color=\"\" data-bg-opacity=\"1\" data-animation=\"\" data-delay=\"0\" >\n\t\t<div class=\"vc_column-inner\" >\n\t\t<div class=\"wpb_wrapper\">\n\t\t\t\n<div class=\"wpb_text_column wpb_content_element\" >\n\t<div class=\"wpb_wrapper\">\n\t\t<p>Se aplic\u0103 diminea\u021ba \u0219i seara, pe pielea curat\u0103. Masa\u021bi u\u0219or pe piele cu v\u00e2rful degetelor, concentr\u00e2ndu-v\u0103 pe fa\u021b\u0103, g\u00e2t \u0219i decolteu.<\/p>\n\t<\/div>\n<\/div>\n\n\n\n\n\t\t<\/div> \n\t<\/div>\n\t<\/div> \n<\/div><\/div>\n\t\t\t<\/div> \n\t\t\t<div id=\"tab-ingrediente-inci\" data-tab-icon=\"\" class=\"wpb_tab ui-tabs-panel wpb_ui-tabs-hide clearfix\">\n\t\t\t\t<div id=\"fws_69e3b20910fd0\" data-midnight=\"\" data-column-margin=\"default\" class=\"wpb_row vc_row-fluid vc_row inner_row\"  style=\"\"><div class=\"row-bg-wrap\"> <div class=\"row-bg\" ><\/div> <\/div><div class=\"row_col_wrap_12_inner col span_12  left\">\n\t<div  class=\"vc_col-sm-12 wpb_column column_container vc_column_container col child_column no-extra-padding inherit_tablet inherit_phone\"   data-padding-pos=\"all\" data-has-bg-color=\"false\" data-bg-color=\"\" data-bg-opacity=\"1\" data-animation=\"\" data-delay=\"0\" >\n\t\t<div class=\"vc_column-inner\" >\n\t\t<div class=\"wpb_wrapper\">\n\t\t\t\n<div class=\"wpb_text_column wpb_content_element\" >\n\t<div class=\"wpb_wrapper\">\n\t\t<p>Ulei de argan, ulei de jojoba, vitamina A, B1, B6, D, vitamina E, glicerin\u0103, extract de caviar, extract de celule stem vegetale &#8211; din m\u0103r, lecitin\u0103<\/p>\n<p><strong>Ingrediente INCI:<\/strong><\/p>\n<p>AQUA (WATER), ETHYLHEXYL STEARATE, ARACHIDYL ALCOHOL, BEHENYL ALCOHOL, CETYL PALMITATE, ARGANIA SPINOSA KERNEL OIL, CAPRYLIC\/CAPRIC TRIGLYCERIDE, SIMMONDSIA CHINENSIS SEED OIL (SIMMONDSIA CHINENSIS (JOJOBA) SEED OIL), GLYCERYL STEARATE, PROPYLENE GLYCOL, BENZYL ALCOHOL, CARBOMER, ARACHIDYL GLUCOSIDE, PEG-100 STEARATE, CETEARYL ALCOHOL, TOCOPHERYL ACETATE, PARFUM (FRAGRANCE), DICAPRYLYL CARBONATE, SALICYLIC ACID, SODIUM HYALURONATE, SODIUM PHYTATE, SODIUM HYDROXIDE, GLYCERIN, SORBIC ACID, CAVIAR EXTRACT, MALUS DOMESTICA FRUIT CELL CULTURE EXTRACT, XANTHAN GUM, LECITHIN.<\/p>\n<a class=\"nectar-button n-sc-button small accent-color has-icon regular-button\"  href=\"https:\/\/shop.cronosmed.ro\/en\/dictionar-de-ingrediente\/\" data-color-override=\"false\" data-hover-color-override=\"false\" data-hover-text-color-override=\"#fff\"><span>Dictionary of ingredients<\/span><i class=\"icon-button-arrow\"><\/i><\/a>\n\t<\/div>\n<\/div>\n\n\n\n\n\t\t<\/div> \n\t<\/div>\n\t<\/div> \n<\/div><\/div>\n\t\t\t<\/div> \n\t\t<\/div> \n\t<\/div> \n\t\t\t<\/div> \n\t\t<\/div>\n\t<\/div> \n<\/div><\/div>","protected":false},"excerpt":{"rendered":"<h4>Crem\u0103 de fa\u021b\u0103 anti-\u00eemb\u0103tr\u00e2nire cu caviar, acid hialuronic, vitamine antioxidante \u0219i celule stem vegetale<\/h4>\n<ul>\n<li>Are tripl\u0103 ac\u021biune: revitalizare, hidratare, anti-\u00eemb\u0103tr\u00e2nire.<\/li>\n<li>Sus\u021bine metabolismul pielii &#8211;\u00a0extracte de caviar, celule stem vegetale, acid hialuronic, antioxidan\u021bi &#8211; vitaminele A, E, B1, B6, D.<\/li>\n<li>Se aplic\u0103 u\u0219or &#8211; textur\u0103 fin\u0103.<\/li>\n<li>F\u0103r\u0103 parabeni \u0219i silicon.<\/li>\n<li>Testat\u0103 de dermatologi.<\/li>\n<\/ul>\n<p>Variante de ambalaj disponibile: 50 ml, 150 ml<\/p>","protected":false},"featured_media":2023,"template":"","meta":[],"product_cat":[124],"product_tag":[],"class_list":{"0":"post-2019","1":"product","2":"type-product","3":"status-publish","4":"has-post-thumbnail","6":"product_cat-produse-cosmetice","8":"first","9":"instock","10":"taxable","11":"shipping-taxable","12":"purchasable","13":"product-type-variable"},"_links":{"self":[{"href":"https:\/\/shop.cronosmed.ro\/en\/wp-json\/wp\/v2\/product\/2019","targetHints":{"allow":["GET"]}}],"collection":[{"href":"https:\/\/shop.cronosmed.ro\/en\/wp-json\/wp\/v2\/product"}],"about":[{"href":"https:\/\/shop.cronosmed.ro\/en\/wp-json\/wp\/v2\/types\/product"}],"wp:featuredmedia":[{"embeddable":true,"href":"https:\/\/shop.cronosmed.ro\/en\/wp-json\/wp\/v2\/media\/2023"}],"wp:attachment":[{"href":"https:\/\/shop.cronosmed.ro\/en\/wp-json\/wp\/v2\/media?parent=2019"}],"wp:term":[{"taxonomy":"product_cat","embeddable":true,"href":"https:\/\/shop.cronosmed.ro\/en\/wp-json\/wp\/v2\/product_cat?post=2019"},{"taxonomy":"product_tag","embeddable":true,"href":"https:\/\/shop.cronosmed.ro\/en\/wp-json\/wp\/v2\/product_tag?post=2019"}],"curies":[{"name":"wp","href":"https:\/\/api.w.org\/{rel}","templated":true}]}}