{"id":2075,"date":"2024-06-04T14:40:27","date_gmt":"2024-06-04T11:40:27","guid":{"rendered":"https:\/\/shop.cronosmed.ro\/?post_type=product&#038;p=2075"},"modified":"2024-10-09T13:32:26","modified_gmt":"2024-10-09T10:32:26","slug":"mesoestetic-age-element-brighteningcreamcrema-de-fata-antirid-luminozitate","status":"publish","type":"product","link":"https:\/\/shop.cronosmed.ro\/en\/product\/mesoestetic-age-element-brighteningcreamcrema-de-fata-antirid-luminozitate\/","title":{"rendered":"Mesoestetic Age Element Brightening Cream CREM\u0102 DE FA\u021a\u0102 ANTIRID &amp; LUMINOZITATE"},"content":{"rendered":"<div id=\"fws_6a061490425b6\"  data-column-margin=\"default\" data-midnight=\"dark\"  class=\"wpb_row vc_row-fluid vc_row\"  style=\"padding-top: 0px; padding-bottom: 0px; \"><div class=\"row-bg-wrap\" data-bg-animation=\"none\" data-bg-animation-delay=\"\" data-bg-overlay=\"false\"><div class=\"inner-wrap row-bg-layer\" ><div class=\"row-bg viewport-desktop\"  style=\"\"><\/div><\/div><\/div><div class=\"row_col_wrap_12 col span_12 dark left\">\n\t<div  class=\"vc_col-sm-12 wpb_column column_container vc_column_container col no-extra-padding inherit_tablet inherit_phone\"  data-padding-pos=\"all\" data-has-bg-color=\"false\" data-bg-color=\"\" data-bg-opacity=\"1\" data-animation=\"\" data-delay=\"0\" >\n\t\t<div class=\"vc_column-inner\" >\n\t\t\t<div class=\"wpb_wrapper\">\n\t\t\t\t\n\t<div class=\"wpb_content_element\" data-interval=\"0\">\n\t\t<div class=\"wpb_wrapper tabbed clearfix\" data-style=\"material\" data-animation=\"fade\" data-spacing=\"default\" data-icon-size=\"24\" data-full-width-line=\"\" data-color-scheme=\"accent-color\" data-alignment=\"left\">\n\t\t\t<ul class=\"wpb_tabs_nav ui-tabs-nav clearfix\"><li class=\"tab-item active-tab\"><a role=\"button\" href=\"#tab-1727682554733-9\" class=\"active-tab\"><span>Details<\/span><\/a><\/li><li class=\"tab-item\"><a role=\"button\" href=\"#tab-1727682554769-2\" ><span>Use<\/span><\/a><\/li><li class=\"tab-item\"><a role=\"button\" href=\"#tab-1727682554808-2\" ><span>Apply<\/span><\/a><\/li><li class=\"tab-item\"><a role=\"button\" href=\"#tab-1727682554852-7\" ><span>INCI Ingredient<\/span><\/a><\/li><\/ul>\n\n\t\t\t\n\t\t\t<div id=\"tab-detalii\" data-tab-icon=\"\" class=\"wpb_tab ui-tabs-panel wpb_ui-tabs-hide clearfix\">\n\t\t\t\t<div id=\"fws_6a06149043302\" data-midnight=\"\" data-column-margin=\"default\" class=\"wpb_row vc_row-fluid vc_row inner_row vc_row-o-equal-height vc_row-flex vc_row-o-content-middle\"  style=\"\"><div class=\"row-bg-wrap\"> <div class=\"row-bg\" ><\/div> <\/div><div class=\"row_col_wrap_12_inner col span_12  left\">\n\t<div  class=\"vc_col-sm-12 wpb_column column_container vc_column_container col child_column no-extra-padding inherit_tablet inherit_phone\"   data-padding-pos=\"all\" data-has-bg-color=\"false\" data-bg-color=\"\" data-bg-opacity=\"1\" data-animation=\"\" data-delay=\"0\" >\n\t\t<div class=\"vc_column-inner\" >\n\t\t<div class=\"wpb_wrapper\">\n\t\t\t\n<div class=\"wpb_text_column wpb_content_element\" >\n\t<div class=\"wpb_wrapper\">\n\t\t<p>Combina\u021bia de ingrediente active trateaz\u0103 primele semne de \u00eemb\u0103tr\u00e2nire. Antioxidan\u021bii, biofermen\u021bii deriva\u021bi din salvie \u0219i glicozidele de origine vegetal\u0103 revitalizeaz\u0103 tenul \u0219i readuc pielea la o stare de hidratare propice.<\/p>\n<p>Tehnologie: [meso]epigen system\u2122 &#8211; Age Element con\u021bine acid shikimic ce p\u0103streaz\u0103 aspectul t\u00e2n\u0103r al pielii; acid maslinic care stimuleaz\u0103 produc\u021bia de acid hialuronic, elastin\u0103 \u0219i proteoglycani, cresc\u00e2nd nivelul de hidratare, fermitate \u0219i re-densificare a pielii, plus isoquercetin &#8211; cu ac\u021biune anti-oxidant\u0103.<\/p>\n<p>Textura de gel-crem\u0103 are absorb\u021bie u\u0219oar\u0103 \u0219i rapid\u0103.<\/p>\n\t<\/div>\n<\/div>\n\n\n\n\n\t\t<\/div> \n\t<\/div>\n\t<\/div> \n<\/div><\/div>\n\t\t\t<\/div> \n\t\t\t<div id=\"tab-utilizare\" data-tab-icon=\"\" class=\"wpb_tab ui-tabs-panel wpb_ui-tabs-hide clearfix\">\n\t\t\t\t<div id=\"fws_6a06149043d50\" data-midnight=\"\" data-column-margin=\"default\" class=\"wpb_row vc_row-fluid vc_row inner_row\"  style=\"\"><div class=\"row-bg-wrap\"> <div class=\"row-bg\" ><\/div> <\/div><div class=\"row_col_wrap_12_inner col span_12  left\">\n\t<div  class=\"vc_col-sm-12 wpb_column column_container vc_column_container col child_column no-extra-padding inherit_tablet inherit_phone\"   data-padding-pos=\"all\" data-has-bg-color=\"false\" data-bg-color=\"\" data-bg-opacity=\"1\" data-animation=\"\" data-delay=\"0\" >\n\t\t<div class=\"vc_column-inner\" >\n\t\t<div class=\"wpb_wrapper\">\n\t\t\t\n<div class=\"wpb_text_column wpb_content_element\" >\n\t<div class=\"wpb_wrapper\">\n\t\t<p>Piele matur\u0103, Piele normal\u0103<\/p>\n\t<\/div>\n<\/div>\n\n\n\n\n\t\t<\/div> \n\t<\/div>\n\t<\/div> \n<\/div><\/div>\n\t\t\t<\/div> \n\t\t\t<div id=\"tab-aplicare\" data-tab-icon=\"\" class=\"wpb_tab ui-tabs-panel wpb_ui-tabs-hide clearfix\">\n\t\t\t\t<div id=\"fws_6a061490445a7\" data-midnight=\"\" data-column-margin=\"default\" class=\"wpb_row vc_row-fluid vc_row inner_row\"  style=\"\"><div class=\"row-bg-wrap\"> <div class=\"row-bg\" ><\/div> <\/div><div class=\"row_col_wrap_12_inner col span_12  left\">\n\t<div  class=\"vc_col-sm-12 wpb_column column_container vc_column_container col child_column no-extra-padding inherit_tablet inherit_phone\"   data-padding-pos=\"all\" data-has-bg-color=\"false\" data-bg-color=\"\" data-bg-opacity=\"1\" data-animation=\"\" data-delay=\"0\" >\n\t\t<div class=\"vc_column-inner\" >\n\t\t<div class=\"wpb_wrapper\">\n\t\t\t\n<div class=\"wpb_text_column wpb_content_element\" >\n\t<div class=\"wpb_wrapper\">\n\t\t<p>Aplica\u021bi diminea\u021ba \u0219i seara, dup\u0103 cur\u0103\u021bare, pe fa\u021b\u0103, g\u00e2t, decolteu \u0219i masa\u021bi u\u0219or.<\/p>\n\t<\/div>\n<\/div>\n\n\n\n\n\t\t<\/div> \n\t<\/div>\n\t<\/div> \n<\/div><\/div>\n\t\t\t<\/div> \n\t\t\t<div id=\"tab-ingrediente-inci\" data-tab-icon=\"\" class=\"wpb_tab ui-tabs-panel wpb_ui-tabs-hide clearfix\">\n\t\t\t\t<div id=\"fws_6a06149044e27\" data-midnight=\"\" data-column-margin=\"default\" class=\"wpb_row vc_row-fluid vc_row inner_row\"  style=\"\"><div class=\"row-bg-wrap\"> <div class=\"row-bg\" ><\/div> <\/div><div class=\"row_col_wrap_12_inner col span_12  left\">\n\t<div  class=\"vc_col-sm-12 wpb_column column_container vc_column_container col child_column no-extra-padding inherit_tablet inherit_phone\"   data-padding-pos=\"all\" data-has-bg-color=\"false\" data-bg-color=\"\" data-bg-opacity=\"1\" data-animation=\"\" data-delay=\"0\" >\n\t\t<div class=\"vc_column-inner\" >\n\t\t<div class=\"wpb_wrapper\">\n\t\t\t\n<div class=\"wpb_text_column wpb_content_element\" >\n\t<div class=\"wpb_wrapper\">\n\t\t<p>Antioxidan\u021bi: vitamina C (3-O-Ethyl Ascorbic Acid), Ferulic Acid, Maslinic Acid, Isoquercetin, Tocopheryl Acetate, Tocopherol &#8211; vitamina E; ingrediente identice cu cele ale pielii &#8211; Squalane, Arginine, Glycerin, Sodium Hyaluronate; albirea pielii cu Niacinamide, vitamina C (3-O-Ethyl Ascorbic Acid); Sclareolide &#8211; biofermenti din Salvie, cu rol antioxidant \u0219i antiinflamator; acid hialuronic<\/p>\n<p><strong>Ingrediente &#8211; INCI:<\/strong><\/p>\n<p>Aqua, Dipropylene Glycol, Alcohol Denat, Niacinamide, Squalane, 3-O-Ethyl Ascorbic Acid, Coco-Caprylate\/\u200bCaprate, Cocos Nucifera Oil, Dimethicone, Undecane, Arginine, Theobroma Grandiflorum Seed Butter, Glycerin, Caprylic\/\u200bCapric Triglyceride, Sodium Hyaluronate, Ascorbyl Propyl Hyaluronate, Acetyl Tetrapeptide-2, Shikimic Acid, Biosaccharide Gum-1, Hydrogenated Olive Oil Unsaponifiables, Sclareolide, Ethylhexylglycerin, Helianthus Annuus Seed Oil, Isohexadecane, Ferulic Acid, Maslinic Acid, Isoquercetin, Tocopheryl Acetate, Tocopherol, Butylene Glycol, Propanediol, 1,2- Hexanediol, Sodium Citrate, Polysorbate 60, Sorbitan Isostearate, Acrylates\/\u200bC10-30 Alkyl Acrylate Crosspolymer, Polyacrylate Crosspolymer-6, Dimethicone Crosspolymer, Sodium Acrylate\/\u200bAcryloyldimethyltaurate\/\u200bDimethylacrylamide Crosspolymer, Tridecane, Disodium EDTA, Phenoxyethanol, Parfum, Ci 15985<\/p>\n<a class=\"nectar-button n-sc-button small accent-color has-icon regular-button\"  href=\"https:\/\/shop.cronosmed.ro\/en\/dictionar-de-ingrediente\/\" data-color-override=\"false\" data-hover-color-override=\"false\" data-hover-text-color-override=\"#fff\"><span>Dictionary of ingredients<\/span><i class=\"icon-button-arrow\"><\/i><\/a>\n\t<\/div>\n<\/div>\n\n\n\n\n\t\t<\/div> \n\t<\/div>\n\t<\/div> \n<\/div><\/div>\n\t\t\t<\/div> \n\t\t<\/div> \n\t<\/div> \n\t\t\t<\/div> \n\t\t<\/div>\n\t<\/div> \n<\/div><\/div>","protected":false},"excerpt":{"rendered":"<h4>Crem\u0103 de fa\u021b\u0103 antirid \u0219i luminozitate &#8211; antioxidant\u0103, antipete pigmentare<\/h4>\n<ul>\n<li>Protec\u021bie antioxidant\u0103 \u0219i str\u0103lucire.<\/li>\n<li>Trateaz\u0103 primele semne ale \u00eemb\u0103tr\u00e2nirii tenului.<\/li>\n<li>Revitalizeaz\u0103 \u0219i uniformizea\u0103a tonurile pielii.<\/li>\n<li>Hidrateaz\u0103, confer\u0103 str\u0103lucire \u0219i luminozitate.<\/li>\n<\/ul>\n<p>50 ml<\/p>","protected":false},"featured_media":2078,"template":"","meta":[],"product_cat":[124],"product_tag":[],"class_list":{"0":"post-2075","1":"product","2":"type-product","3":"status-publish","4":"has-post-thumbnail","6":"product_cat-produse-cosmetice","8":"first","9":"instock","10":"taxable","11":"shipping-taxable","12":"purchasable","13":"product-type-simple"},"_links":{"self":[{"href":"https:\/\/shop.cronosmed.ro\/en\/wp-json\/wp\/v2\/product\/2075","targetHints":{"allow":["GET"]}}],"collection":[{"href":"https:\/\/shop.cronosmed.ro\/en\/wp-json\/wp\/v2\/product"}],"about":[{"href":"https:\/\/shop.cronosmed.ro\/en\/wp-json\/wp\/v2\/types\/product"}],"wp:featuredmedia":[{"embeddable":true,"href":"https:\/\/shop.cronosmed.ro\/en\/wp-json\/wp\/v2\/media\/2078"}],"wp:attachment":[{"href":"https:\/\/shop.cronosmed.ro\/en\/wp-json\/wp\/v2\/media?parent=2075"}],"wp:term":[{"taxonomy":"product_cat","embeddable":true,"href":"https:\/\/shop.cronosmed.ro\/en\/wp-json\/wp\/v2\/product_cat?post=2075"},{"taxonomy":"product_tag","embeddable":true,"href":"https:\/\/shop.cronosmed.ro\/en\/wp-json\/wp\/v2\/product_tag?post=2075"}],"curies":[{"name":"wp","href":"https:\/\/api.w.org\/{rel}","templated":true}]}}