{"id":2080,"date":"2024-06-04T14:47:50","date_gmt":"2024-06-04T11:47:50","guid":{"rendered":"https:\/\/shop.cronosmed.ro\/?post_type=product&#038;p=2080"},"modified":"2024-10-09T13:32:53","modified_gmt":"2024-10-09T10:32:53","slug":"mesoestetic-age-element-brighteningeye-contourcrema-ce-ochi-anticearcane","status":"publish","type":"product","link":"https:\/\/shop.cronosmed.ro\/en\/product\/mesoestetic-age-element-brighteningeye-contourcrema-ce-ochi-anticearcane\/","title":{"rendered":"Mesoestetic Age Element Brightening Eye Contour CREM\u0102 CE OCHI ANTICEARC\u0102NE"},"content":{"rendered":"<div id=\"fws_69f8d96a0e0e6\"  data-column-margin=\"default\" data-midnight=\"dark\"  class=\"wpb_row vc_row-fluid vc_row\"  style=\"padding-top: 0px; padding-bottom: 0px; \"><div class=\"row-bg-wrap\" data-bg-animation=\"none\" data-bg-animation-delay=\"\" data-bg-overlay=\"false\"><div class=\"inner-wrap row-bg-layer\" ><div class=\"row-bg viewport-desktop\"  style=\"\"><\/div><\/div><\/div><div class=\"row_col_wrap_12 col span_12 dark left\">\n\t<div  class=\"vc_col-sm-12 wpb_column column_container vc_column_container col no-extra-padding inherit_tablet inherit_phone\"  data-padding-pos=\"all\" data-has-bg-color=\"false\" data-bg-color=\"\" data-bg-opacity=\"1\" data-animation=\"\" data-delay=\"0\" >\n\t\t<div class=\"vc_column-inner\" >\n\t\t\t<div class=\"wpb_wrapper\">\n\t\t\t\t\n\t<div class=\"wpb_content_element\" data-interval=\"0\">\n\t\t<div class=\"wpb_wrapper tabbed clearfix\" data-style=\"material\" data-animation=\"fade\" data-spacing=\"default\" data-icon-size=\"24\" data-full-width-line=\"\" data-color-scheme=\"accent-color\" data-alignment=\"left\">\n\t\t\t<ul class=\"wpb_tabs_nav ui-tabs-nav clearfix\"><li class=\"tab-item active-tab\"><a role=\"button\" href=\"#tab-1728305280689-10\" class=\"active-tab\"><span>Details<\/span><\/a><\/li><li class=\"tab-item\"><a role=\"button\" href=\"#tab-1728305280737-7\" ><span>Use<\/span><\/a><\/li><li class=\"tab-item\"><a role=\"button\" href=\"#tab-1728305280781-6\" ><span>Apply<\/span><\/a><\/li><li class=\"tab-item\"><a role=\"button\" href=\"#tab-1728305280810-6\" ><span>INCI Ingredient<\/span><\/a><\/li><\/ul>\n\n\t\t\t\n\t\t\t<div id=\"tab-detalii\" data-tab-icon=\"\" class=\"wpb_tab ui-tabs-panel wpb_ui-tabs-hide clearfix\">\n\t\t\t\t<div id=\"fws_69f8d96a0eedd\" data-midnight=\"\" data-column-margin=\"default\" class=\"wpb_row vc_row-fluid vc_row inner_row vc_row-o-equal-height vc_row-flex vc_row-o-content-middle\"  style=\"\"><div class=\"row-bg-wrap\"> <div class=\"row-bg\" ><\/div> <\/div><div class=\"row_col_wrap_12_inner col span_12  left\">\n\t<div  class=\"vc_col-sm-12 wpb_column column_container vc_column_container col child_column no-extra-padding inherit_tablet inherit_phone\"   data-padding-pos=\"all\" data-has-bg-color=\"false\" data-bg-color=\"\" data-bg-opacity=\"1\" data-animation=\"\" data-delay=\"0\" >\n\t\t<div class=\"vc_column-inner\" >\n\t\t<div class=\"wpb_wrapper\">\n\t\t\t\n<div class=\"wpb_text_column wpb_content_element\" >\n\t<div class=\"wpb_wrapper\">\n\t\t<p>Crem\u0103 contur ochi cu ac\u021biune anti-oxidant\u0103, care con\u021bine fermen\u021bi cu rol \u00een diminuarea cearc\u0103nelor pigmentate din jurul ochilor, \u00een timp ce extractul de salvie \u0219i trizaharidele microbiologice contribuie semnificativ la hidratarea pielii \u0219i estomparea ridurilor fine de expresie. Tensorii vegetali au capacitatea de a stimula sinteza de colagen \u0219i de a reface fibrele elastice care asigur\u0103 hidratarea.<br \/>\nTextura gel-crem\u0103 se aplic\u0103 cu un masaj bl\u00e2nd cu aplicatorul dedicat din ceramic\u0103 -pentru a ob\u021bine un efect de r\u0103corire.<\/p>\n\t<\/div>\n<\/div>\n\n\n\n\n\t\t<\/div> \n\t<\/div>\n\t<\/div> \n<\/div><\/div>\n\t\t\t<\/div> \n\t\t\t<div id=\"tab-utilizare\" data-tab-icon=\"\" class=\"wpb_tab ui-tabs-panel wpb_ui-tabs-hide clearfix\">\n\t\t\t\t<div id=\"fws_69f8d96a0f940\" data-midnight=\"\" data-column-margin=\"default\" class=\"wpb_row vc_row-fluid vc_row inner_row\"  style=\"\"><div class=\"row-bg-wrap\"> <div class=\"row-bg\" ><\/div> <\/div><div class=\"row_col_wrap_12_inner col span_12  left\">\n\t<div  class=\"vc_col-sm-12 wpb_column column_container vc_column_container col child_column no-extra-padding inherit_tablet inherit_phone\"   data-padding-pos=\"all\" data-has-bg-color=\"false\" data-bg-color=\"\" data-bg-opacity=\"1\" data-animation=\"\" data-delay=\"0\" >\n\t\t<div class=\"vc_column-inner\" >\n\t\t<div class=\"wpb_wrapper\">\n\t\t\t\n<div class=\"wpb_text_column wpb_content_element\" >\n\t<div class=\"wpb_wrapper\">\n\t\t<p>Piele matur\u0103, Piele normal\u0103, Zon\u0103: ochi<\/p>\n\t<\/div>\n<\/div>\n\n\n\n\n\t\t<\/div> \n\t<\/div>\n\t<\/div> \n<\/div><\/div>\n\t\t\t<\/div> \n\t\t\t<div id=\"tab-aplicare\" data-tab-icon=\"\" class=\"wpb_tab ui-tabs-panel wpb_ui-tabs-hide clearfix\">\n\t\t\t\t<div id=\"fws_69f8d96a1020d\" data-midnight=\"\" data-column-margin=\"default\" class=\"wpb_row vc_row-fluid vc_row inner_row\"  style=\"\"><div class=\"row-bg-wrap\"> <div class=\"row-bg\" ><\/div> <\/div><div class=\"row_col_wrap_12_inner col span_12  left\">\n\t<div  class=\"vc_col-sm-12 wpb_column column_container vc_column_container col child_column no-extra-padding inherit_tablet inherit_phone\"   data-padding-pos=\"all\" data-has-bg-color=\"false\" data-bg-color=\"\" data-bg-opacity=\"1\" data-animation=\"\" data-delay=\"0\" >\n\t\t<div class=\"vc_column-inner\" >\n\t\t<div class=\"wpb_wrapper\">\n\t\t\t\n<div class=\"wpb_text_column wpb_content_element\" >\n\t<div class=\"wpb_wrapper\">\n\t\t<p>Aplica\u021bi diminea\u021ba \u0219i seara, dup\u0103 cur\u0103\u021bare, in jurul ochilor cu ajutorul aplicatorului de ceramic\u0103, \u0219i masa\u021bi u\u0219or. Se aplic\u0103 dup\u0103 serum \u0219i \u00eenainte de crema tratament \u0219i\/sau de crema de protec\u021bie solar\u0103.<\/p>\n\t<\/div>\n<\/div>\n\n\n\n\n\t\t<\/div> \n\t<\/div>\n\t<\/div> \n<\/div><\/div>\n\t\t\t<\/div> \n\t\t\t<div id=\"tab-ingrediente-inci\" data-tab-icon=\"\" class=\"wpb_tab ui-tabs-panel wpb_ui-tabs-hide clearfix\">\n\t\t\t\t<div id=\"fws_69f8d96a10a94\" data-midnight=\"\" data-column-margin=\"default\" class=\"wpb_row vc_row-fluid vc_row inner_row\"  style=\"\"><div class=\"row-bg-wrap\"> <div class=\"row-bg\" ><\/div> <\/div><div class=\"row_col_wrap_12_inner col span_12  left\">\n\t<div  class=\"vc_col-sm-12 wpb_column column_container vc_column_container col child_column no-extra-padding inherit_tablet inherit_phone\"   data-padding-pos=\"all\" data-has-bg-color=\"false\" data-bg-color=\"\" data-bg-opacity=\"1\" data-animation=\"\" data-delay=\"0\" >\n\t\t<div class=\"vc_column-inner\" >\n\t\t<div class=\"wpb_wrapper\">\n\t\t\t\n<div class=\"wpb_text_column wpb_content_element\" >\n\t<div class=\"wpb_wrapper\">\n\t\t<p>Antioxidan\u021bi: Ferulic Acid, Maslinic Acid, Isoquercetin, Tocopheryl Acetate, Tocopherol &#8211; vitamina E; ingrediente identice cu cele ale pielii &#8211; Arginine; biofermenti din Salvie (Sclareolide), cu rol antioxidant \u0219i antiinflamator \u0219i fermen\u021bi bacilus<\/p>\n<p><strong>Ingrediente &#8211; INCI:<\/strong><\/p>\n<p>AQUA, PENTYLENE \u00adGLYCOL, DIPROPYLENE \u00adGLYCOL, CAPRYLIC\/CAPRIC \u00adTRIGLYCERIDE, GLYCERYL \u00adSTEARATE, ISOSTEARATE, ISONONYL \u00adISONONANOATE, PEG-\u00ad100 \u00adSTEARATE, 1,2-\u00adHEXANEDIOL, BEHENYL \u00adALCOHOL, DIMETHICONE, PROPANEDIOL, COCOS \u00adNUCIFERA \u00adOIL, CETYL \u00adALCOHOL, MAGNESIUM \u00adASCORBYL \u00adPHOSPHATE, VEGETABLE \u00adOIL, ORYZA \u00adSATIVA \u00adBRAN \u00adOIL, SCLAREOLIDE, HELIANTHUS \u00adANNUUS \u00adSEED \u00adOIL, ORYZA \u00adSATIVA \u00adBRAN \u00adWAX, ARGININE, BIOSACCHARIDE \u00adGUM-\u00ad1, BACILLUS \u00adFERMENT, ASCORBYL \u00adPROPYL \u00adHYALURONATE, SHIKIMIC \u00adACID, ACETYL \u00adTETRAPEPTIDE-\u00ad2, GLYCERYL \u00adCAPRYLATE,<br \/>\nFERULIC \u00adACID, MASLINIC \u00adACID, ISOQUERCETIN, TOCOPHERYL \u00adACETATE, ASCORBYL \u00adPALMITATE, TOCOPHEROL, MICROCRYSTALLINE \u00adWAX, XANTHAN \u00adGUM, DIMETHICONE \u00adCROSSPOLYMER, TETRASODIUM \u00adEDTA, MICA, PHENOXYETHANOL, CI \u00ad77891, TIN \u00adOXIDE<\/p>\n<a class=\"nectar-button n-sc-button small accent-color has-icon regular-button\"  href=\"https:\/\/shop.cronosmed.ro\/en\/dictionar-de-ingrediente\/\" data-color-override=\"false\" data-hover-color-override=\"false\" data-hover-text-color-override=\"#fff\"><span>Dictionary of ingredients<\/span><i class=\"icon-button-arrow\"><\/i><\/a>\n\t<\/div>\n<\/div>\n\n\n\n\n\t\t<\/div> \n\t<\/div>\n\t<\/div> \n<\/div><\/div>\n\t\t\t<\/div> \n\t\t<\/div> \n\t<\/div> \n\t\t\t<\/div> \n\t\t<\/div>\n\t<\/div> \n<\/div><\/div>","protected":false},"excerpt":{"rendered":"<h4>Crem\u0103 contur ochi antiaging \u0219i anticearc\u0103ne pigmentate &#8211; cu efect antioxidant<\/h4>\n<ul>\n<li>Diminueaz\u0103 cearc\u0103nele pigmentate<\/li>\n<li>Estompeaz\u0103 ridurile dinamice, de expresie<\/li>\n<li>Hidrateaz\u0103 pielea \u0219i are ac\u021biune antioxidant\u0103<\/li>\n<li>Aplicatorul din ceramic\u0103 are efect de r\u0103cire<\/li>\n<\/ul>\n<p>15 ml<\/p>","protected":false},"featured_media":2083,"template":"","meta":[],"product_cat":[124],"product_tag":[288],"class_list":{"0":"post-2080","1":"product","2":"type-product","3":"status-publish","4":"has-post-thumbnail","6":"product_cat-produse-cosmetice","7":"product_tag-cearcane-si-pungi","9":"first","10":"instock","11":"taxable","12":"shipping-taxable","13":"purchasable","14":"product-type-simple"},"_links":{"self":[{"href":"https:\/\/shop.cronosmed.ro\/en\/wp-json\/wp\/v2\/product\/2080","targetHints":{"allow":["GET"]}}],"collection":[{"href":"https:\/\/shop.cronosmed.ro\/en\/wp-json\/wp\/v2\/product"}],"about":[{"href":"https:\/\/shop.cronosmed.ro\/en\/wp-json\/wp\/v2\/types\/product"}],"wp:featuredmedia":[{"embeddable":true,"href":"https:\/\/shop.cronosmed.ro\/en\/wp-json\/wp\/v2\/media\/2083"}],"wp:attachment":[{"href":"https:\/\/shop.cronosmed.ro\/en\/wp-json\/wp\/v2\/media?parent=2080"}],"wp:term":[{"taxonomy":"product_cat","embeddable":true,"href":"https:\/\/shop.cronosmed.ro\/en\/wp-json\/wp\/v2\/product_cat?post=2080"},{"taxonomy":"product_tag","embeddable":true,"href":"https:\/\/shop.cronosmed.ro\/en\/wp-json\/wp\/v2\/product_tag?post=2080"}],"curies":[{"name":"wp","href":"https:\/\/api.w.org\/{rel}","templated":true}]}}