{"id":2100,"date":"2024-06-04T15:13:26","date_gmt":"2024-06-04T12:13:26","guid":{"rendered":"https:\/\/shop.cronosmed.ro\/?post_type=product&#038;p=2100"},"modified":"2024-10-09T13:35:08","modified_gmt":"2024-10-09T10:35:08","slug":"mesoestetic-age-element-firmingeye-contourcrema-de-ochi-lifting","status":"publish","type":"product","link":"https:\/\/shop.cronosmed.ro\/en\/product\/mesoestetic-age-element-firmingeye-contourcrema-de-ochi-lifting\/","title":{"rendered":"Mesoestetic Age Element Firming Eye Contour CREM\u0102 DE OCHI LIFTING"},"content":{"rendered":"<div id=\"fws_69f8d79d231f0\"  data-column-margin=\"default\" data-midnight=\"dark\"  class=\"wpb_row vc_row-fluid vc_row\"  style=\"padding-top: 0px; padding-bottom: 0px; \"><div class=\"row-bg-wrap\" data-bg-animation=\"none\" data-bg-animation-delay=\"\" data-bg-overlay=\"false\"><div class=\"inner-wrap row-bg-layer\" ><div class=\"row-bg viewport-desktop\"  style=\"\"><\/div><\/div><\/div><div class=\"row_col_wrap_12 col span_12 dark left\">\n\t<div  class=\"vc_col-sm-12 wpb_column column_container vc_column_container col no-extra-padding inherit_tablet inherit_phone\"  data-padding-pos=\"all\" data-has-bg-color=\"false\" data-bg-color=\"\" data-bg-opacity=\"1\" data-animation=\"\" data-delay=\"0\" >\n\t\t<div class=\"vc_column-inner\" >\n\t\t\t<div class=\"wpb_wrapper\">\n\t\t\t\t\n\t<div class=\"wpb_content_element\" data-interval=\"0\">\n\t\t<div class=\"wpb_wrapper tabbed clearfix\" data-style=\"material\" data-animation=\"fade\" data-spacing=\"default\" data-icon-size=\"24\" data-full-width-line=\"\" data-color-scheme=\"accent-color\" data-alignment=\"left\">\n\t\t\t<ul class=\"wpb_tabs_nav ui-tabs-nav clearfix\"><li class=\"tab-item active-tab\"><a role=\"button\" href=\"#tab-1728305520568-6\" class=\"active-tab\"><span>Details<\/span><\/a><\/li><li class=\"tab-item\"><a role=\"button\" href=\"#tab-1728305520615-2\" ><span>Use<\/span><\/a><\/li><li class=\"tab-item\"><a role=\"button\" href=\"#tab-1728305520640-8\" ><span>Apply<\/span><\/a><\/li><li class=\"tab-item\"><a role=\"button\" href=\"#tab-1728305520676-1\" ><span>INCI Ingredient<\/span><\/a><\/li><\/ul>\n\n\t\t\t\n\t\t\t<div id=\"tab-detalii\" data-tab-icon=\"\" class=\"wpb_tab ui-tabs-panel wpb_ui-tabs-hide clearfix\">\n\t\t\t\t<div id=\"fws_69f8d79d2453d\" data-midnight=\"\" data-column-margin=\"default\" class=\"wpb_row vc_row-fluid vc_row inner_row vc_row-o-equal-height vc_row-flex vc_row-o-content-middle\"  style=\"\"><div class=\"row-bg-wrap\"> <div class=\"row-bg\" ><\/div> <\/div><div class=\"row_col_wrap_12_inner col span_12  left\">\n\t<div  class=\"vc_col-sm-12 wpb_column column_container vc_column_container col child_column no-extra-padding inherit_tablet inherit_phone\"   data-padding-pos=\"all\" data-has-bg-color=\"false\" data-bg-color=\"\" data-bg-opacity=\"1\" data-animation=\"\" data-delay=\"0\" >\n\t\t<div class=\"vc_column-inner\" >\n\t\t<div class=\"wpb_wrapper\">\n\t\t\t\n<div class=\"wpb_text_column wpb_content_element\" >\n\t<div class=\"wpb_wrapper\">\n\t\t<p>Crema pentru conturul ochilor trateaz\u0103 flaciditatea la nivelul pleoapei superioare, precum \u0219i semnele de oboseal\u0103. Ac\u021bioneaz\u0103 intensiv, cresc\u00e2nd nivelul fermit\u0103\u021bii pielii \u0219i av\u00e2nd efect de lifting \u00een zona pleoapelor superioare. Formula \u00eembun\u0103t\u0103\u021bit\u0103 cu biopolimeri exercit\u0103 un efect de fermitate, reduc\u00e2nd ridurile \u0219i liniile de expresie \u0219i atenu\u00e2nd cearc\u0103nele. Include un aplicator ceramic, cu ac\u021biune de r\u0103cire, care spore\u0219te efectul anti-rid al formulei. Pielea are un aspect mai t\u00e2n\u0103r \u0219i mai odihnit. Extractul din arbore de m\u0103tase reduce inciden\u021ba apari\u021biei pungilor de sub ochi. Formula \u00eembun\u0103t\u0103\u021be\u0219te microcircula\u021bia din jurul ochilor, oferind un efect de lifting. Are o ac\u021biune de drenare \u0219i restructurare.Textura produsului este cea de gel-crem\u0103.<\/p>\n\t<\/div>\n<\/div>\n\n\n\n\n\t\t<\/div> \n\t<\/div>\n\t<\/div> \n<\/div><\/div>\n\t\t\t<\/div> \n\t\t\t<div id=\"tab-utilizare\" data-tab-icon=\"\" class=\"wpb_tab ui-tabs-panel wpb_ui-tabs-hide clearfix\">\n\t\t\t\t<div id=\"fws_69f8d79d25396\" data-midnight=\"\" data-column-margin=\"default\" class=\"wpb_row vc_row-fluid vc_row inner_row\"  style=\"\"><div class=\"row-bg-wrap\"> <div class=\"row-bg\" ><\/div> <\/div><div class=\"row_col_wrap_12_inner col span_12  left\">\n\t<div  class=\"vc_col-sm-12 wpb_column column_container vc_column_container col child_column no-extra-padding inherit_tablet inherit_phone\"   data-padding-pos=\"all\" data-has-bg-color=\"false\" data-bg-color=\"\" data-bg-opacity=\"1\" data-animation=\"\" data-delay=\"0\" >\n\t\t<div class=\"vc_column-inner\" >\n\t\t<div class=\"wpb_wrapper\">\n\t\t\t\n<div class=\"wpb_text_column wpb_content_element\" >\n\t<div class=\"wpb_wrapper\">\n\t\t<p>Piele matur\u0103, Piele normal\u0103<\/p>\n\t<\/div>\n<\/div>\n\n\n\n\n\t\t<\/div> \n\t<\/div>\n\t<\/div> \n<\/div><\/div>\n\t\t\t<\/div> \n\t\t\t<div id=\"tab-aplicare\" data-tab-icon=\"\" class=\"wpb_tab ui-tabs-panel wpb_ui-tabs-hide clearfix\">\n\t\t\t\t<div id=\"fws_69f8d79d26011\" data-midnight=\"\" data-column-margin=\"default\" class=\"wpb_row vc_row-fluid vc_row inner_row\"  style=\"\"><div class=\"row-bg-wrap\"> <div class=\"row-bg\" ><\/div> <\/div><div class=\"row_col_wrap_12_inner col span_12  left\">\n\t<div  class=\"vc_col-sm-12 wpb_column column_container vc_column_container col child_column no-extra-padding inherit_tablet inherit_phone\"   data-padding-pos=\"all\" data-has-bg-color=\"false\" data-bg-color=\"\" data-bg-opacity=\"1\" data-animation=\"\" data-delay=\"0\" >\n\t\t<div class=\"vc_column-inner\" >\n\t\t<div class=\"wpb_wrapper\">\n\t\t\t\n<div class=\"wpb_text_column wpb_content_element\" >\n\t<div class=\"wpb_wrapper\">\n\t\t<p>Se folose\u0219te diminea\u021ba \u0219i seara.Se poate aplica \u00een combina\u021bie cu orice alt produs Age Element, ideal dup\u0103 ser \u0219i \u00eenainte de tratament crem\u0103 \u0219i\/sau crem\u0103 de protec\u021bie solar\u0103.<\/p>\n\t<\/div>\n<\/div>\n\n\n\n\n\t\t<\/div> \n\t<\/div>\n\t<\/div> \n<\/div><\/div>\n\t\t\t<\/div> \n\t\t\t<div id=\"tab-ingrediente-inci\" data-tab-icon=\"\" class=\"wpb_tab ui-tabs-panel wpb_ui-tabs-hide clearfix\">\n\t\t\t\t<div id=\"fws_69f8d79d26c16\" data-midnight=\"\" data-column-margin=\"default\" class=\"wpb_row vc_row-fluid vc_row inner_row\"  style=\"\"><div class=\"row-bg-wrap\"> <div class=\"row-bg\" ><\/div> <\/div><div class=\"row_col_wrap_12_inner col span_12  left\">\n\t<div  class=\"vc_col-sm-12 wpb_column column_container vc_column_container col child_column no-extra-padding inherit_tablet inherit_phone\"   data-padding-pos=\"all\" data-has-bg-color=\"false\" data-bg-color=\"\" data-bg-opacity=\"1\" data-animation=\"\" data-delay=\"0\" >\n\t\t<div class=\"vc_column-inner\" >\n\t\t<div class=\"wpb_wrapper\">\n\t\t\t\n<div class=\"wpb_text_column wpb_content_element\" >\n\t<div class=\"wpb_wrapper\">\n\t\t<p>biopolimeri tensori , extract din arbore de m\u0103tase, [meso]epigen system\u2122, peptide \u0219i fitoactivi tensori<\/p>\n<a class=\"nectar-button n-sc-button small accent-color has-icon regular-button\"  href=\"https:\/\/shop.cronosmed.ro\/en\/dictionar-de-ingrediente\/\" data-color-override=\"false\" data-hover-color-override=\"false\" data-hover-text-color-override=\"#fff\"><span>Dictionary of ingredients<\/span><i class=\"icon-button-arrow\"><\/i><\/a>\n\t<\/div>\n<\/div>\n\n\n\n\n\t\t<\/div> \n\t<\/div>\n\t<\/div> \n<\/div><\/div>\n\t\t\t<\/div> \n\t\t<\/div> \n\t<\/div> \n\t\t\t<\/div> \n\t\t<\/div>\n\t<\/div> \n<\/div><\/div>","protected":false},"excerpt":{"rendered":"<h4>Crem\u0103 contur ochi antirid &amp; fermitate &#8211; estompeaz\u0103 ridurile, cearc\u0103nele \u0219i reduce pungile<\/h4>\n<ul>\n<li>Revitalizare contur ochi \u0219i lifting pleoape.<\/li>\n<li>Estompeaz\u0103 cearc\u0103nele \u0219i semnele de oboseal\u0103, reduce inciden\u021ba pungilor sub ochi.<\/li>\n<li>Reduce ridurile de expresie.<\/li>\n<li>\u00cembun\u0103t\u0103\u021be\u0219te microcircula\u021bia din jurul ochilor &#8211; ac\u021biune de drenare \u0219i restructurare.<\/li>\n<li>Aplicator ceramic, cu efect de r\u0103cire.<\/li>\n<\/ul>\n<p>15 ml<\/p>","protected":false},"featured_media":2102,"template":"","meta":[],"product_cat":[124],"product_tag":[288],"class_list":{"0":"post-2100","1":"product","2":"type-product","3":"status-publish","4":"has-post-thumbnail","6":"product_cat-produse-cosmetice","7":"product_tag-cearcane-si-pungi","9":"first","10":"instock","11":"taxable","12":"shipping-taxable","13":"purchasable","14":"product-type-simple"},"_links":{"self":[{"href":"https:\/\/shop.cronosmed.ro\/en\/wp-json\/wp\/v2\/product\/2100","targetHints":{"allow":["GET"]}}],"collection":[{"href":"https:\/\/shop.cronosmed.ro\/en\/wp-json\/wp\/v2\/product"}],"about":[{"href":"https:\/\/shop.cronosmed.ro\/en\/wp-json\/wp\/v2\/types\/product"}],"wp:featuredmedia":[{"embeddable":true,"href":"https:\/\/shop.cronosmed.ro\/en\/wp-json\/wp\/v2\/media\/2102"}],"wp:attachment":[{"href":"https:\/\/shop.cronosmed.ro\/en\/wp-json\/wp\/v2\/media?parent=2100"}],"wp:term":[{"taxonomy":"product_cat","embeddable":true,"href":"https:\/\/shop.cronosmed.ro\/en\/wp-json\/wp\/v2\/product_cat?post=2100"},{"taxonomy":"product_tag","embeddable":true,"href":"https:\/\/shop.cronosmed.ro\/en\/wp-json\/wp\/v2\/product_tag?post=2100"}],"curies":[{"name":"wp","href":"https:\/\/api.w.org\/{rel}","templated":true}]}}