{"id":2110,"date":"2024-06-05T11:29:38","date_gmt":"2024-06-05T08:29:38","guid":{"rendered":"https:\/\/shop.cronosmed.ro\/?post_type=product&#038;p=2110"},"modified":"2024-10-10T10:53:27","modified_gmt":"2024-10-10T07:53:27","slug":"wiqo-eye-contourserumser-ochi-si-fata-ten-sensibil","status":"publish","type":"product","link":"https:\/\/shop.cronosmed.ro\/en\/product\/wiqo-eye-contourserumser-ochi-si-fata-ten-sensibil\/","title":{"rendered":"WiQo EYE CONTOUR SERUM SER ANTI-CEARC\u0102NE \u0218I PUNGI SUB OCHI"},"content":{"rendered":"<div id=\"fws_69f8d969d15e4\"  data-column-margin=\"default\" data-midnight=\"dark\"  class=\"wpb_row vc_row-fluid vc_row\"  style=\"padding-top: 0px; padding-bottom: 0px; \"><div class=\"row-bg-wrap\" data-bg-animation=\"none\" data-bg-animation-delay=\"\" data-bg-overlay=\"false\"><div class=\"inner-wrap row-bg-layer\" ><div class=\"row-bg viewport-desktop\"  style=\"\"><\/div><\/div><\/div><div class=\"row_col_wrap_12 col span_12 dark left\">\n\t<div  class=\"vc_col-sm-12 wpb_column column_container vc_column_container col no-extra-padding inherit_tablet inherit_phone\"  data-padding-pos=\"all\" data-has-bg-color=\"false\" data-bg-color=\"\" data-bg-opacity=\"1\" data-animation=\"\" data-delay=\"0\" >\n\t\t<div class=\"vc_column-inner\" >\n\t\t\t<div class=\"wpb_wrapper\">\n\t\t\t\t\n\t<div class=\"wpb_content_element\" data-interval=\"0\">\n\t\t<div class=\"wpb_wrapper tabbed clearfix\" data-style=\"material\" data-animation=\"fade\" data-spacing=\"default\" data-icon-size=\"24\" data-full-width-line=\"\" data-color-scheme=\"accent-color\" data-alignment=\"left\">\n\t\t\t<ul class=\"wpb_tabs_nav ui-tabs-nav clearfix\"><li class=\"tab-item active-tab\"><a role=\"button\" href=\"#tab-1728056022229-2\" class=\"active-tab\"><span>Details<\/span><\/a><\/li><li class=\"tab-item\"><a role=\"button\" href=\"#tab-1728056022275-9\" ><span>Use<\/span><\/a><\/li><li class=\"tab-item\"><a role=\"button\" href=\"#tab-1728056022309-9\" ><span>Apply<\/span><\/a><\/li><li class=\"tab-item\"><a role=\"button\" href=\"#tab-1728056022342-2\" ><span>INCI Ingredient<\/span><\/a><\/li><\/ul>\n\n\t\t\t\n\t\t\t<div id=\"tab-detalii\" data-tab-icon=\"\" class=\"wpb_tab ui-tabs-panel wpb_ui-tabs-hide clearfix\">\n\t\t\t\t<div id=\"fws_69f8d969d25ff\" data-midnight=\"\" data-column-margin=\"default\" class=\"wpb_row vc_row-fluid vc_row inner_row vc_row-o-equal-height vc_row-flex vc_row-o-content-middle\"  style=\"\"><div class=\"row-bg-wrap\"> <div class=\"row-bg\" ><\/div> <\/div><div class=\"row_col_wrap_12_inner col span_12  left\">\n\t<div  class=\"vc_col-sm-12 wpb_column column_container vc_column_container col child_column no-extra-padding inherit_tablet inherit_phone\"   data-padding-pos=\"all\" data-has-bg-color=\"false\" data-bg-color=\"\" data-bg-opacity=\"1\" data-animation=\"\" data-delay=\"0\" >\n\t\t<div class=\"vc_column-inner\" >\n\t\t<div class=\"wpb_wrapper\">\n\t\t\t\n<div class=\"wpb_text_column wpb_content_element\" >\n\t<div class=\"wpb_wrapper\">\n\t\t<p>Emulsie cu textur\u0103 u\u0219oar\u0103, potrivit\u0103 pentru a hidrata zonele delicate (conturul ochilor) sau ca baz\u0103 de machiaj.<br \/>\nProdusul este bogat \u00een ingrediente active cu efect hidratant \u0219i flexibilizant. Uleiul de avocado, Dimetilaminoetanolul (DMAE) \u0219i Hexapolizaharidele bogate \u00een acid glucuronic, combinate \u00eentr-o formul\u0103 cu o textur\u0103 lejer\u0103, fac din acest produs un hidratant ideal pentru zonele delicate ale pielii (cum ar fi conturul ochilor) sau ca baz\u0103 pentru machiaj \u0219i pentru a asigura o hidratare re\u00eennoit\u0103 pe tot parcursul zilei. Aplicat peste Crema WiQo ICP, rehidrateaz\u0103, prevenind apari\u021bia imperfec\u021biunilor \u0219i a ridurilor fine. Complexul fitoterapeutic, compus din extracte de plante de coada-\u0219oricelului, g\u0103lbenele, Centella Asiatica, lemn dulce \u0219i castan s\u0103lbatic, are propriet\u0103\u021bi anti-edem \u0219i \u00eembun\u0103t\u0103\u021be\u0219te aspectul pungilor de sub ochi \u0219i al cearc\u0103nelor. Ideal pentru toate tipurile de piele, produsul este testat dermatologic \u0219i oftalmologic.<br \/>\nAcidul glucuronic este o monozaharid\u0103 din acidul hialuronic, care mul\u021bumit\u0103 capacit\u0103\u021bii crescute de a re\u021bine ap\u0103, hidrateaz\u0103 pielea imediat, efectele fiind vizibile toat\u0103 ziua. Acidul hialuronic marin completeaz\u0103 procesul de hidratare, efectul fiind unul de prevenire a \u00eemb\u0103tr\u00e2nirii.<\/p>\n<p>Produs testat dermatologic \u0219i oftalmologic.<\/p>\n<p>Pentru uz extern. Se aplic\u0103 pe pielea s\u0103n\u0103toas\u0103. A nu l\u0103sa la \u00eendem\u00e2na copiilor.<\/p>\n\t<\/div>\n<\/div>\n\n\n\n\n\t\t<\/div> \n\t<\/div>\n\t<\/div> \n<\/div><\/div>\n\t\t\t<\/div> \n\t\t\t<div id=\"tab-utilizare\" data-tab-icon=\"\" class=\"wpb_tab ui-tabs-panel wpb_ui-tabs-hide clearfix\">\n\t\t\t\t<div id=\"fws_69f8d969d31a6\" data-midnight=\"\" data-column-margin=\"default\" class=\"wpb_row vc_row-fluid vc_row inner_row\"  style=\"\"><div class=\"row-bg-wrap\"> <div class=\"row-bg\" ><\/div> <\/div><div class=\"row_col_wrap_12_inner col span_12  left\">\n\t<div  class=\"vc_col-sm-12 wpb_column column_container vc_column_container col child_column no-extra-padding inherit_tablet inherit_phone\"   data-padding-pos=\"all\" data-has-bg-color=\"false\" data-bg-color=\"\" data-bg-opacity=\"1\" data-animation=\"\" data-delay=\"0\" >\n\t\t<div class=\"vc_column-inner\" >\n\t\t<div class=\"wpb_wrapper\">\n\t\t\t\n<div class=\"wpb_text_column wpb_content_element\" >\n\t<div class=\"wpb_wrapper\">\n\t\t<p>Toate tipurile de piele, ten sensibil<\/p>\n\t<\/div>\n<\/div>\n\n\n\n\n\t\t<\/div> \n\t<\/div>\n\t<\/div> \n<\/div><\/div>\n\t\t\t<\/div> \n\t\t\t<div id=\"tab-aplicare\" data-tab-icon=\"\" class=\"wpb_tab ui-tabs-panel wpb_ui-tabs-hide clearfix\">\n\t\t\t\t<div id=\"fws_69f8d969d3b83\" data-midnight=\"\" data-column-margin=\"default\" class=\"wpb_row vc_row-fluid vc_row inner_row\"  style=\"\"><div class=\"row-bg-wrap\"> <div class=\"row-bg\" ><\/div> <\/div><div class=\"row_col_wrap_12_inner col span_12  left\">\n\t<div  class=\"vc_col-sm-12 wpb_column column_container vc_column_container col child_column no-extra-padding inherit_tablet inherit_phone\"   data-padding-pos=\"all\" data-has-bg-color=\"false\" data-bg-color=\"\" data-bg-opacity=\"1\" data-animation=\"\" data-delay=\"0\" >\n\t\t<div class=\"vc_column-inner\" >\n\t\t<div class=\"wpb_wrapper\">\n\t\t\t\n<div class=\"wpb_text_column wpb_content_element\" >\n\t<div class=\"wpb_wrapper\">\n\t\t<ul>\n<li>Conturul ochilor: aplica\u021bi diminea\u021ba \u0219i seara, c\u00e2teva pic\u0103turi de produs \u00een jurul ochilor, mas\u00e2nd delicat.<\/li>\n<li>Hidratare fa\u021b\u0103: Persoanele cu piele foarte sensibil\u0103, sau care nu tolereaz\u0103 cremele dense, pot aplica crema pe \u00eentreaga fa\u021b\u0103, ca un hidratant f\u0103r\u0103 ulei.<\/li>\n<li>Baz\u0103 de machiaj: Aplicat peste crema WiQo ICP, rehidrateaz\u0103<\/li>\n<li>Tratament dupa peeling: poate fi aplicat dup\u0103 tratamentul cu PRX-T33<\/li>\n<\/ul>\n\t<\/div>\n<\/div>\n\n\n\n\n\t\t<\/div> \n\t<\/div>\n\t<\/div> \n<\/div><\/div>\n\t\t\t<\/div> \n\t\t\t<div id=\"tab-ingrediente-inci\" data-tab-icon=\"\" class=\"wpb_tab ui-tabs-panel wpb_ui-tabs-hide clearfix\">\n\t\t\t\t<div id=\"fws_69f8d969d4652\" data-midnight=\"\" data-column-margin=\"default\" class=\"wpb_row vc_row-fluid vc_row inner_row\"  style=\"\"><div class=\"row-bg-wrap\"> <div class=\"row-bg\" ><\/div> <\/div><div class=\"row_col_wrap_12_inner col span_12  left\">\n\t<div  class=\"vc_col-sm-12 wpb_column column_container vc_column_container col child_column no-extra-padding inherit_tablet inherit_phone\"   data-padding-pos=\"all\" data-has-bg-color=\"false\" data-bg-color=\"\" data-bg-opacity=\"1\" data-animation=\"\" data-delay=\"0\" >\n\t\t<div class=\"vc_column-inner\" >\n\t\t<div class=\"wpb_wrapper\">\n\t\t\t\n<div class=\"wpb_text_column wpb_content_element\" >\n\t<div class=\"wpb_wrapper\">\n\t\t<p>Acid hialuronic, ulei de avocado, extracte fititerapeutice de coada soricelului, galbenele &#8211; Calendula, Centella Asiatica, lemn dulce, castan salbatic<\/p>\n<p><strong>Ingrediente &#8211; INCI:<\/strong><\/p>\n<p>(water), glycerin, methylpropanediol, persea gratissima (avocado) oil, butylene glycol, lecithin, peg-40 hydrogenated castor oil, caprylic\/capric triglyceride, dimethylaminoethanol tartrate, xanthan gum, panthenol, sclerotium gum, potassium cocoyl hydrolyzed rice protein, sodium cocoyl amino acids, sodium hydroxide, sodium gluconate, polymethylsilsesquioxane, escin, tocopherol, tocopheryl acetate, ruscus aculeatus (butcherbroom) root extract, helianthus annuus (sunflower) seed oil, ammonium glycyrrhizate, lysine hcl, centella asiatica (centella) leaf extract, propanediol, tripeptide-9 citrulline, sodium citrate, citric acid, hydrolyzed yeast protein, calendula officinalis (marigold) flower extract, pseudoalteromonas ferment extract, benzyl alcohol, dehydroacetic acid, phenoxyethanol, sodium benzoate, potassium sorbate, sodium salicylate, parfum (fragrance), benzyl salicylate, hexyl cinnamal, limonene, linalool.<\/p>\n<a class=\"nectar-button n-sc-button small accent-color has-icon regular-button\"  href=\"https:\/\/shop.cronosmed.ro\/en\/dictionar-de-ingrediente\/\" data-color-override=\"false\" data-hover-color-override=\"false\" data-hover-text-color-override=\"#fff\"><span>Dictionary of ingredients<\/span><i class=\"icon-button-arrow\"><\/i><\/a>\n\t<\/div>\n<\/div>\n\n\n\n\n\t\t<\/div> \n\t<\/div>\n\t<\/div> \n<\/div><\/div>\n\t\t\t<\/div> \n\t\t<\/div> \n\t<\/div> \n\t\t\t<\/div> \n\t\t<\/div>\n\t<\/div> \n<\/div><\/div>","protected":false},"excerpt":{"rendered":"<h4>Ser anticearc\u0103ne \u0219i pungi, ochi umfla\u021bi, antirid. Ser hidratant ten sensibil.<\/h4>\n<ul>\n<li>Multi-func\u021bional: \u00eengrijire ochi, hidratare ten, baz\u0103 pentru machiaj.<\/li>\n<li>Ac\u021biune anti-cearc\u0103ne &amp; anti-pungi sub ochi.<\/li>\n<li>Ac\u021biune de tonifiere \u0219i \u00eembun\u0103t\u0103\u021bire a calit\u0103\u021bii pielii \u00een jurul ochilor sau pe \u00eentreaga fa\u021b\u0103.<\/li>\n<li>Ac\u021biune anti-oxidant\u0103 \u0219i anti-glicozilare &#8211; prevenind \u00eemb\u0103tr\u00e2nirea accelerat\u0103.<\/li>\n<\/ul>\n<p>30 ml<\/p>","protected":false},"featured_media":2112,"template":"","meta":[],"product_cat":[124],"product_tag":[288],"class_list":{"0":"post-2110","1":"product","2":"type-product","3":"status-publish","4":"has-post-thumbnail","6":"product_cat-produse-cosmetice","7":"product_tag-cearcane-si-pungi","9":"first","10":"instock","11":"taxable","12":"shipping-taxable","13":"purchasable","14":"product-type-simple"},"_links":{"self":[{"href":"https:\/\/shop.cronosmed.ro\/en\/wp-json\/wp\/v2\/product\/2110","targetHints":{"allow":["GET"]}}],"collection":[{"href":"https:\/\/shop.cronosmed.ro\/en\/wp-json\/wp\/v2\/product"}],"about":[{"href":"https:\/\/shop.cronosmed.ro\/en\/wp-json\/wp\/v2\/types\/product"}],"wp:featuredmedia":[{"embeddable":true,"href":"https:\/\/shop.cronosmed.ro\/en\/wp-json\/wp\/v2\/media\/2112"}],"wp:attachment":[{"href":"https:\/\/shop.cronosmed.ro\/en\/wp-json\/wp\/v2\/media?parent=2110"}],"wp:term":[{"taxonomy":"product_cat","embeddable":true,"href":"https:\/\/shop.cronosmed.ro\/en\/wp-json\/wp\/v2\/product_cat?post=2110"},{"taxonomy":"product_tag","embeddable":true,"href":"https:\/\/shop.cronosmed.ro\/en\/wp-json\/wp\/v2\/product_tag?post=2110"}],"curies":[{"name":"wp","href":"https:\/\/api.w.org\/{rel}","templated":true}]}}