{"id":2122,"date":"2024-06-05T12:25:24","date_gmt":"2024-06-05T09:25:24","guid":{"rendered":"https:\/\/shop.cronosmed.ro\/?post_type=product&#038;p=2122"},"modified":"2024-10-10T10:55:51","modified_gmt":"2024-10-10T07:55:51","slug":"wiqo-icp-invisible-protective-universalcompact-cream-spf-50-uva-uvbcrema-protectie-solara","status":"publish","type":"product","link":"https:\/\/shop.cronosmed.ro\/en\/product\/wiqo-icp-invisible-protective-universalcompact-cream-spf-50-uva-uvbcrema-protectie-solara\/","title":{"rendered":"WiQo ICP &#8211; INVISIBLE PROTECTIVE UNIVERSAL COMPACT CREAM SPF 50+, UVA, UVB CREM\u0102 COMPACT\u0102 PROTEC\u021aIE SOLAR\u0102, COLORAT\u0102"},"content":{"rendered":"<div id=\"fws_6a0614eeb62ef\"  data-column-margin=\"default\" data-midnight=\"dark\"  class=\"wpb_row vc_row-fluid vc_row\"  style=\"padding-top: 0px; padding-bottom: 0px; \"><div class=\"row-bg-wrap\" data-bg-animation=\"none\" data-bg-animation-delay=\"\" data-bg-overlay=\"false\"><div class=\"inner-wrap row-bg-layer\" ><div class=\"row-bg viewport-desktop\"  style=\"\"><\/div><\/div><\/div><div class=\"row_col_wrap_12 col span_12 dark left\">\n\t<div  class=\"vc_col-sm-12 wpb_column column_container vc_column_container col no-extra-padding inherit_tablet inherit_phone\"  data-padding-pos=\"all\" data-has-bg-color=\"false\" data-bg-color=\"\" data-bg-opacity=\"1\" data-animation=\"\" data-delay=\"0\" >\n\t\t<div class=\"vc_column-inner\" >\n\t\t\t<div class=\"wpb_wrapper\">\n\t\t\t\t\n\t<div class=\"wpb_content_element\" data-interval=\"0\">\n\t\t<div class=\"wpb_wrapper tabbed clearfix\" data-style=\"material\" data-animation=\"fade\" data-spacing=\"default\" data-icon-size=\"24\" data-full-width-line=\"\" data-color-scheme=\"accent-color\" data-alignment=\"left\">\n\t\t\t<ul class=\"wpb_tabs_nav ui-tabs-nav clearfix\"><li class=\"tab-item active-tab\"><a role=\"button\" href=\"#tab-1728055714220-6\" class=\"active-tab\"><span>Details<\/span><\/a><\/li><li class=\"tab-item\"><a role=\"button\" href=\"#tab-1728055714264-9\" ><span>Use<\/span><\/a><\/li><li class=\"tab-item\"><a role=\"button\" href=\"#tab-1728055714299-1\" ><span>Apply<\/span><\/a><\/li><li class=\"tab-item\"><a role=\"button\" href=\"#tab-1728055714321-5\" ><span>INCI Ingredient<\/span><\/a><\/li><\/ul>\n\n\t\t\t\n\t\t\t<div id=\"tab-detalii\" data-tab-icon=\"\" class=\"wpb_tab ui-tabs-panel wpb_ui-tabs-hide clearfix\">\n\t\t\t\t<div id=\"fws_6a0614eeb70dd\" data-midnight=\"\" data-column-margin=\"default\" class=\"wpb_row vc_row-fluid vc_row inner_row vc_row-o-equal-height vc_row-flex vc_row-o-content-middle\"  style=\"\"><div class=\"row-bg-wrap\"> <div class=\"row-bg\" ><\/div> <\/div><div class=\"row_col_wrap_12_inner col span_12  left\">\n\t<div  class=\"vc_col-sm-12 wpb_column column_container vc_column_container col child_column no-extra-padding inherit_tablet inherit_phone\"   data-padding-pos=\"all\" data-has-bg-color=\"false\" data-bg-color=\"\" data-bg-opacity=\"1\" data-animation=\"\" data-delay=\"0\" >\n\t\t<div class=\"vc_column-inner\" >\n\t\t<div class=\"wpb_wrapper\">\n\t\t\t\n<div class=\"wpb_text_column wpb_content_element\" >\n\t<div class=\"wpb_wrapper\">\n\t\t<p>Crema WiQo ICP este o crem\u0103 colorat\u0103, nuan\u021ba \u201clight\u201d sau &#8222;medium&#8221;, cu tripl\u0103 func\u021bie: ascunde micile imperfec\u021biuni ale pielii (pete, ro\u0219ea\u021b\u0103), protejeaz\u0103 pielea de razele UVA \u0219i UVB \u0219i de lumin\u0103 \u00een toate anotimpurile, prevenind daunele foto-\u00eemb\u0103tr\u00e2nirii, \u0219i ofer\u0103 pielii un ton uniform \u0219i natural, f\u0103r\u0103 a accentua ridurile. Crema WiQo ICP se aplic\u0103 u\u0219or \u0219i formeaz\u0103 un film extra-sub\u021bire care face pielea catifelat\u0103. Machiajul arat\u0103 natural, evit\u00e2nd \u201eefectul de masc\u0103\u201d comun al altor produse. Cu factorul s\u0103u de protec\u021bie solar\u0103 SPF 50+, crema WiQo ICP \u00eencetine\u0219te \u00eemb\u0103tr\u00e2nirea pielii cauzat\u0103 de expunerea la razele UVA \u0219i UVB \u0219i la lumina natural\u0103, prevenind petele pigmentare.<\/p>\n<p>Dup\u0103 aplicare se creeaz\u0103 un strat sub\u021bire, invizibil \u0219i catifelat care protejeaz\u0103 pielea \u00een timpul zilelor de var\u0103 sau de iarn\u0103 \u0219i previne deteriorarea cauzat\u0103 de foto-\u00eemb\u0103tr\u00e2nire.<\/p>\n<p>Con\u021bine extract de orhidee (Orchis Mascula), o substan\u021b\u0103 cunoscut\u0103 pentru propriet\u0103\u021bile hidratante, calmante, emoliente \u0219i anti-oxidante \u2013 inhib\u0103 radicalii liberi \u0219i protejeaz\u0103 celulele de stresul oxidativ. Efectele sunt intensificate de prezen\u021ba vitaminei E.<\/p>\n<p>Testat dermatologic. F\u0103r\u0103 parabeni. F\u0103r\u0103 miros.<\/p>\n<p>Pentru uz extern. Aplica\u021bi pe pielea s\u0103n\u0103toas\u0103. A se p\u0103stra departe de accesul copiilor.<\/p>\n\t<\/div>\n<\/div>\n\n\n\n\n\t\t<\/div> \n\t<\/div>\n\t<\/div> \n<\/div><\/div>\n\t\t\t<\/div> \n\t\t\t<div id=\"tab-utilizare\" data-tab-icon=\"\" class=\"wpb_tab ui-tabs-panel wpb_ui-tabs-hide clearfix\">\n\t\t\t\t<div id=\"fws_6a0614eeb7b5c\" data-midnight=\"\" data-column-margin=\"default\" class=\"wpb_row vc_row-fluid vc_row inner_row\"  style=\"\"><div class=\"row-bg-wrap\"> <div class=\"row-bg\" ><\/div> <\/div><div class=\"row_col_wrap_12_inner col span_12  left\">\n\t<div  class=\"vc_col-sm-12 wpb_column column_container vc_column_container col child_column no-extra-padding inherit_tablet inherit_phone\"   data-padding-pos=\"all\" data-has-bg-color=\"false\" data-bg-color=\"\" data-bg-opacity=\"1\" data-animation=\"\" data-delay=\"0\" >\n\t\t<div class=\"vc_column-inner\" >\n\t\t<div class=\"wpb_wrapper\">\n\t\t\t\n<div class=\"wpb_text_column wpb_content_element\" >\n\t<div class=\"wpb_wrapper\">\n\t\t<p>Toate tipurile de piele<\/p>\n\t<\/div>\n<\/div>\n\n\n\n\n\t\t<\/div> \n\t<\/div>\n\t<\/div> \n<\/div><\/div>\n\t\t\t<\/div> \n\t\t\t<div id=\"tab-aplicare\" data-tab-icon=\"\" class=\"wpb_tab ui-tabs-panel wpb_ui-tabs-hide clearfix\">\n\t\t\t\t<div id=\"fws_6a0614eeb83a4\" data-midnight=\"\" data-column-margin=\"default\" class=\"wpb_row vc_row-fluid vc_row inner_row\"  style=\"\"><div class=\"row-bg-wrap\"> <div class=\"row-bg\" ><\/div> <\/div><div class=\"row_col_wrap_12_inner col span_12  left\">\n\t<div  class=\"vc_col-sm-12 wpb_column column_container vc_column_container col child_column no-extra-padding inherit_tablet inherit_phone\"   data-padding-pos=\"all\" data-has-bg-color=\"false\" data-bg-color=\"\" data-bg-opacity=\"1\" data-animation=\"\" data-delay=\"0\" >\n\t\t<div class=\"vc_column-inner\" >\n\t\t<div class=\"wpb_wrapper\">\n\t\t\t\n<div class=\"wpb_text_column wpb_content_element\" >\n\t<div class=\"wpb_wrapper\">\n\t\t<ul>\n<li>Aplica\u021bi produsul cu bure\u021belul mic furnizat, apoi folosi\u021bi degetele pentru a-l \u00eentinde pe fa\u021b\u0103, \u00een strat sub\u021bire. Pentru a acoperi petele \u0219i a ascunde micile imperfec\u021biuni, aplica\u021bi un strat mai gros cu degetul, tapot\u00e2nd u\u0219or, pentru a-l estompa.<\/li>\n<li>Pentru a men\u021bine hidratarea pielii pe parcursul zilei \u0219i pentru a re\u00eemprosp\u0103ta machiajul, utiliza\u021bi, dac\u0103 este necesar, Serul WiQo pentru Conturul Ochilor \u0219i Fa\u021ba pentru ten sensibil, aplic\u00e2ndu-l peste crema WiQo ICP.<\/li>\n<\/ul>\n\t<\/div>\n<\/div>\n\n\n\n\n\t\t<\/div> \n\t<\/div>\n\t<\/div> \n<\/div><\/div>\n\t\t\t<\/div> \n\t\t\t<div id=\"tab-ingrediente-inci\" data-tab-icon=\"\" class=\"wpb_tab ui-tabs-panel wpb_ui-tabs-hide clearfix\">\n\t\t\t\t<div id=\"fws_6a0614eeb8c10\" data-midnight=\"\" data-column-margin=\"default\" class=\"wpb_row vc_row-fluid vc_row inner_row\"  style=\"\"><div class=\"row-bg-wrap\"> <div class=\"row-bg\" ><\/div> <\/div><div class=\"row_col_wrap_12_inner col span_12  left\">\n\t<div  class=\"vc_col-sm-12 wpb_column column_container vc_column_container col child_column no-extra-padding inherit_tablet inherit_phone\"   data-padding-pos=\"all\" data-has-bg-color=\"false\" data-bg-color=\"\" data-bg-opacity=\"1\" data-animation=\"\" data-delay=\"0\" >\n\t\t<div class=\"vc_column-inner\" >\n\t\t<div class=\"wpb_wrapper\">\n\t\t\t\n<div class=\"wpb_text_column wpb_content_element\" >\n\t<div class=\"wpb_wrapper\">\n\t\t<p>Extract de orhidee, vitamina E<\/p>\n<p><strong>Ingrediente &#8211; INCI:<\/strong><\/p>\n<p>thriethylhexanoin, hydrogenated polyisobutene, isodecyl neopentanoate, isononyl isononanoate, mica, ethylhexyl methoxycinnamate, polyethylene, silica, bis-ethylhexyloxyphenol methoxyphenyl triazine, dimethicone, butyl methoxydibenzoylmethane (avobenzone), octocrylene, cera alba (beeswax), isopropyl titanium triisostearate, methicone, aqua (water), glycerin, orchis mascula extract, tocopheryl acetate, sodium hyaluronate, phenoxyethanol, (+\/-: may contain: ci77891 (titanium dioxide), ci77491 (iron oxides), ci77492 (iron oxides), ci77499 (iron oxides).<\/p>\n<a class=\"nectar-button n-sc-button small accent-color has-icon regular-button\"  href=\"https:\/\/shop.cronosmed.ro\/en\/dictionar-de-ingrediente\/\" data-color-override=\"false\" data-hover-color-override=\"false\" data-hover-text-color-override=\"#fff\"><span>Dictionary of ingredients<\/span><i class=\"icon-button-arrow\"><\/i><\/a>\n\t<\/div>\n<\/div>\n\n\n\n\n\t\t<\/div> \n\t<\/div>\n\t<\/div> \n<\/div><\/div>\n\t\t\t<\/div> \n\t\t<\/div> \n\t<\/div> \n\t\t\t<\/div> \n\t\t<\/div>\n\t<\/div> \n<\/div><\/div>","protected":false},"excerpt":{"rendered":"<h4>Crem\u0103 de protec\u021bie solar\u0103 colorat\u0103 cu SPF 50, UVA \u0219i UVB \u0219i pigmen\u021bi de uniformizare a tonului pielii<\/h4>\n<ul>\n<li>Acoper\u0103 imperfec\u021biunile &#8211; petele \u0219i ro\u0219ea\u021ba pielii.<\/li>\n<li>Uniformizeaz\u0103 tonurile pielii intr-un mod natural, f\u0103r\u0103 a accentua ridurile.<\/li>\n<li>Protejeaz\u0103 pielea \u00eempotriva radia\u021biilor UVA si UVB, prevenind daunele foto-\u00eemb\u0103tr\u00e2nirii, datorit\u0103 combina\u021biei optimizate de filtre chimice \u0219i fizice, av\u00e2nd un indice SPF 50+.<\/li>\n<\/ul>\n<p>50 ml<\/p>","protected":false},"featured_media":2123,"template":"","meta":[],"product_cat":[124],"product_tag":[],"class_list":{"0":"post-2122","1":"product","2":"type-product","3":"status-publish","4":"has-post-thumbnail","6":"product_cat-produse-cosmetice","8":"first","9":"instock","10":"taxable","11":"shipping-taxable","12":"purchasable","13":"product-type-variable"},"_links":{"self":[{"href":"https:\/\/shop.cronosmed.ro\/en\/wp-json\/wp\/v2\/product\/2122","targetHints":{"allow":["GET"]}}],"collection":[{"href":"https:\/\/shop.cronosmed.ro\/en\/wp-json\/wp\/v2\/product"}],"about":[{"href":"https:\/\/shop.cronosmed.ro\/en\/wp-json\/wp\/v2\/types\/product"}],"wp:featuredmedia":[{"embeddable":true,"href":"https:\/\/shop.cronosmed.ro\/en\/wp-json\/wp\/v2\/media\/2123"}],"wp:attachment":[{"href":"https:\/\/shop.cronosmed.ro\/en\/wp-json\/wp\/v2\/media?parent=2122"}],"wp:term":[{"taxonomy":"product_cat","embeddable":true,"href":"https:\/\/shop.cronosmed.ro\/en\/wp-json\/wp\/v2\/product_cat?post=2122"},{"taxonomy":"product_tag","embeddable":true,"href":"https:\/\/shop.cronosmed.ro\/en\/wp-json\/wp\/v2\/product_tag?post=2122"}],"curies":[{"name":"wp","href":"https:\/\/api.w.org\/{rel}","templated":true}]}}