{"id":2193,"date":"2024-06-11T13:44:17","date_gmt":"2024-06-11T10:44:17","guid":{"rendered":"https:\/\/shop.cronosmed.ro\/?post_type=product&#038;p=2193"},"modified":"2024-10-09T10:02:01","modified_gmt":"2024-10-09T07:02:01","slug":"mediderma-sens-age-lift-global-restructuringintensive-firming-cream-with-dmaecrema-fermitate-cu-dmae","status":"publish","type":"product","link":"https:\/\/shop.cronosmed.ro\/en\/product\/mediderma-sens-age-lift-global-restructuringintensive-firming-cream-with-dmaecrema-fermitate-cu-dmae\/","title":{"rendered":"MEDIDERMA SENS-AGE LIFT GLOBAL RESTRUCTURING Intensive Firming Cream with DMAE Crem\u0103 rejuvenare"},"content":{"rendered":"<div id=\"fws_69e39a6b16fd9\"  data-column-margin=\"default\" data-midnight=\"dark\"  class=\"wpb_row vc_row-fluid vc_row\"  style=\"padding-top: 0px; padding-bottom: 0px; \"><div class=\"row-bg-wrap\" data-bg-animation=\"none\" data-bg-animation-delay=\"\" data-bg-overlay=\"false\"><div class=\"inner-wrap row-bg-layer\" ><div class=\"row-bg viewport-desktop\"  style=\"\"><\/div><\/div><\/div><div class=\"row_col_wrap_12 col span_12 dark left\">\n\t<div  class=\"vc_col-sm-12 wpb_column column_container vc_column_container col no-extra-padding inherit_tablet inherit_phone\"  data-padding-pos=\"all\" data-has-bg-color=\"false\" data-bg-color=\"\" data-bg-opacity=\"1\" data-animation=\"\" data-delay=\"0\" >\n\t\t<div class=\"vc_column-inner\" >\n\t\t\t<div class=\"wpb_wrapper\">\n\t\t\t\t\n\t<div class=\"wpb_content_element\" data-interval=\"0\">\n\t\t<div class=\"wpb_wrapper tabbed clearfix\" data-style=\"material\" data-animation=\"fade\" data-spacing=\"default\" data-icon-size=\"24\" data-full-width-line=\"\" data-color-scheme=\"accent-color\" data-alignment=\"left\">\n\t\t\t<ul class=\"wpb_tabs_nav ui-tabs-nav clearfix\"><li class=\"tab-item active-tab\"><a role=\"button\" href=\"#tab-1728051488198-5\" class=\"active-tab\"><span>Details<\/span><\/a><\/li><li class=\"tab-item\"><a role=\"button\" href=\"#tab-1728051488241-4\" ><span>Use<\/span><\/a><\/li><li class=\"tab-item\"><a role=\"button\" href=\"#tab-1728051488276-3\" ><span>Apply<\/span><\/a><\/li><li class=\"tab-item\"><a role=\"button\" href=\"#tab-1728051488294-8\" ><span>Ingredient<\/span><\/a><\/li><\/ul>\n\n\t\t\t\n\t\t\t<div id=\"tab-detalii\" data-tab-icon=\"\" class=\"wpb_tab ui-tabs-panel wpb_ui-tabs-hide clearfix\">\n\t\t\t\t<div id=\"fws_69e39a6b17d69\" data-midnight=\"\" data-column-margin=\"default\" class=\"wpb_row vc_row-fluid vc_row inner_row vc_row-o-equal-height vc_row-flex vc_row-o-content-middle\"  style=\"\"><div class=\"row-bg-wrap\"> <div class=\"row-bg\" ><\/div> <\/div><div class=\"row_col_wrap_12_inner col span_12  left\">\n\t<div  class=\"vc_col-sm-12 wpb_column column_container vc_column_container col child_column no-extra-padding inherit_tablet inherit_phone\"   data-padding-pos=\"all\" data-has-bg-color=\"false\" data-bg-color=\"\" data-bg-opacity=\"1\" data-animation=\"\" data-delay=\"0\" >\n\t\t<div class=\"vc_column-inner\" >\n\t\t<div class=\"wpb_wrapper\">\n\t\t\t\n<div class=\"wpb_text_column wpb_content_element\" >\n\t<div class=\"wpb_wrapper\">\n\t\t<p>Pentru prevenirea \u0219i tratamentul flacidit\u0103\u021bii fe\u021bei\u00a0 cauzate de \u00eemb\u0103tr\u00e2nire, expunere la soare, pierdere \u00een greutate etc.. Str\u00e2nge, \u00eent\u0103re\u0219te \u0219i are un efect tensor asupra pielii.<\/p>\n<p>Datorit\u0103 con\u021binutului s\u0103u de DMAE, tonifiaz\u0103 \u0219i are un efect tensor asupra pielii. Efectul este instantaneu, iar pielea se simte mai ferm\u0103, mai elastic\u0103, mai fin\u0103 \u0219i mai hidratat\u0103 dup\u0103 aplicare.<\/p>\n\t<\/div>\n<\/div>\n\n\n\n\n\t\t<\/div> \n\t<\/div>\n\t<\/div> \n<\/div><\/div>\n\t\t\t<\/div> \n\t\t\t<div id=\"tab-utilizare\" data-tab-icon=\"\" class=\"wpb_tab ui-tabs-panel wpb_ui-tabs-hide clearfix\">\n\t\t\t\t<div id=\"fws_69e39a6b18702\" data-midnight=\"\" data-column-margin=\"default\" class=\"wpb_row vc_row-fluid vc_row inner_row\"  style=\"\"><div class=\"row-bg-wrap\"> <div class=\"row-bg\" ><\/div> <\/div><div class=\"row_col_wrap_12_inner col span_12  left\">\n\t<div  class=\"vc_col-sm-12 wpb_column column_container vc_column_container col child_column no-extra-padding inherit_tablet inherit_phone\"   data-padding-pos=\"all\" data-has-bg-color=\"false\" data-bg-color=\"\" data-bg-opacity=\"1\" data-animation=\"\" data-delay=\"0\" >\n\t\t<div class=\"vc_column-inner\" >\n\t\t<div class=\"wpb_wrapper\">\n\t\t\t\n<div class=\"wpb_text_column wpb_content_element\" >\n\t<div class=\"wpb_wrapper\">\n\t\t<p>Mature skin<\/p>\n\t<\/div>\n<\/div>\n\n\n\n\n\t\t<\/div> \n\t<\/div>\n\t<\/div> \n<\/div><\/div>\n\t\t\t<\/div> \n\t\t\t<div id=\"tab-aplicare\" data-tab-icon=\"\" class=\"wpb_tab ui-tabs-panel wpb_ui-tabs-hide clearfix\">\n\t\t\t\t<div id=\"fws_69e39a6b18ede\" data-midnight=\"\" data-column-margin=\"default\" class=\"wpb_row vc_row-fluid vc_row inner_row\"  style=\"\"><div class=\"row-bg-wrap\"> <div class=\"row-bg\" ><\/div> <\/div><div class=\"row_col_wrap_12_inner col span_12  left\">\n\t<div  class=\"vc_col-sm-12 wpb_column column_container vc_column_container col child_column no-extra-padding inherit_tablet inherit_phone\"   data-padding-pos=\"all\" data-has-bg-color=\"false\" data-bg-color=\"\" data-bg-opacity=\"1\" data-animation=\"\" data-delay=\"0\" >\n\t\t<div class=\"vc_column-inner\" >\n\t\t<div class=\"wpb_wrapper\">\n\t\t\t\n<div class=\"wpb_text_column wpb_content_element\" >\n\t<div class=\"wpb_wrapper\">\n\t\t<p>Aplica\u021bi diminea\u021ba \u0219i seara, cu un masaj u\u0219or, p\u00e2n\u0103 la absorb\u021bia complet\u0103. Se aplic\u0103 dup\u0103 ce fa\u021ba a fost cur\u0103\u021bat\u0103 \u0219i eventual s-a aplicat toner pentru echilibrarea pH-ului.<\/p>\n\t<\/div>\n<\/div>\n\n\n\n\n\t\t<\/div> \n\t<\/div>\n\t<\/div> \n<\/div><\/div>\n\t\t\t<\/div> \n\t\t\t<div id=\"tab-ingrediente\" data-tab-icon=\"\" class=\"wpb_tab ui-tabs-panel wpb_ui-tabs-hide clearfix\">\n\t\t\t\t<div id=\"fws_69e39a6b196c9\" data-midnight=\"\" data-column-margin=\"default\" class=\"wpb_row vc_row-fluid vc_row inner_row\"  style=\"\"><div class=\"row-bg-wrap\"> <div class=\"row-bg\" ><\/div> <\/div><div class=\"row_col_wrap_12_inner col span_12  left\">\n\t<div  class=\"vc_col-sm-12 wpb_column column_container vc_column_container col child_column no-extra-padding inherit_tablet inherit_phone\"   data-padding-pos=\"all\" data-has-bg-color=\"false\" data-bg-color=\"\" data-bg-opacity=\"1\" data-animation=\"\" data-delay=\"0\" >\n\t\t<div class=\"vc_column-inner\" >\n\t\t<div class=\"wpb_wrapper\">\n\t\t\t\n<div class=\"wpb_text_column wpb_content_element\" >\n\t<div class=\"wpb_wrapper\">\n\t\t<p>DMAE, acid glicolic, siliciu organic, Filmexel &#8222;second skin&#8221;<\/p>\n<a class=\"nectar-button n-sc-button small accent-color has-icon regular-button\"  href=\"https:\/\/shop.cronosmed.ro\/en\/dictionar-de-ingrediente\/\" data-color-override=\"false\" data-hover-color-override=\"false\" data-hover-text-color-override=\"#fff\"><span>Dictionary of ingredients<\/span><i class=\"icon-button-arrow\"><\/i><\/a>\n\t<\/div>\n<\/div>\n\n\n\n\n\t\t<\/div> \n\t<\/div>\n\t<\/div> \n<\/div><\/div>\n\t\t\t<\/div> \n\t\t<\/div> \n\t<\/div> \n\t\t\t<\/div> \n\t\t<\/div>\n\t<\/div> \n<\/div><\/div>","protected":false},"excerpt":{"rendered":"<h4>Crem\u0103 pentru fermitate \u0219i lifting &#8211; cu DMAE, siliciu \u0219i Filmexel<\/h4>\n<ul>\n<li>Efect tensor de lifting prin stimulare muscular\u0103 \u0219i netezire &#8211; DMAE, Filmexel<\/li>\n<li>Stimuleaz\u0103 proliferarea fibroblastelor &#8211; DMAE<\/li>\n<li>Efect de restructurare a \u021besutului conjunctiv &#8211; lifting 3D, cu ajutorul siliciului organic<\/li>\n<li>Efect de peeling, regenerare \u0219i hidratare &#8211; acid glicolic<\/li>\n<li>Protec\u021bie &#8222;second skin&#8221; &#8211; Filmexel<\/li>\n<\/ul>\n<p>50 ml<\/p>","protected":false},"featured_media":2194,"template":"","meta":[],"product_cat":[124],"product_tag":[],"class_list":{"0":"post-2193","1":"product","2":"type-product","3":"status-publish","4":"has-post-thumbnail","6":"product_cat-produse-cosmetice","8":"first","9":"instock","10":"taxable","11":"shipping-taxable","12":"purchasable","13":"product-type-simple"},"_links":{"self":[{"href":"https:\/\/shop.cronosmed.ro\/en\/wp-json\/wp\/v2\/product\/2193","targetHints":{"allow":["GET"]}}],"collection":[{"href":"https:\/\/shop.cronosmed.ro\/en\/wp-json\/wp\/v2\/product"}],"about":[{"href":"https:\/\/shop.cronosmed.ro\/en\/wp-json\/wp\/v2\/types\/product"}],"wp:featuredmedia":[{"embeddable":true,"href":"https:\/\/shop.cronosmed.ro\/en\/wp-json\/wp\/v2\/media\/2194"}],"wp:attachment":[{"href":"https:\/\/shop.cronosmed.ro\/en\/wp-json\/wp\/v2\/media?parent=2193"}],"wp:term":[{"taxonomy":"product_cat","embeddable":true,"href":"https:\/\/shop.cronosmed.ro\/en\/wp-json\/wp\/v2\/product_cat?post=2193"},{"taxonomy":"product_tag","embeddable":true,"href":"https:\/\/shop.cronosmed.ro\/en\/wp-json\/wp\/v2\/product_tag?post=2193"}],"curies":[{"name":"wp","href":"https:\/\/api.w.org\/{rel}","templated":true}]}}