{"id":2195,"date":"2024-06-11T13:47:47","date_gmt":"2024-06-11T10:47:47","guid":{"rendered":"https:\/\/shop.cronosmed.ro\/?post_type=product&#038;p=2195"},"modified":"2024-10-09T10:02:29","modified_gmt":"2024-10-09T07:02:29","slug":"mediderma-redness-controlaa-sensitive-cream-with-azelaic-acid-azeloglycinecrema-cu-acid-azelaic-si-azeloglicina","status":"publish","type":"product","link":"https:\/\/shop.cronosmed.ro\/en\/product\/mediderma-redness-controlaa-sensitive-cream-with-azelaic-acid-azeloglycinecrema-cu-acid-azelaic-si-azeloglicina\/","title":{"rendered":"MEDIDERMA REDNESS CONTROL A&amp;A Sensitive Cream with azelaic acid &amp; azeloglycine Crem\u0103 piele sensibil\u0103 \u0219i uscat\u0103"},"content":{"rendered":"<div id=\"fws_69e39ad36d070\"  data-column-margin=\"default\" data-midnight=\"dark\"  class=\"wpb_row vc_row-fluid vc_row\"  style=\"padding-top: 0px; padding-bottom: 0px; \"><div class=\"row-bg-wrap\" data-bg-animation=\"none\" data-bg-animation-delay=\"\" data-bg-overlay=\"false\"><div class=\"inner-wrap row-bg-layer\" ><div class=\"row-bg viewport-desktop\"  style=\"\"><\/div><\/div><\/div><div class=\"row_col_wrap_12 col span_12 dark left\">\n\t<div  class=\"vc_col-sm-12 wpb_column column_container vc_column_container col no-extra-padding inherit_tablet inherit_phone\"  data-padding-pos=\"all\" data-has-bg-color=\"false\" data-bg-color=\"\" data-bg-opacity=\"1\" data-animation=\"\" data-delay=\"0\" >\n\t\t<div class=\"vc_column-inner\" >\n\t\t\t<div class=\"wpb_wrapper\">\n\t\t\t\t\n\t<div class=\"wpb_content_element\" data-interval=\"0\">\n\t\t<div class=\"wpb_wrapper tabbed clearfix\" data-style=\"material\" data-animation=\"fade\" data-spacing=\"default\" data-icon-size=\"24\" data-full-width-line=\"\" data-color-scheme=\"accent-color\" data-alignment=\"left\">\n\t\t\t<ul class=\"wpb_tabs_nav ui-tabs-nav clearfix\"><li class=\"tab-item active-tab\"><a role=\"button\" href=\"#tab-1728053719251-3\" class=\"active-tab\"><span>Details<\/span><\/a><\/li><li class=\"tab-item\"><a role=\"button\" href=\"#tab-1728053719293-7\" ><span>Use<\/span><\/a><\/li><li class=\"tab-item\"><a role=\"button\" href=\"#tab-1728053719315-0\" ><span>Apply<\/span><\/a><\/li><li class=\"tab-item\"><a role=\"button\" href=\"#tab-1728053719345-2\" ><span>Ingredient<\/span><\/a><\/li><\/ul>\n\n\t\t\t\n\t\t\t<div id=\"tab-detalii\" data-tab-icon=\"\" class=\"wpb_tab ui-tabs-panel wpb_ui-tabs-hide clearfix\">\n\t\t\t\t<div id=\"fws_69e39ad36dfc3\" data-midnight=\"\" data-column-margin=\"default\" class=\"wpb_row vc_row-fluid vc_row inner_row vc_row-o-equal-height vc_row-flex vc_row-o-content-middle\"  style=\"\"><div class=\"row-bg-wrap\"> <div class=\"row-bg\" ><\/div> <\/div><div class=\"row_col_wrap_12_inner col span_12  left\">\n\t<div  class=\"vc_col-sm-12 wpb_column column_container vc_column_container col child_column no-extra-padding inherit_tablet inherit_phone\"   data-padding-pos=\"all\" data-has-bg-color=\"false\" data-bg-color=\"\" data-bg-opacity=\"1\" data-animation=\"\" data-delay=\"0\" >\n\t\t<div class=\"vc_column-inner\" >\n\t\t<div class=\"wpb_wrapper\">\n\t\t\t\n<div class=\"wpb_text_column wpb_content_element\" >\n\t<div class=\"wpb_wrapper\">\n\t\t<p>\u00cengrijire zilnic\u0103 pentru pielea uscat\u0103 \u0219i sensibil\u0103, pentru pielea cu ro\u0219ea\u021b\u0103 sau pentru pielea predispus\u0103 la cuperoz\u0103.<\/p>\n<p>Azeloglicina este o form\u0103 derivat\u0103 a acidului azelaic, care ac\u021bioneaz\u0103 mai delicat, f\u0103r\u0103 a irit\u0103 epiderma. Creeaz\u0103 un strat protector \u0219i scap\u0103 pielea de excesul de sebum. Uleiul de armurariu are un efect rejuvenant. Vitaminele protejeaz\u0103 \u00eempotriva razelor solare d\u0103un\u0103toare \u0219i, de asemenea, hr\u0103nesc pielea. Acidul tranexamic poate preveni \u0219i bloca procesele de pigmentare \u0219i apari\u021bia petelor \u0219i a nuan\u021bei neuniforme al pielii. Ajut\u0103, de asemenea, la re\u00eennoirea, iluminarea \u0219i uniformizarea tonului pielii.<\/p>\n<p>Acidul hialuronic hidrateaz\u0103 \u0219i re\u00eennoie\u0219te pielea. Sus\u021bine elasticitatea \u0219i tinere\u021bea pielii.<\/p>\n<p>Con\u021bine vitamina A (retinol), care are un efect antioxidant, inhib\u0103 dezvoltarea radicalilor liberi, stimuleaz\u0103 product\u021bia de colagen \u0219i elastin\u0103.<\/p>\n<p>Niacinamida (vitamina B3) cre\u0219te elasticitatea, neteze\u0219te ridurile \u0219i lupt\u0103 \u00eempotriva radicalilor liberi.<\/p>\n<p>Datorit\u0103 compozi\u021biei sale, crema de fa\u021b\u0103 anti-ro\u0219ea\u021b\u0103 hidrateaz\u0103 \u00een profunzime, amelior\u00e2nd senza\u021bia de usc\u0103ciune, ajut\u0103 la reechilibrarea func\u021biei de barier\u0103 a pielii prin aportul de acizi gra\u0219i esen\u021biali care o \u00eent\u0103resc \u00eempotriva agresiunilor externe, \u00eembun\u0103t\u0103\u021be\u0219te microcircula\u021bia, calmeaz\u0103 eritemul, reduce ro\u0219ea\u021ba \u0219i estompeaz\u0103 pigmentarea pielii.<\/p>\n\t<\/div>\n<\/div>\n\n\n\n\n\t\t<\/div> \n\t<\/div>\n\t<\/div> \n<\/div><\/div>\n\t\t\t<\/div> \n\t\t\t<div id=\"tab-utilizare\" data-tab-icon=\"\" class=\"wpb_tab ui-tabs-panel wpb_ui-tabs-hide clearfix\">\n\t\t\t\t<div id=\"fws_69e39ad36ea1e\" data-midnight=\"\" data-column-margin=\"default\" class=\"wpb_row vc_row-fluid vc_row inner_row\"  style=\"\"><div class=\"row-bg-wrap\"> <div class=\"row-bg\" ><\/div> <\/div><div class=\"row_col_wrap_12_inner col span_12  left\">\n\t<div  class=\"vc_col-sm-12 wpb_column column_container vc_column_container col child_column no-extra-padding inherit_tablet inherit_phone\"   data-padding-pos=\"all\" data-has-bg-color=\"false\" data-bg-color=\"\" data-bg-opacity=\"1\" data-animation=\"\" data-delay=\"0\" >\n\t\t<div class=\"vc_column-inner\" >\n\t\t<div class=\"wpb_wrapper\">\n\t\t\t\n<div class=\"wpb_text_column wpb_content_element\" >\n\t<div class=\"wpb_wrapper\">\n\t\t<p>Sensitive skin<\/p>\n\t<\/div>\n<\/div>\n\n\n\n\n\t\t<\/div> \n\t<\/div>\n\t<\/div> \n<\/div><\/div>\n\t\t\t<\/div> \n\t\t\t<div id=\"tab-aplicare\" data-tab-icon=\"\" class=\"wpb_tab ui-tabs-panel wpb_ui-tabs-hide clearfix\">\n\t\t\t\t<div id=\"fws_69e39ad36f218\" data-midnight=\"\" data-column-margin=\"default\" class=\"wpb_row vc_row-fluid vc_row inner_row\"  style=\"\"><div class=\"row-bg-wrap\"> <div class=\"row-bg\" ><\/div> <\/div><div class=\"row_col_wrap_12_inner col span_12  left\">\n\t<div  class=\"vc_col-sm-12 wpb_column column_container vc_column_container col child_column no-extra-padding inherit_tablet inherit_phone\"   data-padding-pos=\"all\" data-has-bg-color=\"false\" data-bg-color=\"\" data-bg-opacity=\"1\" data-animation=\"\" data-delay=\"0\" >\n\t\t<div class=\"vc_column-inner\" >\n\t\t<div class=\"wpb_wrapper\">\n\t\t\t\n<div class=\"wpb_text_column wpb_content_element\" >\n\t<div class=\"wpb_wrapper\">\n\t\t<p>Aplica\u021bi diminea\u021ba \u0219i seara, cu un masaj u\u0219or, p\u00e2n\u0103 la absorb\u021bia complet\u0103. Se aplic\u0103 dup\u0103 ce fa\u021ba a fost cur\u0103\u021bat\u0103.<\/p>\n\t<\/div>\n<\/div>\n\n\n\n\n\t\t<\/div> \n\t<\/div>\n\t<\/div> \n<\/div><\/div>\n\t\t\t<\/div> \n\t\t\t<div id=\"tab-ingrediente\" data-tab-icon=\"\" class=\"wpb_tab ui-tabs-panel wpb_ui-tabs-hide clearfix\">\n\t\t\t\t<div id=\"fws_69e39ad36f9dc\" data-midnight=\"\" data-column-margin=\"default\" class=\"wpb_row vc_row-fluid vc_row inner_row\"  style=\"\"><div class=\"row-bg-wrap\"> <div class=\"row-bg\" ><\/div> <\/div><div class=\"row_col_wrap_12_inner col span_12  left\">\n\t<div  class=\"vc_col-sm-12 wpb_column column_container vc_column_container col child_column no-extra-padding inherit_tablet inherit_phone\"   data-padding-pos=\"all\" data-has-bg-color=\"false\" data-bg-color=\"\" data-bg-opacity=\"1\" data-animation=\"\" data-delay=\"0\" >\n\t\t<div class=\"vc_column-inner\" >\n\t\t<div class=\"wpb_wrapper\">\n\t\t\t\n<div class=\"wpb_text_column wpb_content_element\" >\n\t<div class=\"wpb_wrapper\">\n\t\t<p>Azeloglicin\u0103 &amp; acid zelaic, silimarin\u0103 (= extract de armurariu &#8211; Milk Thistle), acid tranexamic, vitamina A, niacinamid\u0103<\/p>\n<a class=\"nectar-button n-sc-button small accent-color has-icon regular-button\"  href=\"https:\/\/shop.cronosmed.ro\/en\/dictionar-de-ingrediente\/\" data-color-override=\"false\" data-hover-color-override=\"false\" data-hover-text-color-override=\"#fff\"><span>Dictionary of ingredients<\/span><i class=\"icon-button-arrow\"><\/i><\/a>\n\t<\/div>\n<\/div>\n\n\n\n\n\t\t<\/div> \n\t<\/div>\n\t<\/div> \n<\/div><\/div>\n\t\t\t<\/div> \n\t\t<\/div> \n\t<\/div> \n\t\t\t<\/div> \n\t\t<\/div>\n\t<\/div> \n<\/div><\/div>","protected":false},"excerpt":{"rendered":"<h4>Crem\u0103 anti-cuperoz\u0103, ro\u0219ea\u021b\u0103, ten sensibil &#8211; cu acid azelaic \u0219i azeloglicin\u0103<\/h4>\n<ul>\n<li>Hidrateaz\u0103 \u00een profunzime \u0219i diminueaz\u0103 senza\u021bia de usc\u0103ciune.<\/li>\n<li>Ajut\u0103 la reechilibrarea barierei pielii &#8211; acizi gra\u0219i.<\/li>\n<li>Calmeaz\u0103 irita\u021biile \u0219i ro\u0219ea\u021ba.<\/li>\n<li>Blocheaz\u0103 defectele de pigmentare &#8211; acid tranexamic.<\/li>\n<li>Pielea se re\u00eennoie\u0219te &#8211; vitamina A, acid hialuronic.<\/li>\n<li>Cre\u0219te elasticitatea, neteze\u0219te ridurile &#8211; niacinamida.<\/li>\n<\/ul>\n<p>50 ml<\/p>","protected":false},"featured_media":2196,"template":"","meta":[],"product_cat":[124],"product_tag":[],"class_list":{"0":"post-2195","1":"product","2":"type-product","3":"status-publish","4":"has-post-thumbnail","6":"product_cat-produse-cosmetice","8":"first","9":"instock","10":"taxable","11":"shipping-taxable","12":"purchasable","13":"product-type-simple"},"_links":{"self":[{"href":"https:\/\/shop.cronosmed.ro\/en\/wp-json\/wp\/v2\/product\/2195","targetHints":{"allow":["GET"]}}],"collection":[{"href":"https:\/\/shop.cronosmed.ro\/en\/wp-json\/wp\/v2\/product"}],"about":[{"href":"https:\/\/shop.cronosmed.ro\/en\/wp-json\/wp\/v2\/types\/product"}],"wp:featuredmedia":[{"embeddable":true,"href":"https:\/\/shop.cronosmed.ro\/en\/wp-json\/wp\/v2\/media\/2196"}],"wp:attachment":[{"href":"https:\/\/shop.cronosmed.ro\/en\/wp-json\/wp\/v2\/media?parent=2195"}],"wp:term":[{"taxonomy":"product_cat","embeddable":true,"href":"https:\/\/shop.cronosmed.ro\/en\/wp-json\/wp\/v2\/product_cat?post=2195"},{"taxonomy":"product_tag","embeddable":true,"href":"https:\/\/shop.cronosmed.ro\/en\/wp-json\/wp\/v2\/product_tag?post=2195"}],"curies":[{"name":"wp","href":"https:\/\/api.w.org\/{rel}","templated":true}]}}