{"id":2197,"date":"2024-06-13T09:33:14","date_gmt":"2024-06-13T06:33:14","guid":{"rendered":"https:\/\/shop.cronosmed.ro\/?post_type=product&#038;p=2197"},"modified":"2024-10-10T06:38:11","modified_gmt":"2024-10-10T03:38:11","slug":"obagi-c-c-cleansinggel-with-vitamin-c-am-pmgel-2-in-1-de-curatare-si-ingrijire-ten","status":"publish","type":"product","link":"https:\/\/shop.cronosmed.ro\/en\/product\/obagi-c-c-cleansinggel-with-vitamin-c-am-pmgel-2-in-1-de-curatare-si-ingrijire-ten\/","title":{"rendered":"OBAGI-C C-CLEANSING GEL with vitamin C, AM PM 2in1 cleansing and skin care gel"},"content":{"rendered":"<div id=\"fws_6a06315e10aef\"  data-column-margin=\"default\" data-midnight=\"dark\"  class=\"wpb_row vc_row-fluid vc_row\"  style=\"padding-top: 0px; padding-bottom: 0px; \"><div class=\"row-bg-wrap\" data-bg-animation=\"none\" data-bg-animation-delay=\"\" data-bg-overlay=\"false\"><div class=\"inner-wrap row-bg-layer\" ><div class=\"row-bg viewport-desktop\"  style=\"\"><\/div><\/div><\/div><div class=\"row_col_wrap_12 col span_12 dark left\">\n\t<div  class=\"vc_col-sm-12 wpb_column column_container vc_column_container col no-extra-padding inherit_tablet inherit_phone\"  data-padding-pos=\"all\" data-has-bg-color=\"false\" data-bg-color=\"\" data-bg-opacity=\"1\" data-animation=\"\" data-delay=\"0\" >\n\t\t<div class=\"vc_column-inner\" >\n\t\t\t<div class=\"wpb_wrapper\">\n\t\t\t\t\n\t<div class=\"wpb_content_element\" data-interval=\"0\">\n\t\t<div class=\"wpb_wrapper tabbed clearfix\" data-style=\"material\" data-animation=\"fade\" data-spacing=\"default\" data-icon-size=\"24\" data-full-width-line=\"\" data-color-scheme=\"accent-color\" data-alignment=\"left\">\n\t\t\t<ul class=\"wpb_tabs_nav ui-tabs-nav clearfix\"><li class=\"tab-item active-tab\"><a role=\"button\" href=\"#tab-1728313484581-7\" class=\"active-tab\"><span>Details<\/span><\/a><\/li><li class=\"tab-item\"><a role=\"button\" href=\"#tab-1728313484651-3\" ><span>Use<\/span><\/a><\/li><li class=\"tab-item\"><a role=\"button\" href=\"#tab-1728313484676-9\" ><span>Apply<\/span><\/a><\/li><li class=\"tab-item\"><a role=\"button\" href=\"#tab-1728313484711-5\" ><span>Ingredient<\/span><\/a><\/li><\/ul>\n\n\t\t\t\n\t\t\t<div id=\"tab-detalii\" data-tab-icon=\"\" class=\"wpb_tab ui-tabs-panel wpb_ui-tabs-hide clearfix\">\n\t\t\t\t<div id=\"fws_6a06315e11a0a\" data-midnight=\"\" data-column-margin=\"default\" class=\"wpb_row vc_row-fluid vc_row inner_row vc_row-o-equal-height vc_row-flex vc_row-o-content-middle\"  style=\"\"><div class=\"row-bg-wrap\"> <div class=\"row-bg\" ><\/div> <\/div><div class=\"row_col_wrap_12_inner col span_12  left\">\n\t<div  class=\"vc_col-sm-12 wpb_column column_container vc_column_container col child_column no-extra-padding inherit_tablet inherit_phone\"   data-padding-pos=\"all\" data-has-bg-color=\"false\" data-bg-color=\"\" data-bg-opacity=\"1\" data-animation=\"\" data-delay=\"0\" >\n\t\t<div class=\"vc_column-inner\" >\n\t\t<div class=\"wpb_wrapper\">\n\t\t\t\n<div class=\"wpb_text_column wpb_content_element\" >\n\t<div class=\"wpb_wrapper\">\n\t\t<p>Obagi-C\u00ae Fx C-Cleansing Gel cu acid L-ascorbic (vitamina C) &#8211; produs de cur\u0103\u021bare 2 \u00een 1, ce \u00eendep\u0103rteaz\u0103 eficient machiajul, sebumul \u0219i murd\u0103ria, l\u0103s\u00e2nd pielea curat\u0103, \u00een timp ce vitamina C minimizeaz\u0103 semnele de \u00eemb\u0103tr\u00e2nire &#8211; tenul devine mai str\u0103lucitor, cu un aspect mai t\u00e2n\u0103r.<\/p>\n<p>Acidul L-ascorbic este tipul de vitamina C cu cea mai puternic\u0103 ac\u021biune.<br \/>\nVitamina C (acid L-ascorbic) are propriet\u0103\u021bi antioxidante, care ajut\u0103 la ap\u0103rarea pielii \u00eempotriva radicalilor liberi, reduce aspectul liniilor fine \u0219i al ridurilor \u0219i stimuleaz\u0103 produc\u021bia de colagen nou. Obagi-C\u00ae Fx C-Cleansing Extractul din frunze de Aloe Barbadensis hidrateaz\u0103 \u0219i face pielea mai catifelat\u0103, pentru a preveni uscarea excesiv\u0103. Formula nu las\u0103 reziduuri lipicioase pe piele, dup\u0103 utilizare.<\/p>\n<p>Gelul de cur\u0103\u021bare 2 \u00een 1 este un prim pas \u00een cadrul sistemului Obagi-C\u00ae Fx, preg\u0103tind pielea pentru a absorbi ingredientele active ale serumurilor \u0219i cremelor din rutina de \u00eengrijire a pielii, rezultatul fiind un ten luminos, uniform, cu str\u0103lucire natural\u0103.<\/p>\n<p>*pentru pielea gras\u0103 continua\u021bi cu Obagi-C\u00ae Fx C-Balancing Toner.<br \/>\n*pentru pielea uscat\u0103 continua\u021bi cu Obagi-C\u00ae Fx C-Exfoliating Day Lotion .<\/p>\n\t<\/div>\n<\/div>\n\n\n\n\n\t\t<\/div> \n\t<\/div>\n\t<\/div> \n<\/div><\/div>\n\t\t\t<\/div> \n\t\t\t<div id=\"tab-utilizare\" data-tab-icon=\"\" class=\"wpb_tab ui-tabs-panel wpb_ui-tabs-hide clearfix\">\n\t\t\t\t<div id=\"fws_6a06315e1251d\" data-midnight=\"\" data-column-margin=\"default\" class=\"wpb_row vc_row-fluid vc_row inner_row\"  style=\"\"><div class=\"row-bg-wrap\"> <div class=\"row-bg\" ><\/div> <\/div><div class=\"row_col_wrap_12_inner col span_12  left\">\n\t<div  class=\"vc_col-sm-12 wpb_column column_container vc_column_container col child_column no-extra-padding inherit_tablet inherit_phone\"   data-padding-pos=\"all\" data-has-bg-color=\"false\" data-bg-color=\"\" data-bg-opacity=\"1\" data-animation=\"\" data-delay=\"0\" >\n\t\t<div class=\"vc_column-inner\" >\n\t\t<div class=\"wpb_wrapper\">\n\t\t\t\n<div class=\"wpb_text_column wpb_content_element\" >\n\t<div class=\"wpb_wrapper\">\n\t\t<p>Ten uscat, Ten normal, Ten matur, Ten sensibil, Ten mixt, Ten pigmentat<\/p>\n\t<\/div>\n<\/div>\n\n\n\n\n\t\t<\/div> \n\t<\/div>\n\t<\/div> \n<\/div><\/div>\n\t\t\t<\/div> \n\t\t\t<div id=\"tab-aplicare\" data-tab-icon=\"\" class=\"wpb_tab ui-tabs-panel wpb_ui-tabs-hide clearfix\">\n\t\t\t\t<div id=\"fws_6a06315e12d87\" data-midnight=\"\" data-column-margin=\"default\" class=\"wpb_row vc_row-fluid vc_row inner_row\"  style=\"\"><div class=\"row-bg-wrap\"> <div class=\"row-bg\" ><\/div> <\/div><div class=\"row_col_wrap_12_inner col span_12  left\">\n\t<div  class=\"vc_col-sm-12 wpb_column column_container vc_column_container col child_column no-extra-padding inherit_tablet inherit_phone\"   data-padding-pos=\"all\" data-has-bg-color=\"false\" data-bg-color=\"\" data-bg-opacity=\"1\" data-animation=\"\" data-delay=\"0\" >\n\t\t<div class=\"vc_column-inner\" >\n\t\t<div class=\"wpb_wrapper\">\n\t\t\t\n<div class=\"wpb_text_column wpb_content_element\" >\n\t<div class=\"wpb_wrapper\">\n\t\t<p>Aplica\u021bi diminea\u021ba \u0219i seara, o cantitate mic\u0103 pe fa\u021b\u0103 \u0219i g\u00e2t cu v\u00e2rful degetelor umezite, freca\u021bi cu mi\u0219c\u0103ri circulare \u0219i cl\u0103ti\u021bi cu ap\u0103 c\u0103ldu\u021b\u0103. Usca\u021bi u\u0219or cu un prosop curat.<\/p>\n\t<\/div>\n<\/div>\n\n\n\n\n\t\t<\/div> \n\t<\/div>\n\t<\/div> \n<\/div><\/div>\n\t\t\t<\/div> \n\t\t\t<div id=\"tab-ingrediente\" data-tab-icon=\"\" class=\"wpb_tab ui-tabs-panel wpb_ui-tabs-hide clearfix\">\n\t\t\t\t<div id=\"fws_6a06315e1357e\" data-midnight=\"\" data-column-margin=\"default\" class=\"wpb_row vc_row-fluid vc_row inner_row\"  style=\"\"><div class=\"row-bg-wrap\"> <div class=\"row-bg\" ><\/div> <\/div><div class=\"row_col_wrap_12_inner col span_12  left\">\n\t<div  class=\"vc_col-sm-12 wpb_column column_container vc_column_container col child_column no-extra-padding inherit_tablet inherit_phone\"   data-padding-pos=\"all\" data-has-bg-color=\"false\" data-bg-color=\"\" data-bg-opacity=\"1\" data-animation=\"\" data-delay=\"0\" >\n\t\t<div class=\"vc_column-inner\" >\n\t\t<div class=\"wpb_wrapper\">\n\t\t\t\n<div class=\"wpb_text_column wpb_content_element\" >\n\t<div class=\"wpb_wrapper\">\n\t\t<p>Vitamina C, Aloe Vera<\/p>\n<p><strong>Ingrediente INCI:<\/strong><\/p>\n<p>Purified water, sodium lauroyl oat amino acids, cocamidopropyl betaine, sodium laureth sulfate, aloe barbadensis leaf juice, medicago sativa (alfalfa) extract, borago officinalis (borage) extract, chamomilla recutita (matricaria) flower extract, sodium chloride, saponins, xanthan gum, L-ascorbic acid (vitamin C), phenoxyethanol, methylparaben, ethylparaben, butylparaben, propylparaben, isobutylparaben, glycerin, fragrance, D&amp;C red no. 33, FD&amp;C yellow no. 5<\/p>\n<a class=\"nectar-button n-sc-button small accent-color has-icon regular-button\"  href=\"https:\/\/shop.cronosmed.ro\/en\/dictionar-de-ingrediente\/\" data-color-override=\"false\" data-hover-color-override=\"false\" data-hover-text-color-override=\"#fff\"><span>Dictionary of ingredients<\/span><i class=\"icon-button-arrow\"><\/i><\/a>\n\t<\/div>\n<\/div>\n\n\n\n\n\t\t<\/div> \n\t<\/div>\n\t<\/div> \n<\/div><\/div>\n\t\t\t<\/div> \n\t\t<\/div> \n\t<\/div> \n\t\t\t<\/div> \n\t\t<\/div>\n\t<\/div> \n<\/div><\/div>","protected":false},"excerpt":{"rendered":"<h4>Gel 2 \u00een 1 de cur\u0103\u021bare \u0219i \u00eengrijire ten ce elimin\u0103 eficient dar delicat murd\u0103ria \u0219i machiajul &#8211; cu vitamina C \u0219i Aloe Vera<\/h4>\n<ul>\n<li>Delicat cu pielea, \u00eendep\u0103rteaz\u0103 eficient machiajul, reziduurile de ulei, murd\u0103ria \u0219i impurit\u0103\u021bile.<\/li>\n<li>D\u0103 pielii o str\u0103lucire natural\u0103 &#8211; Vitamina C.<\/li>\n<li>Hidrateaz\u0103 \u0219i face pielea mai catifelat\u0103 &#8211; Aloe Vera.<\/li>\n<li>Protejeaz\u0103 \u00eempotriva radicalilor liberi \u0219i promoveaz\u0103 produc\u021bia de colagen &#8211; Vitamina C \/ acid L-ascorbic.<\/li>\n<\/ul>\n<p>177 ml<\/p>","protected":false},"featured_media":2198,"template":"","meta":[],"product_cat":[124],"product_tag":[],"class_list":{"0":"post-2197","1":"product","2":"type-product","3":"status-publish","4":"has-post-thumbnail","6":"product_cat-produse-cosmetice","8":"first","9":"instock","10":"taxable","11":"shipping-taxable","12":"purchasable","13":"product-type-simple"},"_links":{"self":[{"href":"https:\/\/shop.cronosmed.ro\/en\/wp-json\/wp\/v2\/product\/2197","targetHints":{"allow":["GET"]}}],"collection":[{"href":"https:\/\/shop.cronosmed.ro\/en\/wp-json\/wp\/v2\/product"}],"about":[{"href":"https:\/\/shop.cronosmed.ro\/en\/wp-json\/wp\/v2\/types\/product"}],"wp:featuredmedia":[{"embeddable":true,"href":"https:\/\/shop.cronosmed.ro\/en\/wp-json\/wp\/v2\/media\/2198"}],"wp:attachment":[{"href":"https:\/\/shop.cronosmed.ro\/en\/wp-json\/wp\/v2\/media?parent=2197"}],"wp:term":[{"taxonomy":"product_cat","embeddable":true,"href":"https:\/\/shop.cronosmed.ro\/en\/wp-json\/wp\/v2\/product_cat?post=2197"},{"taxonomy":"product_tag","embeddable":true,"href":"https:\/\/shop.cronosmed.ro\/en\/wp-json\/wp\/v2\/product_tag?post=2197"}],"curies":[{"name":"wp","href":"https:\/\/api.w.org\/{rel}","templated":true}]}}