{"id":2214,"date":"2024-06-13T10:16:58","date_gmt":"2024-06-13T07:16:58","guid":{"rendered":"https:\/\/shop.cronosmed.ro\/?post_type=product&#038;p=2214"},"modified":"2024-10-10T06:40:31","modified_gmt":"2024-10-10T03:40:31","slug":"obagi-c-fx-systemskin-brightening-pack-with-arbutin-normal-oilyset-5-produse-luminozitate-ten-normal-gras","status":"publish","type":"product","link":"https:\/\/shop.cronosmed.ro\/en\/product\/obagi-c-fx-systemskin-brightening-pack-with-arbutin-normal-oilyset-5-produse-luminozitate-ten-normal-gras\/","title":{"rendered":"OBAGI-C Fx-SYSTEMSKIN BRIGHTENING Pack with Arbutin &#8211; Normal Oily Set 5 produse luminozitate ten normal-gras"},"content":{"rendered":"<div id=\"fws_6a062ab57e232\"  data-column-margin=\"default\" data-midnight=\"dark\"  class=\"wpb_row vc_row-fluid vc_row\"  style=\"padding-top: 0px; padding-bottom: 0px; \"><div class=\"row-bg-wrap\" data-bg-animation=\"none\" data-bg-animation-delay=\"\" data-bg-overlay=\"false\"><div class=\"inner-wrap row-bg-layer\" ><div class=\"row-bg viewport-desktop\"  style=\"\"><\/div><\/div><\/div><div class=\"row_col_wrap_12 col span_12 dark left\">\n\t<div  class=\"vc_col-sm-12 wpb_column column_container vc_column_container col no-extra-padding inherit_tablet inherit_phone\"  data-padding-pos=\"all\" data-has-bg-color=\"false\" data-bg-color=\"\" data-bg-opacity=\"1\" data-animation=\"\" data-delay=\"0\" >\n\t\t<div class=\"vc_column-inner\" >\n\t\t\t<div class=\"wpb_wrapper\">\n\t\t\t\t\n\t<div class=\"wpb_content_element\" data-interval=\"0\">\n\t\t<div class=\"wpb_wrapper tabbed clearfix\" data-style=\"material\" data-animation=\"fade\" data-spacing=\"default\" data-icon-size=\"24\" data-full-width-line=\"\" data-color-scheme=\"accent-color\" data-alignment=\"left\">\n\t\t\t<ul class=\"wpb_tabs_nav ui-tabs-nav clearfix\"><li class=\"tab-item active-tab\"><a role=\"button\" href=\"#tab-1728326431589-8\" class=\"active-tab\"><span>Details<\/span><\/a><\/li><li class=\"tab-item\"><a role=\"button\" href=\"#tab-1728326431667-10\" ><span>Use<\/span><\/a><\/li><li class=\"tab-item\"><a role=\"button\" href=\"#tab-1728326431698-1\" ><span>Apply<\/span><\/a><\/li><li class=\"tab-item\"><a role=\"button\" href=\"#tab-1728326431733-9\" ><span>Ingredient<\/span><\/a><\/li><\/ul>\n\n\t\t\t\n\t\t\t<div id=\"tab-detalii\" data-tab-icon=\"\" class=\"wpb_tab ui-tabs-panel wpb_ui-tabs-hide clearfix\">\n\t\t\t\t<div id=\"fws_6a062ab57f1c8\" data-midnight=\"\" data-column-margin=\"default\" class=\"wpb_row vc_row-fluid vc_row inner_row vc_row-o-equal-height vc_row-flex vc_row-o-content-middle\"  style=\"\"><div class=\"row-bg-wrap\"> <div class=\"row-bg\" ><\/div> <\/div><div class=\"row_col_wrap_12_inner col span_12  left\">\n\t<div  class=\"vc_col-sm-6 wpb_column column_container vc_column_container col child_column no-extra-padding inherit_tablet inherit_phone\"   data-padding-pos=\"all\" data-has-bg-color=\"false\" data-bg-color=\"\" data-bg-opacity=\"1\" data-animation=\"\" data-delay=\"0\" >\n\t\t<div class=\"vc_column-inner\" >\n\t\t<div class=\"wpb_wrapper\">\n\t\t\t\n<div class=\"wpb_text_column wpb_content_element\" >\n\t<div class=\"wpb_wrapper\">\n\t\t<ul>\n<li><strong>Obagi-C\u00ae Fx C-Cleansing Gel 180 ml<\/strong> cu acid L-ascorbic (vitamina C) &#8211; gel de cur\u0103\u021bare 2 \u00een 1, ce \u00eendep\u0103rteaz\u0103 eficient machiajul, sebumul \u0219i murd\u0103ria, l\u0103s\u00e2nd pielea curat\u0103, \u00een timp ce vitamina C minimizeaz\u0103 semnele de \u00eemb\u0103tr\u00e2nire &#8211; tenul devine mai str\u0103lucitor, cu un aspect mai t\u00e2n\u0103r. Extractul din frunze de Aloe Vera hidrateaz\u0103 \u0219i face pielea mai catifelat\u0103.<\/li>\n<li><strong>Obagi-C Balancing Toner 198 ml<\/strong> cu hamamelis \u0219i Aloe Vera &#8211; Lo\u021biune tonic\u0103 (toner) f\u0103r\u0103 alcool pentru echilibrarea pH-ului tenului normal p\u00e2n\u0103 la gras.<\/li>\n<li><strong>Obagi-C Clarifying Serum 30ml<\/strong> cu 4% Arbutin \u0219i 10% vitamina C &#8211; Ser depigmentare \u0219i antioxidant pentru luminozitatea pielii.<\/li>\n<li><strong>Obagi-C Night Cream 57g<\/strong> cu arbutin\u0103, vitamina C \u0219i E &#8211; Crem\u0103 de noapte pentru hidratare \u0219i luminozitate ten.<\/li>\n<li><strong>Obagi Sun Shield Matte SPF 50 85g<\/strong> cu spectru larg: filtru fizic (mineral) \u0219i filtre chimice &#8211; Lo\u021biune de protec\u021bie solar\u0103 SPF 50, UVA \u0219i UVB . Finisaj mat, pentru a reduce str\u0103lucirea inestetic\u0103.<\/li>\n<\/ul>\n\t<\/div>\n<\/div>\n\n\n\n\n\t\t<\/div> \n\t<\/div>\n\t<\/div> \n\n\t<div  class=\"vc_col-sm-6 wpb_column column_container vc_column_container col child_column no-extra-padding inherit_tablet inherit_phone\"   data-padding-pos=\"all\" data-has-bg-color=\"false\" data-bg-color=\"\" data-bg-opacity=\"1\" data-animation=\"\" data-delay=\"0\" >\n\t\t<div class=\"vc_column-inner\" >\n\t\t<div class=\"wpb_wrapper\">\n\t\t\t\n\t<div class=\"wpb_video_widget wpb_content_element vc_clearfix   vc_video-aspect-ratio-169 vc_video-el-width-100 vc_video-align-left\" >\n\t\t<div class=\"wpb_wrapper\">\n\t\t\t\n\t\t\t<div class=\"wpb_video_wrapper\"><iframe loading=\"lazy\" title=\"Obagi-C\u00ae Fx System  |  Combines Vitamin C &amp; Arbutin to Enhance the Appearance of Even Skin Tone\" width=\"500\" height=\"281\" src=\"https:\/\/www.youtube.com\/embed\/nZldaHw4axQ?feature=oembed\" frameborder=\"0\" allow=\"accelerometer; autoplay; clipboard-write; encrypted-media; gyroscope; picture-in-picture; web-share\" referrerpolicy=\"strict-origin-when-cross-origin\" allowfullscreen><\/iframe><\/div>\n\t\t<\/div>\n\t<\/div>\n\n\t\t<\/div> \n\t<\/div>\n\t<\/div> \n<\/div><\/div>\n\t\t\t<\/div> \n\t\t\t<div id=\"tab-utilizare\" data-tab-icon=\"\" class=\"wpb_tab ui-tabs-panel wpb_ui-tabs-hide clearfix\">\n\t\t\t\t<div id=\"fws_6a062ab580d8e\" data-midnight=\"\" data-column-margin=\"default\" class=\"wpb_row vc_row-fluid vc_row inner_row\"  style=\"\"><div class=\"row-bg-wrap\"> <div class=\"row-bg\" ><\/div> <\/div><div class=\"row_col_wrap_12_inner col span_12  left\">\n\t<div  class=\"vc_col-sm-12 wpb_column column_container vc_column_container col child_column no-extra-padding inherit_tablet inherit_phone\"   data-padding-pos=\"all\" data-has-bg-color=\"false\" data-bg-color=\"\" data-bg-opacity=\"1\" data-animation=\"\" data-delay=\"0\" >\n\t\t<div class=\"vc_column-inner\" >\n\t\t<div class=\"wpb_wrapper\">\n\t\t\t\n<div class=\"wpb_text_column wpb_content_element\" >\n\t<div class=\"wpb_wrapper\">\n\t\t<p>Ten normal, Ten uscat, Ten matur, Ten gras, Ten sensibil<\/p>\n\t<\/div>\n<\/div>\n\n\n\n\n\t\t<\/div> \n\t<\/div>\n\t<\/div> \n<\/div><\/div>\n\t\t\t<\/div> \n\t\t\t<div id=\"tab-aplicare\" data-tab-icon=\"\" class=\"wpb_tab ui-tabs-panel wpb_ui-tabs-hide clearfix\">\n\t\t\t\t<div id=\"fws_6a062ab581670\" data-midnight=\"\" data-column-margin=\"default\" class=\"wpb_row vc_row-fluid vc_row inner_row\"  style=\"\"><div class=\"row-bg-wrap\"> <div class=\"row-bg\" ><\/div> <\/div><div class=\"row_col_wrap_12_inner col span_12  left\">\n\t<div  class=\"vc_col-sm-12 wpb_column column_container vc_column_container col child_column no-extra-padding inherit_tablet inherit_phone\"   data-padding-pos=\"all\" data-has-bg-color=\"false\" data-bg-color=\"\" data-bg-opacity=\"1\" data-animation=\"\" data-delay=\"0\" >\n\t\t<div class=\"vc_column-inner\" >\n\t\t<div class=\"wpb_wrapper\">\n\t\t\t\n<div class=\"wpb_text_column wpb_content_element\" >\n\t<div class=\"wpb_wrapper\">\n\t\t<ul>\n<li><strong>Obagi-C\u00ae Fx C-Cleansing Gel 180 ml<\/strong><br \/>\nAplica\u021bi diminea\u021ba \u0219i seara, o cantitate mic\u0103 pe fa\u021b\u0103 \u0219i g\u00e2t cu v\u00e2rful degetelor umezite, freca\u021bi cu mi\u0219c\u0103ri circulare \u0219i cl\u0103ti\u021bi cu ap\u0103 c\u0103ldu\u021b\u0103. Usca\u021bi u\u0219or cu un prosop curat.<\/li>\n<li><strong>Obagi-C Balancing Toner 198 ml<\/strong><br \/>\nAplica\u021bi diminea\u021ba \u0219i seara, pe pielea curat\u0103. A\u0219eza\u021bi un tampon de bumbac peste pompi\u021b\u0103 \u0219i aplica\u021bi 3-4 pompe pentru a-l \u00eembiba. Aplica\u021bi pe \u00eentreaga fa\u021b\u0103 \u0219i pe g\u00e2t \u0219i l\u0103sa\u021bi s\u0103 se usuce \u00een mod natural. Nu cl\u0103ti\u021bi.<\/li>\n<li><strong>Obagi-C Clarifying Serum 30ml<\/strong><br \/>\nAplica\u021bi diminea\u021ba, pe piele dup\u0103 cur\u0103\u021bare \u0219i lo\u021biunea tonic\u0103. Pune\u021bi 5-7 pic\u0103turi de serum pe v\u00e2rfurile degetelor \u0219i masa\u021bi pielea. L\u0103sa\u021bi s\u0103 se absoarb\u0103 complet.<\/li>\n<li><strong>Obagi-C Night Cream 57g<\/strong><br \/>\nAplica\u021bi \u00een fiecare sear\u0103, pe pielea bine cur\u0103\u021bat\u0103, pe fa\u021b\u0103 \u0219i g\u00e2t. Masa\u021bi u\u0219or p\u00e2n\u0103 la absorb\u021bia complet\u0103.<\/li>\n<li><strong>Obagi Sun Shield Matte SPF 50 85g<\/strong><br \/>\nAplica\u021bi diminea\u021ba, dup\u0103 cur\u0103\u021bare \u0219i lo\u021biunea tonic\u0103., \u0219i dup\u0103 crem\u0103 sau serum, ca ultim pas \u00een rutina de \u00eengrijire a pielii.<br \/>\nMasa\u021bi pielea pentru a acoperi uniform \u00eentreaga fa\u021b\u0103 \u0219i g\u00e2tul. Dac\u0103 v\u0103 expune\u021bi la soare, reaplica\u021bi la fiecare 2 ore.<\/li>\n<\/ul>\n\t<\/div>\n<\/div>\n\n\n\n\n\t\t<\/div> \n\t<\/div>\n\t<\/div> \n<\/div><\/div>\n\t\t\t<\/div> \n\t\t\t<div id=\"tab-ingrediente\" data-tab-icon=\"\" class=\"wpb_tab ui-tabs-panel wpb_ui-tabs-hide clearfix\">\n\t\t\t\t<div id=\"fws_6a062ab5820dc\" data-midnight=\"\" data-column-margin=\"default\" class=\"wpb_row vc_row-fluid vc_row inner_row\"  style=\"\"><div class=\"row-bg-wrap\"> <div class=\"row-bg\" ><\/div> <\/div><div class=\"row_col_wrap_12_inner col span_12  left\">\n\t<div  class=\"vc_col-sm-12 wpb_column column_container vc_column_container col child_column no-extra-padding inherit_tablet inherit_phone\"   data-padding-pos=\"all\" data-has-bg-color=\"false\" data-bg-color=\"\" data-bg-opacity=\"1\" data-animation=\"\" data-delay=\"0\" >\n\t\t<div class=\"vc_column-inner\" >\n\t\t<div class=\"wpb_wrapper\">\n\t\t\t\n<div class=\"wpb_text_column wpb_content_element\" >\n\t<div class=\"wpb_wrapper\">\n\t\t<ul>\n<li><strong>Obagi-C\u00ae Fx C-Cleansing Gel 180 ml<\/strong><br \/>\nvitamina C, Aloe Vera<\/li>\n<li><strong>Obagi-C Balancing Toner 198 ml<\/strong><br \/>\nHamamelis, Aloe Vera<\/li>\n<li><strong>Obagi-C Clarifying Serum 30ml<\/strong><br \/>\narbutin, vitamina C<\/li>\n<li><strong>Obagi-C Night Cream 57g<\/strong><br \/>\nvitamina C, vitamina E, arbutin\u0103<\/li>\n<li><strong>Obagi Sun Shield Matte SPF 50 85g<\/strong><br \/>\nfiltre solare UVB chimice &#8211; octisalate, homosalate, filtru fizic mineral UVA \u0219i UVB- oxid de zinc<\/li>\n<\/ul>\n<a class=\"nectar-button n-sc-button small accent-color has-icon regular-button\"  href=\"https:\/\/shop.cronosmed.ro\/en\/dictionar-de-ingrediente\/\" data-color-override=\"false\" data-hover-color-override=\"false\" data-hover-text-color-override=\"#fff\"><span>Dictionary of ingredients<\/span><i class=\"icon-button-arrow\"><\/i><\/a>\n\t<\/div>\n<\/div>\n\n\n\n\n\t\t<\/div> \n\t<\/div>\n\t<\/div> \n<\/div><\/div>\n\t\t\t<\/div> \n\t\t<\/div> \n\t<\/div> \n\t\t\t<\/div> \n\t\t<\/div>\n\t<\/div> \n<\/div><\/div>","protected":false},"excerpt":{"rendered":"<h4>Set 5 produse depigmentare: gel 2 \u00een 1 de cur\u0103\u021bare 180 ml + lo\u021biune tonic\u0103 f\u0103r\u0103 alcool 198 ml + ser depigmentare 30 ml + crem\u0103 de noapte 57 g + lo\u021biune protec\u021bie solar\u0103 SPF 50 85 g<\/h4>\n<ul>\n<li>Ten mai neted, mai luminos, cu o nuan\u021b\u0103 mai uniform\u0103.<\/li>\n<li>\u00cendep\u0103rteaz\u0103 excesul de sebum acumulat, murd\u0103ria \u0219i impurit\u0103\u021bile din profunzimea porilor.<\/li>\n<li>Restabile\u0219te pH-ul natural al pielii.<\/li>\n<li>Estompeaz\u0103 petele pigmentare &#8211; Arbutin.<\/li>\n<li>Atenueaz\u0103 liniile fine \u0219i ridurile, stimuleaz\u0103 produc\u021bia de colagen &#8211; vitamina C\/ acid L-ascorbic.<\/li>\n<li>Hidrateaz\u0103 pielea<\/li>\n<li>Protejeaz\u0103 pielea \u00eempotriva razelor UVA \u0219i UVB<\/li>\n<\/ul>\n<p>180 ml+ 198 ml + 30 ml + 57 g + 85 g<\/p>","protected":false},"featured_media":2215,"template":"","meta":[],"product_cat":[124],"product_tag":[],"class_list":{"0":"post-2214","1":"product","2":"type-product","3":"status-publish","4":"has-post-thumbnail","6":"product_cat-produse-cosmetice","8":"first","9":"instock","10":"taxable","11":"shipping-taxable","12":"purchasable","13":"product-type-simple"},"_links":{"self":[{"href":"https:\/\/shop.cronosmed.ro\/en\/wp-json\/wp\/v2\/product\/2214","targetHints":{"allow":["GET"]}}],"collection":[{"href":"https:\/\/shop.cronosmed.ro\/en\/wp-json\/wp\/v2\/product"}],"about":[{"href":"https:\/\/shop.cronosmed.ro\/en\/wp-json\/wp\/v2\/types\/product"}],"wp:featuredmedia":[{"embeddable":true,"href":"https:\/\/shop.cronosmed.ro\/en\/wp-json\/wp\/v2\/media\/2215"}],"wp:attachment":[{"href":"https:\/\/shop.cronosmed.ro\/en\/wp-json\/wp\/v2\/media?parent=2214"}],"wp:term":[{"taxonomy":"product_cat","embeddable":true,"href":"https:\/\/shop.cronosmed.ro\/en\/wp-json\/wp\/v2\/product_cat?post=2214"},{"taxonomy":"product_tag","embeddable":true,"href":"https:\/\/shop.cronosmed.ro\/en\/wp-json\/wp\/v2\/product_tag?post=2214"}],"curies":[{"name":"wp","href":"https:\/\/api.w.org\/{rel}","templated":true}]}}