{"id":2335,"date":"2024-06-17T11:44:51","date_gmt":"2024-06-17T08:44:51","guid":{"rendered":"https:\/\/shop.cronosmed.ro\/?post_type=product&#038;p=2335"},"modified":"2024-10-10T08:23:57","modified_gmt":"2024-10-10T05:23:57","slug":"obagi-medical-suzanobagimdfoaming-cleanser-suitable-for-most-skin-typesspuma-de-curatare-inclusiv-pentru-ten-sensibil","status":"publish","type":"product","link":"https:\/\/shop.cronosmed.ro\/en\/product\/obagi-medical-suzanobagimdfoaming-cleanser-suitable-for-most-skin-typesspuma-de-curatare-inclusiv-pentru-ten-sensibil\/","title":{"rendered":"OBAGI-MEDICAL SUZANOBAGIMD FOAMING CLEANSER  suitable for most skin types Spum\u0103 de cur\u0103\u021bare antioxidant\u0103 ten normal \u0219i sensibil"},"content":{"rendered":"<div id=\"fws_6a062f83090ae\"  data-column-margin=\"default\" data-midnight=\"dark\"  class=\"wpb_row vc_row-fluid vc_row\"  style=\"padding-top: 0px; padding-bottom: 0px; \"><div class=\"row-bg-wrap\" data-bg-animation=\"none\" data-bg-animation-delay=\"\" data-bg-overlay=\"false\"><div class=\"inner-wrap row-bg-layer\" ><div class=\"row-bg viewport-desktop\"  style=\"\"><\/div><\/div><\/div><div class=\"row_col_wrap_12 col span_12 dark left\">\n\t<div  class=\"vc_col-sm-12 wpb_column column_container vc_column_container col no-extra-padding inherit_tablet inherit_phone\"  data-padding-pos=\"all\" data-has-bg-color=\"false\" data-bg-color=\"\" data-bg-opacity=\"1\" data-animation=\"\" data-delay=\"0\" >\n\t\t<div class=\"vc_column-inner\" >\n\t\t\t<div class=\"wpb_wrapper\">\n\t\t\t\t\n\t<div class=\"wpb_content_element\" data-interval=\"0\">\n\t\t<div class=\"wpb_wrapper tabbed clearfix\" data-style=\"material\" data-animation=\"fade\" data-spacing=\"default\" data-icon-size=\"24\" data-full-width-line=\"\" data-color-scheme=\"accent-color\" data-alignment=\"left\">\n\t\t\t<ul class=\"wpb_tabs_nav ui-tabs-nav clearfix\"><li class=\"tab-item active-tab\"><a role=\"button\" href=\"#tab-1728313120545-0\" class=\"active-tab\"><span>Details<\/span><\/a><\/li><li class=\"tab-item\"><a role=\"button\" href=\"#tab-1728313120592-2\" ><span>Use<\/span><\/a><\/li><li class=\"tab-item\"><a role=\"button\" href=\"#tab-1728313120634-2\" ><span>Apply<\/span><\/a><\/li><li class=\"tab-item\"><a role=\"button\" href=\"#tab-1728313120668-6\" ><span>Ingredient<\/span><\/a><\/li><\/ul>\n\n\t\t\t\n\t\t\t<div id=\"tab-detalii\" data-tab-icon=\"\" class=\"wpb_tab ui-tabs-panel wpb_ui-tabs-hide clearfix\">\n\t\t\t\t<div id=\"fws_6a062f8309df3\" data-midnight=\"\" data-column-margin=\"default\" class=\"wpb_row vc_row-fluid vc_row inner_row vc_row-o-equal-height vc_row-flex vc_row-o-content-top\"  style=\"\"><div class=\"row-bg-wrap\"> <div class=\"row-bg\" ><\/div> <\/div><div class=\"row_col_wrap_12_inner col span_12  left\">\n\t<div  class=\"vc_col-sm-12 wpb_column column_container vc_column_container col child_column no-extra-padding inherit_tablet inherit_phone\"   data-padding-pos=\"all\" data-has-bg-color=\"false\" data-bg-color=\"\" data-bg-opacity=\"1\" data-animation=\"\" data-delay=\"0\" >\n\t\t<div class=\"vc_column-inner\" >\n\t\t<div class=\"wpb_wrapper\">\n\t\t\t\n<div class=\"wpb_text_column wpb_content_element\" >\n\t<div class=\"wpb_wrapper\">\n\t\t<p>Spum\u0103 de cur\u0103\u021bare pentru ten sensibil ce \u00eendep\u0103rteaz\u0103 impurit\u0103\u021bile, sebumul \u0219i machiajul, cur\u0103\u021b\u00e2nd delicat, dar \u00een profunzime tenul. Formula sa unic\u0103 trateaz\u0103 probleme precum: apari\u021bia foto-\u00eemb\u0103tr\u00e2nirii, linii fine \u0219i riduri, textura aspr\u0103 a pielii, pielea sensibil\u0103, cu aspect tern. Spuma are Aloe Vera &#8211; ingredient recunoscut pentru propriet\u0103\u021bile sale de calmare a pielii, antioxidante \u0219i anti-bacteriene.<\/p>\n<p>Este \u00eembog\u0103\u021bit\u0103 cu antioxidan\u021bi, pentru a proteja pielea \u00eempotriva factorilor de stres viitor. Polifenolii din Aloe, sulforafanul din Brassica (broccoli) \u0219i bioflavonoidele din citrice ofer\u0103 un mix de antioxidan\u021bi puternici.<\/p>\n<p>Produs testat dermatologic, hipoalergenic. Nu con\u021bine parabeni sau parfum.<\/p>\n\t<\/div>\n<\/div>\n\n\n\n\n\t\t<\/div> \n\t<\/div>\n\t<\/div> \n<\/div><\/div>\n\t\t\t<\/div> \n\t\t\t<div id=\"tab-utilizare\" data-tab-icon=\"\" class=\"wpb_tab ui-tabs-panel wpb_ui-tabs-hide clearfix\">\n\t\t\t\t<div id=\"fws_6a062f830a78b\" data-midnight=\"\" data-column-margin=\"default\" class=\"wpb_row vc_row-fluid vc_row inner_row\"  style=\"\"><div class=\"row-bg-wrap\"> <div class=\"row-bg\" ><\/div> <\/div><div class=\"row_col_wrap_12_inner col span_12  left\">\n\t<div  class=\"vc_col-sm-12 wpb_column column_container vc_column_container col child_column no-extra-padding inherit_tablet inherit_phone\"   data-padding-pos=\"all\" data-has-bg-color=\"false\" data-bg-color=\"\" data-bg-opacity=\"1\" data-animation=\"\" data-delay=\"0\" >\n\t\t<div class=\"vc_column-inner\" >\n\t\t<div class=\"wpb_wrapper\">\n\t\t\t\n<div class=\"wpb_text_column wpb_content_element\" >\n\t<div class=\"wpb_wrapper\">\n\t\t<p>Ten uscat, Ten sensibil, Ten Normal, Ten Gras, Ten Mixt<\/p>\n\t<\/div>\n<\/div>\n\n\n\n\n\t\t<\/div> \n\t<\/div>\n\t<\/div> \n<\/div><\/div>\n\t\t\t<\/div> \n\t\t\t<div id=\"tab-aplicare\" data-tab-icon=\"\" class=\"wpb_tab ui-tabs-panel wpb_ui-tabs-hide clearfix\">\n\t\t\t\t<div id=\"fws_6a062f830afd4\" data-midnight=\"\" data-column-margin=\"default\" class=\"wpb_row vc_row-fluid vc_row inner_row\"  style=\"\"><div class=\"row-bg-wrap\"> <div class=\"row-bg\" ><\/div> <\/div><div class=\"row_col_wrap_12_inner col span_12  left\">\n\t<div  class=\"vc_col-sm-12 wpb_column column_container vc_column_container col child_column no-extra-padding inherit_tablet inherit_phone\"   data-padding-pos=\"all\" data-has-bg-color=\"false\" data-bg-color=\"\" data-bg-opacity=\"1\" data-animation=\"\" data-delay=\"0\" >\n\t\t<div class=\"vc_column-inner\" >\n\t\t<div class=\"wpb_wrapper\">\n\t\t\t\n<div class=\"wpb_text_column wpb_content_element\" >\n\t<div class=\"wpb_wrapper\">\n\t\t<p>Folosi\u021bi diminea\u021ba \u0219i seara. Umezi\u021bi tenul cu ap\u0103 c\u0103ldu\u021b\u0103, aplica\u021bi 2 pompi\u021be, masa\u021bi u\u0219or pe zona fe\u021bei \u0219i a g\u00e2tului. Cl\u0103ti\u021bi cu ap\u0103 c\u0103ldu\u021b\u0103 \u0219i usca\u021bi pielea.<\/p>\n\t<\/div>\n<\/div>\n\n\n\n\n\t\t<\/div> \n\t<\/div>\n\t<\/div> \n<\/div><\/div>\n\t\t\t<\/div> \n\t\t\t<div id=\"tab-ingrediente\" data-tab-icon=\"\" class=\"wpb_tab ui-tabs-panel wpb_ui-tabs-hide clearfix\">\n\t\t\t\t<div id=\"fws_6a062f830b822\" data-midnight=\"\" data-column-margin=\"default\" class=\"wpb_row vc_row-fluid vc_row inner_row\"  style=\"\"><div class=\"row-bg-wrap\"> <div class=\"row-bg\" ><\/div> <\/div><div class=\"row_col_wrap_12_inner col span_12  left\">\n\t<div  class=\"vc_col-sm-12 wpb_column column_container vc_column_container col child_column no-extra-padding inherit_tablet inherit_phone\"   data-padding-pos=\"all\" data-has-bg-color=\"false\" data-bg-color=\"\" data-bg-opacity=\"1\" data-animation=\"\" data-delay=\"0\" >\n\t\t<div class=\"vc_column-inner\" >\n\t\t<div class=\"wpb_wrapper\">\n\t\t\t\n<div class=\"wpb_text_column wpb_content_element\" >\n\t<div class=\"wpb_wrapper\">\n\t\t<p>Aloe Vera, Grapefruit \u0219i acid citric &#8211; vitamina C, Brassica Oleracea Italica &#8211; broccoli &#8211; vitaminele A,C,E, antioxidan\u021bi<\/p>\n<p><strong>Ingrediente INCI:<\/strong><\/p>\n<p>Aqua\/Water\/Eau, Sodium Lauroyl Methyl Isethionate, Propanediol, Cocamidopropyl Betaine, Sodium Methyl Oleoyl Taurate, Sodium Cocoyl Isethionate, Citrus Paradisi (Grapefruit) Peel Oil\/Citrus Paradisi Peel Oil, Polysorbate 20, Sodium Benzoate Sodium Chloride, Trisodium Ethylenediamine, Disuccinate, Citric Acid, Panthenol, Glycerin, Aloe Barbadensis Leaf Extract, Sodium PCA, Bioflavonoids, Brassica Oleracea Italica (Broccoli) Extract\/Brassica Oleracea Italica Extract, Methylchloroisothiazolinone, Methylisothiazolinone, Limonene, Benzisothiazolinone<\/p>\n<a class=\"nectar-button n-sc-button small accent-color has-icon regular-button\"  href=\"https:\/\/shop.cronosmed.ro\/en\/dictionar-de-ingrediente\/\" data-color-override=\"false\" data-hover-color-override=\"false\" data-hover-text-color-override=\"#fff\"><span>Dictionary of ingredients<\/span><i class=\"icon-button-arrow\"><\/i><\/a>\n\t<\/div>\n<\/div>\n\n\n\n\n\t\t<\/div> \n\t<\/div>\n\t<\/div> \n<\/div><\/div>\n\t\t\t<\/div> \n\t\t<\/div> \n\t<\/div> \n\t\t\t<\/div> \n\t\t<\/div>\n\t<\/div> \n<\/div><\/div>","protected":false},"excerpt":{"rendered":"<h4>Spum\u0103 de cur\u0103\u021bare inclusiv pentru ten sensibil &#8211; cu Aloe Vera, vitamina C<\/h4>\n<ul>\n<li>\u00cendep\u0103rteaz\u0103 murd\u0103ria, sebumul \u0219i machiajul de pe piele.<\/li>\n<li>Protejeaz\u0103 pielea \u00eempotriva \u00eemb\u0103tr\u00e2nirii &#8211;\u00a0 antioxidan\u021bi cu rol antiinflamator \u0219i anticancerigen: Aloe Vera, Broccoli, Acid citric.<\/li>\n<li>Non-iritant, hipoalergenic, nesensibilizant &#8211; F\u0103r\u0103 parabeni \u0219i coloran\u021bi sintetici.<\/li>\n<\/ul>\n<p>200 ml<\/p>","protected":false},"featured_media":2336,"template":"","meta":[],"product_cat":[124],"product_tag":[],"class_list":{"0":"post-2335","1":"product","2":"type-product","3":"status-publish","4":"has-post-thumbnail","6":"product_cat-produse-cosmetice","8":"first","9":"instock","10":"taxable","11":"shipping-taxable","12":"purchasable","13":"product-type-simple"},"_links":{"self":[{"href":"https:\/\/shop.cronosmed.ro\/en\/wp-json\/wp\/v2\/product\/2335","targetHints":{"allow":["GET"]}}],"collection":[{"href":"https:\/\/shop.cronosmed.ro\/en\/wp-json\/wp\/v2\/product"}],"about":[{"href":"https:\/\/shop.cronosmed.ro\/en\/wp-json\/wp\/v2\/types\/product"}],"wp:featuredmedia":[{"embeddable":true,"href":"https:\/\/shop.cronosmed.ro\/en\/wp-json\/wp\/v2\/media\/2336"}],"wp:attachment":[{"href":"https:\/\/shop.cronosmed.ro\/en\/wp-json\/wp\/v2\/media?parent=2335"}],"wp:term":[{"taxonomy":"product_cat","embeddable":true,"href":"https:\/\/shop.cronosmed.ro\/en\/wp-json\/wp\/v2\/product_cat?post=2335"},{"taxonomy":"product_tag","embeddable":true,"href":"https:\/\/shop.cronosmed.ro\/en\/wp-json\/wp\/v2\/product_tag?post=2335"}],"curies":[{"name":"wp","href":"https:\/\/api.w.org\/{rel}","templated":true}]}}