{"id":2341,"date":"2024-06-17T12:13:55","date_gmt":"2024-06-17T09:13:55","guid":{"rendered":"https:\/\/shop.cronosmed.ro\/?post_type=product&#038;p=2341"},"modified":"2024-10-11T13:38:58","modified_gmt":"2024-10-11T10:38:58","slug":"obagi-medical-suzanobagimdbalancing-toner-suitable-for-most-skin-typeslotiune-tonica-echilibrare-ph","status":"publish","type":"product","link":"https:\/\/shop.cronosmed.ro\/en\/product\/obagi-medical-suzanobagimdbalancing-toner-suitable-for-most-skin-typeslotiune-tonica-echilibrare-ph\/","title":{"rendered":"OBAGI-MEDICAL SUZANOBAGIMD<br>BALANCING TONER suitable for most skin types<br>pH balancing toning lotion"},"content":{"rendered":"<div id=\"fws_6a062d9961966\"  data-column-margin=\"default\" data-midnight=\"dark\"  class=\"wpb_row vc_row-fluid vc_row\"  style=\"padding-top: 0px; padding-bottom: 0px; \"><div class=\"row-bg-wrap\" data-bg-animation=\"none\" data-bg-animation-delay=\"\" data-bg-overlay=\"false\"><div class=\"inner-wrap row-bg-layer\" ><div class=\"row-bg viewport-desktop\"  style=\"\"><\/div><\/div><\/div><div class=\"row_col_wrap_12 col span_12 dark left\">\n\t<div  class=\"vc_col-sm-12 wpb_column column_container vc_column_container col no-extra-padding inherit_tablet inherit_phone\"  data-padding-pos=\"all\" data-has-bg-color=\"false\" data-bg-color=\"\" data-bg-opacity=\"1\" data-animation=\"\" data-delay=\"0\" >\n\t\t<div class=\"vc_column-inner\" >\n\t\t\t<div class=\"wpb_wrapper\">\n\t\t\t\t\n\t<div class=\"wpb_content_element\" data-interval=\"0\">\n\t\t<div class=\"wpb_wrapper tabbed clearfix\" data-style=\"material\" data-animation=\"fade\" data-spacing=\"default\" data-icon-size=\"24\" data-full-width-line=\"\" data-color-scheme=\"accent-color\" data-alignment=\"left\">\n\t\t\t<ul class=\"wpb_tabs_nav ui-tabs-nav clearfix\"><li class=\"tab-item active-tab\"><a role=\"button\" href=\"#tab-1727672639987-10\" class=\"active-tab\"><span>Details<\/span><\/a><\/li><li class=\"tab-item\"><a role=\"button\" href=\"#tab-1727672640023-6\" ><span>Use<\/span><\/a><\/li><li class=\"tab-item\"><a role=\"button\" href=\"#tab-1727672640063-3\" ><span>Apply<\/span><\/a><\/li><li class=\"tab-item\"><a role=\"button\" href=\"#tab-1727672640108-1\" ><span>Ingredient<\/span><\/a><\/li><\/ul>\n\n\t\t\t\n\t\t\t<div id=\"tab-detalii\" data-tab-icon=\"\" class=\"wpb_tab ui-tabs-panel wpb_ui-tabs-hide clearfix\">\n\t\t\t\t<div id=\"fws_6a062d9962748\" data-midnight=\"\" data-column-margin=\"default\" class=\"wpb_row vc_row-fluid vc_row inner_row vc_row-o-equal-height vc_row-flex vc_row-o-content-top\"  style=\"\"><div class=\"row-bg-wrap\"> <div class=\"row-bg\" ><\/div> <\/div><div class=\"row_col_wrap_12_inner col span_12  left\">\n\t<div  class=\"vc_col-sm-12 wpb_column column_container vc_column_container col child_column no-extra-padding inherit_tablet inherit_phone\"   data-padding-pos=\"all\" data-has-bg-color=\"false\" data-bg-color=\"\" data-bg-opacity=\"1\" data-animation=\"\" data-delay=\"0\" >\n\t\t<div class=\"vc_column-inner\" >\n\t\t<div class=\"wpb_wrapper\">\n\t\t\t\n<div class=\"wpb_text_column wpb_content_element\" >\n\t<div class=\"wpb_wrapper\">\n\t\t<p>Toner facial pentru echilibrarea PH-ului &#8211; \u00eenl\u0103tur\u0103 sebumul \u0219i impurit\u0103\u021bile, ajut\u0103 la echilibrarea PH-ului natural al pielii \u0219i minimizeaz\u0103 aspectul porilor. Hamamelis are propriet\u0103\u021bi antioxidante \u0219i de calmare a pielii sensibile \u0219i ajut\u0103 la \u00eendep\u0103rtarea sebumului \u00een exces.<\/p>\n<p>Testat dermatologic. Hipoalergenic. Fara parfum sau parabeni<br \/>\nPotrivit pentru toate tipurile de ten, inclusiv cel sensibil sau cu rozacee.<\/p>\n\t<\/div>\n<\/div>\n\n\n\n\n\t\t<\/div> \n\t<\/div>\n\t<\/div> \n<\/div><\/div>\n\t\t\t<\/div> \n\t\t\t<div id=\"tab-utilizare\" data-tab-icon=\"\" class=\"wpb_tab ui-tabs-panel wpb_ui-tabs-hide clearfix\">\n\t\t\t\t<div id=\"fws_6a062d9963121\" data-midnight=\"\" data-column-margin=\"default\" class=\"wpb_row vc_row-fluid vc_row inner_row\"  style=\"\"><div class=\"row-bg-wrap\"> <div class=\"row-bg\" ><\/div> <\/div><div class=\"row_col_wrap_12_inner col span_12  left\">\n\t<div  class=\"vc_col-sm-12 wpb_column column_container vc_column_container col child_column no-extra-padding inherit_tablet inherit_phone\"   data-padding-pos=\"all\" data-has-bg-color=\"false\" data-bg-color=\"\" data-bg-opacity=\"1\" data-animation=\"\" data-delay=\"0\" >\n\t\t<div class=\"vc_column-inner\" >\n\t\t<div class=\"wpb_wrapper\">\n\t\t\t\n<div class=\"wpb_text_column wpb_content_element\" >\n\t<div class=\"wpb_wrapper\">\n\t\t<p>Ten Mixt, Ten Uscat, Ten Normal, Ten Gras<\/p>\n\t<\/div>\n<\/div>\n\n\n\n\n\t\t<\/div> \n\t<\/div>\n\t<\/div> \n<\/div><\/div>\n\t\t\t<\/div> \n\t\t\t<div id=\"tab-aplicare\" data-tab-icon=\"\" class=\"wpb_tab ui-tabs-panel wpb_ui-tabs-hide clearfix\">\n\t\t\t\t<div id=\"fws_6a062d99639a8\" data-midnight=\"\" data-column-margin=\"default\" class=\"wpb_row vc_row-fluid vc_row inner_row\"  style=\"\"><div class=\"row-bg-wrap\"> <div class=\"row-bg\" ><\/div> <\/div><div class=\"row_col_wrap_12_inner col span_12  left\">\n\t<div  class=\"vc_col-sm-12 wpb_column column_container vc_column_container col child_column no-extra-padding inherit_tablet inherit_phone\"   data-padding-pos=\"all\" data-has-bg-color=\"false\" data-bg-color=\"\" data-bg-opacity=\"1\" data-animation=\"\" data-delay=\"0\" >\n\t\t<div class=\"vc_column-inner\" >\n\t\t<div class=\"wpb_wrapper\">\n\t\t\t\n<div class=\"wpb_text_column wpb_content_element\" >\n\t<div class=\"wpb_wrapper\">\n\t\t<p>Folosi\u021bi diminea\u021b\u0103 \u0219i sear\u0103, pe tenul cur\u0103\u021bat. Aplica\u021bi 2-3 pompi\u021be pe un disc demachiant. Tamponati zona fetei \u0219i a g\u00e2tului, evit\u00e2nd zona sensibil\u0103 din jurul ochilor.<\/p>\n<p>Dup\u0103 cur\u0103\u021barea tenului cu Foaming Cleanser, aplica\u021bi 2-3 pompite pe un disc demachiant. Permite\u021bi tenului s\u0103 se usuce \u00eenainte de aplicarea urm\u0103toarelor produse de \u00eengrijire.<\/p>\n\t<\/div>\n<\/div>\n\n\n\n\n\t\t<\/div> \n\t<\/div>\n\t<\/div> \n<\/div><\/div>\n\t\t\t<\/div> \n\t\t\t<div id=\"tab-ingrediente\" data-tab-icon=\"\" class=\"wpb_tab ui-tabs-panel wpb_ui-tabs-hide clearfix\">\n\t\t\t\t<div id=\"fws_6a062d99641e7\" data-midnight=\"\" data-column-margin=\"default\" class=\"wpb_row vc_row-fluid vc_row inner_row\"  style=\"\"><div class=\"row-bg-wrap\"> <div class=\"row-bg\" ><\/div> <\/div><div class=\"row_col_wrap_12_inner col span_12  left\">\n\t<div  class=\"vc_col-sm-12 wpb_column column_container vc_column_container col child_column no-extra-padding inherit_tablet inherit_phone\"   data-padding-pos=\"all\" data-has-bg-color=\"false\" data-bg-color=\"\" data-bg-opacity=\"1\" data-animation=\"\" data-delay=\"0\" >\n\t\t<div class=\"vc_column-inner\" >\n\t\t<div class=\"wpb_wrapper\">\n\t\t\t\n<div class=\"wpb_text_column wpb_content_element\" >\n\t<div class=\"wpb_wrapper\">\n\t\t<p>Hamamelis, glicerin\u0103, panthenol, Aloe Vera, Brassica Oleracea Italica &#8211; broccoli &#8211; vitaminele A,C,E, antioxidan\u021bi<\/p>\n<p><strong>Ingrediente INCI:<\/strong><\/p>\n<p>Aqua Water\/Eau, Pentylene Glycol, Hamamelis Virginiana (Witch Hazel) Water\/Hamamelis Virginiana Water, Glycerin, Propanediol, Ethoxydiglycol, 1,2-Hexanediol, Caprylyl Glycol, Polysorbate 20, Sodium PCA, Dipotassium Glycyrrhizate, Panthenol, Aloe Barbadensis Leaf Extract, Aloe Barbadensis Leaf Juice, Citrus Paradisi (Grapefruit) Peel Oil\/Citrus Paradisi Peel Oil, Phenoxyethanol, Biosaccharide Gum-1, Bioflavonoids, Brassica Oleracea Italica (Broccoli) Extract\/Brassica Oleracea Italica Extract, Benzoic Acid, Limonene<\/p>\n<a class=\"nectar-button n-sc-button small accent-color has-icon regular-button\"  href=\"https:\/\/shop.cronosmed.ro\/en\/dictionar-de-ingrediente\/\" data-color-override=\"false\" data-hover-color-override=\"false\" data-hover-text-color-override=\"#fff\"><span>Dictionary of ingredients<\/span><i class=\"icon-button-arrow\"><\/i><\/a>\n\t<\/div>\n<\/div>\n\n\n\n\n\t\t<\/div> \n\t<\/div>\n\t<\/div> \n<\/div><\/div>\n\t\t\t<\/div> \n\t\t<\/div> \n\t<\/div> \n\t\t\t<\/div> \n\t\t<\/div>\n\t<\/div> \n<\/div><\/div>","protected":false},"excerpt":{"rendered":"<h4>Lo\u021biune tonic\u0103 f\u0103r\u0103 alcool penru echilibrare pH &#8211; cu Hamamelis \u0219i Aloe Vera<\/h4>\n<ul>\n<li>Restabile\u0219te pH-ul natural al pielii, fiind \u00een acela\u0219i timp delicat cu pielea<\/li>\n<li>Hamamelisul minimizeaz\u0103 aspectul porilor \u0219i al pielii grase<\/li>\n<li>Include un trio de antioxidan\u021bi puternici, inclusiv polifenoli de aloe, sulforafan din Brassica (broccoli) \u0219i bioflavonoide din citrice<\/li>\n<li>Non-iritant. Hipoalergenic. Nesensibilizant. F\u0103r\u0103 parabeni \u0219i coloran\u021bi sintetici<\/li>\n<\/ul>\n<p>200 ml<\/p>","protected":false},"featured_media":2342,"template":"","meta":[],"product_cat":[124],"product_tag":[],"class_list":{"0":"post-2341","1":"product","2":"type-product","3":"status-publish","4":"has-post-thumbnail","6":"product_cat-produse-cosmetice","8":"first","9":"instock","10":"taxable","11":"shipping-taxable","12":"purchasable","13":"product-type-simple"},"_links":{"self":[{"href":"https:\/\/shop.cronosmed.ro\/en\/wp-json\/wp\/v2\/product\/2341","targetHints":{"allow":["GET"]}}],"collection":[{"href":"https:\/\/shop.cronosmed.ro\/en\/wp-json\/wp\/v2\/product"}],"about":[{"href":"https:\/\/shop.cronosmed.ro\/en\/wp-json\/wp\/v2\/types\/product"}],"wp:featuredmedia":[{"embeddable":true,"href":"https:\/\/shop.cronosmed.ro\/en\/wp-json\/wp\/v2\/media\/2342"}],"wp:attachment":[{"href":"https:\/\/shop.cronosmed.ro\/en\/wp-json\/wp\/v2\/media?parent=2341"}],"wp:term":[{"taxonomy":"product_cat","embeddable":true,"href":"https:\/\/shop.cronosmed.ro\/en\/wp-json\/wp\/v2\/product_cat?post=2341"},{"taxonomy":"product_tag","embeddable":true,"href":"https:\/\/shop.cronosmed.ro\/en\/wp-json\/wp\/v2\/product_tag?post=2341"}],"curies":[{"name":"wp","href":"https:\/\/api.w.org\/{rel}","templated":true}]}}