{"id":2365,"date":"2024-06-17T13:10:31","date_gmt":"2024-06-17T10:10:31","guid":{"rendered":"https:\/\/shop.cronosmed.ro\/?post_type=product&#038;p=2365"},"modified":"2024-10-10T08:27:42","modified_gmt":"2024-10-10T05:27:42","slug":"obagi-medical-sun-shieldmineral-sunscreen-lotion-broad-spectrum-spf-50-palotiune-de-protectie-solara","status":"publish","type":"product","link":"https:\/\/shop.cronosmed.ro\/en\/product\/obagi-medical-sun-shieldmineral-sunscreen-lotion-broad-spectrum-spf-50-palotiune-de-protectie-solara\/","title":{"rendered":"OBAGI-MEDICAL SUN SHIELD MINERAL Sunscreen Lotion &#8211; Broad Spectrum SPF 50 &#8211; PA++++ Lo\u021biune protec\u021bie solar\u0103 mineral\u0103"},"content":{"rendered":"<div id=\"fws_6a063cad830b3\"  data-column-margin=\"default\" data-midnight=\"dark\"  class=\"wpb_row vc_row-fluid vc_row\"  style=\"padding-top: 0px; padding-bottom: 0px; \"><div class=\"row-bg-wrap\" data-bg-animation=\"none\" data-bg-animation-delay=\"\" data-bg-overlay=\"false\"><div class=\"inner-wrap row-bg-layer\" ><div class=\"row-bg viewport-desktop\"  style=\"\"><\/div><\/div><\/div><div class=\"row_col_wrap_12 col span_12 dark left\">\n\t<div  class=\"vc_col-sm-12 wpb_column column_container vc_column_container col no-extra-padding inherit_tablet inherit_phone\"  data-padding-pos=\"all\" data-has-bg-color=\"false\" data-bg-color=\"\" data-bg-opacity=\"1\" data-animation=\"\" data-delay=\"0\" >\n\t\t<div class=\"vc_column-inner\" >\n\t\t\t<div class=\"wpb_wrapper\">\n\t\t\t\t\n\t<div class=\"wpb_content_element\" data-interval=\"0\">\n\t\t<div class=\"wpb_wrapper tabbed clearfix\" data-style=\"material\" data-animation=\"fade\" data-spacing=\"default\" data-icon-size=\"24\" data-full-width-line=\"\" data-color-scheme=\"accent-color\" data-alignment=\"left\">\n\t\t\t<ul class=\"wpb_tabs_nav ui-tabs-nav clearfix\"><li class=\"tab-item active-tab\"><a role=\"button\" href=\"#tab-1728315397273-6\" class=\"active-tab\"><span>Details<\/span><\/a><\/li><li class=\"tab-item\"><a role=\"button\" href=\"#tab-1728315397325-9\" ><span>Use<\/span><\/a><\/li><li class=\"tab-item\"><a role=\"button\" href=\"#tab-1728315397360-7\" ><span>Apply<\/span><\/a><\/li><li class=\"tab-item\"><a role=\"button\" href=\"#tab-1728315397398-2\" ><span>Ingredient<\/span><\/a><\/li><\/ul>\n\n\t\t\t\n\t\t\t<div id=\"tab-detalii\" data-tab-icon=\"\" class=\"wpb_tab ui-tabs-panel wpb_ui-tabs-hide clearfix\">\n\t\t\t\t<div id=\"fws_6a063cad8437b\" data-midnight=\"\" data-column-margin=\"default\" class=\"wpb_row vc_row-fluid vc_row inner_row vc_row-o-equal-height vc_row-flex vc_row-o-content-top\"  style=\"\"><div class=\"row-bg-wrap\"> <div class=\"row-bg\" ><\/div> <\/div><div class=\"row_col_wrap_12_inner col span_12  left\">\n\t<div  class=\"vc_col-sm-12 wpb_column column_container vc_column_container col child_column no-extra-padding inherit_tablet inherit_phone\"   data-padding-pos=\"all\" data-has-bg-color=\"false\" data-bg-color=\"\" data-bg-opacity=\"1\" data-animation=\"\" data-delay=\"0\" >\n\t\t<div class=\"vc_column-inner\" >\n\t\t<div class=\"wpb_wrapper\">\n\t\t\t\n<div class=\"wpb_text_column wpb_content_element\" >\n\t<div class=\"wpb_wrapper\">\n\t\t<p>Lo\u021biunea cu protec\u021bie solar\u0103 mineral\u0103 SPF 30 are o textura translucid\u0103 \u0219i se absoarbe rapid \u00een piele, fiind ideal\u0103 pentru pielea sensibil\u0103 post-proceduri estetice. Ofer\u0103 protec\u021bie complet\u0103 \u00eempotriva razelor UVA \u0219i UVB \u0219i protejeaz\u0103 \u00eempotriva razelor infraro\u0219ii IR \u0219i luminii HEV &#8211; lumina albastr\u0103 (solar\u0103 sau digital\u0103), care poate cauza \u00eemb\u0103tr\u00e2nirea prematur\u0103 a pielii. Recomandat\u0103 de Skin Cancer Foundation ca fiind eficient\u0103 \u00eempotriva efectelor nocive ale razelor solare.<\/p>\n<p>Aceast\u0103 crema cu SPF non-uleioas\u0103 ac\u021bioneaz\u0103 rapid pentru a oferi protec\u021bie fa\u021b\u0103 de razele d\u0103un\u0103toare UVA \u0219i UVB. Nou\u0103 formul\u0103 este infuzat\u0103 cu extract de c\u0103l\u021buna\u0219 (creson Indian) care datorit\u0103 activit\u0103\u021bii sale anti-tirozinaz\u0103, faciliteaz\u0103 reducerea intensit\u0103\u021bii petelor de \u00eemb\u0103tr\u00e2nire \u0219i duce la un ton mai deschis al pielii. \u00cen plus, protejeaz\u0103 \u00eempotriva razelor IR \u0219i luminii HEV.<\/p>\n<p>Oxid de Zinc 15.6% &#8211; ingredient activ ce r\u0103m\u00e2ne la suprafa\u021ba pielii \u0219i respinge razele solare d\u0103un\u0103toare, oferind protec\u021bie complet\u0103 UVA \u0219i UVB \u2013 cunoscut\u0103 sub numele de protec\u021bie cu spectru larg.<\/p>\n\t<\/div>\n<\/div>\n\n\n\n\n\t\t<\/div> \n\t<\/div>\n\t<\/div> \n<\/div><\/div>\n\t\t\t<\/div> \n\t\t\t<div id=\"tab-utilizare\" data-tab-icon=\"\" class=\"wpb_tab ui-tabs-panel wpb_ui-tabs-hide clearfix\">\n\t\t\t\t<div id=\"fws_6a063cad85220\" data-midnight=\"\" data-column-margin=\"default\" class=\"wpb_row vc_row-fluid vc_row inner_row\"  style=\"\"><div class=\"row-bg-wrap\"> <div class=\"row-bg\" ><\/div> <\/div><div class=\"row_col_wrap_12_inner col span_12  left\">\n\t<div  class=\"vc_col-sm-12 wpb_column column_container vc_column_container col child_column no-extra-padding inherit_tablet inherit_phone\"   data-padding-pos=\"all\" data-has-bg-color=\"false\" data-bg-color=\"\" data-bg-opacity=\"1\" data-animation=\"\" data-delay=\"0\" >\n\t\t<div class=\"vc_column-inner\" >\n\t\t<div class=\"wpb_wrapper\">\n\t\t\t\n<div class=\"wpb_text_column wpb_content_element\" >\n\t<div class=\"wpb_wrapper\">\n\t\t<p>Ten Mixt, Ten Uscat, Ten Normal, Ten Gras<\/p>\n\t<\/div>\n<\/div>\n\n\n\n\n\t\t<\/div> \n\t<\/div>\n\t<\/div> \n<\/div><\/div>\n\t\t\t<\/div> \n\t\t\t<div id=\"tab-aplicare\" data-tab-icon=\"\" class=\"wpb_tab ui-tabs-panel wpb_ui-tabs-hide clearfix\">\n\t\t\t\t<div id=\"fws_6a063cad85db1\" data-midnight=\"\" data-column-margin=\"default\" class=\"wpb_row vc_row-fluid vc_row inner_row\"  style=\"\"><div class=\"row-bg-wrap\"> <div class=\"row-bg\" ><\/div> <\/div><div class=\"row_col_wrap_12_inner col span_12  left\">\n\t<div  class=\"vc_col-sm-12 wpb_column column_container vc_column_container col child_column no-extra-padding inherit_tablet inherit_phone\"   data-padding-pos=\"all\" data-has-bg-color=\"false\" data-bg-color=\"\" data-bg-opacity=\"1\" data-animation=\"\" data-delay=\"0\" >\n\t\t<div class=\"vc_column-inner\" >\n\t\t<div class=\"wpb_wrapper\">\n\t\t\t\n<div class=\"wpb_text_column wpb_content_element\" >\n\t<div class=\"wpb_wrapper\">\n\t\t<p>Aplica\u021bi cu 15 minute \u00eenainte de expunerea la soare \u0219i oric\u00e2nd, la nevoie. Utiliza\u021bi o crem\u0103 de protec\u021bie solar\u0103 rezistent\u0103 la ap\u0103 dac\u0103 \u00eenota\u021bi sau transpira\u021bi. Reaplica\u021bi cel pu\u021bin la fiecare 2 ore. Pentru copii sub 6 luni, consulta\u021bi medicul.<\/p>\n\t<\/div>\n<\/div>\n\n\n\n\n\t\t<\/div> \n\t<\/div>\n\t<\/div> \n<\/div><\/div>\n\t\t\t<\/div> \n\t\t\t<div id=\"tab-ingrediente\" data-tab-icon=\"\" class=\"wpb_tab ui-tabs-panel wpb_ui-tabs-hide clearfix\">\n\t\t\t\t<div id=\"fws_6a063cad86850\" data-midnight=\"\" data-column-margin=\"default\" class=\"wpb_row vc_row-fluid vc_row inner_row\"  style=\"\"><div class=\"row-bg-wrap\"> <div class=\"row-bg\" ><\/div> <\/div><div class=\"row_col_wrap_12_inner col span_12  left\">\n\t<div  class=\"vc_col-sm-12 wpb_column column_container vc_column_container col child_column no-extra-padding inherit_tablet inherit_phone\"   data-padding-pos=\"all\" data-has-bg-color=\"false\" data-bg-color=\"\" data-bg-opacity=\"1\" data-animation=\"\" data-delay=\"0\" >\n\t\t<div class=\"vc_column-inner\" >\n\t\t<div class=\"wpb_wrapper\">\n\t\t\t\n<div class=\"wpb_text_column wpb_content_element\" >\n\t<div class=\"wpb_wrapper\">\n\t\t<p>Filtre fizice minerale UVA \u0219i UVB- oxid de zinc, dioxid de titan; extract de c\u0103l\u021buna\u0219 &#8211; creson indian<\/p>\n<p><strong>Ingrediente INCI:<\/strong><\/p>\n<p>Oxid de Zinc 15.6%, Dioxid de Titan 6.2%<br \/>\nWater (Aqua), Caprylic\/Capric Triglyceride, Dicaprylyl Carbonate, Pentylene Glycol, Steareth-2, Glycerin, Silica, Polyhydroxystearic Acid, Steareth-21, Cetearyl Alcohol, Propanediol, Alumina, Stearic Acid, Sodim Stearoyl Glutamate, Caprylyl Glycol, Triethoxycaprylylsillane, Cetearyl Glucoside, Xanthan Gum, Dipotassium Glycyrrhizate, Trisodium Ethylenediaminne Disuccinate, Caprylhydroxamic Acid, Tropaeolun Majus Flower\/Leaf\/Stem Extract<\/p>\n<a class=\"nectar-button n-sc-button small accent-color has-icon regular-button\"  href=\"https:\/\/shop.cronosmed.ro\/en\/dictionar-de-ingrediente\/\" data-color-override=\"false\" data-hover-color-override=\"false\" data-hover-text-color-override=\"#fff\"><span>Dictionary of ingredients<\/span><i class=\"icon-button-arrow\"><\/i><\/a>\n\t<\/div>\n<\/div>\n\n\n\n\n\t\t<\/div> \n\t<\/div>\n\t<\/div> \n<\/div><\/div>\n\t\t\t<\/div> \n\t\t<\/div> \n\t<\/div> \n\t\t\t<\/div> \n\t\t<\/div>\n\t<\/div> \n<\/div><\/div>","protected":false},"excerpt":{"rendered":"<h4>Lo\u021biune de protec\u021bie solar\u0103, SPF 50, filtre UVA \u0219i UVB &#8211; cu spectru larg, filtru fizic (mineral)<\/h4>\n<ul>\n<li>Ofer\u0103 protec\u021bie complet\u0103 \u00eempotriva \u00eemb\u0103tr\u00e2nirii premature a pielii.<\/li>\n<li>Eficient\u0103 \u00eempotriva efectelor nocive ale radia\u021biei solare UV &#8211; cu oxid de zinc, dioxid de titan.<\/li>\n<li>Formul\u0103 non-comedogenic\u0103, hipoalergenic\u0103 \u0219i testat\u0103 dermatologic.<\/li>\n<li>Se absoarbe rapid \u0219i este delicat\u0103 cu pielea.<\/li>\n<\/ul>\n<p>85 g<\/p>","protected":false},"featured_media":2366,"template":"","meta":[],"product_cat":[124],"product_tag":[],"class_list":{"0":"post-2365","1":"product","2":"type-product","3":"status-publish","4":"has-post-thumbnail","6":"product_cat-produse-cosmetice","8":"first","9":"instock","10":"taxable","11":"shipping-taxable","12":"purchasable","13":"product-type-simple"},"_links":{"self":[{"href":"https:\/\/shop.cronosmed.ro\/en\/wp-json\/wp\/v2\/product\/2365","targetHints":{"allow":["GET"]}}],"collection":[{"href":"https:\/\/shop.cronosmed.ro\/en\/wp-json\/wp\/v2\/product"}],"about":[{"href":"https:\/\/shop.cronosmed.ro\/en\/wp-json\/wp\/v2\/types\/product"}],"wp:featuredmedia":[{"embeddable":true,"href":"https:\/\/shop.cronosmed.ro\/en\/wp-json\/wp\/v2\/media\/2366"}],"wp:attachment":[{"href":"https:\/\/shop.cronosmed.ro\/en\/wp-json\/wp\/v2\/media?parent=2365"}],"wp:term":[{"taxonomy":"product_cat","embeddable":true,"href":"https:\/\/shop.cronosmed.ro\/en\/wp-json\/wp\/v2\/product_cat?post=2365"},{"taxonomy":"product_tag","embeddable":true,"href":"https:\/\/shop.cronosmed.ro\/en\/wp-json\/wp\/v2\/product_tag?post=2365"}],"curies":[{"name":"wp","href":"https:\/\/api.w.org\/{rel}","templated":true}]}}