{"id":2400,"date":"2024-06-18T13:25:41","date_gmt":"2024-06-18T10:25:41","guid":{"rendered":"https:\/\/shop.cronosmed.ro\/?post_type=product&#038;p=2400"},"modified":"2024-10-09T06:59:27","modified_gmt":"2024-10-09T03:59:27","slug":"dr-serrano-hidramaxmoisturizing-eye-contour-creamcrema-contur-de-ochi","status":"publish","type":"product","link":"https:\/\/shop.cronosmed.ro\/en\/product\/dr-serrano-hidramaxmoisturizing-eye-contour-creamcrema-contur-de-ochi\/","title":{"rendered":"DR. SERRANO HIDRAMAX Moisturizing eye contour cream Eye contour cream"},"content":{"rendered":"<div id=\"fws_69f8d9831d8b5\"  data-column-margin=\"default\" data-midnight=\"dark\"  class=\"wpb_row vc_row-fluid vc_row\"  style=\"padding-top: 0px; padding-bottom: 0px; \"><div class=\"row-bg-wrap\" data-bg-animation=\"none\" data-bg-animation-delay=\"\" data-bg-overlay=\"false\"><div class=\"inner-wrap row-bg-layer\" ><div class=\"row-bg viewport-desktop\"  style=\"\"><\/div><\/div><\/div><div class=\"row_col_wrap_12 col span_12 dark left\">\n\t<div  class=\"vc_col-sm-12 wpb_column column_container vc_column_container col no-extra-padding inherit_tablet inherit_phone\"  data-padding-pos=\"all\" data-has-bg-color=\"false\" data-bg-color=\"\" data-bg-opacity=\"1\" data-animation=\"\" data-delay=\"0\" >\n\t\t<div class=\"vc_column-inner\" >\n\t\t\t<div class=\"wpb_wrapper\">\n\t\t\t\t\n\t<div class=\"wpb_content_element\" data-interval=\"0\">\n\t\t<div class=\"wpb_wrapper tabbed clearfix\" data-style=\"material\" data-animation=\"fade\" data-spacing=\"default\" data-icon-size=\"24\" data-full-width-line=\"\" data-color-scheme=\"accent-color\" data-alignment=\"left\">\n\t\t\t<ul class=\"wpb_tabs_nav ui-tabs-nav clearfix\"><li class=\"tab-item active-tab\"><a role=\"button\" href=\"#tab-1728042655986-5\" class=\"active-tab\"><span>Details<\/span><\/a><\/li><li class=\"tab-item\"><a role=\"button\" href=\"#tab-1728042656044-7\" ><span>Use<\/span><\/a><\/li><li class=\"tab-item\"><a role=\"button\" href=\"#tab-1728042656079-2\" ><span>Apply<\/span><\/a><\/li><li class=\"tab-item\"><a role=\"button\" href=\"#tab-1728042656110-3\" ><span>Ingredient<\/span><\/a><\/li><\/ul>\n\n\t\t\t\n\t\t\t<div id=\"tab-detalii\" data-tab-icon=\"\" class=\"wpb_tab ui-tabs-panel wpb_ui-tabs-hide clearfix\">\n\t\t\t\t<div id=\"fws_69f8d9831e5b5\" data-midnight=\"\" data-column-margin=\"default\" class=\"wpb_row vc_row-fluid vc_row inner_row vc_row-o-equal-height vc_row-flex vc_row-o-content-top\"  style=\"\"><div class=\"row-bg-wrap\"> <div class=\"row-bg\" ><\/div> <\/div><div class=\"row_col_wrap_12_inner col span_12  left\">\n\t<div  class=\"vc_col-sm-12 wpb_column column_container vc_column_container col child_column no-extra-padding inherit_tablet inherit_phone\"   data-padding-pos=\"all\" data-has-bg-color=\"false\" data-bg-color=\"\" data-bg-opacity=\"1\" data-animation=\"\" data-delay=\"0\" >\n\t\t<div class=\"vc_column-inner\" >\n\t\t<div class=\"wpb_wrapper\">\n\t\t\t\n<div class=\"wpb_text_column wpb_content_element\" >\n\t<div class=\"wpb_wrapper\">\n\t\t<p>Formulat pentru a reechilibra nivelul de hidratare \u0219i pentru a conferi un aspect proasp\u0103t pielii. Con\u021bine acid hialuronic cu dou\u0103 greut\u0103\u021bi moleculare \u0219i un complex pe baz\u0103 de niacinamid\u0103 \u0219i unt de shea, calendula \u0219i vitaminele C \u0219i E lipozomale, care hidrateaz\u0103 \u00een profunzime. Formula sa este completat\u0103 cu retinal \u0219i hidroxisuccinimid\u0103 pentru a oferi fermitate \u0219i luminozitate pielii.\u00a0 Cearc\u0103nele \u0219i pungile de sub ochi se reduc.<\/p>\n<p>Acidul hialuronic lipozomal cu greutate molecular\u0103 mic\u0103 p\u0103trunde \u00een cele mai profunde straturi ale pielii, oferind o senza\u021bie de hidratare \u0219i fermitate pe termen lung. Acidul hialuronic liber cu greutate molecular\u0103 mare asigur\u0103 o hidratare intens\u0103 a straturilor superficiale ale pielii. Aceast\u0103 dubl\u0103 hidratare, \u00eempreun\u0103 cu restul ingredientelor active anti-\u00eemb\u0103tr\u00e2nire, ajut\u0103 pielea s\u0103 lupte \u00eempotriva semnelor de oboseal\u0103 \u0219i a \u00eemb\u0103tr\u00e2nirii premature.<\/p>\n\t<\/div>\n<\/div>\n\n\n\n\n\t\t<\/div> \n\t<\/div>\n\t<\/div> \n<\/div><\/div>\n\t\t\t<\/div> \n\t\t\t<div id=\"tab-utilizare\" data-tab-icon=\"\" class=\"wpb_tab ui-tabs-panel wpb_ui-tabs-hide clearfix\">\n\t\t\t\t<div id=\"fws_69f8d9831ef5d\" data-midnight=\"\" data-column-margin=\"default\" class=\"wpb_row vc_row-fluid vc_row inner_row\"  style=\"\"><div class=\"row-bg-wrap\"> <div class=\"row-bg\" ><\/div> <\/div><div class=\"row_col_wrap_12_inner col span_12  left\">\n\t<div  class=\"vc_col-sm-12 wpb_column column_container vc_column_container col child_column no-extra-padding inherit_tablet inherit_phone\"   data-padding-pos=\"all\" data-has-bg-color=\"false\" data-bg-color=\"\" data-bg-opacity=\"1\" data-animation=\"\" data-delay=\"0\" >\n\t\t<div class=\"vc_column-inner\" >\n\t\t<div class=\"wpb_wrapper\">\n\t\t\t\n<div class=\"wpb_text_column wpb_content_element\" >\n\t<div class=\"wpb_wrapper\">\n\t\t<p>Ten uscat, ten normal<\/p>\n\t<\/div>\n<\/div>\n\n\n\n\n\t\t<\/div> \n\t<\/div>\n\t<\/div> \n<\/div><\/div>\n\t\t\t<\/div> \n\t\t\t<div id=\"tab-aplicare\" data-tab-icon=\"\" class=\"wpb_tab ui-tabs-panel wpb_ui-tabs-hide clearfix\">\n\t\t\t\t<div id=\"fws_69f8d9831f795\" data-midnight=\"\" data-column-margin=\"default\" class=\"wpb_row vc_row-fluid vc_row inner_row\"  style=\"\"><div class=\"row-bg-wrap\"> <div class=\"row-bg\" ><\/div> <\/div><div class=\"row_col_wrap_12_inner col span_12  left\">\n\t<div  class=\"vc_col-sm-12 wpb_column column_container vc_column_container col child_column no-extra-padding inherit_tablet inherit_phone\"   data-padding-pos=\"all\" data-has-bg-color=\"false\" data-bg-color=\"\" data-bg-opacity=\"1\" data-animation=\"\" data-delay=\"0\" >\n\t\t<div class=\"vc_column-inner\" >\n\t\t<div class=\"wpb_wrapper\">\n\t\t\t\n<div class=\"wpb_text_column wpb_content_element\" >\n\t<div class=\"wpb_wrapper\">\n\t\t<p>Aplica\u021bi diminea\u021ba \u0219i seara, cu v\u00e2rful degetelor, \u00een jurul ochilor &#8211; cu mi\u0219c\u0103ri circulare.<\/p>\n\t<\/div>\n<\/div>\n\n\n\n\n\t\t<\/div> \n\t<\/div>\n\t<\/div> \n<\/div><\/div>\n\t\t\t<\/div> \n\t\t\t<div id=\"tab-ingrediente\" data-tab-icon=\"\" class=\"wpb_tab ui-tabs-panel wpb_ui-tabs-hide clearfix\">\n\t\t\t\t<div id=\"fws_69f8d9831ffe7\" data-midnight=\"\" data-column-margin=\"default\" class=\"wpb_row vc_row-fluid vc_row inner_row\"  style=\"\"><div class=\"row-bg-wrap\"> <div class=\"row-bg\" ><\/div> <\/div><div class=\"row_col_wrap_12_inner col span_12  left\">\n\t<div  class=\"vc_col-sm-12 wpb_column column_container vc_column_container col child_column no-extra-padding inherit_tablet inherit_phone\"   data-padding-pos=\"all\" data-has-bg-color=\"false\" data-bg-color=\"\" data-bg-opacity=\"1\" data-animation=\"\" data-delay=\"0\" >\n\t\t<div class=\"vc_column-inner\" >\n\t\t<div class=\"wpb_wrapper\">\n\t\t\t\n<div class=\"wpb_text_column wpb_content_element\" >\n\t<div class=\"wpb_wrapper\">\n\t\t<p>Acid hialuronic, niacinamid\u0103, unt de shea, calendula, retinol, hidroxisuccinimida<\/p>\n<a class=\"nectar-button n-sc-button small accent-color has-icon regular-button\"  href=\"https:\/\/shop.cronosmed.ro\/en\/dictionar-de-ingrediente\/\" data-color-override=\"false\" data-hover-color-override=\"false\" data-hover-text-color-override=\"#fff\"><span>Dictionary of ingredients<\/span><i class=\"icon-button-arrow\"><\/i><\/a>\n\t<\/div>\n<\/div>\n\n\n\n\n\t\t<\/div> \n\t<\/div>\n\t<\/div> \n<\/div><\/div>\n\t\t\t<\/div> \n\t\t<\/div> \n\t<\/div> \n\t\t\t<\/div> \n\t\t<\/div>\n\t<\/div> \n<\/div><\/div>","protected":false},"excerpt":{"rendered":"<h4>Crem\u0103 contur de ochi ce d\u0103 fermitate, reduce cearc\u0103nele \u0219i pungile &#8211; cu acid hialuronic, niacinamid\u0103, retinol<\/h4>\n<ul>\n<li>confer\u0103 un aspect fresh al zonei ochilor<\/li>\n<li>hidrateaz\u0103 \u00een profunzime<\/li>\n<li>ofer\u0103 fermitate \u0219i luminozitate zonei ochilor<\/li>\n<li>reduce cearc\u0103nele \u0219i pungile de sub ochi<\/li>\n<\/ul>\n<p>15 ml<\/p>","protected":false},"featured_media":2402,"template":"","meta":[],"product_cat":[124],"product_tag":[288],"class_list":{"0":"post-2400","1":"product","2":"type-product","3":"status-publish","4":"has-post-thumbnail","6":"product_cat-produse-cosmetice","7":"product_tag-cearcane-si-pungi","9":"first","10":"instock","11":"taxable","12":"shipping-taxable","13":"purchasable","14":"product-type-simple"},"_links":{"self":[{"href":"https:\/\/shop.cronosmed.ro\/en\/wp-json\/wp\/v2\/product\/2400","targetHints":{"allow":["GET"]}}],"collection":[{"href":"https:\/\/shop.cronosmed.ro\/en\/wp-json\/wp\/v2\/product"}],"about":[{"href":"https:\/\/shop.cronosmed.ro\/en\/wp-json\/wp\/v2\/types\/product"}],"wp:featuredmedia":[{"embeddable":true,"href":"https:\/\/shop.cronosmed.ro\/en\/wp-json\/wp\/v2\/media\/2402"}],"wp:attachment":[{"href":"https:\/\/shop.cronosmed.ro\/en\/wp-json\/wp\/v2\/media?parent=2400"}],"wp:term":[{"taxonomy":"product_cat","embeddable":true,"href":"https:\/\/shop.cronosmed.ro\/en\/wp-json\/wp\/v2\/product_cat?post=2400"},{"taxonomy":"product_tag","embeddable":true,"href":"https:\/\/shop.cronosmed.ro\/en\/wp-json\/wp\/v2\/product_tag?post=2400"}],"curies":[{"name":"wp","href":"https:\/\/api.w.org\/{rel}","templated":true}]}}