{"id":2621,"date":"2024-07-01T15:32:44","date_gmt":"2024-07-01T12:32:44","guid":{"rendered":"https:\/\/shop.cronosmed.ro\/?post_type=product&#038;p=2621"},"modified":"2024-10-10T12:02:55","modified_gmt":"2024-10-10T09:02:55","slug":"universkin-p-serum-formula-302-activitextura-pielii","status":"publish","type":"product","link":"https:\/\/shop.cronosmed.ro\/en\/product\/universkin-p-serum-formula-302-activitextura-pielii\/","title":{"rendered":"UNIVERSKIN &#8211; P Serum Formula 30<br>(2 active)<br>TEXTURA PIELII"},"content":{"rendered":"<div id=\"fws_6a06535fcf86a\"  data-column-margin=\"default\" data-midnight=\"dark\"  class=\"wpb_row vc_row-fluid vc_row\"  style=\"padding-top: 0px; padding-bottom: 0px; \"><div class=\"row-bg-wrap\" data-bg-animation=\"none\" data-bg-animation-delay=\"\" data-bg-overlay=\"false\"><div class=\"inner-wrap row-bg-layer\" ><div class=\"row-bg viewport-desktop\"  style=\"\"><\/div><\/div><\/div><div class=\"row_col_wrap_12 col span_12 dark left\">\n\t<div  class=\"vc_col-sm-12 wpb_column column_container vc_column_container col no-extra-padding inherit_tablet inherit_phone\"  data-padding-pos=\"all\" data-has-bg-color=\"false\" data-bg-color=\"\" data-bg-opacity=\"1\" data-animation=\"\" data-delay=\"0\" >\n\t\t<div class=\"vc_column-inner\" >\n\t\t\t<div class=\"wpb_wrapper\">\n\t\t\t\t\n\t<div class=\"wpb_content_element\" data-interval=\"0\">\n\t\t<div class=\"wpb_wrapper tabbed clearfix\" data-style=\"material\" data-animation=\"fade\" data-spacing=\"default\" data-icon-size=\"24\" data-full-width-line=\"\" data-color-scheme=\"accent-color\" data-alignment=\"left\">\n\t\t\t<ul class=\"wpb_tabs_nav ui-tabs-nav clearfix\"><li class=\"tab-item active-tab\"><a role=\"button\" href=\"#tab-1727671411986-9\" class=\"active-tab\"><span>Details<\/span><\/a><\/li><li class=\"tab-item\"><a role=\"button\" href=\"#tab-1727671412035-4\" ><span>Use<\/span><\/a><\/li><li class=\"tab-item\"><a role=\"button\" href=\"#tab-1727671412105-8\" ><span>Apply<\/span><\/a><\/li><li class=\"tab-item\"><a role=\"button\" href=\"#tab-1727671412164-10\" ><span>Ingredient<\/span><\/a><\/li><\/ul>\n\n\t\t\t\n\t\t\t<div id=\"tab-detalii\" data-tab-icon=\"\" class=\"wpb_tab ui-tabs-panel wpb_ui-tabs-hide clearfix\">\n\t\t\t\t<div id=\"fws_6a06535fd0603\" data-midnight=\"\" data-column-margin=\"default\" class=\"wpb_row vc_row-fluid vc_row inner_row vc_row-o-equal-height vc_row-flex vc_row-o-content-top\"  style=\"\"><div class=\"row-bg-wrap\"> <div class=\"row-bg\" ><\/div> <\/div><div class=\"row_col_wrap_12_inner col span_12  left\">\n\t<div  class=\"vc_col-sm-12 wpb_column column_container vc_column_container col child_column no-extra-padding inherit_tablet inherit_phone\"   data-padding-pos=\"all\" data-has-bg-color=\"false\" data-bg-color=\"\" data-bg-opacity=\"1\" data-animation=\"\" data-delay=\"0\" >\n\t\t<div class=\"vc_column-inner\" >\n\t\t<div class=\"wpb_wrapper\">\n\t\t\t\n<div class=\"wpb_text_column wpb_content_element\" >\n\t<div class=\"wpb_wrapper\">\n\t\t<p><strong>BAZA &#8211; Universkin P Magistral Serum:<\/strong><\/p>\n<p><a href=\"https:\/\/shop.cronosmed.ro\/en\/product\/universkin-nexultra-zp-magistral-serum-duo-set-ser-2-buc-zi-si-noapte\/\">UNIVERSKIN P &#8211; Magistral Serum DUO &#8211; Set Ser 2 buc (zi \u0219i noapte) 2 x 15 ml<\/a><\/p>\n<ul>\n<li>BAZ\u0102 ideal\u0103 pentru personalizare cu ingrediente active pure, \u00een func\u021bie de tipul de piele \u0219i condi\u021bia acesteia.<\/li>\n<li>Calmeaz\u0103 pielea \u0219i o repar\u0103 &#8211; Omega-3 din Camelina Sativa<\/li>\n<li>Pielea este re\u00eennoit\u0103 \u0219i \u00eentinerit\u0103, ridurile sunt estompate &#8211; complex P de 4 peptide biomimetice<\/li>\n<li>Promoveaz\u0103 hidratarea profund\u0103, d\u0103 volum \u0219i fermitate pielii &#8211; acid hialuronic cu 2 greut\u0103\u021bi moleculare<\/li>\n<li>Formul\u0103 u\u0219oar\u0103, potrivit\u0103 pentru toate tipurile \u0219i condi\u021biile pielii &#8211; hiperpigmentare, rozacee, acnee sau tendin\u021b\u0103 acneic\u0103, piele matur\u0103, cu inflama\u021bii, afectat\u0103 de razele UV<\/li>\n<\/ul>\n<p><strong>ACTIVI AM Serum<\/strong> &#8211; Salycilic Acid 2%<br \/>\n<strong>ACTIVI PM Serum<\/strong> &#8211; Salycilic Acid 2%<\/p>\n<ul>\n<li>Acidul salicilic este cel mai cunoscut BHA (beta-hidroxiacid) \u0219i un ingredient exfoliant popular, fiind adesea recomandat pentru pielea gras\u0103 \u0219i predispus\u0103 la acnee. Are capacitatea de a p\u0103trunde \u00een pori \u0219i de a exfolia pielea din interior spre exterior, pentru o piele mai luminoas\u0103 \u0219i mai fin\u0103.<\/li>\n<\/ul>\n<p>Pentru a asigura cele mai bune rezultate, efectua\u021bi \u00eentotdeauna un test pe o suprafa\u021b\u0103 mic\u0103 de piele \u00eenainte de a \u00eencorpora acest ser puternic \u00een rutina de \u00eengrijire a pielii. Utiliza\u021bi zilnic o crem\u0103 de protec\u021bie solar\u0103 cu spectru larg, cel pu\u021bin cu SPF30, deoarece serul poate cre\u0219te sensibilitatea pielii la soare. Femeile \u00eens\u0103rcinate \u0219i cele care al\u0103pteaz\u0103 trebuie s\u0103 consulte un profesionist medical \u00eenainte de a-l utiliza.<\/p>\n\t<\/div>\n<\/div>\n\n\n\n\n\t\t<\/div> \n\t<\/div>\n\t<\/div> \n<\/div><\/div>\n\t\t\t<\/div> \n\t\t\t<div id=\"tab-utilizare\" data-tab-icon=\"\" class=\"wpb_tab ui-tabs-panel wpb_ui-tabs-hide clearfix\">\n\t\t\t\t<div id=\"fws_6a06535fd110a\" data-midnight=\"\" data-column-margin=\"default\" class=\"wpb_row vc_row-fluid vc_row inner_row\"  style=\"\"><div class=\"row-bg-wrap\"> <div class=\"row-bg\" ><\/div> <\/div><div class=\"row_col_wrap_12_inner col span_12  left\">\n\t<div  class=\"vc_col-sm-12 wpb_column column_container vc_column_container col child_column no-extra-padding inherit_tablet inherit_phone\"   data-padding-pos=\"all\" data-has-bg-color=\"false\" data-bg-color=\"\" data-bg-opacity=\"1\" data-animation=\"\" data-delay=\"0\" >\n\t\t<div class=\"vc_column-inner\" >\n\t\t<div class=\"wpb_wrapper\">\n\t\t\t\n<div class=\"wpb_text_column wpb_content_element\" >\n\t<div class=\"wpb_wrapper\">\n\t\t<p>Piele mixt\u0103, Piele gras\u0103 &#8211; tern\u0103, cu textur\u0103 cu imperfec\u021biuni (neuniform\u0103)<\/p>\n\t<\/div>\n<\/div>\n\n\n\n\n\t\t<\/div> \n\t<\/div>\n\t<\/div> \n<\/div><\/div>\n\t\t\t<\/div> \n\t\t\t<div id=\"tab-aplicare\" data-tab-icon=\"\" class=\"wpb_tab ui-tabs-panel wpb_ui-tabs-hide clearfix\">\n\t\t\t\t<div id=\"fws_6a06535fd195b\" data-midnight=\"\" data-column-margin=\"default\" class=\"wpb_row vc_row-fluid vc_row inner_row\"  style=\"\"><div class=\"row-bg-wrap\"> <div class=\"row-bg\" ><\/div> <\/div><div class=\"row_col_wrap_12_inner col span_12  left\">\n\t<div  class=\"vc_col-sm-12 wpb_column column_container vc_column_container col child_column no-extra-padding inherit_tablet inherit_phone\"   data-padding-pos=\"all\" data-has-bg-color=\"false\" data-bg-color=\"\" data-bg-opacity=\"1\" data-animation=\"\" data-delay=\"0\" >\n\t\t<div class=\"vc_column-inner\" >\n\t\t<div class=\"wpb_wrapper\">\n\t\t\t\n<div class=\"wpb_text_column wpb_content_element\" >\n\t<div class=\"wpb_wrapper\">\n\t\t<p>Ap\u0103sa\u021bi aplicatorul \u0219i aplica\u021bi 4 pic\u0103turi de ser pe fa\u021ba curat\u0103, folosind mi\u0219c\u0103ri circulare u\u0219oare. Nu aplica\u021bi serul \u00een jurul conturului ochilor. Un flacon dureaz\u0103 p\u00e2n\u0103 la 2 luni. Pe m\u0103sur\u0103 ce pielea \u0219i factorii de mediu se modific\u0103, formula va evolua.<\/p>\n\t<\/div>\n<\/div>\n\n\n\n\n\t\t<\/div> \n\t<\/div>\n\t<\/div> \n<\/div><\/div>\n\t\t\t<\/div> \n\t\t\t<div id=\"tab-ingrediente\" data-tab-icon=\"\" class=\"wpb_tab ui-tabs-panel wpb_ui-tabs-hide clearfix\">\n\t\t\t\t<div id=\"fws_6a06535fd219d\" data-midnight=\"\" data-column-margin=\"default\" class=\"wpb_row vc_row-fluid vc_row inner_row\"  style=\"\"><div class=\"row-bg-wrap\"> <div class=\"row-bg\" ><\/div> <\/div><div class=\"row_col_wrap_12_inner col span_12  left\">\n\t<div  class=\"vc_col-sm-12 wpb_column column_container vc_column_container col child_column no-extra-padding inherit_tablet inherit_phone\"   data-padding-pos=\"all\" data-has-bg-color=\"false\" data-bg-color=\"\" data-bg-opacity=\"1\" data-animation=\"\" data-delay=\"0\" >\n\t\t<div class=\"vc_column-inner\" >\n\t\t<div class=\"wpb_wrapper\">\n\t\t\t\n<div class=\"wpb_text_column wpb_content_element\" >\n\t<div class=\"wpb_wrapper\">\n\t\t<p>Camelina Sativa (sursa Omega-3), Glicerin\u0103, P-Complex cu 4 biopeptide: tripeptid\u0103-1 (Kollaren\u2122), trifluoroacetil tripeptid\u0103-2 (ECM protect\u2122), acetil hexapeptid\u0103-1 (Melitane\u2122) \u0219i acetil tetrapeptid\u0103-2 (Thymulen\u2122), Acid hialuronic, Salycilic Acid 2%<\/p>\n<p><strong>Ingrediente INCI:<\/strong><\/p>\n<p><strong>AM \/ PM Serum:<\/strong><br \/>\nIngredients: Aqua (Water), Alcohol Denat., Camelina Sativa Seed Oil, Salicylic Acid, Glycerin, Tripeptide-1, Acetyl Hexapeptide-1, Acetyl Tetrapeptide-2, Trifluoroacetyl Tripeptide-2, Sodium Acrylate\/Sodium Acryloyldimethyl Taurate Copolymer, Parfum (Fragrance), Isohexadecane, 1,2-hexanediol, Caprylyl Glycol, Xanthan Gum, Sodium Hyaluronate, Sodium Phytate, Polysorbate 80, EDTA, Potassium Sorbate, Sorbitan Oleate, Sodium Hydroxide, Helianthus Annuus Seed Oil, Alcohol, Dextran.<\/p>\n<a class=\"nectar-button n-sc-button small accent-color has-icon regular-button\"  href=\"https:\/\/shop.cronosmed.ro\/en\/dictionar-de-ingrediente\/\" data-color-override=\"false\" data-hover-color-override=\"false\" data-hover-text-color-override=\"#fff\"><span>Dictionary of ingredients<\/span><i class=\"icon-button-arrow\"><\/i><\/a>\n\t<\/div>\n<\/div>\n\n\n\n\n\t\t<\/div> \n\t<\/div>\n\t<\/div> \n<\/div><\/div>\n\t\t\t<\/div> \n\t\t<\/div> \n\t<\/div> \n\t\t\t<\/div> \n\t\t<\/div>\n\t<\/div> \n<\/div><\/div>","protected":false},"excerpt":{"rendered":"<h4>FORMULA 30 &#8211; SALICYLIC ACID ESSENTIAL 2% &#8211; CON\u021aINE:<\/h4>\n<ul>\n<li>UNIVERSKIN P &#8211; Magistral Serum DUO Set Ser 2 buc (zi-AM Serum \u0219i noapte &#8211; PM Serum) 2 x 15 ml<\/li>\n<li>Activii pentru AM Serum: Salycilic Acid 2%<\/li>\n<li>Activii pentru PM Serum: Salycilic Acid 2%<\/li>\n<\/ul>\n<p>Serul UNIVERSKIN P Serum SALICYLIC ACID ESSENTIAL 2% este o solu\u021bie extrem de eficient\u0103 \u0219i concentrat\u0103 pentru cei care doresc s\u0103 abordeze textura neuniform\u0103 a pielii \u0219i s\u0103 ob\u021bin\u0103 un ten mai neted \u0219i mai luminos. Speciali\u0219tii no\u0219tri \u00een \u00eengrijirea pielii au formulat acest ser cu o concentra\u021bie puternic\u0103, de 2% de acid salicilic, ce asigur\u0103 o performan\u021b\u0103 optim\u0103 \u0219i rezultate vizibile.<\/p>\n<p>Acidul salicilic p\u0103trunde ad\u00e2nc \u00een pori, descompun\u00e2nd impurit\u0103\u021bile, decongestion\u00e2nd porii \u0219i exfoliind u\u0219or pielea. Prin promovarea re\u00eennoirii celulelor pielii \u0219i \u00eendep\u0103rtarea celulelor moarte, ajut\u0103 la ob\u021binerea unui ten mai luminos \u0219i mai uniform, reduc\u00e2nd aspectul imperfec\u021biunilor, al punctelor negre \u0219i al punctelor albe.<\/p>","protected":false},"featured_media":2622,"template":"","meta":[],"product_cat":[274,124],"product_tag":[294],"class_list":{"0":"post-2621","1":"product","2":"type-product","3":"status-publish","4":"has-post-thumbnail","6":"product_cat-bundles","7":"product_cat-produse-cosmetice","8":"product_tag-universkin-textura-tenului","10":"first","11":"instock","12":"taxable","13":"shipping-taxable","14":"purchasable","15":"product-type-simple"},"_links":{"self":[{"href":"https:\/\/shop.cronosmed.ro\/en\/wp-json\/wp\/v2\/product\/2621","targetHints":{"allow":["GET"]}}],"collection":[{"href":"https:\/\/shop.cronosmed.ro\/en\/wp-json\/wp\/v2\/product"}],"about":[{"href":"https:\/\/shop.cronosmed.ro\/en\/wp-json\/wp\/v2\/types\/product"}],"wp:featuredmedia":[{"embeddable":true,"href":"https:\/\/shop.cronosmed.ro\/en\/wp-json\/wp\/v2\/media\/2622"}],"wp:attachment":[{"href":"https:\/\/shop.cronosmed.ro\/en\/wp-json\/wp\/v2\/media?parent=2621"}],"wp:term":[{"taxonomy":"product_cat","embeddable":true,"href":"https:\/\/shop.cronosmed.ro\/en\/wp-json\/wp\/v2\/product_cat?post=2621"},{"taxonomy":"product_tag","embeddable":true,"href":"https:\/\/shop.cronosmed.ro\/en\/wp-json\/wp\/v2\/product_tag?post=2621"}],"curies":[{"name":"wp","href":"https:\/\/api.w.org\/{rel}","templated":true}]}}