{"id":2835,"date":"2024-07-05T11:30:35","date_gmt":"2024-07-05T08:30:35","guid":{"rendered":"https:\/\/shop.cronosmed.ro\/?post_type=product&#038;p=2835"},"modified":"2024-10-10T12:19:25","modified_gmt":"2024-10-10T09:19:25","slug":"universkin-p-serum-formula-49lifting-si-netezire-ochi","status":"publish","type":"product","link":"https:\/\/shop.cronosmed.ro\/en\/product\/universkin-p-serum-formula-49lifting-si-netezire-ochi\/","title":{"rendered":"UNIVERSKIN - P Serum Formula 49<br>LIFTING AND NEETENING - eyes"},"content":{"rendered":"<div id=\"fws_69f8d7a28f225\"  data-column-margin=\"default\" data-midnight=\"dark\"  class=\"wpb_row vc_row-fluid vc_row\"  style=\"padding-top: 0px; padding-bottom: 0px; \"><div class=\"row-bg-wrap\" data-bg-animation=\"none\" data-bg-animation-delay=\"\" data-bg-overlay=\"false\"><div class=\"inner-wrap row-bg-layer\" ><div class=\"row-bg viewport-desktop\"  style=\"\"><\/div><\/div><\/div><div class=\"row_col_wrap_12 col span_12 dark left\">\n\t<div  class=\"vc_col-sm-12 wpb_column column_container vc_column_container col no-extra-padding inherit_tablet inherit_phone\"  data-padding-pos=\"all\" data-has-bg-color=\"false\" data-bg-color=\"\" data-bg-opacity=\"1\" data-animation=\"\" data-delay=\"0\" >\n\t\t<div class=\"vc_column-inner\" >\n\t\t\t<div class=\"wpb_wrapper\">\n\t\t\t\t\n\t<div class=\"wpb_content_element\" data-interval=\"0\">\n\t\t<div class=\"wpb_wrapper tabbed clearfix\" data-style=\"material\" data-animation=\"fade\" data-spacing=\"default\" data-icon-size=\"24\" data-full-width-line=\"\" data-color-scheme=\"accent-color\" data-alignment=\"left\">\n\t\t\t<ul class=\"wpb_tabs_nav ui-tabs-nav clearfix\"><li class=\"tab-item active-tab\"><a role=\"button\" href=\"#tab-1727670253992-5\" class=\"active-tab\"><span>Details<\/span><\/a><\/li><li class=\"tab-item\"><a role=\"button\" href=\"#tab-1727670254049-8\" ><span>Use<\/span><\/a><\/li><li class=\"tab-item\"><a role=\"button\" href=\"#tab-1727670254084-0\" ><span>Apply<\/span><\/a><\/li><li class=\"tab-item\"><a role=\"button\" href=\"#tab-1727670254132-2\" ><span>Ingredient<\/span><\/a><\/li><\/ul>\n\n\t\t\t\n\t\t\t<div id=\"tab-detalii\" data-tab-icon=\"\" class=\"wpb_tab ui-tabs-panel wpb_ui-tabs-hide clearfix\">\n\t\t\t\t<div id=\"fws_69f8d7a28ffb8\" data-midnight=\"\" data-column-margin=\"default\" class=\"wpb_row vc_row-fluid vc_row inner_row vc_row-o-equal-height vc_row-flex vc_row-o-content-top\"  style=\"\"><div class=\"row-bg-wrap\"> <div class=\"row-bg\" ><\/div> <\/div><div class=\"row_col_wrap_12_inner col span_12  left\">\n\t<div  class=\"vc_col-sm-12 wpb_column column_container vc_column_container col child_column no-extra-padding inherit_tablet inherit_phone\"   data-padding-pos=\"all\" data-has-bg-color=\"false\" data-bg-color=\"\" data-bg-opacity=\"1\" data-animation=\"\" data-delay=\"0\" >\n\t\t<div class=\"vc_column-inner\" >\n\t\t<div class=\"wpb_wrapper\">\n\t\t\t\n<div class=\"wpb_text_column wpb_content_element\" >\n\t<div class=\"wpb_wrapper\">\n\t\t<p><strong>BAZA &#8211; Universkin P Serum Eye Contour:<\/strong><\/p>\n<p><a href=\"https:\/\/shop.cronosmed.ro\/en\/product\/universkin-p-serum-eye-contourser-contur-de-ochi\/\">UNIVERSKIN P &#8211; Serum Eye Contour &#8211; Ser contur de ochi 15 ml<\/a><\/p>\n<ul>\n<li>BAZ\u0102 pentru personalizare cu ingrediente active pure, \u00een func\u021bie de problemele din jurul ochilor.<\/li>\n<li>Ser calmant perfect compatibil cu pielea sensibil\u0103 din jurul ochilor<\/li>\n<li>Calmeaz\u0103 pielea \u0219i o repar\u0103 &#8211; Omega-3 din Camelina Sativa<\/li>\n<li>Pielea este re\u00eennoit\u0103 \u0219i \u00eentinerit\u0103, ridurile sunt estompate &#8211; complex P de 4 peptide biomimetice<\/li>\n<li>Promoveaz\u0103 hidratarea profund\u0103, d\u0103 volum \u0219i fermitate pielii &#8211; acid hialuronic cu 2 greut\u0103\u021bi moleculare<\/li>\n<li>Textur\u0103 u\u0219oar\u0103, de lapte cosmetic<\/li>\n<\/ul>\n<p><strong>Activii pentru Eye Contour Serum:<\/strong> Retinol 0.2% &#8211; Madecassoside 1% -Niacinamide 4%<\/p>\n<ul>\n<li>Retinolul, derivat din vitamina A, este dovedit clinic c\u0103 \u00eembun\u0103t\u0103\u021be\u0219te textura pielii, str\u0103lucirea, pentru un aspect mai t\u00e2n\u0103r. Retinolul micro\u00eencapsulat este puternic, dar ac\u021bioneaz\u0103 delicat, pentru rezultate maxime cu irita\u021bii minime.<\/li>\n<li>Madecassoside, molecula activ\u0103 a plantei medicinale str\u0103vechi Centella Asiatica, este un salvator dovedit al pielii. Sus\u021binut\u0103 de \u0219tiin\u021b\u0103, aceasta prezint\u0103 o capacitate remarcabil\u0103 de a repara pielea iritat\u0103 \u0219i sensibil\u0103 \u0219i de a \u00eembun\u0103t\u0103\u021bi aspectul pielii \u00eemb\u0103tr\u00e2nite.<\/li>\n<li>Niacinamida, vitamina B3, reduce semnele de inflama\u021bie \u0219i \u00eembun\u0103t\u0103\u021be\u0219te s\u0103n\u0103tatea, tonusul, textura \u0219i str\u0103lucirea pielii, reduc\u00e2nd \u00een acela\u0219i timp petele hiper-pigmentare \u00eentunecate \u0219i regl\u00e2nd nivelul de sebum.<\/li>\n<\/ul>\n<p>Persoanele cu pielea sensibil\u0103 trebuie s\u0103 \u00eencerce serul pe o suprafa\u021b\u0103 mic\u0103 a pielii, \u00eenainte de a-l utiliza. Femeile \u00eens\u0103rcinate sau care al\u0103pteaz\u0103 NU trebuie s\u0103 utilizeze acest ser.<\/p>\n\t<\/div>\n<\/div>\n\n\n\n\n\t\t<\/div> \n\t<\/div>\n\t<\/div> \n<\/div><\/div>\n\t\t\t<\/div> \n\t\t\t<div id=\"tab-utilizare\" data-tab-icon=\"\" class=\"wpb_tab ui-tabs-panel wpb_ui-tabs-hide clearfix\">\n\t\t\t\t<div id=\"fws_69f8d7a290d77\" data-midnight=\"\" data-column-margin=\"default\" class=\"wpb_row vc_row-fluid vc_row inner_row\"  style=\"\"><div class=\"row-bg-wrap\"> <div class=\"row-bg\" ><\/div> <\/div><div class=\"row_col_wrap_12_inner col span_12  left\">\n\t<div  class=\"vc_col-sm-12 wpb_column column_container vc_column_container col child_column no-extra-padding inherit_tablet inherit_phone\"   data-padding-pos=\"all\" data-has-bg-color=\"false\" data-bg-color=\"\" data-bg-opacity=\"1\" data-animation=\"\" data-delay=\"0\" >\n\t\t<div class=\"vc_column-inner\" >\n\t\t<div class=\"wpb_wrapper\">\n\t\t\t\n<div class=\"wpb_text_column wpb_content_element\" >\n\t<div class=\"wpb_wrapper\">\n\t\t<p>Contur ochi &#8211; cu linii, riduri, cearcane<\/p>\n\t<\/div>\n<\/div>\n\n\n\n\n\t\t<\/div> \n\t<\/div>\n\t<\/div> \n<\/div><\/div>\n\t\t\t<\/div> \n\t\t\t<div id=\"tab-aplicare\" data-tab-icon=\"\" class=\"wpb_tab ui-tabs-panel wpb_ui-tabs-hide clearfix\">\n\t\t\t\t<div id=\"fws_69f8d7a2916e1\" data-midnight=\"\" data-column-margin=\"default\" class=\"wpb_row vc_row-fluid vc_row inner_row\"  style=\"\"><div class=\"row-bg-wrap\"> <div class=\"row-bg\" ><\/div> <\/div><div class=\"row_col_wrap_12_inner col span_12  left\">\n\t<div  class=\"vc_col-sm-12 wpb_column column_container vc_column_container col child_column no-extra-padding inherit_tablet inherit_phone\"   data-padding-pos=\"all\" data-has-bg-color=\"false\" data-bg-color=\"\" data-bg-opacity=\"1\" data-animation=\"\" data-delay=\"0\" >\n\t\t<div class=\"vc_column-inner\" >\n\t\t<div class=\"wpb_wrapper\">\n\t\t\t\n<div class=\"wpb_text_column wpb_content_element\" >\n\t<div class=\"wpb_wrapper\">\n\t\t<p>Aplica\u021bi 4-6 pic\u0103turi de dou\u0103 ori pe zi pe pielea curat\u0103 din jurul ochilor, ideal dup\u0103 cur\u0103\u021barea pielii cu Universkin Nexultra O. Masa\u021bi produsul \u00een piele, cu mi\u0219c\u0103ri circulare.<\/p>\n\t<\/div>\n<\/div>\n\n\n\n\n\t\t<\/div> \n\t<\/div>\n\t<\/div> \n<\/div><\/div>\n\t\t\t<\/div> \n\t\t\t<div id=\"tab-ingrediente\" data-tab-icon=\"\" class=\"wpb_tab ui-tabs-panel wpb_ui-tabs-hide clearfix\">\n\t\t\t\t<div id=\"fws_69f8d7a29207b\" data-midnight=\"\" data-column-margin=\"default\" class=\"wpb_row vc_row-fluid vc_row inner_row\"  style=\"\"><div class=\"row-bg-wrap\"> <div class=\"row-bg\" ><\/div> <\/div><div class=\"row_col_wrap_12_inner col span_12  left\">\n\t<div  class=\"vc_col-sm-12 wpb_column column_container vc_column_container col child_column no-extra-padding inherit_tablet inherit_phone\"   data-padding-pos=\"all\" data-has-bg-color=\"false\" data-bg-color=\"\" data-bg-opacity=\"1\" data-animation=\"\" data-delay=\"0\" >\n\t\t<div class=\"vc_column-inner\" >\n\t\t<div class=\"wpb_wrapper\">\n\t\t\t\n<div class=\"wpb_text_column wpb_content_element\" >\n\t<div class=\"wpb_wrapper\">\n\t\t<p>Camelina Sativa (sursa Omega-3), Glicerin\u0103, P-Complex cu 4 biopeptide: tripeptid\u0103-1 (Kollaren\u2122), trifluoroacetil tripeptid\u0103-2 (ECM protect\u2122), acetil hexapeptid\u0103-1 (Melitane\u2122) \u0219i acetil tetrapeptid\u0103-2 (Thymulen\u2122), Acid hialuronic, Retinol 0.2%, Madecassoside 1%, Niacinamide 4%<\/p>\n<p><strong>Ingrediente INCI:<\/strong><\/p>\n<p>Aqua (Water), Alcohol Denat., Camelina Sativa Seed Oil, Niacinamide, Glycerin, Microcrystalline Cellulose, Madecassoside, Polymethyl Methacrylate, Tripeptide-1, Acetyl Hexapeptide-1, Acetyl Tetrapeptide-2, Trifluoroacetyl Tripeptide-2, Sodium Acrylate\/Sodium Acryloyldimethyl Taurate Copolymer, Parfum (Fragrance), Isohexadecane, Apricot Kernel Oil Peg-6 Esters, 1,2-hexanediol, Caprylyl Glycol, Xanthan Gum, Retinol, Sodium Hyaluronate, BHT, Sodium Phytate, Polysorbate 80, EDTA, Potassium Sorbate, Caprylic\/Capric Triglyceride, Sorbitan Oleate, Sodium Hydroxide, Helianthus Annuus Seed Oil, Alcohol, Dextran.<\/p>\n<a class=\"nectar-button n-sc-button small accent-color has-icon regular-button\"  href=\"https:\/\/shop.cronosmed.ro\/en\/dictionar-de-ingrediente\/\" data-color-override=\"false\" data-hover-color-override=\"false\" data-hover-text-color-override=\"#fff\"><span>Dictionary of ingredients<\/span><i class=\"icon-button-arrow\"><\/i><\/a>\n\t<\/div>\n<\/div>\n\n\n\n\n\t\t<\/div> \n\t<\/div>\n\t<\/div> \n<\/div><\/div>\n\t\t\t<\/div> \n\t\t<\/div> \n\t<\/div> \n\t\t\t<\/div> \n\t\t<\/div>\n\t<\/div> \n<\/div><\/div>","protected":false},"excerpt":{"rendered":"<h4>FORMULA 49 &#8211; SUPER SKIN BOOSTER LIFTED, REFRESHED AND SMOOTH EYE CONTOUR SERUM &#8211; CON\u021aINE:<\/h4>\n<ul>\n<li>UNIVERSKIN P &#8211; SERUM EYE CONTOUR 15 ml<\/li>\n<li>Activii pentru Serum Eye Contour: Retinol 0.2% &#8211; Madecassoside 1% -Niacinamide 4%<\/li>\n<\/ul>\n<p>Serul UNIVERSKIN P Serum SUPER SKIN BOOSTER LIFTED, REFRESHED AND SMOOTH EYE CONTOUR este un ser de sear\u0103 pentru ochi. Special formulat cu un amestec puternic de Retinol, Madecassoside \u0219i Niacinamid\u0103 (Vitamina B3), vizeaz[ multiple semne ale \u00eemb\u0103tr\u00e2nirii, pentru o piele re\u00eemprosp\u0103tat\u0103 \u0219i cu un aspect t\u00e2n\u0103r \u00een jurul ochilor. Retinolul, o form\u0103 micro\u00eencapsulat\u0103 de retinol pur, ajut\u0103 la reducerea aspectului liniilor fine \u0219i al ridurilor, \u00een timp ce Madecassoside, molecula reparatoare (din Centella Asiatica), ajut\u0103 la calmarea pielii delicate din jurul ochilor. Niacinamida (vitamina B3) ajut\u0103 la \u00eembun\u0103t\u0103\u021birea aspectului general al pielii prin reducerea aspectului cearc\u0103nelor \u00eenchise la culoare \u0219i \u00eembun\u0103t\u0103\u021birea tonului pielii.<\/p>","protected":false},"featured_media":2836,"template":"","meta":[],"product_cat":[274,124],"product_tag":[288],"class_list":{"0":"post-2835","1":"product","2":"type-product","3":"status-publish","4":"has-post-thumbnail","6":"product_cat-bundles","7":"product_cat-produse-cosmetice","8":"product_tag-cearcane-si-pungi","10":"first","11":"instock","12":"taxable","13":"shipping-taxable","14":"purchasable","15":"product-type-simple"},"_links":{"self":[{"href":"https:\/\/shop.cronosmed.ro\/en\/wp-json\/wp\/v2\/product\/2835","targetHints":{"allow":["GET"]}}],"collection":[{"href":"https:\/\/shop.cronosmed.ro\/en\/wp-json\/wp\/v2\/product"}],"about":[{"href":"https:\/\/shop.cronosmed.ro\/en\/wp-json\/wp\/v2\/types\/product"}],"wp:featuredmedia":[{"embeddable":true,"href":"https:\/\/shop.cronosmed.ro\/en\/wp-json\/wp\/v2\/media\/2836"}],"wp:attachment":[{"href":"https:\/\/shop.cronosmed.ro\/en\/wp-json\/wp\/v2\/media?parent=2835"}],"wp:term":[{"taxonomy":"product_cat","embeddable":true,"href":"https:\/\/shop.cronosmed.ro\/en\/wp-json\/wp\/v2\/product_cat?post=2835"},{"taxonomy":"product_tag","embeddable":true,"href":"https:\/\/shop.cronosmed.ro\/en\/wp-json\/wp\/v2\/product_tag?post=2835"}],"curies":[{"name":"wp","href":"https:\/\/api.w.org\/{rel}","templated":true}]}}