{"id":2840,"date":"2024-07-05T11:35:12","date_gmt":"2024-07-05T08:35:12","guid":{"rendered":"https:\/\/shop.cronosmed.ro\/?post_type=product&#038;p=2840"},"modified":"2024-10-10T12:19:47","modified_gmt":"2024-10-10T09:19:47","slug":"universkin-p-serum-formula-50ochi-adanciti","status":"publish","type":"product","link":"https:\/\/shop.cronosmed.ro\/en\/product\/universkin-p-serum-formula-50ochi-adanciti\/","title":{"rendered":"UNIVERSKIN - P Serum Formula 50<br>DEEP EYES"},"content":{"rendered":"<div id=\"fws_69f8d7a4e957b\"  data-column-margin=\"default\" data-midnight=\"dark\"  class=\"wpb_row vc_row-fluid vc_row\"  style=\"padding-top: 0px; padding-bottom: 0px; \"><div class=\"row-bg-wrap\" data-bg-animation=\"none\" data-bg-animation-delay=\"\" data-bg-overlay=\"false\"><div class=\"inner-wrap row-bg-layer\" ><div class=\"row-bg viewport-desktop\"  style=\"\"><\/div><\/div><\/div><div class=\"row_col_wrap_12 col span_12 dark left\">\n\t<div  class=\"vc_col-sm-12 wpb_column column_container vc_column_container col no-extra-padding inherit_tablet inherit_phone\"  data-padding-pos=\"all\" data-has-bg-color=\"false\" data-bg-color=\"\" data-bg-opacity=\"1\" data-animation=\"\" data-delay=\"0\" >\n\t\t<div class=\"vc_column-inner\" >\n\t\t\t<div class=\"wpb_wrapper\">\n\t\t\t\t\n\t<div class=\"wpb_content_element\" data-interval=\"0\">\n\t\t<div class=\"wpb_wrapper tabbed clearfix\" data-style=\"material\" data-animation=\"fade\" data-spacing=\"default\" data-icon-size=\"24\" data-full-width-line=\"\" data-color-scheme=\"accent-color\" data-alignment=\"left\">\n\t\t\t<ul class=\"wpb_tabs_nav ui-tabs-nav clearfix\"><li class=\"tab-item active-tab\"><a role=\"button\" href=\"#tab-1727670157018-3\" class=\"active-tab\"><span>Details<\/span><\/a><\/li><li class=\"tab-item\"><a role=\"button\" href=\"#tab-1727670157059-5\" ><span>Use<\/span><\/a><\/li><li class=\"tab-item\"><a role=\"button\" href=\"#tab-1727670157093-3\" ><span>Apply<\/span><\/a><\/li><li class=\"tab-item\"><a role=\"button\" href=\"#tab-1727670157125-2\" ><span>Ingredient<\/span><\/a><\/li><\/ul>\n\n\t\t\t\n\t\t\t<div id=\"tab-detalii\" data-tab-icon=\"\" class=\"wpb_tab ui-tabs-panel wpb_ui-tabs-hide clearfix\">\n\t\t\t\t<div id=\"fws_69f8d7a4ea332\" data-midnight=\"\" data-column-margin=\"default\" class=\"wpb_row vc_row-fluid vc_row inner_row vc_row-o-equal-height vc_row-flex vc_row-o-content-top\"  style=\"\"><div class=\"row-bg-wrap\"> <div class=\"row-bg\" ><\/div> <\/div><div class=\"row_col_wrap_12_inner col span_12  left\">\n\t<div  class=\"vc_col-sm-12 wpb_column column_container vc_column_container col child_column no-extra-padding inherit_tablet inherit_phone\"   data-padding-pos=\"all\" data-has-bg-color=\"false\" data-bg-color=\"\" data-bg-opacity=\"1\" data-animation=\"\" data-delay=\"0\" >\n\t\t<div class=\"vc_column-inner\" >\n\t\t<div class=\"wpb_wrapper\">\n\t\t\t\n<div class=\"wpb_text_column wpb_content_element\" >\n\t<div class=\"wpb_wrapper\">\n\t\t<p><strong>BAZA &#8211; Universkin P Serum Eye Contour:<\/strong><\/p>\n<p><a href=\"https:\/\/shop.cronosmed.ro\/en\/product\/universkin-p-serum-eye-contourser-contur-de-ochi\/\">UNIVERSKIN P &#8211; Serum Eye Contour &#8211; Ser contur de ochi 15 ml<\/a><\/p>\n<ul>\n<li>BAZ\u0102 pentru personalizare cu ingrediente active pure, \u00een func\u021bie de problemele din jurul ochilor.<\/li>\n<li>Ser calmant perfect compatibil cu pielea sensibil\u0103 din jurul ochilor<\/li>\n<li>Calmeaz\u0103 pielea \u0219i o repar\u0103 &#8211; Omega-3 din Camelina Sativa<\/li>\n<li>Pielea este re\u00eennoit\u0103 \u0219i \u00eentinerit\u0103, ridurile sunt estompate &#8211; complex P de 4 peptide biomimetice<\/li>\n<li>Promoveaz\u0103 hidratarea profund\u0103, d\u0103 volum \u0219i fermitate pielii &#8211; acid hialuronic cu 2 greut\u0103\u021bi moleculare<\/li>\n<li>Textur\u0103 u\u0219oar\u0103, de lapte cosmetic<\/li>\n<\/ul>\n<p><strong>Activii Eye Contour Serum:<\/strong> DMAE 2.5% &#8211; Isoflavones 2% &#8211; Vitamin C 7%<\/p>\n<ul>\n<li>DMAE (dimetilaminoetanol) este precursorul natural al acetilcolinei \u0219i serve\u0219te ca un tensor al pielii, produc\u00e2nd un &#8222;efect de ridicare&#8221; &#8211; lifting pe termen scurt \u0219i ajut\u00e2nd la \u00eembun\u0103t\u0103\u021birea fermit\u0103\u021bii pielii, reducerea laxit\u0103\u021bii \u0219i diminuarea aspectului ridurilor.<\/li>\n<li>Izoflavonele sunt fitoestrogeni \u0219i stimulatori naturali ai pielii care ac\u021bioneaz\u0103 asupra anumitor semne de \u00eemb\u0103tr\u00e2nire a pielii ca urmare a sc\u0103derii nivelului de estrogen \u00een timpul menopauzei. Cu o utilizare regulat\u0103, acestea pot contribui la \u00eembun\u0103t\u0103\u021birea texturii \u0219i a hidrat\u0103rii pielii, la reducerea aspectului liniilor fine \u0219i al ridurilor \u0219i la uniformizarea tonului pielii.<\/li>\n<li>Vitamina C este un stimulent puternic al pielii \u0219i un antioxidant. Contribuie la tratarea \u0219i prevenirea foto\u00eemb\u0103tr\u00e2nirii, hiperpigment\u0103rii, \u00eenro\u0219irii pielii \u0219i usc\u0103rii pielii. Are propriet\u0103\u021bi exfoliante.<\/li>\n<\/ul>\n<p>Persoanele cu pielea sensibil\u0103 trebuie s\u0103 \u00eencerce serul pe o suprafa\u021b\u0103 mic\u0103 a pielii, \u00eenainte de a-l utiliza. Femeile \u00eens\u0103rcinate sau care al\u0103pteaz\u0103 NU trebuie s\u0103 utilizeze acest ser.<\/p>\n\t<\/div>\n<\/div>\n\n\n\n\n\t\t<\/div> \n\t<\/div>\n\t<\/div> \n<\/div><\/div>\n\t\t\t<\/div> \n\t\t\t<div id=\"tab-utilizare\" data-tab-icon=\"\" class=\"wpb_tab ui-tabs-panel wpb_ui-tabs-hide clearfix\">\n\t\t\t\t<div id=\"fws_69f8d7a4eadfc\" data-midnight=\"\" data-column-margin=\"default\" class=\"wpb_row vc_row-fluid vc_row inner_row\"  style=\"\"><div class=\"row-bg-wrap\"> <div class=\"row-bg\" ><\/div> <\/div><div class=\"row_col_wrap_12_inner col span_12  left\">\n\t<div  class=\"vc_col-sm-12 wpb_column column_container vc_column_container col child_column no-extra-padding inherit_tablet inherit_phone\"   data-padding-pos=\"all\" data-has-bg-color=\"false\" data-bg-color=\"\" data-bg-opacity=\"1\" data-animation=\"\" data-delay=\"0\" >\n\t\t<div class=\"vc_column-inner\" >\n\t\t<div class=\"wpb_wrapper\">\n\t\t\t\n<div class=\"wpb_text_column wpb_content_element\" >\n\t<div class=\"wpb_wrapper\">\n\t\t<p>Contur ochi &#8211; cu lipsa de volum, ochi adanciti in orbite, cearcane<\/p>\n\t<\/div>\n<\/div>\n\n\n\n\n\t\t<\/div> \n\t<\/div>\n\t<\/div> \n<\/div><\/div>\n\t\t\t<\/div> \n\t\t\t<div id=\"tab-aplicare\" data-tab-icon=\"\" class=\"wpb_tab ui-tabs-panel wpb_ui-tabs-hide clearfix\">\n\t\t\t\t<div id=\"fws_69f8d7a4eb62f\" data-midnight=\"\" data-column-margin=\"default\" class=\"wpb_row vc_row-fluid vc_row inner_row\"  style=\"\"><div class=\"row-bg-wrap\"> <div class=\"row-bg\" ><\/div> <\/div><div class=\"row_col_wrap_12_inner col span_12  left\">\n\t<div  class=\"vc_col-sm-12 wpb_column column_container vc_column_container col child_column no-extra-padding inherit_tablet inherit_phone\"   data-padding-pos=\"all\" data-has-bg-color=\"false\" data-bg-color=\"\" data-bg-opacity=\"1\" data-animation=\"\" data-delay=\"0\" >\n\t\t<div class=\"vc_column-inner\" >\n\t\t<div class=\"wpb_wrapper\">\n\t\t\t\n<div class=\"wpb_text_column wpb_content_element\" >\n\t<div class=\"wpb_wrapper\">\n\t\t<p>Aplica\u021bi 4-6 pic\u0103turi de dou\u0103 ori pe zi pe pielea curat\u0103 din jurul ochilor, ideal dup\u0103 cur\u0103\u021barea pielii cu Universkin Nexultra O. Masa\u021bi produsul \u00een piele, cu mi\u0219c\u0103ri circulare.<\/p>\n\t<\/div>\n<\/div>\n\n\n\n\n\t\t<\/div> \n\t<\/div>\n\t<\/div> \n<\/div><\/div>\n\t\t\t<\/div> \n\t\t\t<div id=\"tab-ingrediente\" data-tab-icon=\"\" class=\"wpb_tab ui-tabs-panel wpb_ui-tabs-hide clearfix\">\n\t\t\t\t<div id=\"fws_69f8d7a4ebe4a\" data-midnight=\"\" data-column-margin=\"default\" class=\"wpb_row vc_row-fluid vc_row inner_row\"  style=\"\"><div class=\"row-bg-wrap\"> <div class=\"row-bg\" ><\/div> <\/div><div class=\"row_col_wrap_12_inner col span_12  left\">\n\t<div  class=\"vc_col-sm-12 wpb_column column_container vc_column_container col child_column no-extra-padding inherit_tablet inherit_phone\"   data-padding-pos=\"all\" data-has-bg-color=\"false\" data-bg-color=\"\" data-bg-opacity=\"1\" data-animation=\"\" data-delay=\"0\" >\n\t\t<div class=\"vc_column-inner\" >\n\t\t<div class=\"wpb_wrapper\">\n\t\t\t\n<div class=\"wpb_text_column wpb_content_element\" >\n\t<div class=\"wpb_wrapper\">\n\t\t<p>Camelina Sativa (sursa Omega-3), Glicerin\u0103, P-Complex cu 4 biopeptide: tripeptid\u0103-1 (Kollaren\u2122), trifluoroacetil tripeptid\u0103-2 (ECM protect\u2122), acetil hexapeptid\u0103-1 (Melitane\u2122) \u0219i acetil tetrapeptid\u0103-2 (Thymulen\u2122), Acid hialuronic, DMAE 2.5%, Isoflavones 2%, Vitamin C 7%<\/p>\n<p><strong>Ingrediente INCI:<\/strong><\/p>\n<p>Aqua (Water), Alcohol Denat., Camelina Sativa Seed Oil, Ascorbic Acid, Dimethylaminoethanol, Soy Isoflavones, Glycerin, Tripeptide-1, Acetyl Hexapeptide-1, Acetyl Tetrapeptide-2, Trifluoroacetyl Tripeptide-2, Sodium Acrylate\/Sodium Acryloyldimethyl Taurate Copolymer, Parfum (Fragrance), Isohexadecane, 1,2-hexanediol, Caprylyl Glycol, Xanthan Gum, Sodium Hyaluronate, Sodium Phytate, Polysorbate 80, EDTA, Potassium Sorbate, Sorbitan Oleate, Sodium Hydroxide, Helianthus Annuus Seed Oil, Alcohol, Dextran.<\/p>\n<a class=\"nectar-button n-sc-button small accent-color has-icon regular-button\"  href=\"https:\/\/shop.cronosmed.ro\/en\/dictionar-de-ingrediente\/\" data-color-override=\"false\" data-hover-color-override=\"false\" data-hover-text-color-override=\"#fff\"><span>Dictionary of ingredients<\/span><i class=\"icon-button-arrow\"><\/i><\/a>\n\t<\/div>\n<\/div>\n\n\n\n\n\t\t<\/div> \n\t<\/div>\n\t<\/div> \n<\/div><\/div>\n\t\t\t<\/div> \n\t\t<\/div> \n\t<\/div> \n\t\t\t<\/div> \n\t\t<\/div>\n\t<\/div> \n<\/div><\/div>","protected":false},"excerpt":{"rendered":"<h4>FORMULA 50 &#8211; HOLLOWED EYES EYE CONTOUR SERUM &#8211; CON\u021aINE:<\/h4>\n<ul>\n<li>UNIVERSKIN P &#8211; SERUM EYE CONTOUR 15 ml<\/li>\n<li>Activii pentru Serum Eye Contour: DMAE 2.5% &#8211; Isoflavones 2% &#8211; Vitamin C 7%<\/li>\n<\/ul>\n<p>Serul UNIVERSKIN P SERUM HOLLOWED EYES CONTOUR SERUM combate semnele vizibile ale \u00eemb\u0103tr\u00e2nirii &#8211; \u00een special ochii ad\u00e2nci\u021bi \u00een orbite ca urmare a \u00eenaint\u0103rii \u00een v\u00e2rst\u0103. Formula are un amestec puternic de DMAE, Izoflavone \u0219i Vitamina C, ceea ce \u00eel face ideal at\u00e2t pentru utilizare diminea\u021ba, c\u00e2t \u0219i seara. DMAE face minuni \u00een \u00eent\u0103rirea \u0219i tonifierea pielii delicate de sub ochi, \u00een timp ce izoflavonele, surse naturale de hormoni estrogeni, ajut\u0103 la cre\u0219terea elasticit\u0103\u021bii \u0219i a nivelului de hidratare a pielii. Vitamina C, un puternic stimulent al colagenului \u0219i antioxidant, ilumineaz\u0103 eficient zona de sub ochi.<\/p>","protected":false},"featured_media":2841,"template":"","meta":[],"product_cat":[274,124],"product_tag":[288],"class_list":{"0":"post-2840","1":"product","2":"type-product","3":"status-publish","4":"has-post-thumbnail","6":"product_cat-bundles","7":"product_cat-produse-cosmetice","8":"product_tag-cearcane-si-pungi","10":"first","11":"instock","12":"taxable","13":"shipping-taxable","14":"purchasable","15":"product-type-simple"},"_links":{"self":[{"href":"https:\/\/shop.cronosmed.ro\/en\/wp-json\/wp\/v2\/product\/2840","targetHints":{"allow":["GET"]}}],"collection":[{"href":"https:\/\/shop.cronosmed.ro\/en\/wp-json\/wp\/v2\/product"}],"about":[{"href":"https:\/\/shop.cronosmed.ro\/en\/wp-json\/wp\/v2\/types\/product"}],"wp:featuredmedia":[{"embeddable":true,"href":"https:\/\/shop.cronosmed.ro\/en\/wp-json\/wp\/v2\/media\/2841"}],"wp:attachment":[{"href":"https:\/\/shop.cronosmed.ro\/en\/wp-json\/wp\/v2\/media?parent=2840"}],"wp:term":[{"taxonomy":"product_cat","embeddable":true,"href":"https:\/\/shop.cronosmed.ro\/en\/wp-json\/wp\/v2\/product_cat?post=2840"},{"taxonomy":"product_tag","embeddable":true,"href":"https:\/\/shop.cronosmed.ro\/en\/wp-json\/wp\/v2\/product_tag?post=2840"}],"curies":[{"name":"wp","href":"https:\/\/api.w.org\/{rel}","templated":true}]}}