{"id":2855,"date":"2024-07-05T11:46:03","date_gmt":"2024-07-05T08:46:03","guid":{"rendered":"https:\/\/shop.cronosmed.ro\/?post_type=product&#038;p=2855"},"modified":"2024-10-10T12:20:46","modified_gmt":"2024-10-10T09:20:46","slug":"universkin-p-serum-formula-53cearcane-sub-ochi","status":"publish","type":"product","link":"https:\/\/shop.cronosmed.ro\/en\/product\/universkin-p-serum-formula-53cearcane-sub-ochi\/","title":{"rendered":"UNIVERSKIN - P Serum Formula 53<br>DARK CIRCLES UNDER THE EYES"},"content":{"rendered":"<div id=\"fws_69f8d98311909\"  data-column-margin=\"default\" data-midnight=\"dark\"  class=\"wpb_row vc_row-fluid vc_row\"  style=\"padding-top: 0px; padding-bottom: 0px; \"><div class=\"row-bg-wrap\" data-bg-animation=\"none\" data-bg-animation-delay=\"\" data-bg-overlay=\"false\"><div class=\"inner-wrap row-bg-layer\" ><div class=\"row-bg viewport-desktop\"  style=\"\"><\/div><\/div><\/div><div class=\"row_col_wrap_12 col span_12 dark left\">\n\t<div  class=\"vc_col-sm-12 wpb_column column_container vc_column_container col no-extra-padding inherit_tablet inherit_phone\"  data-padding-pos=\"all\" data-has-bg-color=\"false\" data-bg-color=\"\" data-bg-opacity=\"1\" data-animation=\"\" data-delay=\"0\" >\n\t\t<div class=\"vc_column-inner\" >\n\t\t\t<div class=\"wpb_wrapper\">\n\t\t\t\t\n\t<div class=\"wpb_content_element\" data-interval=\"0\">\n\t\t<div class=\"wpb_wrapper tabbed clearfix\" data-style=\"material\" data-animation=\"fade\" data-spacing=\"default\" data-icon-size=\"24\" data-full-width-line=\"\" data-color-scheme=\"accent-color\" data-alignment=\"left\">\n\t\t\t<ul class=\"wpb_tabs_nav ui-tabs-nav clearfix\"><li class=\"tab-item active-tab\"><a role=\"button\" href=\"#tab-1727670151651-9\" class=\"active-tab\"><span>Details<\/span><\/a><\/li><li class=\"tab-item\"><a role=\"button\" href=\"#tab-1727670151698-8\" ><span>Use<\/span><\/a><\/li><li class=\"tab-item\"><a role=\"button\" href=\"#tab-1727670151717-1\" ><span>Apply<\/span><\/a><\/li><li class=\"tab-item\"><a role=\"button\" href=\"#tab-1727670151746-2\" ><span>Ingredient<\/span><\/a><\/li><\/ul>\n\n\t\t\t\n\t\t\t<div id=\"tab-detalii\" data-tab-icon=\"\" class=\"wpb_tab ui-tabs-panel wpb_ui-tabs-hide clearfix\">\n\t\t\t\t<div id=\"fws_69f8d9831269e\" data-midnight=\"\" data-column-margin=\"default\" class=\"wpb_row vc_row-fluid vc_row inner_row vc_row-o-equal-height vc_row-flex vc_row-o-content-top\"  style=\"\"><div class=\"row-bg-wrap\"> <div class=\"row-bg\" ><\/div> <\/div><div class=\"row_col_wrap_12_inner col span_12  left\">\n\t<div  class=\"vc_col-sm-12 wpb_column column_container vc_column_container col child_column no-extra-padding inherit_tablet inherit_phone\"   data-padding-pos=\"all\" data-has-bg-color=\"false\" data-bg-color=\"\" data-bg-opacity=\"1\" data-animation=\"\" data-delay=\"0\" >\n\t\t<div class=\"vc_column-inner\" >\n\t\t<div class=\"wpb_wrapper\">\n\t\t\t\n<div class=\"wpb_text_column wpb_content_element\" >\n\t<div class=\"wpb_wrapper\">\n\t\t<p><strong>BAZA &#8211; Universkin P Serum Eye Contour:<\/strong><\/p>\n<p><a href=\"https:\/\/shop.cronosmed.ro\/en\/product\/universkin-p-serum-eye-contourser-contur-de-ochi\/\">UNIVERSKIN P &#8211; Serum Eye Contour &#8211; Ser contur de ochi 15 ml<\/a><\/p>\n<ul>\n<li>BAZ\u0102 pentru personalizare cu ingrediente active pure, \u00een func\u021bie de problemele din jurul ochilor.<\/li>\n<li>Ser calmant perfect compatibil cu pielea sensibil\u0103 din jurul ochilor<\/li>\n<li>Calmeaz\u0103 pielea \u0219i o repar\u0103 &#8211; Omega-3 din Camelina Sativa<\/li>\n<li>Pielea este re\u00eennoit\u0103 \u0219i \u00eentinerit\u0103, ridurile sunt estompate &#8211; complex P de 4 peptide biomimetice<\/li>\n<li>Promoveaz\u0103 hidratarea profund\u0103, d\u0103 volum \u0219i fermitate pielii &#8211; acid hialuronic cu 2 greut\u0103\u021bi moleculare<\/li>\n<li>Textur\u0103 u\u0219oar\u0103, de lapte cosmetic<\/li>\n<\/ul>\n<p><strong>Activii Eye Contour Serum:<\/strong> Azelaic Acid 5.4% &#8211; SOD 2% &#8211; Niacinamide 4%<\/p>\n<ul>\n<li>Acidul azelaic este un ingredient multifunc\u021bional pentru \u00eengrijirea pielii, derivat din cereale, care ajut\u0103 delicat la cur\u0103\u021barea pielii predispuse la acnee \u0219i rozacee, reduc\u00e2nd \u00een acela\u0219i timp ro\u0219ea\u021ba \u0219i petele hiper-pigmentare maronii, pentru un ten impecabil.<\/li>\n<li>SOD, superoxid dismutaza, este cea mai puternic\u0103 enzim\u0103 antioxidant\u0103 pentru organismul uman. Protejeaz\u0103 pielea de daunele oxidative \u0219i de inflama\u021bie. SOD ajut\u0103 la calmarea pielii, reduce ro\u0219ea\u021ba vizibil\u0103 \u0219i combate foto\u00eemb\u0103tr\u00e2nirea.<\/li>\n<li>Niacinamida, vitamina B3, reduce semnele de inflama\u021bie \u0219i \u00eembun\u0103t\u0103\u021be\u0219te s\u0103n\u0103tatea, tonusul, textura \u0219i str\u0103lucirea pielii, reduc\u00e2nd \u00een acela\u0219i timp petele hiper-pigmentare \u00eentunecate \u0219i regl\u00e2nd nivelul de sebum.<\/li>\n<\/ul>\n<p>Acest ser este potrivit pentru cei cu pielea sensibil\u0103 \u0219i este suficient de bl\u00e2nd pentru utilizarea zilnic\u0103.<\/p>\n\t<\/div>\n<\/div>\n\n\n\n\n\t\t<\/div> \n\t<\/div>\n\t<\/div> \n<\/div><\/div>\n\t\t\t<\/div> \n\t\t\t<div id=\"tab-utilizare\" data-tab-icon=\"\" class=\"wpb_tab ui-tabs-panel wpb_ui-tabs-hide clearfix\">\n\t\t\t\t<div id=\"fws_69f8d98313168\" data-midnight=\"\" data-column-margin=\"default\" class=\"wpb_row vc_row-fluid vc_row inner_row\"  style=\"\"><div class=\"row-bg-wrap\"> <div class=\"row-bg\" ><\/div> <\/div><div class=\"row_col_wrap_12_inner col span_12  left\">\n\t<div  class=\"vc_col-sm-12 wpb_column column_container vc_column_container col child_column no-extra-padding inherit_tablet inherit_phone\"   data-padding-pos=\"all\" data-has-bg-color=\"false\" data-bg-color=\"\" data-bg-opacity=\"1\" data-animation=\"\" data-delay=\"0\" >\n\t\t<div class=\"vc_column-inner\" >\n\t\t<div class=\"wpb_wrapper\">\n\t\t\t\n<div class=\"wpb_text_column wpb_content_element\" >\n\t<div class=\"wpb_wrapper\">\n\t\t<p>Contur ochi &#8211; cearcane, pe piele deschisa la culoare (fototip 1 &#8211; 4)<\/p>\n\t<\/div>\n<\/div>\n\n\n\n\n\t\t<\/div> \n\t<\/div>\n\t<\/div> \n<\/div><\/div>\n\t\t\t<\/div> \n\t\t\t<div id=\"tab-aplicare\" data-tab-icon=\"\" class=\"wpb_tab ui-tabs-panel wpb_ui-tabs-hide clearfix\">\n\t\t\t\t<div id=\"fws_69f8d9831398e\" data-midnight=\"\" data-column-margin=\"default\" class=\"wpb_row vc_row-fluid vc_row inner_row\"  style=\"\"><div class=\"row-bg-wrap\"> <div class=\"row-bg\" ><\/div> <\/div><div class=\"row_col_wrap_12_inner col span_12  left\">\n\t<div  class=\"vc_col-sm-12 wpb_column column_container vc_column_container col child_column no-extra-padding inherit_tablet inherit_phone\"   data-padding-pos=\"all\" data-has-bg-color=\"false\" data-bg-color=\"\" data-bg-opacity=\"1\" data-animation=\"\" data-delay=\"0\" >\n\t\t<div class=\"vc_column-inner\" >\n\t\t<div class=\"wpb_wrapper\">\n\t\t\t\n<div class=\"wpb_text_column wpb_content_element\" >\n\t<div class=\"wpb_wrapper\">\n\t\t<p>Aplica\u021bi 4-6 pic\u0103turi de dou\u0103 ori pe zi pe pielea curat\u0103 din jurul ochilor, ideal dup\u0103 cur\u0103\u021barea pielii cu Universkin Nexultra O. Masa\u021bi produsul \u00een piele, cu mi\u0219c\u0103ri circulare.<\/p>\n\t<\/div>\n<\/div>\n\n\n\n\n\t\t<\/div> \n\t<\/div>\n\t<\/div> \n<\/div><\/div>\n\t\t\t<\/div> \n\t\t\t<div id=\"tab-ingrediente\" data-tab-icon=\"\" class=\"wpb_tab ui-tabs-panel wpb_ui-tabs-hide clearfix\">\n\t\t\t\t<div id=\"fws_69f8d98314186\" data-midnight=\"\" data-column-margin=\"default\" class=\"wpb_row vc_row-fluid vc_row inner_row\"  style=\"\"><div class=\"row-bg-wrap\"> <div class=\"row-bg\" ><\/div> <\/div><div class=\"row_col_wrap_12_inner col span_12  left\">\n\t<div  class=\"vc_col-sm-12 wpb_column column_container vc_column_container col child_column no-extra-padding inherit_tablet inherit_phone\"   data-padding-pos=\"all\" data-has-bg-color=\"false\" data-bg-color=\"\" data-bg-opacity=\"1\" data-animation=\"\" data-delay=\"0\" >\n\t\t<div class=\"vc_column-inner\" >\n\t\t<div class=\"wpb_wrapper\">\n\t\t\t\n<div class=\"wpb_text_column wpb_content_element\" >\n\t<div class=\"wpb_wrapper\">\n\t\t<p>Camelina Sativa (sursa Omega-3), Glicerin\u0103, P-Complex cu 4 biopeptide: tripeptid\u0103-1 (Kollaren\u2122), trifluoroacetil tripeptid\u0103-2 (ECM protect\u2122), acetil hexapeptid\u0103-1 (Melitane\u2122) \u0219i acetil tetrapeptid\u0103-2 (Thymulen\u2122), Acid hialuronic, Azelaic Acid 5.4%, SOD 2% , Niacinamide 4%<\/p>\n<p><strong>Ingrediente INCI:<\/strong><\/p>\n<p>Aqua (Water), Alcohol Denat., Camelina Sativa Seed Oil, Azelaic Acid, Niacinamide, Superoxide Dismutase, Glycerin, Tripeptide-1, Acetyl Hexapeptide-1, Acetyl Tetrapeptide-2, Trifluoroacetyl Tripeptide-2, Sodium Acrylate\/Sodium Acryloyldimethyl Taurate Copolymer, Parfum (Fragrance), Isohexadecane, 1,2-hexanediol, Caprylyl Glycol, Xanthan Gum, Sodium Hyaluronate, Sodium Phytate, Polysorbate 80, EDTA, Potassium Sorbate, Sorbitan Oleate, Sodium Hydroxide, Helianthus Annuus Seed Oil, Alcohol, Dextran.<\/p>\n<a class=\"nectar-button n-sc-button small accent-color has-icon regular-button\"  href=\"https:\/\/shop.cronosmed.ro\/en\/dictionar-de-ingrediente\/\" data-color-override=\"false\" data-hover-color-override=\"false\" data-hover-text-color-override=\"#fff\"><span>Dictionary of ingredients<\/span><i class=\"icon-button-arrow\"><\/i><\/a>\n\t<\/div>\n<\/div>\n\n\n\n\n\t\t<\/div> \n\t<\/div>\n\t<\/div> \n<\/div><\/div>\n\t\t\t<\/div> \n\t\t<\/div> \n\t<\/div> \n\t\t\t<\/div> \n\t\t<\/div>\n\t<\/div> \n<\/div><\/div>","protected":false},"excerpt":{"rendered":"<h4>FORMULA 53 &#8211; DARK CIRCLES FOR LIGHT SKIN &#8211; EYE CONTOUR SERUM &#8211; CON\u021aINE:<\/h4>\n<ul>\n<li>UNIVERSKIN P &#8211; SERUM EYE CONTOUR 15 ml<\/li>\n<li>Activii pentru Serum Eye Contour: Azelaic Acid 5.4% &#8211; SOD 2% &#8211; Niacinamide 4%<\/li>\n<\/ul>\n<p>Serul UNIVERSKIN P Serum DARK CIRCLES FOR LIGHT SKIN pentru ten deschis, ce prezint\u0103 cearc\u0103ne de sub ochi. Formulat cu un amestec puternic de acid azelaic, SOD(Superoxide Dismutase) \u0219i Niacinamid\u0103 (vitamina B3), acest ser este special conceput pentru persoanele cu pielea deschis\u0103 la culoare, din fototipurile 1 &#8211; 4. Acidul azelaic ajut\u0103 la luminozitate pielii \u0219i la reducerea aspectului cearc\u0103nelor, \u00een timp ce SOD ajut\u0103 la protejarea pielii delicate din jurul ochilor de stresul oxidativ. Niacinamida (vitamina B3) poate ajuta la \u00eembun\u0103t\u0103\u021birea aspectului general al pielii, prin reducerea aspectului liniilor fine \u0219i a ridurilor, \u00eembun\u0103t\u0103\u021birea tonului pielii \u0219i estomparea petelor \u00eenchise la culoare.<\/p>","protected":false},"featured_media":2856,"template":"","meta":[],"product_cat":[274,124],"product_tag":[288],"class_list":{"0":"post-2855","1":"product","2":"type-product","3":"status-publish","4":"has-post-thumbnail","6":"product_cat-bundles","7":"product_cat-produse-cosmetice","8":"product_tag-cearcane-si-pungi","10":"first","11":"instock","12":"taxable","13":"shipping-taxable","14":"purchasable","15":"product-type-simple"},"_links":{"self":[{"href":"https:\/\/shop.cronosmed.ro\/en\/wp-json\/wp\/v2\/product\/2855","targetHints":{"allow":["GET"]}}],"collection":[{"href":"https:\/\/shop.cronosmed.ro\/en\/wp-json\/wp\/v2\/product"}],"about":[{"href":"https:\/\/shop.cronosmed.ro\/en\/wp-json\/wp\/v2\/types\/product"}],"wp:featuredmedia":[{"embeddable":true,"href":"https:\/\/shop.cronosmed.ro\/en\/wp-json\/wp\/v2\/media\/2856"}],"wp:attachment":[{"href":"https:\/\/shop.cronosmed.ro\/en\/wp-json\/wp\/v2\/media?parent=2855"}],"wp:term":[{"taxonomy":"product_cat","embeddable":true,"href":"https:\/\/shop.cronosmed.ro\/en\/wp-json\/wp\/v2\/product_cat?post=2855"},{"taxonomy":"product_tag","embeddable":true,"href":"https:\/\/shop.cronosmed.ro\/en\/wp-json\/wp\/v2\/product_tag?post=2855"}],"curies":[{"name":"wp","href":"https:\/\/api.w.org\/{rel}","templated":true}]}}