{"id":3690,"date":"2024-10-15T11:15:24","date_gmt":"2024-10-15T08:15:24","guid":{"rendered":"https:\/\/shop.cronosmed.ro\/?post_type=product&#038;p=3690"},"modified":"2024-10-15T11:34:50","modified_gmt":"2024-10-15T08:34:50","slug":"kit-mediderma-antiaging-rutina-de-ingrijire-pentru-piele-cu-riduri-medii-si-profunde","status":"publish","type":"product","link":"https:\/\/shop.cronosmed.ro\/en\/product\/kit-mediderma-antiaging-rutina-de-ingrijire-pentru-piele-cu-riduri-medii-si-profunde\/","title":{"rendered":"KIT MEDIDERMA ANTIAGING - Care routine for skin with medium and deep wrinkles"},"content":{"rendered":"<div id=\"fws_69e383ad6f8e8\"  data-column-margin=\"default\" data-midnight=\"dark\"  class=\"wpb_row vc_row-fluid vc_row\"  style=\"padding-top: 0px; padding-bottom: 0px; \"><div class=\"row-bg-wrap\" data-bg-animation=\"none\" data-bg-animation-delay=\"\" data-bg-overlay=\"false\"><div class=\"inner-wrap row-bg-layer\" ><div class=\"row-bg viewport-desktop\"  style=\"\"><\/div><\/div><\/div><div class=\"row_col_wrap_12 col span_12 dark left\">\n\t<div  class=\"vc_col-sm-12 wpb_column column_container vc_column_container col no-extra-padding inherit_tablet inherit_phone\"  data-padding-pos=\"all\" data-has-bg-color=\"false\" data-bg-color=\"\" data-bg-opacity=\"1\" data-animation=\"\" data-delay=\"0\" >\n\t\t<div class=\"vc_column-inner\" >\n\t\t\t<div class=\"wpb_wrapper\">\n\t\t\t\t\n\t<div class=\"wpb_content_element\" data-interval=\"0\">\n\t\t<div class=\"wpb_wrapper tabbed clearfix\" data-style=\"material\" data-animation=\"fade\" data-spacing=\"default\" data-icon-size=\"24\" data-full-width-line=\"\" data-color-scheme=\"accent-color\" data-alignment=\"left\">\n\t\t\t<ul class=\"wpb_tabs_nav ui-tabs-nav clearfix\"><li class=\"tab-item active-tab\"><a role=\"button\" href=\"#tab-1728980110249-3\" class=\"active-tab\"><span>Details<\/span><\/a><\/li><li class=\"tab-item\"><a role=\"button\" href=\"#tab-1728980110296-2\" ><span>Use<\/span><\/a><\/li><li class=\"tab-item\"><a role=\"button\" href=\"#tab-1728980110315-5\" ><span>Complementary products<\/span><\/a><\/li><\/ul>\n\n\t\t\t\n\t\t\t<div id=\"tab-detalii\" data-tab-icon=\"\" class=\"wpb_tab ui-tabs-panel wpb_ui-tabs-hide clearfix\">\n\t\t\t\t<div id=\"fws_69e383ad70782\" data-midnight=\"\" data-column-margin=\"default\" class=\"wpb_row vc_row-fluid vc_row inner_row vc_row-o-equal-height vc_row-flex vc_row-o-content-top\"  style=\"\"><div class=\"row-bg-wrap\"> <div class=\"row-bg\" ><\/div> <\/div><div class=\"row_col_wrap_12_inner col span_12  left\">\n\t<div  class=\"vc_col-sm-12 wpb_column column_container vc_column_container col child_column no-extra-padding inherit_tablet inherit_phone\"   data-padding-pos=\"all\" data-has-bg-color=\"false\" data-bg-color=\"\" data-bg-opacity=\"1\" data-animation=\"\" data-delay=\"0\" >\n\t\t<div class=\"vc_column-inner\" >\n\t\t<div class=\"wpb_wrapper\">\n\t\t\t\n<div class=\"wpb_text_column wpb_content_element\" >\n\t<div class=\"wpb_wrapper\">\n\t\t<ul>\n<li><a href=\"https:\/\/shop.cronosmed.ro\/en\/product\/mediderma-mela-360-face-eyecleanser-depigmenting-lotion-for-brown-spotslotiune-curatare-si-depigmentare-fata-si-ochi\/\"><strong>MEDIDERMA &#8211; MELA 360 FACE &amp; EYE<\/strong> <\/a>&#8211; Cleanser Depigmenting lotion for brown spots 100 ml &#8211; Lo\u021biune cur\u0103\u021bare \u0219i depigmentare fa\u021b\u0103 \u0219i ochi cu acizi gra\u0219i, panthenol \u0219i vitamina C cur\u0103\u021b\u0103 delicat pielea, restabile\u0219te echilibrul lipidic, reduce pigmentarea<\/li>\n<li><a href=\"https:\/\/shop.cronosmed.ro\/en\/product\/mediderma-sens-age-md_ag-regeneratinggel-cream-with-glycolic-acidcrema-gel-cu-acid-glicolic\/\"><strong>MEDIDERMA &#8211; SENS AGE MD_AG REGENERATING<\/strong><\/a> &#8211; Gel cream with glycolic acid 50 ml &#8211; Crem\u0103 gel (de noapte) cu acid glicolic 10%, ergotionin\u0103 \u0219i celule stem vegetale cu efect anti\u00eemb\u0103tr\u00e2nire ce re\u00eennoie\u0219te pielea prin efectul de peeling, hidrateaz\u0103, stimuleaz\u0103 sinteza de elastin\u0103 plus colagen \u0219i \u00eent\u00e2rzie \u00eemb\u0103tr\u00e2nirea celular\u0103.<\/li>\n<li><a href=\"https:\/\/shop.cronosmed.ro\/en\/product\/mediderma-sens-age-md_ultra-corector-3arenewer-facial-cream-with-3-retinol-systemcrema-anti-imbatranire-si-regenerare-cu-retinol\/\"><strong>MEDIDERMA &#8211; SENS AGE MD_ULTRA CORECTOR 3A<\/strong><\/a> Renewer Facial cream with 3-retinol system 50 ml &#8211; Crem\u0103 anti-\u00eemb\u0103tr\u00e2nire \u0219i regenerare cu retinol cu eliberare lent\u0103 ce normalizeaz\u0103 procesul de exfoliere a pielii. Textura pielii se \u00eembun\u0103t\u0103\u021be\u0219te datorit\u0103 ingredientelor actiive &#8211; acid hialuronic, peptide antirid, vitamina C, factor de cre\u0219tere TGF-beta2, iar \u00eemb\u0103tr\u00e2nirea celular\u0103 este \u00eent\u00e2rziat\u0103 (telomerii se scurteaz\u0103 mai lent, senescen\u021ba celulelor e redus\u0103) favorizat\u00ee fiind de ergotionin\u0103 \u0219i pretorstilben.<\/li>\n<li><a href=\"https:\/\/shop.cronosmed.ro\/en\/product\/mediderma-sens-age-md_ultra-corector-3aconcentrate_serum-with-3-retinol-systemser-cu-retinol\/\"><strong>MEDIDERMA &#8211; SENS AGE MD_ULTRA CORECTOR 3A<\/strong><\/a> Concentrate_Serum with 3-retinol system 30 ml &#8211; Ser anti-\u00eemb\u0103tr\u00e2nire cu retinol, acid hialuronic, peptide, vitamina C, factor de cre\u0219tere. \u00cembun\u0103t\u0103\u021be\u0219te textura pielii \u0219i este excelent tolerat de piele datorit\u0103 eliber\u0103rii treptate a sistemului 3-Retinol (retinol \u00eencapsulat \u00een bule lipidice) \u0219i acidului boswelic.<\/li>\n<\/ul>\n\t<\/div>\n<\/div>\n\n\n\n\n\t\t<\/div> \n\t<\/div>\n\t<\/div> \n<\/div><\/div>\n\t\t\t<\/div> \n\t\t\t<div id=\"tab-utilizare\" data-tab-icon=\"\" class=\"wpb_tab ui-tabs-panel wpb_ui-tabs-hide clearfix\">\n\t\t\t\t<div id=\"fws_69e383ad712cb\" data-midnight=\"\" data-column-margin=\"default\" class=\"wpb_row vc_row-fluid vc_row inner_row vc_row-o-equal-height vc_row-flex vc_row-o-content-top\"  style=\"\"><div class=\"row-bg-wrap\"> <div class=\"row-bg\" ><\/div> <\/div><div class=\"row_col_wrap_12_inner col span_12  left\">\n\t<div  class=\"vc_col-sm-12 wpb_column column_container vc_column_container col child_column no-extra-padding inherit_tablet inherit_phone\"   data-padding-pos=\"all\" data-has-bg-color=\"false\" data-bg-color=\"\" data-bg-opacity=\"1\" data-animation=\"\" data-delay=\"0\" >\n\t\t<div class=\"vc_column-inner\" >\n\t\t<div class=\"wpb_wrapper\">\n\t\t\t\n<div class=\"wpb_text_column wpb_content_element\" >\n\t<div class=\"wpb_wrapper\">\n\t\t<p><strong>Morning routine:<\/strong><\/p>\n<p>1. Aplica\u021bi lo\u021biunea de cur\u0103\u021bare MEDIDERMA MELA 360 FACE &amp; EYE Clenser Depigmenting Lotion<br \/>\n2. Aplica\u021bi serul antiaging MEDIDERMA &#8211; SENS AGE MD_ULTRA CORECTOR 3A Concentrate_Serum with 3-retinol system<br \/>\n3. Aplica\u021bi crema-gel antiaging MEDIDERMA &#8211; SENS AGE MD_AG REGENERATING &#8211; Gel cream with glycolic acid<\/p>\n<p><strong>Evening routine:<\/strong><\/p>\n<p>1.Aplica\u021bi lo\u021biunea de cur\u0103\u021bare MEDIDERMA MELA 360 FACE &amp; EYE Clenser Depigmenting Lotion<br \/>\n2. Aplica\u021bi serul antiaging MEDIDERMA &#8211; SENS AGE MD_ULTRA CORECTOR 3A Concentrate_Serum with 3-retinol system<br \/>\n3.Aplica\u021bi crema antiaging MEDIDERMA &#8211; SENS AGE MD_ULTRA CORECTOR 3A Renewer Facial cream with 3-retinol system<\/p>\n<p><strong>HOW TO USE<\/strong><\/p>\n<ul>\n<li>MEDIDERMA MELA 360 FACE &amp; EYE Clenser Depigmenting Lotion: Aplica\u021bi pe pielea umed\u0103 \u0219i masa\u021bi u\u0219or. Cl\u0103ti\u021bi cu ap\u0103 curat\u0103. \u0218terge\u021bi cu un prosop curat.<\/li>\n<li>MEDIDERMA &#8211; SENS AGE MD_ULTRA CORECTOR 3A Renewer Facial cream with 3-retinol system: Aplica\u021bi seara, cu un masaj u\u0219or, p\u00e2n\u0103 la absorb\u021bia complet\u0103.<\/li>\n<li>MEDIDERMA C-DEFENSE MD C+SKIN Bright Moisturizing fluid with vitamin C: Aplica\u021bi diminea\u021ba, cu un masaj u\u0219or, p\u00e2n\u0103 la absorb\u021bia complet\u0103. (Se poate aplica \u0219i seara dac\u0103 nu ave\u021bi o crem\u0103 special\u0103 pentru noapte).<br \/>\nAplica\u021bi serul antiaging<\/li>\n<li>MEDIDERMA &#8211; SENS AGE MD_ULTRA CORECTOR 3A Concentrate_Serum with 3-retinol system Aplica\u021bi diminea\u021ba \u0219i seara, pe pielea cur\u0103\u021bat\u0103 \u00een prealabil, pe fa\u021b\u0103 \u0219i \u00een zona periocular\u0103 (\u021bin\u00e2nd cont de distan\u021ba de 3-5 mm \u00een jurul ochiului), cu un masaj u\u0219or, p\u00e2n\u0103 la absorb\u021bia complet\u0103.<\/li>\n<\/ul>\n\t<\/div>\n<\/div>\n\n\n\n\n\t\t<\/div> \n\t<\/div>\n\t<\/div> \n<\/div><\/div>\n\t\t\t<\/div> \n\t\t\t<div id=\"tab-produse-complementare\" data-tab-icon=\"\" class=\"wpb_tab ui-tabs-panel wpb_ui-tabs-hide clearfix\">\n\t\t\t\t<div id=\"fws_69e383ad71cf9\" data-midnight=\"\" data-column-margin=\"default\" class=\"wpb_row vc_row-fluid vc_row inner_row vc_row-o-equal-height vc_row-flex vc_row-o-content-top\"  style=\"\"><div class=\"row-bg-wrap\"> <div class=\"row-bg\" ><\/div> <\/div><div class=\"row_col_wrap_12_inner col span_12  left\">\n\t<div  class=\"vc_col-sm-3 wpb_column column_container vc_column_container col child_column centered-text no-extra-padding inherit_tablet inherit_phone\"   data-padding-pos=\"all\" data-has-bg-color=\"false\" data-bg-color=\"\" data-bg-opacity=\"1\" data-animation=\"\" data-delay=\"0\" >\n\t\t<div class=\"vc_column-inner\" >\n\t\t<div class=\"wpb_wrapper\">\n\t\t\t\n<div class=\"wpb_text_column wpb_content_element\" >\n\t<div class=\"wpb_wrapper\">\n\t\t<h5><b>Ochi<\/b><\/h5>\n<hr \/>\n\t<\/div>\n<\/div>\n\n\n\n<div class=\"nectar-fancy-box nectar-underline using-img  aspect-1-1\"  data-style=\"image_above_text_underline\" data-border-radius=\"default\" data-animation=\"\" data-delay=\"\" data-alignment=\"left\"><div class=\"image-wrap\"><div class=\"box-bg\"  style=\"background-image: url('https:\/\/shop.cronosmed.ro\/wp-content\/uploads\/2024\/06\/MEDI-DERMA-SENS-AGE-LIFT-DEYE-Firming_Eye-contour-with-DMAE-Crema-contur-ochi_15-ml-cronosmed-shop.jpg'); \"><\/div><\/div>\n\t\t<div class=\"text\">MEDIDERMA &#8211; SENS-AGE LIFT D+EYE Firming Eye contour with DMAE 15 ml<\/div> <a target=\"_blank\" href=\"https:\/\/shop.cronosmed.ro\/en\/product\/mediderma-sens-age-lift-deye-firming-eye-contour-with-dmaecrema-contur-ochi\/\" class=\"box-link\"><\/a>\n\t\t<\/div>\n\t\t<\/div> \n\t<\/div>\n\t<\/div> \n\n\t<div  class=\"vc_col-sm-3 wpb_column column_container vc_column_container col child_column centered-text no-extra-padding inherit_tablet inherit_phone\"   data-padding-pos=\"all\" data-has-bg-color=\"false\" data-bg-color=\"\" data-bg-opacity=\"1\" data-animation=\"\" data-delay=\"0\" >\n\t\t<div class=\"vc_column-inner\" >\n\t\t<div class=\"wpb_wrapper\">\n\t\t\t\n<div class=\"wpb_text_column wpb_content_element\" >\n\t<div class=\"wpb_wrapper\">\n\t\t<h5><b>Face<\/b><\/h5>\n<hr \/>\n\t<\/div>\n<\/div>\n\n\n\n<div class=\"nectar-fancy-box nectar-underline using-img  aspect-1-1\"  data-style=\"image_above_text_underline\" data-border-radius=\"default\" data-animation=\"\" data-delay=\"\" data-alignment=\"left\"><div class=\"image-wrap\"><div class=\"box-bg\"  style=\"background-image: url('https:\/\/shop.cronosmed.ro\/wp-content\/uploads\/2024\/06\/MEDI-DERMA_SENS-AGE-LIFT-Global-Restructuring-intensive-50-ml-cronosmed-shop.jpg'); \"><\/div><\/div>\n\t\t<div class=\"text\">MEDIDERMA &#8211; SENS-AGE LIFT GLOBAL RESTRUCTURING Intensive Firming Cream with DMAE 50 ml<\/div> <a target=\"_blank\" href=\"https:\/\/shop.cronosmed.ro\/en\/product\/mediderma-sens-age-lift-global-restructuringintensive-firming-cream-with-dmaecrema-fermitate-cu-dmae\/\" class=\"box-link\"><\/a>\n\t\t<\/div>\n\t\t<\/div> \n\t<\/div>\n\t<\/div> \n\n\t<div  class=\"vc_col-sm-3 wpb_column column_container vc_column_container col child_column centered-text no-extra-padding inherit_tablet inherit_phone\"   data-padding-pos=\"all\" data-has-bg-color=\"false\" data-bg-color=\"\" data-bg-opacity=\"1\" data-animation=\"\" data-delay=\"0\" >\n\t\t<div class=\"vc_column-inner\" >\n\t\t<div class=\"wpb_wrapper\">\n\t\t\t\n<div class=\"wpb_text_column wpb_content_element\" >\n\t<div class=\"wpb_wrapper\">\n\t\t<h5><b>Face<\/b><\/h5>\n<hr \/>\n\t<\/div>\n<\/div>\n\n\n\n<div class=\"nectar-fancy-box nectar-underline using-img  aspect-1-1\"  data-style=\"image_above_text_underline\" data-border-radius=\"default\" data-animation=\"\" data-delay=\"\" data-alignment=\"left\"><div class=\"image-wrap\"><div class=\"box-bg\"  style=\"background-image: url('https:\/\/shop.cronosmed.ro\/wp-content\/uploads\/2024\/06\/MEDI-DERMA-SENS-AGE-LIFT-GLOBAL-RESTRUCTURING-Concentrate-Serum-with-DMAE-Serum-cu-DMAE-15-ml-cronosmed-shop.jpg'); \"><\/div><\/div>\n\t\t<div class=\"text\">MEDIDERMA &#8211; SENS-AGE LIFT GLOBAL RESTRUCTURING Concentrate Serum with DMAE 15 ml<\/div> <a target=\"_blank\" href=\"https:\/\/shop.cronosmed.ro\/en\/product\/mediderma-sens-age-lift-global-restructuringconcentrate-serum-with-dmaeser-cu-dmae\/\" class=\"box-link\"><\/a>\n\t\t<\/div>\n\t\t<\/div> \n\t<\/div>\n\t<\/div> \n\n\t<div  class=\"vc_col-sm-3 wpb_column column_container vc_column_container col child_column centered-text no-extra-padding inherit_tablet inherit_phone\"   data-padding-pos=\"all\" data-has-bg-color=\"false\" data-bg-color=\"\" data-bg-opacity=\"1\" data-animation=\"\" data-delay=\"0\" >\n\t\t<div class=\"vc_column-inner\" >\n\t\t<div class=\"wpb_wrapper\">\n\t\t\t\n<div class=\"wpb_text_column wpb_content_element\" >\n\t<div class=\"wpb_wrapper\">\n\t\t<h5><b>Face<\/b><\/h5>\n<hr \/>\n\t<\/div>\n<\/div>\n\n\n\n<div class=\"nectar-fancy-box nectar-underline using-img  aspect-1-1\"  data-style=\"image_above_text_underline\" data-border-radius=\"default\" data-animation=\"\" data-delay=\"\" data-alignment=\"left\"><div class=\"image-wrap\"><div class=\"box-bg\"  style=\"background-image: url('https:\/\/shop.cronosmed.ro\/wp-content\/uploads\/2024\/06\/MEDIDERMA-MELA-360-BELLIS-TRX-Brighter_Cream-with-luminous-pigments-SPF-50-CREMA-DEPIGMENTANTA-100-ml-cronosmed-shop.jpg'); \"><\/div><\/div>\n\t\t<div class=\"text\">MEDIDERMA &#8211; MELA 360 BELLIS TRX Brighter Cream with luminous pigments SPF 50, 30 ml<\/div> <a target=\"_blank\" href=\"https:\/\/shop.cronosmed.ro\/en\/product\/mediderma-mela-360-bellis-trx-brighter-cream-with-luminous-pigments-spf-50crema-depigmentare\/\" class=\"box-link\"><\/a>\n\t\t<\/div>\n\t\t<\/div> \n\t<\/div>\n\t<\/div> \n<\/div><\/div>\n\t\t\t<\/div> \n\t\t<\/div> \n\t<\/div> \n\t\t\t<\/div> \n\t\t<\/div>\n\t<\/div> \n<\/div><\/div>","protected":false},"excerpt":{"rendered":"<p>C\u00e2nd tenul are semne vizibile de \u00eemb\u0103tr\u00e2nire &#8211; riduri medii \u0219i profunde, pielea devine mai uscat\u0103 &#8211; lo\u021biunea de cur\u0103\u021bat lipozomal\u0103 cu bule lipidice, gelul crem\u0103 cu acid glicolic, crema \u0219i serumul cu tehnologia 3-retinol \u00eembun\u0103t\u0103\u021besc textura pielii, stimuleaz\u0103 regenerarea \u0219i \u00eent\u00e2rzie \u00eemb\u0103tr\u00e2nirea celulelor, hidrateaz\u0103 intensiv pielea.<\/p>","protected":false},"featured_media":3691,"template":"","meta":[],"product_cat":[274,124],"product_tag":[],"class_list":{"0":"post-3690","1":"product","2":"type-product","3":"status-publish","4":"has-post-thumbnail","6":"product_cat-bundles","7":"product_cat-produse-cosmetice","9":"first","10":"instock","11":"taxable","12":"shipping-taxable","13":"purchasable","14":"product-type-simple"},"_links":{"self":[{"href":"https:\/\/shop.cronosmed.ro\/en\/wp-json\/wp\/v2\/product\/3690","targetHints":{"allow":["GET"]}}],"collection":[{"href":"https:\/\/shop.cronosmed.ro\/en\/wp-json\/wp\/v2\/product"}],"about":[{"href":"https:\/\/shop.cronosmed.ro\/en\/wp-json\/wp\/v2\/types\/product"}],"wp:featuredmedia":[{"embeddable":true,"href":"https:\/\/shop.cronosmed.ro\/en\/wp-json\/wp\/v2\/media\/3691"}],"wp:attachment":[{"href":"https:\/\/shop.cronosmed.ro\/en\/wp-json\/wp\/v2\/media?parent=3690"}],"wp:term":[{"taxonomy":"product_cat","embeddable":true,"href":"https:\/\/shop.cronosmed.ro\/en\/wp-json\/wp\/v2\/product_cat?post=3690"},{"taxonomy":"product_tag","embeddable":true,"href":"https:\/\/shop.cronosmed.ro\/en\/wp-json\/wp\/v2\/product_tag?post=3690"}],"curies":[{"name":"wp","href":"https:\/\/api.w.org\/{rel}","templated":true}]}}