{"id":3695,"date":"2024-10-15T11:44:10","date_gmt":"2024-10-15T08:44:10","guid":{"rendered":"https:\/\/shop.cronosmed.ro\/?post_type=product&#038;p=3695"},"modified":"2024-10-15T12:33:55","modified_gmt":"2024-10-15T09:33:55","slug":"kit-mediderma-pigmented-skin-rutina-de-ingrijire-pentru-pielea-hiperpigmentata","status":"publish","type":"product","link":"https:\/\/shop.cronosmed.ro\/en\/product\/kit-mediderma-pigmented-skin-rutina-de-ingrijire-pentru-pielea-hiperpigmentata\/","title":{"rendered":"KIT MEDIDERMA PIGMENTED SKIN - Care routine for hyperpigmented skin"},"content":{"rendered":"<div id=\"fws_69e383e69a0a5\"  data-column-margin=\"default\" data-midnight=\"dark\"  class=\"wpb_row vc_row-fluid vc_row\"  style=\"padding-top: 0px; padding-bottom: 0px; \"><div class=\"row-bg-wrap\" data-bg-animation=\"none\" data-bg-animation-delay=\"\" data-bg-overlay=\"false\"><div class=\"inner-wrap row-bg-layer\" ><div class=\"row-bg viewport-desktop\"  style=\"\"><\/div><\/div><\/div><div class=\"row_col_wrap_12 col span_12 dark left\">\n\t<div  class=\"vc_col-sm-12 wpb_column column_container vc_column_container col no-extra-padding inherit_tablet inherit_phone\"  data-padding-pos=\"all\" data-has-bg-color=\"false\" data-bg-color=\"\" data-bg-opacity=\"1\" data-animation=\"\" data-delay=\"0\" >\n\t\t<div class=\"vc_column-inner\" >\n\t\t\t<div class=\"wpb_wrapper\">\n\t\t\t\t\n\t<div class=\"wpb_content_element\" data-interval=\"0\">\n\t\t<div class=\"wpb_wrapper tabbed clearfix\" data-style=\"material\" data-animation=\"fade\" data-spacing=\"default\" data-icon-size=\"24\" data-full-width-line=\"\" data-color-scheme=\"accent-color\" data-alignment=\"left\">\n\t\t\t<ul class=\"wpb_tabs_nav ui-tabs-nav clearfix\"><li class=\"tab-item active-tab\"><a role=\"button\" href=\"#tab-1728982110518-0\" class=\"active-tab\"><span>Details<\/span><\/a><\/li><li class=\"tab-item\"><a role=\"button\" href=\"#tab-1728982110547-10\" ><span>Use<\/span><\/a><\/li><li class=\"tab-item\"><a role=\"button\" href=\"#tab-1728982110577-5\" ><span>Complementary products<\/span><\/a><\/li><\/ul>\n\n\t\t\t\n\t\t\t<div id=\"tab-detalii\" data-tab-icon=\"\" class=\"wpb_tab ui-tabs-panel wpb_ui-tabs-hide clearfix\">\n\t\t\t\t<div id=\"fws_69e383e69afa6\" data-midnight=\"\" data-column-margin=\"default\" class=\"wpb_row vc_row-fluid vc_row inner_row vc_row-o-equal-height vc_row-flex vc_row-o-content-top\"  style=\"\"><div class=\"row-bg-wrap\"> <div class=\"row-bg\" ><\/div> <\/div><div class=\"row_col_wrap_12_inner col span_12  left\">\n\t<div  class=\"vc_col-sm-12 wpb_column column_container vc_column_container col child_column no-extra-padding inherit_tablet inherit_phone\"   data-padding-pos=\"all\" data-has-bg-color=\"false\" data-bg-color=\"\" data-bg-opacity=\"1\" data-animation=\"\" data-delay=\"0\" >\n\t\t<div class=\"vc_column-inner\" >\n\t\t<div class=\"wpb_wrapper\">\n\t\t\t\n<div class=\"wpb_text_column wpb_content_element\" >\n\t<div class=\"wpb_wrapper\">\n\t\t<ul>\n<li><a href=\"https:\/\/shop.cronosmed.ro\/en\/product\/mediderma-mela-360-face-eyecleanser-depigmenting-lotion-for-brown-spotslotiune-curatare-si-depigmentare-fata-si-ochi\/\"><strong>MEDIDERMA &#8211; MELA 360 FACE &amp; EYE<\/strong> <\/a>&#8211; Cleanser Depigmenting lotion for brown spots 100 ml &#8211; Lo\u021biune cur\u0103\u021bare \u0219i depigmentare fa\u021b\u0103 \u0219i ochi cu acizi gra\u0219i, panthenol \u0219i vitamina C cur\u0103\u021b\u0103 delicat pielea, restabile\u0219te echilibrul lipidic, reduce pigmentarea<\/li>\n<li><a href=\"https:\/\/shop.cronosmed.ro\/en\/product\/mediderma-c-defense-md_cskinbright-moisturizing-fluid-with-vitamin-cfluid-revitalizant-cu-vitamina-c\/\"><strong>MEDIDERMA - C-DEFENSE MD_C+SKIN<\/strong> <\/a>&#8211; Bright moisturizing Fluid with vitamin C 50 ml- Fluid revitalizant (de zi) cu vitamina C, peptide antirid \u0219i pigmen\u021bi de iluminare ce estompeaz\u0103 petele existente \u0219i previne apari\u021bia altora, diminueaz\u0103 ridurile prin sinteza de colagen \u0219i ofer\u0103 elasticitate \u0219i fermitate pielii.<\/li>\n<li><a href=\"https:\/\/shop.cronosmed.ro\/en\/product\/mediderma-mela-360-gk-night-brighteningmelanin-corrector-gel-with-kojic-acidgel-depigmentare\/\"><strong>MEDIDERMA &#8211; MELA 360 G&amp;K NIGHT BRIGHTENING<\/strong><\/a> Melanin corrector Gel with kojic acid 30 ml &#8211; Gel depigmentare de noapte, cu acid glicolic, acid kojic, alfa-arbutin\u0103, acid fitic, vitamina C &#8211; acid citric, extract de dud corecteaz\u0103 excesul de melanin\u0103, prevenind \u0219i estomp\u00e2nd petele pigmentare &#8211; inclusiv melasm\u0103, lentigine, pistrui. Pielea va avea o nuan\u021b\u0103 mai uniform\u0103 \u0219i extra luminozitate.<\/li>\n<li><strong><a href=\"https:\/\/shop.cronosmed.ro\/en\/product\/mediderma-mela-360-spotcorrectorser-depigmentare\/\">MEDIDERMA &#8211; MELA 360 SPOT<\/a> <\/strong>Corrector 30 ml &#8211; Ser depigmentare cu acid azelaic, vitamina C, acid glicirretinic, retinol \u0219i niacinamid\u0103 estompeaz\u0103 petele \u00eentunecate \u0219i previne pari\u021bia petelor.<\/li>\n<\/ul>\n\t<\/div>\n<\/div>\n\n\n\n\n\t\t<\/div> \n\t<\/div>\n\t<\/div> \n<\/div><\/div>\n\t\t\t<\/div> \n\t\t\t<div id=\"tab-utilizare\" data-tab-icon=\"\" class=\"wpb_tab ui-tabs-panel wpb_ui-tabs-hide clearfix\">\n\t\t\t\t<div id=\"fws_69e383e69ba9d\" data-midnight=\"\" data-column-margin=\"default\" class=\"wpb_row vc_row-fluid vc_row inner_row vc_row-o-equal-height vc_row-flex vc_row-o-content-top\"  style=\"\"><div class=\"row-bg-wrap\"> <div class=\"row-bg\" ><\/div> <\/div><div class=\"row_col_wrap_12_inner col span_12  left\">\n\t<div  class=\"vc_col-sm-12 wpb_column column_container vc_column_container col child_column no-extra-padding inherit_tablet inherit_phone\"   data-padding-pos=\"all\" data-has-bg-color=\"false\" data-bg-color=\"\" data-bg-opacity=\"1\" data-animation=\"\" data-delay=\"0\" >\n\t\t<div class=\"vc_column-inner\" >\n\t\t<div class=\"wpb_wrapper\">\n\t\t\t\n<div class=\"wpb_text_column wpb_content_element\" >\n\t<div class=\"wpb_wrapper\">\n\t\t<p><strong>Morning routine:<\/strong><\/p>\n<p>1. Aplica\u021bi lo\u021biunea de cur\u0103\u021bare MEDIDERMA MELA 360 FACE &amp; EYE Clenser Depigmenting Lotion<br \/>\n2. Aplica\u021bi serul de depigmentare MEDIDERMA &#8211; MELA 360 SPOT Corrector<br \/>\n3. Aplica\u021bi fluidul revitalizant MEDIDERMA C-DEFENSE MD C+SKIN Bright Moisturizing fluid with vitamin C<\/p>\n<p><strong>Evening routine:<\/strong><\/p>\n<p>1.Aplica\u021bi lo\u021biunea de cur\u0103\u021bare MEDIDERMA MELA 360 FACE &amp; EYE Clenser Depigmenting Lotion<br \/>\n2. Aplica\u021bi serul de depigmentare MEDIDERMA &#8211; MELA 360 SPOT Corrector<br \/>\n3.Aplica\u021bi gelul de depigmentare MEDIDERMA &#8211; MELA 360 G&amp;K NIGHT BRIGHTENING Melanin corrector Gel with kojic acid<\/p>\n<p><strong>HOW TO USE<\/strong><\/p>\n<ul>\n<li>MEDIDERMA MELA 360 FACE &amp; EYE Clenser Depigmenting Lotion: Aplica\u021bi pe pielea umed\u0103 \u0219i masa\u021bi u\u0219or. Cl\u0103ti\u021bi cu ap\u0103 curat\u0103. \u0218terge\u021bi cu un prosop curat.<\/li>\n<li>MEDIDERMA C-DEFENSE MD C+SKIN Bright Moisturizing fluid with vitamin C: Aplica\u021bi diminea\u021ba, cu un masaj u\u0219or, p\u00e2n\u0103 la absorb\u021bia complet\u0103<\/li>\n<li>MEDIDERMA &#8211; MELA 360 G&amp;K NIGHT BRIGHTENING Melanin corrector Gel with kojic acid: Aplica\u021bi seara, cu un masaj u\u0219or, p\u00e2n\u0103 la absorb\u021bia complet\u0103.<\/li>\n<li>MEDIDERMA &#8211; MELA 360 SPOT Corrector: Aplica\u021bi diminea\u021ba \u0219i seara, cu un masaj u\u0219or, p\u00e2n\u0103 la absorb\u021bia complet\u0103.<\/li>\n<\/ul>\n\t<\/div>\n<\/div>\n\n\n\n\n\t\t<\/div> \n\t<\/div>\n\t<\/div> \n<\/div><\/div>\n\t\t\t<\/div> \n\t\t\t<div id=\"tab-produse-complementare\" data-tab-icon=\"\" class=\"wpb_tab ui-tabs-panel wpb_ui-tabs-hide clearfix\">\n\t\t\t\t<div id=\"fws_69e383e69c471\" data-midnight=\"\" data-column-margin=\"default\" class=\"wpb_row vc_row-fluid vc_row inner_row vc_row-o-equal-height vc_row-flex vc_row-o-content-top\"  style=\"\"><div class=\"row-bg-wrap\"> <div class=\"row-bg\" ><\/div> <\/div><div class=\"row_col_wrap_12_inner col span_12  left\">\n\t<div  class=\"vc_col-sm-4 wpb_column column_container vc_column_container col child_column centered-text no-extra-padding inherit_tablet inherit_phone\"   data-padding-pos=\"all\" data-has-bg-color=\"false\" data-bg-color=\"\" data-bg-opacity=\"1\" data-animation=\"\" data-delay=\"0\" >\n\t\t<div class=\"vc_column-inner\" >\n\t\t<div class=\"wpb_wrapper\">\n\t\t\t\n<div class=\"wpb_text_column wpb_content_element\" >\n\t<div class=\"wpb_wrapper\">\n\t\t<h5><b>Ochi<\/b><\/h5>\n<hr \/>\n\t<\/div>\n<\/div>\n\n\n\n<div class=\"nectar-fancy-box nectar-underline using-img  aspect-1-1\"  data-style=\"image_above_text_underline\" data-border-radius=\"default\" data-animation=\"\" data-delay=\"\" data-alignment=\"left\"><div class=\"image-wrap\"><div class=\"box-bg\"  style=\"background-image: url('https:\/\/shop.cronosmed.ro\/wp-content\/uploads\/2024\/06\/MEDIDERMA-C-DEFENSE-MD_CEYE-Ultra-comfort_Eye-contour-with-vitamin-C_Crema-CONTUR-OCHI-15-ml-cronosmed-shop.jpg'); \"><\/div><\/div>\n\t\t<div class=\"text\">MEDIDERMA - C-DEFENSE MD_C+EYE Ultra comfort Eye contour with vitamin C 15 ml<\/div> <a target=\"_blank\" href=\"https:\/\/shop.cronosmed.ro\/en\/product\/mediderma-c-defense-md_ceyeultra-comfort-eye-contour-with-vitamin-ccrema-de-ochi-cu-vitamina-c\/\" class=\"box-link\"><\/a>\n\t\t<\/div>\n\t\t<\/div> \n\t<\/div>\n\t<\/div> \n\n\t<div  class=\"vc_col-sm-4 wpb_column column_container vc_column_container col child_column centered-text no-extra-padding inherit_tablet inherit_phone\"   data-padding-pos=\"all\" data-has-bg-color=\"false\" data-bg-color=\"\" data-bg-opacity=\"1\" data-animation=\"\" data-delay=\"0\" >\n\t\t<div class=\"vc_column-inner\" >\n\t\t<div class=\"wpb_wrapper\">\n\t\t\t\n<div class=\"wpb_text_column wpb_content_element\" >\n\t<div class=\"wpb_wrapper\">\n\t\t<h5><b>Face<\/b><\/h5>\n<hr \/>\n\t<\/div>\n<\/div>\n\n\n\n<div class=\"nectar-fancy-box nectar-underline using-img  aspect-1-1\"  data-style=\"image_above_text_underline\" data-border-radius=\"default\" data-animation=\"\" data-delay=\"\" data-alignment=\"left\"><div class=\"image-wrap\"><div class=\"box-bg\"  style=\"background-image: url('https:\/\/shop.cronosmed.ro\/wp-content\/uploads\/2024\/06\/MEDIDERMA-C-DEFENCE-MD-Flash-go-glowing-active_ampoules-vitamin-C-cronosmed-shop.jpg'); \"><\/div><\/div>\n\t\t<div class=\"text\">MEDIDERMA &#8211; C-DEFENSE MD FLASH &amp; GO &#8211; Glowing Active vitamin C ampoules, 5 buc x 2ml<\/div> <a target=\"_blank\" href=\"https:\/\/shop.cronosmed.ro\/en\/product\/mediderma-c-defense-md-flash-goglowing-active-vitamin-c-ampoulesfiole-cu-vitamina-c\/\" class=\"box-link\"><\/a>\n\t\t<\/div>\n\t\t<\/div> \n\t<\/div>\n\t<\/div> \n\n\t<div  class=\"vc_col-sm-4 wpb_column column_container vc_column_container col child_column centered-text no-extra-padding inherit_tablet inherit_phone\"   data-padding-pos=\"all\" data-has-bg-color=\"false\" data-bg-color=\"\" data-bg-opacity=\"1\" data-animation=\"\" data-delay=\"0\" >\n\t\t<div class=\"vc_column-inner\" >\n\t\t<div class=\"wpb_wrapper\">\n\t\t\t\n<div class=\"wpb_text_column wpb_content_element\" >\n\t<div class=\"wpb_wrapper\">\n\t\t<h5><b>Face<\/b><\/h5>\n<hr \/>\n\t<\/div>\n<\/div>\n\n\n\n<div class=\"nectar-fancy-box nectar-underline using-img  aspect-1-1\"  data-style=\"image_above_text_underline\" data-border-radius=\"default\" data-animation=\"\" data-delay=\"\" data-alignment=\"left\"><div class=\"image-wrap\"><div class=\"box-bg\"  style=\"background-image: url('https:\/\/shop.cronosmed.ro\/wp-content\/uploads\/2024\/06\/MEDIDERMA-MELA-360-BELLIS-TRX-Brighter_Cream-with-luminous-pigments-SPF-50-CREMA-DEPIGMENTANTA-100-ml-cronosmed-shop.jpg'); \"><\/div><\/div>\n\t\t<div class=\"text\">MEDIDERMA &#8211; MELA 360 BELLIS TRX Brighter Cream with luminous pigments SPF 50, 30 ml<\/div> <a target=\"_blank\" href=\"https:\/\/shop.cronosmed.ro\/en\/product\/mediderma-mela-360-bellis-trx-brighter-cream-with-luminous-pigments-spf-50crema-depigmentare\/\" class=\"box-link\"><\/a>\n\t\t<\/div>\n\t\t<\/div> \n\t<\/div>\n\t<\/div> \n<\/div><\/div>\n\t\t\t<\/div> \n\t\t<\/div> \n\t<\/div> \n\t\t\t<\/div> \n\t\t<\/div>\n\t<\/div> \n<\/div><\/div>","protected":false},"excerpt":{"rendered":"<p>C\u00e2nd pielea are pete hiperpigmentare, inclusiv melasm\u0103, lentigine, pistrui, combina\u021bia de produse &#8211; lo\u021biunea de cur\u0103\u021bat lipozomal\u0103 cu bule lipidice, fluidul revitalizant cu vitamina C, gelul \u0219i serul de depigmentare reduc pigmentarea \u0219i previn apari\u021bia altor pete, astfel c\u0103 nuan\u021ba pielii este mai uniform\u0103 \u0219i are mai mult\u0103 luminozitate.<\/p>","protected":false},"featured_media":3696,"template":"","meta":[],"product_cat":[274,124],"product_tag":[],"class_list":{"0":"post-3695","1":"product","2":"type-product","3":"status-publish","4":"has-post-thumbnail","6":"product_cat-bundles","7":"product_cat-produse-cosmetice","9":"first","10":"instock","11":"taxable","12":"shipping-taxable","13":"purchasable","14":"product-type-simple"},"_links":{"self":[{"href":"https:\/\/shop.cronosmed.ro\/en\/wp-json\/wp\/v2\/product\/3695","targetHints":{"allow":["GET"]}}],"collection":[{"href":"https:\/\/shop.cronosmed.ro\/en\/wp-json\/wp\/v2\/product"}],"about":[{"href":"https:\/\/shop.cronosmed.ro\/en\/wp-json\/wp\/v2\/types\/product"}],"wp:featuredmedia":[{"embeddable":true,"href":"https:\/\/shop.cronosmed.ro\/en\/wp-json\/wp\/v2\/media\/3696"}],"wp:attachment":[{"href":"https:\/\/shop.cronosmed.ro\/en\/wp-json\/wp\/v2\/media?parent=3695"}],"wp:term":[{"taxonomy":"product_cat","embeddable":true,"href":"https:\/\/shop.cronosmed.ro\/en\/wp-json\/wp\/v2\/product_cat?post=3695"},{"taxonomy":"product_tag","embeddable":true,"href":"https:\/\/shop.cronosmed.ro\/en\/wp-json\/wp\/v2\/product_tag?post=3695"}],"curies":[{"name":"wp","href":"https:\/\/api.w.org\/{rel}","templated":true}]}}