{"id":3700,"date":"2024-10-15T12:17:18","date_gmt":"2024-10-15T09:17:18","guid":{"rendered":"https:\/\/shop.cronosmed.ro\/?post_type=product&#038;p=3700"},"modified":"2024-10-15T12:36:35","modified_gmt":"2024-10-15T09:36:35","slug":"kit-mediderma-anti-acne-moderate-rutina-de-ingrijire-ten-gras-acnee","status":"publish","type":"product","link":"https:\/\/shop.cronosmed.ro\/en\/product\/kit-mediderma-anti-acne-moderate-rutina-de-ingrijire-ten-gras-acnee\/","title":{"rendered":"MEDIDERMA ANTI-ACNE MODERATE ANTI-ACNE KIT - Care routine for oily skin, acne"},"content":{"rendered":"<div id=\"fws_69e383e699d98\"  data-column-margin=\"default\" data-midnight=\"dark\"  class=\"wpb_row vc_row-fluid vc_row\"  style=\"padding-top: 0px; padding-bottom: 0px; \"><div class=\"row-bg-wrap\" data-bg-animation=\"none\" data-bg-animation-delay=\"\" data-bg-overlay=\"false\"><div class=\"inner-wrap row-bg-layer\" ><div class=\"row-bg viewport-desktop\"  style=\"\"><\/div><\/div><\/div><div class=\"row_col_wrap_12 col span_12 dark left\">\n\t<div  class=\"vc_col-sm-12 wpb_column column_container vc_column_container col no-extra-padding inherit_tablet inherit_phone\"  data-padding-pos=\"all\" data-has-bg-color=\"false\" data-bg-color=\"\" data-bg-opacity=\"1\" data-animation=\"\" data-delay=\"0\" >\n\t\t<div class=\"vc_column-inner\" >\n\t\t\t<div class=\"wpb_wrapper\">\n\t\t\t\t\n\t<div class=\"wpb_content_element\" data-interval=\"0\">\n\t\t<div class=\"wpb_wrapper tabbed clearfix\" data-style=\"material\" data-animation=\"fade\" data-spacing=\"default\" data-icon-size=\"24\" data-full-width-line=\"\" data-color-scheme=\"accent-color\" data-alignment=\"left\">\n\t\t\t<ul class=\"wpb_tabs_nav ui-tabs-nav clearfix\"><li class=\"tab-item active-tab\"><a role=\"button\" href=\"#tab-1728984804033-3\" class=\"active-tab\"><span>Details<\/span><\/a><\/li><li class=\"tab-item\"><a role=\"button\" href=\"#tab-1728984804065-5\" ><span>Use<\/span><\/a><\/li><li class=\"tab-item\"><a role=\"button\" href=\"#tab-1728984804098-9\" ><span>Complementary products<\/span><\/a><\/li><\/ul>\n\n\t\t\t\n\t\t\t<div id=\"tab-detalii\" data-tab-icon=\"\" class=\"wpb_tab ui-tabs-panel wpb_ui-tabs-hide clearfix\">\n\t\t\t\t<div id=\"fws_69e383e69abeb\" data-midnight=\"\" data-column-margin=\"default\" class=\"wpb_row vc_row-fluid vc_row inner_row vc_row-o-equal-height vc_row-flex vc_row-o-content-top\"  style=\"\"><div class=\"row-bg-wrap\"> <div class=\"row-bg\" ><\/div> <\/div><div class=\"row_col_wrap_12_inner col span_12  left\">\n\t<div  class=\"vc_col-sm-12 wpb_column column_container vc_column_container col child_column no-extra-padding inherit_tablet inherit_phone\"   data-padding-pos=\"all\" data-has-bg-color=\"false\" data-bg-color=\"\" data-bg-opacity=\"1\" data-animation=\"\" data-delay=\"0\" >\n\t\t<div class=\"vc_column-inner\" >\n\t\t<div class=\"wpb_wrapper\">\n\t\t\t\n<div class=\"wpb_text_column wpb_content_element\" >\n\t<div class=\"wpb_wrapper\">\n\t\t<ul>\n<li><a href=\"https:\/\/shop.cronosmed.ro\/en\/product\/mediderma-hylanses-purifying-control-as-cleanser-moussedaily-care-foaming-cream-for-oily-skincrema-spumoasa-de-curatare\/\"><strong>MEDIDERMA &#8211; PURIFYING CONTROL AS CLEANSER MOUSSE<\/strong> <\/a>Daily Care Foaming cream for oily skin 200 ml &#8211; Crem\u0103 spumoas\u0103 de cur\u0103\u021bare cu extracte de Aloe Vera, ov\u0103z, mu\u0219e\u021bel, mimoz\u0103, triclosan, acid salicilic care cur\u0103\u021b\u0103 \u00een profunzime de murd\u0103rie, sebum sau machiaj pielea gras\u0103, lucioas\u0103, cu acnee cauzat\u0103 de bacteria P.acnes \u0219i amelioreaz\u0103 irita\u021bia.<\/li>\n<li><a href=\"https:\/\/shop.cronosmed.ro\/en\/product\/mediderma-purifyng-control-as-ultramattifying-gel-cream-with-salicylic-acidcrema-gel-matifianta-cu-acid-salicilic\/\"><strong>MEDIDERMA &#8211; PURIFYNG CONTROL AS ULTRA<\/strong><\/a> Mattifying Gel cream with salicylic acid 50 ml &#8211; Crem\u0103 gel matifiant\u0103 cu acid salicilic, complex regulator de sebum, Niacinamid\u0103 (nicotinamide), Aloe Vera, s\u0103ruri de zinc care exfoliaz\u0103 delicat pielea, previne reten\u021bia de sebum, controleaz\u0103 bacteriile, calmeaz\u0103 irita\u021biile.<\/li>\n<li><a href=\"https:\/\/shop.cronosmed.ro\/en\/product\/mediderma-purifyng-control-pure-aintensive-night-gel-with-retinolgel-cu-retinol-pentru-noapte\/\"><strong>MEDIDERMA &#8211; PURIFYNG CONTROL PURE A<\/strong><\/a> Intensive Night gel with retinol 30 ml &#8211; Gel pentru noapte cu retinol, acid glicirretinic, acid hialuronic, ce realizeaz\u0103 o exfoliere delicat\u0103, elibereaz\u0103 porii de sebum, stimuleaz\u0103 refacerea pielii (colageneza \u0219i elastina), hidrateaz\u0103 \u0219i calmeaz\u0103 pielea.<\/li>\n<li><a href=\"https:\/\/shop.cronosmed.ro\/en\/product\/mediderma-sens-age-md_flash-goregenerating-intensive-ampoules-with-glycolic-acid-10fiole-cu-acid-glicolic\/\"><strong>MEDIDERMA &#8211; SENS AGE MD_FLASH &amp; GO<\/strong><\/a> &#8211; Regenerating Intensive Ampoules with glycolic acid 10% , 5 buc x 2ml &#8211; Fiole cu formul\u0103 concentrat\u0103 de acid glicolic10%, acid kojic, ergotionin\u0103, acid hialuronic care re\u00eennoie\u0219te, hidrateaz\u0103 pielea \u0219i \u00eent\u00e2rzie \u00eemb\u0103tr\u00e2nirea celular\u0103.<\/li>\n<\/ul>\n\t<\/div>\n<\/div>\n\n\n\n\n\t\t<\/div> \n\t<\/div>\n\t<\/div> \n<\/div><\/div>\n\t\t\t<\/div> \n\t\t\t<div id=\"tab-utilizare\" data-tab-icon=\"\" class=\"wpb_tab ui-tabs-panel wpb_ui-tabs-hide clearfix\">\n\t\t\t\t<div id=\"fws_69e383e69b6a2\" data-midnight=\"\" data-column-margin=\"default\" class=\"wpb_row vc_row-fluid vc_row inner_row vc_row-o-equal-height vc_row-flex vc_row-o-content-top\"  style=\"\"><div class=\"row-bg-wrap\"> <div class=\"row-bg\" ><\/div> <\/div><div class=\"row_col_wrap_12_inner col span_12  left\">\n\t<div  class=\"vc_col-sm-12 wpb_column column_container vc_column_container col child_column no-extra-padding inherit_tablet inherit_phone\"   data-padding-pos=\"all\" data-has-bg-color=\"false\" data-bg-color=\"\" data-bg-opacity=\"1\" data-animation=\"\" data-delay=\"0\" >\n\t\t<div class=\"vc_column-inner\" >\n\t\t<div class=\"wpb_wrapper\">\n\t\t\t\n<div class=\"wpb_text_column wpb_content_element\" >\n\t<div class=\"wpb_wrapper\">\n\t\t<p><strong>Morning routine:<\/strong><\/p>\n<p>1. Aplica\u021bicrema spumoas\u0103 de cur\u0103\u021bare MEDIDERMA &#8211; PURIFYING CONTROL AS CLEANSER MOUSSE Daily Care Foaming cream for oily ski<br \/>\n2. Aplica\u021bi crema gel matifiant\u0103 MEDIDERMA &#8211; PURIFYNG CONTROL AS ULTRA Mattifying Gel cream with salicylic acid<\/p>\n<p><strong>Evening routine:<\/strong><\/p>\n<p>1.Aplica\u021bi crema spumoas\u0103 de cur\u0103\u021bare MEDIDERMA &#8211; PURIFYING CONTROL AS CLEANSER MOUSSE Daily Care Foaming cream for oily skin<br \/>\n2. Aplica\u021bi fiolele MEDIDERMA &#8211; SENS AGE MD_FLASH &amp; GO &#8211; Regenerating Intensive Ampoules with glycolic acid 10%<br \/>\n3.Aplica\u021bi gelul de depigmentare MEDIDERMA &#8211; PURIFYNG CONTROL PURE A Intensive &#8211; Night gel with retinol<\/p>\n<p><strong>HOW TO USE<\/strong><\/p>\n<ul>\n<li>MEDIDERMA &#8211; PURIFYING CONTROL AS CLEANSER MOUSSE Daily Care Foaming cream for oily skinn: Aplica\u021bi pe pielea umed\u0103 \u0219i masa\u021bi u\u0219or pentru a ob\u021bine o spum\u0103 fin\u0103, cremoas\u0103. Cl\u0103ti\u021bi cu ap\u0103 curat\u0103.<\/li>\n<li>MEDIDERMA &#8211; PURIFYNG CONTROL AS ULTRA Mattifying Gel cream with salicylic acid: Aplica\u021bi diminea\u021ba \u0219i seara, cu un masaj u\u0219or, p\u00e2n\u0103 la absorb\u021bia complet\u0103.<\/li>\n<li>MEDIDERMA &#8211; PURIFYNG CONTROL PURE A &#8211; Intensive &#8211; Night gel with retinol: Aplica\u021bi seara, cu un masaj u\u0219or, p\u00e2n\u0103 la absorb\u021bia complet\u0103.<\/li>\n<li>MEDIDERMA &#8211; SENS AGE MD_FLASH &amp; GO &#8211; Regenerating Intensive Ampoules with glycolic acid 10%: Se aplic\u0103 diminea\u021ba \u0219i seara. Se toarn\u0103 con\u021binutul unei fiole pe m\u00e2n\u0103 \u0219i se \u00eentinde pe fa\u021b\u0103, pe pielea curat\u0103, cu mi\u0219c\u0103ri u\u0219oare de masaj.<\/li>\n<\/ul>\n\t<\/div>\n<\/div>\n\n\n\n\n\t\t<\/div> \n\t<\/div>\n\t<\/div> \n<\/div><\/div>\n\t\t\t<\/div> \n\t\t\t<div id=\"tab-produse-complementare\" data-tab-icon=\"\" class=\"wpb_tab ui-tabs-panel wpb_ui-tabs-hide clearfix\">\n\t\t\t\t<div id=\"fws_69e383e69c0cc\" data-midnight=\"\" data-column-margin=\"default\" class=\"wpb_row vc_row-fluid vc_row inner_row vc_row-o-equal-height vc_row-flex vc_row-o-content-top\"  style=\"\"><div class=\"row-bg-wrap\"> <div class=\"row-bg\" ><\/div> <\/div><div class=\"row_col_wrap_12_inner col span_12  left\">\n\t<div  class=\"vc_col-sm-4 wpb_column column_container vc_column_container col child_column centered-text no-extra-padding inherit_tablet inherit_phone\"   data-padding-pos=\"all\" data-has-bg-color=\"false\" data-bg-color=\"\" data-bg-opacity=\"1\" data-animation=\"\" data-delay=\"0\" >\n\t\t<div class=\"vc_column-inner\" >\n\t\t<div class=\"wpb_wrapper\">\n\t\t\t\n<div class=\"wpb_text_column wpb_content_element\" >\n\t<div class=\"wpb_wrapper\">\n\t\t<h5><b>Ochi<\/b><\/h5>\n<hr \/>\n\t<\/div>\n<\/div>\n\n\n\n<div class=\"nectar-fancy-box nectar-underline using-img  aspect-1-1\"  data-style=\"image_above_text_underline\" data-border-radius=\"default\" data-animation=\"\" data-delay=\"\" data-alignment=\"left\"><div class=\"image-wrap\"><div class=\"box-bg\"  style=\"background-image: url('https:\/\/shop.cronosmed.ro\/wp-content\/uploads\/2024\/06\/MEDI-DERMA-SENS-AGE-LIFT-DEYE-Firming_Eye-contour-with-DMAE-Crema-contur-ochi_15-ml-cronosmed-shop.jpg'); \"><\/div><\/div>\n\t\t<div class=\"text\">MEDIDERMA &#8211; SENS-AGE LIFT D+EYE Firming Eye contour with DMAE 15 ml<\/div> <a target=\"_blank\" href=\"https:\/\/shop.cronosmed.ro\/en\/product\/mediderma-sens-age-lift-deye-firming-eye-contour-with-dmaecrema-contur-ochi\/\" class=\"box-link\"><\/a>\n\t\t<\/div>\n\t\t<\/div> \n\t<\/div>\n\t<\/div> \n\n\t<div  class=\"vc_col-sm-4 wpb_column column_container vc_column_container col child_column centered-text no-extra-padding inherit_tablet inherit_phone\"   data-padding-pos=\"all\" data-has-bg-color=\"false\" data-bg-color=\"\" data-bg-opacity=\"1\" data-animation=\"\" data-delay=\"0\" >\n\t\t<div class=\"vc_column-inner\" >\n\t\t<div class=\"wpb_wrapper\">\n\t\t\t\n<div class=\"wpb_text_column wpb_content_element\" >\n\t<div class=\"wpb_wrapper\">\n\t\t<h5><b>Ochi<\/b><\/h5>\n<hr \/>\n\t<\/div>\n<\/div>\n\n\n\n<div class=\"nectar-fancy-box nectar-underline using-img  aspect-1-1\"  data-style=\"image_above_text_underline\" data-border-radius=\"default\" data-animation=\"\" data-delay=\"\" data-alignment=\"left\"><div class=\"image-wrap\"><div class=\"box-bg\"  style=\"background-image: url('https:\/\/shop.cronosmed.ro\/wp-content\/uploads\/2024\/06\/MEDIDERMA-C-DEFENSE-MD_CEYE-Ultra-comfort_Eye-contour-with-vitamin-C_Crema-CONTUR-OCHI-15-ml-cronosmed-shop.jpg'); \"><\/div><\/div>\n\t\t<div class=\"text\">MEDIDERMA &#8211; C-DEFENSE MD_C+EYE &#8211; Ultra comfort Eye contour with vitamin C &#8211; Crem\u0103 de ochi cu vitamina C &#8211; 15 ml<br \/>\n<\/div> <a target=\"_blank\" href=\"https:\/\/shop.cronosmed.ro\/en\/product\/mediderma-c-defense-md_ceyeultra-comfort-eye-contour-with-vitamin-ccrema-de-ochi-cu-vitamina-c\/\" class=\"box-link\"><\/a>\n\t\t<\/div>\n\t\t<\/div> \n\t<\/div>\n\t<\/div> \n\n\t<div  class=\"vc_col-sm-4 wpb_column column_container vc_column_container col child_column centered-text no-extra-padding inherit_tablet inherit_phone\"   data-padding-pos=\"all\" data-has-bg-color=\"false\" data-bg-color=\"\" data-bg-opacity=\"1\" data-animation=\"\" data-delay=\"0\" >\n\t\t<div class=\"vc_column-inner\" >\n\t\t<div class=\"wpb_wrapper\">\n\t\t\t\n<div class=\"wpb_text_column wpb_content_element\" >\n\t<div class=\"wpb_wrapper\">\n\t\t<h5><b>Face<\/b><\/h5>\n<hr \/>\n\t<\/div>\n<\/div>\n\n\n\n<div class=\"nectar-fancy-box nectar-underline using-img  aspect-1-1\"  data-style=\"image_above_text_underline\" data-border-radius=\"default\" data-animation=\"\" data-delay=\"\" data-alignment=\"left\"><div class=\"image-wrap\"><div class=\"box-bg\"  style=\"background-image: url('https:\/\/shop.cronosmed.ro\/wp-content\/uploads\/2024\/06\/MEDI-DERMA-SENS-AGE-MD_flash-go_Regenerating-Intensive-Ampoules-with-glycolic-acid-cronosmed-shop.jpg'); \"><\/div><\/div>\n\t\t<div class=\"text\">MEDIDERMA &#8211; SENS AGE MD_FLASH &amp; GO &#8211; Regenerating Intensive Ampoules with glycolic acid 10% &#8211; Fiole cu acid glicolic &#8211; 5 buc x 2ml<br \/>\n<\/div> <a target=\"_blank\" href=\"https:\/\/shop.cronosmed.ro\/en\/product-tag\/universkin-pete-pigmentare\/\" class=\"box-link\"><\/a>\n\t\t<\/div>\n\t\t<\/div> \n\t<\/div>\n\t<\/div> \n<\/div><\/div>\n\t\t\t<\/div> \n\t\t<\/div> \n\t<\/div> \n\t\t\t<\/div> \n\t\t<\/div>\n\t<\/div> \n<\/div><\/div>","protected":false},"excerpt":{"rendered":"<p>C\u00e2nd tenul gras este lucios \u0219i afectat de acnee, crema spumoas\u0103 cur\u0103\u021b\u0103 sebumul, murd\u0103ria sau machiajul, crema gel matifiant\u0103 regleaz\u0103 produc\u021bia de sebum \u0219i calmeaz\u0103 irita\u021biile, iar gelul cu retinol \u0219i fiolele cu acid glicolic hidrateaz\u0103 pielea, stimuleaz\u0103 refacerea pielii \u0219i \u00eent\u00e2rzie \u00eemb\u0103tr\u00e2nirea celular\u0103.<\/p>","protected":false},"featured_media":3701,"template":"","meta":[],"product_cat":[274,124],"product_tag":[],"class_list":{"0":"post-3700","1":"product","2":"type-product","3":"status-publish","4":"has-post-thumbnail","6":"product_cat-bundles","7":"product_cat-produse-cosmetice","9":"first","10":"instock","11":"taxable","12":"shipping-taxable","13":"purchasable","14":"product-type-simple"},"_links":{"self":[{"href":"https:\/\/shop.cronosmed.ro\/en\/wp-json\/wp\/v2\/product\/3700","targetHints":{"allow":["GET"]}}],"collection":[{"href":"https:\/\/shop.cronosmed.ro\/en\/wp-json\/wp\/v2\/product"}],"about":[{"href":"https:\/\/shop.cronosmed.ro\/en\/wp-json\/wp\/v2\/types\/product"}],"wp:featuredmedia":[{"embeddable":true,"href":"https:\/\/shop.cronosmed.ro\/en\/wp-json\/wp\/v2\/media\/3701"}],"wp:attachment":[{"href":"https:\/\/shop.cronosmed.ro\/en\/wp-json\/wp\/v2\/media?parent=3700"}],"wp:term":[{"taxonomy":"product_cat","embeddable":true,"href":"https:\/\/shop.cronosmed.ro\/en\/wp-json\/wp\/v2\/product_cat?post=3700"},{"taxonomy":"product_tag","embeddable":true,"href":"https:\/\/shop.cronosmed.ro\/en\/wp-json\/wp\/v2\/product_tag?post=3700"}],"curies":[{"name":"wp","href":"https:\/\/api.w.org\/{rel}","templated":true}]}}